{"id":15,"date":"2014-12-09T22:01:08","date_gmt":"2014-12-09T22:01:08","guid":{"rendered":"http:\/\/iesalmadraba.org\/dibujo\/?page_id=15"},"modified":"2021-09-26T15:05:15","modified_gmt":"2021-09-26T15:05:15","slug":"epv4","status":"publish","type":"page","link":"https:\/\/blogsaverroes.juntadeandalucia.es\/jvaraujo\/epv4\/","title":{"rendered":"EPV4"},"content":{"rendered":"<p>Materiales did\u00e1cticos para la asignatura Educaci\u00f3n Pl\u00e1stica, Visual y Audiovisual de 4\u00ba de ESO.<\/p>\n<p><a href=\"https:\/\/blogsaverroes.juntadeandalucia.es\/jvaraujo\/epv4\/presentacion\/\">Presentaci\u00f3n de la asignatura<\/a><\/p>\n<p><a href=\"https:\/\/blogsaverroes.juntadeandalucia.es\/jvaraujo\/acceso-a-classroom\/\">\u00bfC\u00f3mo entrar en Classroom con las nuevas cuentas @g.educaand.es?<\/a><\/p>\n<ul class=\"children\">\n<li><strong>Primer trimestre<\/strong>\n<ul class=\"children\">\n<li class=\"page_item page-item-68 page_item_has_children\"><a href=\"https:\/\/blogsaverroes.juntadeandalucia.es\/jvaraujo\/epv4\/expresion-plastica\/\">Expresi\u00f3n pl\u00e1stica<\/a>\n<ul class=\"children\">\n<li class=\"page_item page-item-1153 page_item_has_children\"><a href=\"https:\/\/blogsaverroes.juntadeandalucia.es\/jvaraujo\/epv4\/expresion-plastica\/tecnicas-de-la-expresion-plastica\/\">T\u00e9cnicas de la expresi\u00f3n pl\u00e1stica<\/a>\n<ul class=\"children\">\n<li class=\"page_item page-item-1158\"><a href=\"https:\/\/blogsaverroes.juntadeandalucia.es\/jvaraujo\/epv4\/expresion-plastica\/tecnicas-de-la-expresion-plastica\/tecnicas-de-dibujo\/\">T\u00e9cnicas de dibujo<\/a><\/li>\n<li class=\"page_item page-item-1165\"><a href=\"https:\/\/blogsaverroes.juntadeandalucia.es\/jvaraujo\/epv4\/expresion-plastica\/tecnicas-de-la-expresion-plastica\/pinceles-plumas-y-otros-instrumentos-de-dibujo\/\">Pinceles, plumas y otros instrumentos de dibujo<\/a><\/li>\n<li class=\"page_item page-item-1213\"><a href=\"https:\/\/blogsaverroes.juntadeandalucia.es\/jvaraujo\/epv4\/expresion-plastica\/tecnicas-de-la-expresion-plastica\/lapices-de-colores\/\">L\u00e1pices de colores<\/a><\/li>\n<li class=\"page_item page-item-1246\"><a href=\"https:\/\/blogsaverroes.juntadeandalucia.es\/jvaraujo\/epv4\/expresion-plastica\/tecnicas-de-la-expresion-plastica\/el-lenguaje-fotografico\/\">El lenguaje fotogr\u00e1fico<\/a><\/li>\n<li class=\"page_item page-item-1263\"><a href=\"https:\/\/blogsaverroes.juntadeandalucia.es\/jvaraujo\/epv4\/expresion-plastica\/tecnicas-de-la-expresion-plastica\/fotonovela\/\">Fotonovela<\/a><\/li>\n<\/ul>\n<\/li>\n<\/ul>\n<\/li>\n<li class=\"page_item page-item-71 page_item_has_children\"><a href=\"https:\/\/blogsaverroes.juntadeandalucia.es\/jvaraujo\/epv4\/elementos-de-la-imagen\/\">Elementos de la imagen<\/a>\n<ul class=\"children\">\n<li class=\"page_item page-item-758\"><a href=\"https:\/\/blogsaverroes.juntadeandalucia.es\/jvaraujo\/epv4\/elementos-de-la-imagen\/color-mapas-de-bits\/\">Color \u2013 Mapas de bits<\/a><\/li>\n<\/ul>\n<\/li>\n<\/ul>\n<\/li>\n<li><strong>Segundo trimestre<\/strong>\n<ul class=\"children\">\n<li class=\"page_item page-item-72 page_item_has_children\"><a href=\"https:\/\/blogsaverroes.juntadeandalucia.es\/jvaraujo\/epv4\/analisis-de-formas\/\">An\u00e1lisis de formas<\/a>\n<ul class=\"children\">\n<li class=\"page_item page-item-748\"><a href=\"https:\/\/blogsaverroes.juntadeandalucia.es\/jvaraujo\/epv4\/analisis-de-formas\/el-canon-en-el-rostro-humano\/\">El canon en el rostro humano<\/a><\/li>\n<\/ul>\n<\/li>\n<li class=\"page_item page-item-73\"><a href=\"https:\/\/blogsaverroes.juntadeandalucia.es\/jvaraujo\/epv4\/composicion-y-ritmo\/\">Composici\u00f3n y ritmo<\/a><\/li>\n<\/ul>\n<\/li>\n<li><strong>Tercer trimestre<\/strong>\n<ul class=\"children\">\n<li class=\"page_item page-item-74\"><a href=\"https:\/\/blogsaverroes.juntadeandalucia.es\/jvaraujo\/epv4\/espacio-y-volumen\/\">Espacio y volumen<\/a><\/li>\n<li class=\"page_item page-item-75\"><a href=\"https:\/\/blogsaverroes.juntadeandalucia.es\/jvaraujo\/epv4\/geometria-descriptiva\/\">Geometr\u00eda descriptiva<\/a><\/li>\n<\/ul>\n<\/li>\n<\/ul>\n","protected":false},"excerpt":{"rendered":"<p>Materiales did\u00e1cticos para la asignatura Educaci\u00f3n Pl\u00e1stica, Visual y Audiovisual de 4\u00ba de ESO. Presentaci\u00f3n de la asignatura \u00bfC\u00f3mo entrar en Classroom con las nuevas cuentas @g.educaand.es? Primer trimestre Expresi\u00f3n pl\u00e1stica T\u00e9cnicas de la&#46;&#46;&#46;<\/p>\n","protected":false},"author":10581,"featured_media":0,"parent":0,"menu_order":3,"comment_status":"open","ping_status":"open","template":"","meta":{"ngg_post_thumbnail":0,"footnotes":""},"aioseo_notices":[],"_links":{"self":[{"href":"https:\/\/blogsaverroes.juntadeandalucia.es\/jvaraujo\/wp-json\/wp\/v2\/pages\/15"}],"collection":[{"href":"https:\/\/blogsaverroes.juntadeandalucia.es\/jvaraujo\/wp-json\/wp\/v2\/pages"}],"about":[{"href":"https:\/\/blogsaverroes.juntadeandalucia.es\/jvaraujo\/wp-json\/wp\/v2\/types\/page"}],"author":[{"embeddable":true,"href":"https:\/\/blogsaverroes.juntadeandalucia.es\/jvaraujo\/wp-json\/wp\/v2\/users\/10581"}],"replies":[{"embeddable":true,"href":"https:\/\/blogsaverroes.juntadeandalucia.es\/jvaraujo\/wp-json\/wp\/v2\/comments?post=15"}],"version-history":[{"count":6,"href":"https:\/\/blogsaverroes.juntadeandalucia.es\/jvaraujo\/wp-json\/wp\/v2\/pages\/15\/revisions"}],"predecessor-version":[{"id":1614,"href":"https:\/\/blogsaverroes.juntadeandalucia.es\/jvaraujo\/wp-json\/wp\/v2\/pages\/15\/revisions\/1614"}],"wp:attachment":[{"href":"https:\/\/blogsaverroes.juntadeandalucia.es\/jvaraujo\/wp-json\/wp\/v2\/media?parent=15"}],"curies":[{"name":"wp","href":"https:\/\/api.w.org\/{rel}","templated":true}]}}