{"id":1597,"date":"2021-09-19T18:56:10","date_gmt":"2021-09-19T18:56:10","guid":{"rendered":"https:\/\/blogsaverroes.juntadeandalucia.es\/jvaraujo\/?page_id=1597"},"modified":"2021-09-19T18:56:10","modified_gmt":"2021-09-19T18:56:10","slug":"presentacion","status":"publish","type":"page","link":"https:\/\/blogsaverroes.juntadeandalucia.es\/jvaraujo\/epv4\/presentacion\/","title":{"rendered":"Presentaci\u00f3n"},"content":{"rendered":"<p><b>Lista de materiales<\/b><\/p>\n<ul>\n<li>Folios blancos tama\u00f1o A4<\/li>\n<li>L\u00e1piz de dibujo (A4\/A6)<\/li>\n<li>Goma de dibujo<\/li>\n<li>L\u00e1pices y rotuladores de colores<\/li>\n<li>Regla, escuadra y cartab\u00f3n<\/li>\n<li>Comp\u00e1s<\/li>\n<li>Portaminas 0.5<\/li>\n<li>Cola de barra<\/li>\n<li>Tijeras de punta redonda<\/li>\n<\/ul>\n<p><b>Organizaci\u00f3n de la asignatura<\/b><\/p>\n<ul>\n<li>Educaci\u00f3n Pl\u00e1stica, Visual y Audiovisual es una asignatura que sirve para aprender a ver y producir im\u00e1genes. Es una asignatura en parte te\u00f3rica y en parte pr\u00e1ctica. Es importante que prest\u00e9is atenci\u00f3n a ambos aspectos.&nbsp;<\/li>\n<li>Cada semana empezar\u00e1 con la explicaci\u00f3n de alg\u00fan concepto relacionado con la imagen y con una propuesta de ejercicio, que deber\u00e1 realizarse en clase. Es imprescindible comprender bien la parte te\u00f3rica para poder resolver bien la pr\u00e1ctica.&nbsp;<\/li>\n<li>Adem\u00e1s de los ejercicios pr\u00e1cticos, tambi\u00e9n habr\u00e1 cuestionarios te\u00f3ricos que deber\u00e9is resolver online en casa.<\/li>\n<li>La calificaci\u00f3n de la asignatura tendr\u00e1 en cuenta:\n<ul>\n<li>Los ejercicios pr\u00e1cticos (60%). Hay que hacerlos obligatoriamente en clase, y por tanto hay que traer el material para poder trabajar. Son la parte m\u00e1s importante de la nota, as\u00ed que hay que esforzarse por hacerlos lo mejor posible.<\/li>\n<li>Los ejercicios te\u00f3ricos (30%). En su mayor parte ser\u00e1n cuestionarios online, y se resuelven en casa.<\/li>\n<li>La observaci\u00f3n directa del trabajo en clase (10%). Cada d\u00eda tomar\u00e9 nota de vuestro rendimiento en clase: puntualidad, participaci\u00f3n, si tra\u00e9is el material, si dej\u00e1is vuestro sitio limpio, si trabaj\u00e1is y dej\u00e1is trabajar a los dem\u00e1s\u2026&nbsp;<\/li>\n<\/ul>\n<\/li>\n<li>La nota de cada trimestre se calcular\u00e1 sumando las notas medias de los ejercicios (hasta 6 puntos), de los cuestionarios (hasta 3) y de las observaciones en clase (m\u00e1ximo 1 punto).&nbsp;<\/li>\n<li>La nota final ser\u00e1 la media entre las notas trimestrales.<\/li>\n<li>Las notas medias de los trimestres se truncan, y la final se redondea.<\/li>\n<li>Si alguien suspende un trimestre deber\u00e1 repetir los ejercicios suspensos o no presentados.<\/li>\n<li>Para organizar la publicaci\u00f3n de apuntes y la entrega de ejercicios usaremos Classroom. Ya se os ha a\u00f1adido a una clase ( <a href=\"https:\/\/classroom.google.com\/u\/2\/c\/MzkxNzU3NTg2NTk4\">https:\/\/classroom.google.com\/u\/2\/c\/MzkxNzU3NTg2NTk4<\/a> ). Para entrar en ella ten\u00e9is que usar una direcci\u00f3n de correo electr\u00f3nico que hemos creado para cada uno de vosotros (ver lista m\u00e1s arriba). La contrase\u00f1a de esa cuenta es la misma de Pasen. Si no sab\u00e9is cu\u00e1l es vuestra contrase\u00f1a de Pasen, pod\u00e9is recuperarla abriendo esta direcci\u00f3n: <a href=\"https:\/\/seneca.juntadeandalucia.es\/seneca\/jsp\/portalpasen\/\">https:\/\/seneca.juntadeandalucia.es\/seneca\/jsp\/portalpasen\/<\/a> y haciendo clic en <i>\u00bfOlvid\u00f3 su contrase\u00f1a? <\/i>Una vez recibida vuestra clave, pod\u00e9is entrar en Classroom usando vuestra direcci\u00f3n de email y contrase\u00f1a.<\/li>\n<li>Todos los ejercicios y cuestionarios se presentan a trav\u00e9s de Classroom y tambi\u00e9n podr\u00e9is consultar los apuntes ah\u00ed, por lo que es imprescindible que os incorpor\u00e9is lo antes posible. Si alguien tiene alguna dificultad para hacerlo, que me lo diga para buscar soluci\u00f3n.<\/li>\n<\/ul>\n","protected":false},"excerpt":{"rendered":"<p>Lista de materiales Folios blancos tama\u00f1o A4 L\u00e1piz de dibujo (A4\/A6) Goma de dibujo L\u00e1pices y rotuladores de colores Regla, escuadra y cartab\u00f3n Comp\u00e1s Portaminas 0.5 Cola de barra Tijeras de punta redonda Organizaci\u00f3n&#46;&#46;&#46;<\/p>\n","protected":false},"author":10581,"featured_media":0,"parent":15,"menu_order":0,"comment_status":"closed","ping_status":"closed","template":"","meta":{"ngg_post_thumbnail":0,"footnotes":""},"aioseo_notices":[],"_links":{"self":[{"href":"https:\/\/blogsaverroes.juntadeandalucia.es\/jvaraujo\/wp-json\/wp\/v2\/pages\/1597"}],"collection":[{"href":"https:\/\/blogsaverroes.juntadeandalucia.es\/jvaraujo\/wp-json\/wp\/v2\/pages"}],"about":[{"href":"https:\/\/blogsaverroes.juntadeandalucia.es\/jvaraujo\/wp-json\/wp\/v2\/types\/page"}],"author":[{"embeddable":true,"href":"https:\/\/blogsaverroes.juntadeandalucia.es\/jvaraujo\/wp-json\/wp\/v2\/users\/10581"}],"replies":[{"embeddable":true,"href":"https:\/\/blogsaverroes.juntadeandalucia.es\/jvaraujo\/wp-json\/wp\/v2\/comments?post=1597"}],"version-history":[{"count":1,"href":"https:\/\/blogsaverroes.juntadeandalucia.es\/jvaraujo\/wp-json\/wp\/v2\/pages\/1597\/revisions"}],"predecessor-version":[{"id":1598,"href":"https:\/\/blogsaverroes.juntadeandalucia.es\/jvaraujo\/wp-json\/wp\/v2\/pages\/1597\/revisions\/1598"}],"up":[{"embeddable":true,"href":"https:\/\/blogsaverroes.juntadeandalucia.es\/jvaraujo\/wp-json\/wp\/v2\/pages\/15"}],"wp:attachment":[{"href":"https:\/\/blogsaverroes.juntadeandalucia.es\/jvaraujo\/wp-json\/wp\/v2\/media?parent=1597"}],"curies":[{"name":"wp","href":"https:\/\/api.w.org\/{rel}","templated":true}]}}