{"id":1826,"date":"2022-01-17T08:49:10","date_gmt":"2022-01-17T08:49:10","guid":{"rendered":"https:\/\/blogsaverroes.juntadeandalucia.es\/jvaraujo\/?page_id=1826"},"modified":"2022-01-17T08:49:10","modified_gmt":"2022-01-17T08:49:10","slug":"luz-y-color","status":"publish","type":"page","link":"https:\/\/blogsaverroes.juntadeandalucia.es\/jvaraujo\/epv1\/el-color\/luz-y-color\/","title":{"rendered":"Luz y color"},"content":{"rendered":"<p><a href=\"https:\/\/blogsaverroes.juntadeandalucia.es\/jvaraujo\/files\/2022\/01\/Captura-de-pantalla-2022-01-17-090601.png\"><img loading=\"lazy\" decoding=\"async\" class=\"alignnone size-full wp-image-1827\" src=\"https:\/\/blogsaverroes.juntadeandalucia.es\/jvaraujo\/files\/2022\/01\/Captura-de-pantalla-2022-01-17-090601.png\" alt=\"\" width=\"617\" height=\"289\" srcset=\"https:\/\/blogsaverroes.juntadeandalucia.es\/jvaraujo\/files\/2022\/01\/Captura-de-pantalla-2022-01-17-090601.png 617w, https:\/\/blogsaverroes.juntadeandalucia.es\/jvaraujo\/files\/2022\/01\/Captura-de-pantalla-2022-01-17-090601-300x141.png 300w\" sizes=\"(max-width: 617px) 100vw, 617px\" \/><\/a><\/p>\n<p><span dir=\"ltr\" role=\"presentation\">\u00bfTe has parado alguna vez a pensar porqu\u00e9 vemos el cielo <\/span><span dir=\"ltr\" role=\"presentation\">azul, la hierba verde o las fresas de color rojo? Estamos <\/span><span dir=\"ltr\" role=\"presentation\">acostumbrados a reconocer el color, a identificarlo por su <\/span><span dir=\"ltr\" role=\"presentation\">nombre, pero \u00bfsabemos c\u00f3mo se produce?<\/span><\/p>\n<p><span dir=\"ltr\" role=\"presentation\">En esta unidad aprenderemos c\u00f3mo la luz transporta los <\/span><span dir=\"ltr\" role=\"presentation\">colores, c\u00f3mo nuestros ojos los reciben y c\u00f3mo nuestro <\/span><span dir=\"ltr\" role=\"presentation\">cerebro los reconoce. <\/span><span dir=\"ltr\" role=\"presentation\">Tambi\u00e9n descubriremos algunas de sus cualidades y<\/span><br role=\"presentation\"><span dir=\"ltr\" role=\"presentation\">aprenderemos a ordenarlos y combinarlos<\/span><\/p>\n<table style=\"border-collapse: collapse;width: 100%\">\n<tbody>\n<tr>\n<td style=\"width: 100%\"><strong>Debate<\/strong><\/td>\n<\/tr>\n<tr>\n<td style=\"width: 100%\">\n<ol>\n<li><span dir=\"ltr\" role=\"presentation\">\u00bfC\u00f3mo se produce el color?<\/span><\/li>\n<li><span dir=\"ltr\" role=\"presentation\">\u00bfPor qu\u00e9 se produce el arco iris?<\/span><\/li>\n<li><span dir=\"ltr\" role=\"presentation\">\u00bfQu\u00e9 son los colores b\u00e1sicos?<\/span><\/li>\n<li><span dir=\"ltr\" role=\"presentation\">\u00bfPor qu\u00e9 al mezclar un color con otro resulta un <\/span><span dir=\"ltr\" role=\"presentation\">tercer color diferente?<\/span><\/li>\n<li><span dir=\"ltr\" role=\"presentation\">\u00bfPor qu\u00e9 el cielo es azul?<\/span><\/li>\n<li><span dir=\"ltr\" role=\"presentation\">\u00bfC\u00f3mo est\u00e1n formados nuestros ojos?<\/span><\/li>\n<li><span dir=\"ltr\" role=\"presentation\">\u00bfPor qu\u00e9 en el arco iris el color naranja aparece <\/span><span dir=\"ltr\" role=\"presentation\">entre el rojo y el amarillo?<\/span><\/li>\n<li><span dir=\"ltr\" role=\"presentation\">\u00bfTodos los animales ven los colores igual que <\/span><span dir=\"ltr\" role=\"presentation\">nosotros?<\/span><\/li>\n<\/ol>\n<\/td>\n<\/tr>\n<\/tbody>\n<\/table>\n<h3>El espectro visible<\/h3>\n<p>Hasta ahora hemos hablado de los elementos formales de la imagen: los puntos, las rectas, los planos son formas. Pero si podemos verlas es porque tienen color. Incluso cuando las dibujamos en negro, ese es su color. El color es una propiedad de la forma, y tambi\u00e9n de las superficies.<\/p>\n<p><a href=\"https:\/\/blogsaverroes.juntadeandalucia.es\/jvaraujo\/files\/2022\/01\/Captura-de-pantalla-2022-01-17-091230-1.png\"><img loading=\"lazy\" decoding=\"async\" class=\"alignnone size-full wp-image-1829\" src=\"https:\/\/blogsaverroes.juntadeandalucia.es\/jvaraujo\/files\/2022\/01\/Captura-de-pantalla-2022-01-17-091230-1.png\" alt=\"\" width=\"584\" height=\"160\" srcset=\"https:\/\/blogsaverroes.juntadeandalucia.es\/jvaraujo\/files\/2022\/01\/Captura-de-pantalla-2022-01-17-091230-1.png 584w, https:\/\/blogsaverroes.juntadeandalucia.es\/jvaraujo\/files\/2022\/01\/Captura-de-pantalla-2022-01-17-091230-1-300x82.png 300w\" sizes=\"(max-width: 584px) 100vw, 584px\" \/><\/a><\/p>\n<p>Para que veamos color hacen falta dos cosas:<\/p>\n<ol>\n<li>Que haya una luz que ilumine las formas<\/li>\n<li>Que miremos en la direcci\u00f3n de la que procede el color<\/li>\n<\/ol>\n<p>De hecho \u200b el color es una construcci\u00f3n de nuestro cerebro\u200b. Nuestros ojos reaccionan ante determinadas propiedades de la luz y env\u00edan al cerebro cierta informaci\u00f3n que interpretamos como color. Otros animales ven los colores de manera muy distinta, e incluso puede haber diferencias notables entre c\u00f3mo vemos los colores cada uno de nosotros.<\/p>\n<p>&nbsp;<a href=\"https:\/\/blogsaverroes.juntadeandalucia.es\/jvaraujo\/files\/2022\/01\/Captura-de-pantalla-2022-01-17-091725.png\"><img loading=\"lazy\" decoding=\"async\" class=\"alignnone size-full wp-image-1831\" src=\"https:\/\/blogsaverroes.juntadeandalucia.es\/jvaraujo\/files\/2022\/01\/Captura-de-pantalla-2022-01-17-091725.png\" alt=\"\" width=\"795\" height=\"280\" srcset=\"https:\/\/blogsaverroes.juntadeandalucia.es\/jvaraujo\/files\/2022\/01\/Captura-de-pantalla-2022-01-17-091725.png 795w, https:\/\/blogsaverroes.juntadeandalucia.es\/jvaraujo\/files\/2022\/01\/Captura-de-pantalla-2022-01-17-091725-300x106.png 300w, https:\/\/blogsaverroes.juntadeandalucia.es\/jvaraujo\/files\/2022\/01\/Captura-de-pantalla-2022-01-17-091725-768x270.png 768w\" sizes=\"(max-width: 795px) 100vw, 795px\" \/><\/a><\/p>\n<p>Pero \u00bfc\u00f3mo se producen los colores que vemos? Lo primero que debes saber es que una l\u00e1mpara, el fuego y sobre todo el sol producen energ\u00eda. Esa energ\u00eda se propaga en todas direcciones en forma de diferentes radiaciones electromagn\u00e9ticas. Algunas de esas radiaciones pueden ser percibidas por el ojo (otras no). Al conjunto de radiaciones visibles se le llama \u200b el espectro visible\u200b. La suma de todas ellas es lo que llamamos \u200b luz\u200b.<\/p>\n<p><a href=\"https:\/\/blogsaverroes.juntadeandalucia.es\/jvaraujo\/files\/2022\/01\/Captura-de-pantalla-2022-01-17-092940.png\"><img loading=\"lazy\" decoding=\"async\" class=\"alignnone size-full wp-image-1832\" src=\"https:\/\/blogsaverroes.juntadeandalucia.es\/jvaraujo\/files\/2022\/01\/Captura-de-pantalla-2022-01-17-092940.png\" alt=\"\" width=\"622\" height=\"317\" srcset=\"https:\/\/blogsaverroes.juntadeandalucia.es\/jvaraujo\/files\/2022\/01\/Captura-de-pantalla-2022-01-17-092940.png 622w, https:\/\/blogsaverroes.juntadeandalucia.es\/jvaraujo\/files\/2022\/01\/Captura-de-pantalla-2022-01-17-092940-300x153.png 300w\" sizes=\"(max-width: 622px) 100vw, 622px\" \/><\/a><\/p>\n<p><a href=\"https:\/\/blogsaverroes.juntadeandalucia.es\/jvaraujo\/files\/2022\/01\/Captura-de-pantalla-2022-01-17-093105.png\"><img loading=\"lazy\" decoding=\"async\" class=\"alignright size-full wp-image-1833\" src=\"https:\/\/blogsaverroes.juntadeandalucia.es\/jvaraujo\/files\/2022\/01\/Captura-de-pantalla-2022-01-17-093105.png\" alt=\"\" width=\"288\" height=\"211\"><\/a>En el gr\u00e1fico de arriba se muestra c\u00f3mo la luz visible es s\u00f3lo una parte de las diferentes radiaciones electromagn\u00e9ticas existentes. Una de sus caracter\u00edsticas es que tienen forma de onda. La diferencia entre un tipo de radiaci\u00f3n y otro es su longitud de onda\u200b: la distancia entre la parte superior de cada onda y la siguiente. Pues bien, aquellas radiaciones cuyas longitudes de onda se encuentran entre los 700 y los 400 nan\u00f3metros (un nan\u00f3metro es un mil\u00edmetro dividido por mil millones) \u200b tienen la facultad de activar unas c\u00e9lulas fotosensibles que se encuentran en el interior de nuestros ojos\u200b. Cuando todas esas ondas llegan al ojo con la misma intensidad, percibimos la luz blanca.<\/p>\n<p>&nbsp;<\/p>\n<h3>El color de las superficies<\/h3>\n<p>Ya sabemos que el sol emite un conjunto de radiaciones que percibimos como luz. Pero \u00bfqu\u00e9 ocurre para que veamos rojo un tomate, verde una hoja o amarillo un lim\u00f3n? Lo que ocurre es que la superficie de esos objetos modifica la luz que recibe.<\/p>\n<p>Imagina que tienes en un cubo un mont\u00f3n de pelotas distintas: de tenis, de ping-pong, de goma, de \u200b baseball\u200b&#8230; Si arrojas el contenido del cubo contra el suelo, todas rebotar\u00e1n, pero no con la misma fuerza. Las de goma botar\u00e1n mucho, las de \u200b baseball\u200b muy poco, etc.<\/p>\n<p>Con la luz y las superficies de los objetos ocurre algo parecido: las radiaciones del espectro visible rebotan contra ellas con diferente intensidad. Si un objeto rechaza con fuerza las radiaciones de 700 nm (color rojo), pero absorbe o amortigua todas las dem\u00e1s, el objeto se ver\u00e1 rojo.<\/p>\n<p><a href=\"https:\/\/blogsaverroes.juntadeandalucia.es\/jvaraujo\/files\/2022\/01\/Captura-de-pantalla-2022-01-17-093304.png\"><img loading=\"lazy\" decoding=\"async\" class=\"size-full wp-image-1835 alignnone\" src=\"https:\/\/blogsaverroes.juntadeandalucia.es\/jvaraujo\/files\/2022\/01\/Captura-de-pantalla-2022-01-17-093304.png\" alt=\"\" width=\"285\" height=\"192\"><\/a><\/p>\n<p>Pero si en lugar de rechazar s\u00f3lo la luz roja y absorber las dem\u00e1s, rechaza tambi\u00e9n parte de la luz amarilla, el color con el que veamos esa superficie ser\u00e1 la \u200b suma \u200b de esos dos colores.<\/p>\n<h3>S\u00edntesis aditiva<\/h3>\n<p>Cuando se mezclan dos rayos de luz de distinto color, sus energ\u00edas se suman. A esto se le llama s\u00edntesis aditiva (de adici\u00f3n = suma). Como consecuencia de esto, la mezcla de dos colores luz&nbsp; siempre es un color m\u00e1s luminoso que los originales. Si mezclamos todos los colores luz, el resultado es el blanco.<\/p>\n<p><a href=\"https:\/\/blogsaverroes.juntadeandalucia.es\/jvaraujo\/files\/2022\/01\/Captura-de-pantalla-2022-01-17-093452.png\"><img loading=\"lazy\" decoding=\"async\" class=\"size-full wp-image-1836 alignnone\" src=\"https:\/\/blogsaverroes.juntadeandalucia.es\/jvaraujo\/files\/2022\/01\/Captura-de-pantalla-2022-01-17-093452.png\" alt=\"\" width=\"187\" height=\"203\"><\/a><\/p>\n<p>En esta imagen puedes ver el resultado de mezclar los colores luz primarios:<\/p>\n<ul>\n<li>Azul + rojo = magenta<\/li>\n<li>Rojo + verde = amarillo<\/li>\n<li>Verde + azul = azul cian<\/li>\n<\/ul>\n<p>F\u00edjate que basta con tres colores primarios o b\u00e1sicos para obtener todos los del espectro visible. En el caso de la s\u00edntesis aditiva, estos son el rojo, el azul y el verde, que se corresponden con los distintos grupos de c\u00e9lulas fotosensibles del ojo: un grupo reacciona ante la longitud de onda roja, otro ante la verde y otro ante la azul. Estudiaremos esto con m\u00e1s detalle un poco m\u00e1s adelante.<\/p>\n<h3>Descomposici\u00f3n de la luz blanca<\/h3>\n<p>Podemos comprobar que la luz blanca est\u00e1 compuesta de otros colores haci\u00e9ndola pasar por un prisma. Esto se basa en un fen\u00f3meno llamado \u200b refracci\u00f3n \u200b de la luz, y que consiste en que \u00e9sta cambia de direcci\u00f3n al pasar de un medio poco denso (como el aire) a otro m\u00e1s denso (como un cristal, o el agua).<\/p>\n<p><a href=\"https:\/\/blogsaverroes.juntadeandalucia.es\/jvaraujo\/files\/2022\/01\/Captura-de-pantalla-2022-01-17-093557.png\"><img loading=\"lazy\" decoding=\"async\" class=\"size-full wp-image-1837 alignnone\" src=\"https:\/\/blogsaverroes.juntadeandalucia.es\/jvaraujo\/files\/2022\/01\/Captura-de-pantalla-2022-01-17-093557.png\" alt=\"\" width=\"193\" height=\"212\"><\/a><\/p>\n<p>Seguro que te has fijado en c\u00f3mo un l\u00e1piz sumergido en un vaso con agua parece \u200b romperse\u200b debido a esta propiedad. Usando un prisma de caras planas podemos hacer que \u200b cada longitud de onda se desv\u00ede en una direcci\u00f3n diferente\u200b. Igualmente la luz del sol, al atravesar las gotas de agua que quedan en la atm\u00f3sfera tras la lluvia, se descompone en los colores del arco iris, que son los mismos del espectro visible.<\/p>\n<p><a href=\"https:\/\/blogsaverroes.juntadeandalucia.es\/jvaraujo\/files\/2022\/01\/Captura-de-pantalla-2022-01-17-093651.png\"><img loading=\"lazy\" decoding=\"async\" class=\"size-full wp-image-1838 alignnone\" src=\"https:\/\/blogsaverroes.juntadeandalucia.es\/jvaraujo\/files\/2022\/01\/Captura-de-pantalla-2022-01-17-093651.png\" alt=\"\" width=\"357\" height=\"242\" srcset=\"https:\/\/blogsaverroes.juntadeandalucia.es\/jvaraujo\/files\/2022\/01\/Captura-de-pantalla-2022-01-17-093651.png 357w, https:\/\/blogsaverroes.juntadeandalucia.es\/jvaraujo\/files\/2022\/01\/Captura-de-pantalla-2022-01-17-093651-300x203.png 300w\" sizes=\"(max-width: 357px) 100vw, 357px\" \/><\/a><\/p>\n<h3>Ejercicios<\/h3>\n<table style=\"border-collapse: collapse;width: 100%\">\n<tbody>\n<tr>\n<td style=\"width: 100%\"><strong>Propuesta 1. Descomposici\u00f3n de la luz blanca<\/strong><\/td>\n<\/tr>\n<tr>\n<td style=\"width: 100%\">Hemos estudiado que la luz blanca est\u00e1 compuesta por todos los colores del espectro visible. Podemos separar esos colores con ayuda de un prisma.<\/p>\n<p><a href=\"https:\/\/blogsaverroes.juntadeandalucia.es\/jvaraujo\/files\/2022\/01\/Captura-de-pantalla-2022-01-17-094212.png\"><img loading=\"lazy\" decoding=\"async\" class=\"size-full wp-image-1839 alignnone\" src=\"https:\/\/blogsaverroes.juntadeandalucia.es\/jvaraujo\/files\/2022\/01\/Captura-de-pantalla-2022-01-17-094212.png\" alt=\"\" width=\"383\" height=\"186\" srcset=\"https:\/\/blogsaverroes.juntadeandalucia.es\/jvaraujo\/files\/2022\/01\/Captura-de-pantalla-2022-01-17-094212.png 383w, https:\/\/blogsaverroes.juntadeandalucia.es\/jvaraujo\/files\/2022\/01\/Captura-de-pantalla-2022-01-17-094212-300x146.png 300w\" sizes=\"(max-width: 383px) 100vw, 383px\" \/><\/a>&nbsp;<\/p>\n<p>Puede que no tengas un prisma a mano, pero puedes improvisar uno de varias formas:<\/p>\n<ul>\n<li>Con la funda transparente de un bol\u00edgrafo<\/li>\n<li>Con un vaso lleno de agua (si tiene caras planas)<\/li>\n<li>Pulverizando agua al aire, donde d\u00e9 el sol<\/li>\n<\/ul>\n<p>Puedes encontrar m\u00e1s ejemplos en esta b\u00fasqueda de Google: \u200b <a href=\"https:\/\/www.google.com\/search?q=formas+caseras+de+descomponer+la+luz&amp;source=lnms&amp;sa=X&amp;ved=0ahUKEwiO04PV09zfAhU8AWMBHW9GDGIQ_AUICSgA&amp;biw=1089&amp;bih=922&amp;dpr=1\">Formas caseras de descomponer la luz<\/a>.<\/p>\n<p>Vamos a realizar y documentar alguno de estos experimentos.<\/p>\n<p>En \u200b grupos de dos\u200b, ayud\u00e1ndoos de alg\u00fan prisma casero a vuestro alcance, grabad un\u200b breve v\u00eddeo \u200b en el que mostr\u00e9is y expliqu\u00e9is \u200b c\u00f3mo la luz blanca se descompone en los colores del espectro visible\u200b.<\/p>\n<p><strong>Etapas:<\/strong><\/p>\n<ol>\n<li>En clase\u200b, elaborad un \u200b guion \u200b en el que recoj\u00e1is:\n<ol>\n<li>Los \u200b elementos clave que deber\u00e9is explicar en el v\u00eddeo\u200b (qu\u00e9 es la luz, c\u00f3mo se propaga, c\u00f3mo est\u00e1 compuesta de radiaciones de diferentes longitudes de onda, c\u00f3mo esas radiaciones dan lugar a los diferentes colores, por qu\u00e9 un prisma descompone la luz blanca en los colores del espectro).<\/li>\n<li>Qu\u00e9 \u200b materiales \u200b necesitar\u00e9is para grabar el experimento y d\u00f3nde lo har\u00e9is<\/li>\n<li>Qui\u00e9n se encarga de qu\u00e9<\/li>\n<\/ol>\n<\/li>\n<li>Fuera de clase\u200b, \u200b realiz\u00e1is \u200b la experiencia y la document\u00e1is \u200b en v\u00eddeo. Los v\u00eddeos se presentar\u00e1n en \u200b Classroom<\/li>\n<\/ol>\n<\/td>\n<\/tr>\n<tr>\n<td style=\"width: 100%\"><strong>Gu\u00eda de evaluaci\u00f3n:<\/strong><\/td>\n<\/tr>\n<\/tbody>\n<\/table>\n","protected":false},"excerpt":{"rendered":"<p>\u00bfTe has parado alguna vez a pensar porqu\u00e9 vemos el cielo azul, la hierba verde o las fresas de color rojo? Estamos acostumbrados a reconocer el color, a identificarlo por su nombre, pero \u00bfsabemos&#46;&#46;&#46;<\/p>\n","protected":false},"author":10581,"featured_media":0,"parent":48,"menu_order":1,"comment_status":"closed","ping_status":"closed","template":"","meta":{"ngg_post_thumbnail":0,"footnotes":""},"aioseo_notices":[],"_links":{"self":[{"href":"https:\/\/blogsaverroes.juntadeandalucia.es\/jvaraujo\/wp-json\/wp\/v2\/pages\/1826"}],"collection":[{"href":"https:\/\/blogsaverroes.juntadeandalucia.es\/jvaraujo\/wp-json\/wp\/v2\/pages"}],"about":[{"href":"https:\/\/blogsaverroes.juntadeandalucia.es\/jvaraujo\/wp-json\/wp\/v2\/types\/page"}],"author":[{"embeddable":true,"href":"https:\/\/blogsaverroes.juntadeandalucia.es\/jvaraujo\/wp-json\/wp\/v2\/users\/10581"}],"replies":[{"embeddable":true,"href":"https:\/\/blogsaverroes.juntadeandalucia.es\/jvaraujo\/wp-json\/wp\/v2\/comments?post=1826"}],"version-history":[{"count":2,"href":"https:\/\/blogsaverroes.juntadeandalucia.es\/jvaraujo\/wp-json\/wp\/v2\/pages\/1826\/revisions"}],"predecessor-version":[{"id":1840,"href":"https:\/\/blogsaverroes.juntadeandalucia.es\/jvaraujo\/wp-json\/wp\/v2\/pages\/1826\/revisions\/1840"}],"up":[{"embeddable":true,"href":"https:\/\/blogsaverroes.juntadeandalucia.es\/jvaraujo\/wp-json\/wp\/v2\/pages\/48"}],"wp:attachment":[{"href":"https:\/\/blogsaverroes.juntadeandalucia.es\/jvaraujo\/wp-json\/wp\/v2\/media?parent=1826"}],"curies":[{"name":"wp","href":"https:\/\/api.w.org\/{rel}","templated":true}]}}