{"id":19,"date":"2014-12-09T22:01:40","date_gmt":"2014-12-09T22:01:40","guid":{"rendered":"http:\/\/iesalmadraba.org\/dibujo\/?page_id=19"},"modified":"2021-09-12T12:57:57","modified_gmt":"2021-09-12T12:57:57","slug":"dt2","status":"publish","type":"page","link":"https:\/\/blogsaverroes.juntadeandalucia.es\/jvaraujo\/dt2\/","title":{"rendered":"DT2"},"content":{"rendered":"<ul class=\"children\">\n<li class=\"page_item page-item-1566 current_page_item\"><a href=\"https:\/\/blogsaverroes.juntadeandalucia.es\/jvaraujo\/dt2\/espacios-dimensionales\/\">Espacios dimensionales<\/a><\/li>\n<li class=\"page_item page-item-79 page_item_has_children\"><a href=\"https:\/\/blogsaverroes.juntadeandalucia.es\/jvaraujo\/dt2\/geometria-plana\/\">Geometr\u00eda plana<\/a>\n<ul class=\"children\">\n<li class=\"page_item page-item-106\"><a href=\"https:\/\/blogsaverroes.juntadeandalucia.es\/jvaraujo\/dt2\/geometria-plana\/razon\/\">Raz\u00f3n<\/a><\/li>\n<li class=\"page_item page-item-107 page_item_has_children\"><a href=\"https:\/\/blogsaverroes.juntadeandalucia.es\/jvaraujo\/dt2\/geometria-plana\/proporcion-y-escalas\/\">Proporci\u00f3n y escalas<\/a>\n<ul class=\"children\">\n<li class=\"page_item page-item-199\"><a href=\"https:\/\/blogsaverroes.juntadeandalucia.es\/jvaraujo\/dt2\/geometria-plana\/proporcion-y-escalas\/fig-semejante-a-otra-de-area-el-doble\/\">Fig. semejante a otra de \u00e1rea el doble<\/a><\/li>\n<li class=\"page_item page-item-200\"><a href=\"https:\/\/blogsaverroes.juntadeandalucia.es\/jvaraujo\/dt2\/geometria-plana\/proporcion-y-escalas\/fig-semejante-a-otra-de-area-la-mitad\/\">Fig. semejante a otra de \u00e1rea la mitad<\/a><\/li>\n<li class=\"page_item page-item-450\"><a href=\"https:\/\/blogsaverroes.juntadeandalucia.es\/jvaraujo\/dt2\/geometria-plana\/proporcion-y-escalas\/contraescala\/\">Contraescala<\/a><\/li>\n<li class=\"page_item page-item-452\"><a href=\"https:\/\/blogsaverroes.juntadeandalucia.es\/jvaraujo\/dt2\/geometria-plana\/proporcion-y-escalas\/conversion-entre-escalas\/\">Conversi\u00f3n entre escalas<\/a><\/li>\n<\/ul>\n<\/li>\n<li class=\"page_item page-item-108 page_item_has_children\"><a href=\"https:\/\/blogsaverroes.juntadeandalucia.es\/jvaraujo\/dt2\/geometria-plana\/polaridad-y-potencia\/\">Polaridad y potencia<\/a>\n<ul class=\"children\">\n<li class=\"page_item page-item-173\"><a href=\"https:\/\/blogsaverroes.juntadeandalucia.es\/jvaraujo\/dt2\/geometria-plana\/polaridad-y-potencia\/polaridad\/\">Polaridad<\/a><\/li>\n<\/ul>\n<\/li>\n<li class=\"page_item page-item-109 page_item_has_children\"><a href=\"https:\/\/blogsaverroes.juntadeandalucia.es\/jvaraujo\/dt2\/geometria-plana\/tangencias\/\">Tangencias<\/a>\n<ul class=\"children\">\n<li class=\"page_item page-item-1343\"><a href=\"https:\/\/blogsaverroes.juntadeandalucia.es\/jvaraujo\/dt2\/geometria-plana\/tangencias\/resolucion-por-potencias\/\">Resoluci\u00f3n por potencias<\/a><\/li>\n<li class=\"page_item page-item-1346\"><a href=\"https:\/\/blogsaverroes.juntadeandalucia.es\/jvaraujo\/dt2\/geometria-plana\/tangencias\/resolucion-por-inversion\/\">Resoluci\u00f3n por inversi\u00f3n<\/a><\/li>\n<li class=\"page_item page-item-1348\"><a href=\"https:\/\/blogsaverroes.juntadeandalucia.es\/jvaraujo\/dt2\/geometria-plana\/tangencias\/problemas-de-apolonio\/\">Problemas de Apolonio<\/a><\/li>\n<\/ul>\n<\/li>\n<li class=\"page_item page-item-110 page_item_has_children\"><a href=\"https:\/\/blogsaverroes.juntadeandalucia.es\/jvaraujo\/dt2\/geometria-plana\/transformaciones-geometricas\/\">Transformaciones geom\u00e9tricas<\/a>\n<ul class=\"children\">\n<li class=\"page_item page-item-1230\"><a href=\"https:\/\/blogsaverroes.juntadeandalucia.es\/jvaraujo\/dt2\/geometria-plana\/transformaciones-geometricas\/homologia-rectas-limite\/\">Homolog\u00eda. Rectas l\u00edmite<\/a><\/li>\n<li class=\"page_item page-item-209\"><a href=\"https:\/\/blogsaverroes.juntadeandalucia.es\/jvaraujo\/dt2\/geometria-plana\/transformaciones-geometricas\/inversion\/\">Inversi\u00f3n<\/a><\/li>\n<li class=\"page_item page-item-600\"><a href=\"https:\/\/blogsaverroes.juntadeandalucia.es\/jvaraujo\/dt2\/geometria-plana\/transformaciones-geometricas\/inversion-de-una-recta-y-de-una-circunferencia\/\">Inversi\u00f3n de una recta y de una circunferencia<\/a><\/li>\n<\/ul>\n<\/li>\n<li class=\"page_item page-item-111 page_item_has_children\"><a href=\"https:\/\/blogsaverroes.juntadeandalucia.es\/jvaraujo\/dt2\/geometria-plana\/curvas\/\">Curvas<\/a>\n<ul class=\"children\">\n<li class=\"page_item page-item-1253\"><a href=\"https:\/\/blogsaverroes.juntadeandalucia.es\/jvaraujo\/dt2\/geometria-plana\/curvas\/rectas-tangentes-a-una-elipse\/\">Rectas tangentes a una elipse<\/a><\/li>\n<li class=\"page_item page-item-1255\"><a href=\"https:\/\/blogsaverroes.juntadeandalucia.es\/jvaraujo\/dt2\/geometria-plana\/curvas\/rectas-tangentes-a-una-parabola\/\">Rectas tangentes a una par\u00e1bola<\/a><\/li>\n<li class=\"page_item page-item-1257\"><a href=\"https:\/\/blogsaverroes.juntadeandalucia.es\/jvaraujo\/dt2\/geometria-plana\/curvas\/rectas-tangentes-a-una-hiperbola\/\">Rectas tangentes a una hip\u00e9rbola<\/a><\/li>\n<\/ul>\n<\/li>\n<\/ul>\n<\/li>\n<li class=\"page_item page-item-80 page_item_has_children\"><a href=\"https:\/\/blogsaverroes.juntadeandalucia.es\/jvaraujo\/dt2\/geometria-descriptiva\/\">Geometr\u00eda descriptiva<\/a>\n<ul class=\"children\">\n<li class=\"page_item page-item-112 page_item_has_children\"><a href=\"https:\/\/blogsaverroes.juntadeandalucia.es\/jvaraujo\/dt2\/geometria-descriptiva\/diedrico\/\">Di\u00e9drico<\/a>\n<ul class=\"children\">\n<li class=\"page_item page-item-1075\"><a href=\"https:\/\/blogsaverroes.juntadeandalucia.es\/jvaraujo\/dt2\/geometria-descriptiva\/diedrico\/intersecciones\/\">Intersecciones<\/a><\/li>\n<li class=\"page_item page-item-1082\"><a href=\"https:\/\/blogsaverroes.juntadeandalucia.es\/jvaraujo\/dt2\/geometria-descriptiva\/diedrico\/distancias\/\">Distancias<\/a><\/li>\n<li class=\"page_item page-item-1084\"><a href=\"https:\/\/blogsaverroes.juntadeandalucia.es\/jvaraujo\/dt2\/geometria-descriptiva\/diedrico\/abatimiento\/\">Abatimiento<\/a><\/li>\n<li class=\"page_item page-item-1086\"><a href=\"https:\/\/blogsaverroes.juntadeandalucia.es\/jvaraujo\/dt2\/geometria-descriptiva\/diedrico\/giro\/\">Giro<\/a><\/li>\n<li class=\"page_item page-item-1088\"><a href=\"https:\/\/blogsaverroes.juntadeandalucia.es\/jvaraujo\/dt2\/geometria-descriptiva\/diedrico\/cambio-de-plano\/\">Cambio de plano<\/a><\/li>\n<li class=\"page_item page-item-1090\"><a href=\"https:\/\/blogsaverroes.juntadeandalucia.es\/jvaraujo\/dt2\/geometria-descriptiva\/diedrico\/angulos\/\">\u00c1ngulos<\/a><\/li>\n<li class=\"page_item page-item-1092\"><a href=\"https:\/\/blogsaverroes.juntadeandalucia.es\/jvaraujo\/dt2\/geometria-descriptiva\/diedrico\/poliedros-y-superficies\/\">Poliedros y superficies<\/a><\/li>\n<li class=\"page_item page-item-1094\"><a href=\"https:\/\/blogsaverroes.juntadeandalucia.es\/jvaraujo\/dt2\/geometria-descriptiva\/diedrico\/secciones\/\">Secciones<\/a><\/li>\n<li class=\"page_item page-item-1096\"><a href=\"https:\/\/blogsaverroes.juntadeandalucia.es\/jvaraujo\/dt2\/geometria-descriptiva\/diedrico\/intersecciones-2\/\">Intersecciones<\/a><\/li>\n<li class=\"page_item page-item-1098\"><a href=\"https:\/\/blogsaverroes.juntadeandalucia.es\/jvaraujo\/dt2\/geometria-descriptiva\/diedrico\/desarrollos\/\">Desarrollos<\/a><\/li>\n<\/ul>\n<\/li>\n<li class=\"page_item page-item-113\"><a href=\"https:\/\/blogsaverroes.juntadeandalucia.es\/jvaraujo\/dt2\/geometria-descriptiva\/axonometrico\/\">Axonom\u00e9trico<\/a><\/li>\n<li class=\"page_item page-item-114\"><a href=\"https:\/\/blogsaverroes.juntadeandalucia.es\/jvaraujo\/dt2\/geometria-descriptiva\/caballera\/\">Caballera<\/a><\/li>\n<li class=\"page_item page-item-116\"><a href=\"https:\/\/blogsaverroes.juntadeandalucia.es\/jvaraujo\/dt2\/geometria-descriptiva\/acotado\/\">Acotado<\/a><\/li>\n<li class=\"page_item page-item-94 page_item_has_children\"><a href=\"https:\/\/blogsaverroes.juntadeandalucia.es\/jvaraujo\/dt2\/geometria-descriptiva\/conica-2\/\">C\u00f3nica<\/a>\n<ul class=\"children\">\n<li class=\"page_item page-item-261\"><a href=\"https:\/\/blogsaverroes.juntadeandalucia.es\/jvaraujo\/dt2\/geometria-descriptiva\/conica-2\/fundamentos\/\">Fundamentos<\/a><\/li>\n<li class=\"page_item page-item-262\"><a href=\"https:\/\/blogsaverroes.juntadeandalucia.es\/jvaraujo\/dt2\/geometria-descriptiva\/conica-2\/punto\/\">Punto<\/a><\/li>\n<li class=\"page_item page-item-263\"><a href=\"https:\/\/blogsaverroes.juntadeandalucia.es\/jvaraujo\/dt2\/geometria-descriptiva\/conica-2\/recta\/\">Recta<\/a><\/li>\n<li class=\"page_item page-item-264\"><a href=\"https:\/\/blogsaverroes.juntadeandalucia.es\/jvaraujo\/dt2\/geometria-descriptiva\/conica-2\/poligonos-en-el-plano\/\">Pol\u00edgonos en el plano<\/a><\/li>\n<li class=\"page_item page-item-265\"><a href=\"https:\/\/blogsaverroes.juntadeandalucia.es\/jvaraujo\/dt2\/geometria-descriptiva\/conica-2\/paso-de-diedrico-a-conico-por-homologia\/\">Paso de di\u00e9drico a c\u00f3nico por homolog\u00eda<\/a><\/li>\n<li class=\"page_item page-item-266\"><a href=\"https:\/\/blogsaverroes.juntadeandalucia.es\/jvaraujo\/dt2\/geometria-descriptiva\/conica-2\/volumenes\/\">Vol\u00famenes<\/a><\/li>\n<\/ul>\n<\/li>\n<\/ul>\n<\/li>\n<li class=\"page_item page-item-81 page_item_has_children\"><a href=\"https:\/\/blogsaverroes.juntadeandalucia.es\/jvaraujo\/dt2\/normalizacion\/\">Normalizaci\u00f3n<\/a>\n<ul class=\"children\">\n<li class=\"page_item page-item-117\"><a href=\"https:\/\/blogsaverroes.juntadeandalucia.es\/jvaraujo\/dt2\/normalizacion\/acotacion-de-piezas\/\">Acotaci\u00f3n de piezas<\/a><\/li>\n<li class=\"page_item page-item-118\"><a href=\"https:\/\/blogsaverroes.juntadeandalucia.es\/jvaraujo\/dt2\/normalizacion\/cortes-y-secciones\/\">Cortes, secciones y roturas<\/a><\/li>\n<li class=\"page_item page-item-122\"><a href=\"https:\/\/blogsaverroes.juntadeandalucia.es\/jvaraujo\/dt2\/normalizacion\/croquis\/\">Croquis<\/a><\/li>\n<\/ul>\n<\/li>\n<\/ul>\n","protected":false},"excerpt":{"rendered":"<p>Espacios dimensionales Geometr\u00eda plana Raz\u00f3n Proporci\u00f3n y escalas Fig. semejante a otra de \u00e1rea el doble Fig. semejante a otra de \u00e1rea la mitad Contraescala Conversi\u00f3n entre escalas Polaridad y potencia Polaridad Tangencias Resoluci\u00f3n&#46;&#46;&#46;<\/p>\n","protected":false},"author":10581,"featured_media":0,"parent":0,"menu_order":5,"comment_status":"open","ping_status":"open","template":"","meta":{"ngg_post_thumbnail":0,"footnotes":""},"aioseo_notices":[],"_links":{"self":[{"href":"https:\/\/blogsaverroes.juntadeandalucia.es\/jvaraujo\/wp-json\/wp\/v2\/pages\/19"}],"collection":[{"href":"https:\/\/blogsaverroes.juntadeandalucia.es\/jvaraujo\/wp-json\/wp\/v2\/pages"}],"about":[{"href":"https:\/\/blogsaverroes.juntadeandalucia.es\/jvaraujo\/wp-json\/wp\/v2\/types\/page"}],"author":[{"embeddable":true,"href":"https:\/\/blogsaverroes.juntadeandalucia.es\/jvaraujo\/wp-json\/wp\/v2\/users\/10581"}],"replies":[{"embeddable":true,"href":"https:\/\/blogsaverroes.juntadeandalucia.es\/jvaraujo\/wp-json\/wp\/v2\/comments?post=19"}],"version-history":[{"count":2,"href":"https:\/\/blogsaverroes.juntadeandalucia.es\/jvaraujo\/wp-json\/wp\/v2\/pages\/19\/revisions"}],"predecessor-version":[{"id":1569,"href":"https:\/\/blogsaverroes.juntadeandalucia.es\/jvaraujo\/wp-json\/wp\/v2\/pages\/19\/revisions\/1569"}],"wp:attachment":[{"href":"https:\/\/blogsaverroes.juntadeandalucia.es\/jvaraujo\/wp-json\/wp\/v2\/media?parent=19"}],"curies":[{"name":"wp","href":"https:\/\/api.w.org\/{rel}","templated":true}]}}