{"id":52,"date":"2014-12-10T10:03:41","date_gmt":"2014-12-10T10:03:41","guid":{"rendered":"http:\/\/iesalmadraba.org\/dibujo\/?page_id=52"},"modified":"2022-05-23T08:51:37","modified_gmt":"2022-05-23T08:51:37","slug":"trazado-geometrico","status":"publish","type":"page","link":"https:\/\/blogsaverroes.juntadeandalucia.es\/jvaraujo\/epv1\/trazado-geometrico\/","title":{"rendered":"Trazado geom\u00e9trico"},"content":{"rendered":"<ul>\n<li><a href=\"https:\/\/blogsaverroes.juntadeandalucia.es\/jvaraujo\/epv1\/trazado-geometrico\/que-es-geometria\/\">Qu\u00e9 es Geometr\u00eda.<\/a><\/li>\n<li><a href=\"https:\/\/blogsaverroes.juntadeandalucia.es\/jvaraujo\/epv1\/trazado-geometrico\/manejo-del-compas\/\">Manejo del comp\u00e1s<\/a><\/li>\n<li><a href=\"https:\/\/blogsaverroes.juntadeandalucia.es\/jvaraujo\/epv1\/trazado-geometrico\/manejo-de-la-escuadra-y-el-cartabon\/\">Manejo de la escuadra y el cartab\u00f3n<\/a><\/li>\n<\/ul>\n","protected":false},"excerpt":{"rendered":"<p>Qu\u00e9 es Geometr\u00eda. Manejo del comp\u00e1s Manejo de la escuadra y el cartab\u00f3n<\/p>\n","protected":false},"author":10581,"featured_media":0,"parent":1222,"menu_order":5,"comment_status":"open","ping_status":"open","template":"","meta":{"ngg_post_thumbnail":0,"footnotes":""},"aioseo_notices":[],"_links":{"self":[{"href":"https:\/\/blogsaverroes.juntadeandalucia.es\/jvaraujo\/wp-json\/wp\/v2\/pages\/52"}],"collection":[{"href":"https:\/\/blogsaverroes.juntadeandalucia.es\/jvaraujo\/wp-json\/wp\/v2\/pages"}],"about":[{"href":"https:\/\/blogsaverroes.juntadeandalucia.es\/jvaraujo\/wp-json\/wp\/v2\/types\/page"}],"author":[{"embeddable":true,"href":"https:\/\/blogsaverroes.juntadeandalucia.es\/jvaraujo\/wp-json\/wp\/v2\/users\/10581"}],"replies":[{"embeddable":true,"href":"https:\/\/blogsaverroes.juntadeandalucia.es\/jvaraujo\/wp-json\/wp\/v2\/comments?post=52"}],"version-history":[{"count":4,"href":"https:\/\/blogsaverroes.juntadeandalucia.es\/jvaraujo\/wp-json\/wp\/v2\/pages\/52\/revisions"}],"predecessor-version":[{"id":1972,"href":"https:\/\/blogsaverroes.juntadeandalucia.es\/jvaraujo\/wp-json\/wp\/v2\/pages\/52\/revisions\/1972"}],"up":[{"embeddable":true,"href":"https:\/\/blogsaverroes.juntadeandalucia.es\/jvaraujo\/wp-json\/wp\/v2\/pages\/1222"}],"wp:attachment":[{"href":"https:\/\/blogsaverroes.juntadeandalucia.es\/jvaraujo\/wp-json\/wp\/v2\/media?parent=52"}],"curies":[{"name":"wp","href":"https:\/\/api.w.org\/{rel}","templated":true}]}}