{"id":68,"date":"2014-12-10T11:16:01","date_gmt":"2014-12-10T11:16:01","guid":{"rendered":"http:\/\/iesalmadraba.org\/dibujo\/?page_id=68"},"modified":"2021-09-27T08:40:59","modified_gmt":"2021-09-27T08:40:59","slug":"expresion-plastica","status":"publish","type":"page","link":"https:\/\/blogsaverroes.juntadeandalucia.es\/jvaraujo\/epv4\/expresion-plastica\/","title":{"rendered":"Expresi\u00f3n pl\u00e1stica"},"content":{"rendered":"<p>En este unidad conoceremos algunas t\u00e9cnicas art\u00edsticas: aprenderemos c\u00f3mo se fabrican algunos materiales y utensilios y los usaremos para producir im\u00e1genes interesantes.<\/p>\n<p>\u00cdndice:<\/p>\n<ul>\n<li><a href=\"https:\/\/blogsaverroes.juntadeandalucia.es\/jvaraujo\/epv4\/expresion-plastica\/tecnicas-de-la-expresion-plastica\/\">T\u00e9cnicas de la expresi\u00f3n pl\u00e1stica<\/a><\/li>\n<li><a href=\"https:\/\/blogsaverroes.juntadeandalucia.es\/jvaraujo\/epv4\/expresion-plastica\/tecnicas-de-la-expresion-plastica\/tecnicas-de-dibujo\/\">T\u00e9cnicas de dibujo<\/a><\/li>\n<li><a href=\"https:\/\/blogsaverroes.juntadeandalucia.es\/jvaraujo\/epv4\/expresion-plastica\/tecnicas-de-la-expresion-plastica\/pinceles-plumas-y-otros-instrumentos-de-dibujo\/\">Pinceles, plumas y otros instrumentos de dibujo<\/a><\/li>\n<li><a href=\"https:\/\/blogsaverroes.juntadeandalucia.es\/jvaraujo\/epv4\/expresion-plastica\/tecnicas-de-la-expresion-plastica\/lapices-de-colores\/\">L\u00e1pices de colores<\/a><\/li>\n<li><a href=\"https:\/\/blogsaverroes.juntadeandalucia.es\/jvaraujo\/epv4\/expresion-plastica\/tecnicas-de-la-expresion-plastica\/el-lenguaje-fotografico\/\">El lenguaje fotogr\u00e1fico<\/a><\/li>\n<li><a href=\"https:\/\/blogsaverroes.juntadeandalucia.es\/jvaraujo\/epv4\/expresion-plastica\/tecnicas-de-la-expresion-plastica\/fotonovela\/\">Fotonovela<\/a><\/li>\n<\/ul>\n","protected":false},"excerpt":{"rendered":"<p>En este unidad conoceremos algunas t\u00e9cnicas art\u00edsticas: aprenderemos c\u00f3mo se fabrican algunos materiales y utensilios y los usaremos para producir im\u00e1genes interesantes. \u00cdndice: T\u00e9cnicas de la expresi\u00f3n pl\u00e1stica T\u00e9cnicas de dibujo Pinceles, plumas y&#46;&#46;&#46;<\/p>\n","protected":false},"author":10581,"featured_media":0,"parent":15,"menu_order":1,"comment_status":"open","ping_status":"open","template":"","meta":{"ngg_post_thumbnail":0,"footnotes":""},"aioseo_notices":[],"_links":{"self":[{"href":"https:\/\/blogsaverroes.juntadeandalucia.es\/jvaraujo\/wp-json\/wp\/v2\/pages\/68"}],"collection":[{"href":"https:\/\/blogsaverroes.juntadeandalucia.es\/jvaraujo\/wp-json\/wp\/v2\/pages"}],"about":[{"href":"https:\/\/blogsaverroes.juntadeandalucia.es\/jvaraujo\/wp-json\/wp\/v2\/types\/page"}],"author":[{"embeddable":true,"href":"https:\/\/blogsaverroes.juntadeandalucia.es\/jvaraujo\/wp-json\/wp\/v2\/users\/10581"}],"replies":[{"embeddable":true,"href":"https:\/\/blogsaverroes.juntadeandalucia.es\/jvaraujo\/wp-json\/wp\/v2\/comments?post=68"}],"version-history":[{"count":6,"href":"https:\/\/blogsaverroes.juntadeandalucia.es\/jvaraujo\/wp-json\/wp\/v2\/pages\/68\/revisions"}],"predecessor-version":[{"id":1640,"href":"https:\/\/blogsaverroes.juntadeandalucia.es\/jvaraujo\/wp-json\/wp\/v2\/pages\/68\/revisions\/1640"}],"up":[{"embeddable":true,"href":"https:\/\/blogsaverroes.juntadeandalucia.es\/jvaraujo\/wp-json\/wp\/v2\/pages\/15"}],"wp:attachment":[{"href":"https:\/\/blogsaverroes.juntadeandalucia.es\/jvaraujo\/wp-json\/wp\/v2\/media?parent=68"}],"curies":[{"name":"wp","href":"https:\/\/api.w.org\/{rel}","templated":true}]}}