{"id":71,"date":"2014-12-10T11:26:55","date_gmt":"2014-12-10T11:26:55","guid":{"rendered":"http:\/\/iesalmadraba.org\/dibujo\/epv4\/elementos-de-la-imagen\/"},"modified":"2021-11-26T12:16:45","modified_gmt":"2021-11-26T12:16:45","slug":"elementos-de-la-imagen","status":"publish","type":"page","link":"https:\/\/blogsaverroes.juntadeandalucia.es\/jvaraujo\/epv4\/elementos-de-la-imagen\/","title":{"rendered":"Elementos de la imagen"},"content":{"rendered":"<p>Recursos sobre los elementos que constituyen la imagen:<\/p>\n<ul>\n<li><a href=\"https:\/\/elfinalde.com\/39134\/cine-usa-color-manipular-nuestras-emociones\/\">\u00bfC\u00f3mo usa el cine el color para inducir estados de \u00e1nimo?<\/a><\/li>\n<li><a href=\"https:\/\/blogsaverroes.juntadeandalucia.es\/jvaraujo\/epv-4-tecnicas-de-dibujo-a-tinta\/\">T\u00e9cnicas de dibujo a tinta<\/a><\/li>\n<li><a href=\"https:\/\/blogsaverroes.juntadeandalucia.es\/jvaraujo\/tinta-y-pincel-1-caligrafia\/\">Trazado caligr\u00e1fico<\/a><\/li>\n<li><a href=\"https:\/\/blogsaverroes.juntadeandalucia.es\/jvaraujo\/epv4\/elementos-de-la-imagen\/color-mapas-de-bits\/\">Color. Mapas de bits<\/a><\/li>\n<\/ul>\n","protected":false},"excerpt":{"rendered":"<p>Recursos sobre los elementos que constituyen la imagen: \u00bfC\u00f3mo usa el cine el color para inducir estados de \u00e1nimo? T\u00e9cnicas de dibujo a tinta Trazado caligr\u00e1fico Color. Mapas de bits<\/p>\n","protected":false},"author":10581,"featured_media":0,"parent":15,"menu_order":2,"comment_status":"open","ping_status":"open","template":"","meta":{"ngg_post_thumbnail":0,"footnotes":""},"aioseo_notices":[],"_links":{"self":[{"href":"https:\/\/blogsaverroes.juntadeandalucia.es\/jvaraujo\/wp-json\/wp\/v2\/pages\/71"}],"collection":[{"href":"https:\/\/blogsaverroes.juntadeandalucia.es\/jvaraujo\/wp-json\/wp\/v2\/pages"}],"about":[{"href":"https:\/\/blogsaverroes.juntadeandalucia.es\/jvaraujo\/wp-json\/wp\/v2\/types\/page"}],"author":[{"embeddable":true,"href":"https:\/\/blogsaverroes.juntadeandalucia.es\/jvaraujo\/wp-json\/wp\/v2\/users\/10581"}],"replies":[{"embeddable":true,"href":"https:\/\/blogsaverroes.juntadeandalucia.es\/jvaraujo\/wp-json\/wp\/v2\/comments?post=71"}],"version-history":[{"count":4,"href":"https:\/\/blogsaverroes.juntadeandalucia.es\/jvaraujo\/wp-json\/wp\/v2\/pages\/71\/revisions"}],"predecessor-version":[{"id":1671,"href":"https:\/\/blogsaverroes.juntadeandalucia.es\/jvaraujo\/wp-json\/wp\/v2\/pages\/71\/revisions\/1671"}],"up":[{"embeddable":true,"href":"https:\/\/blogsaverroes.juntadeandalucia.es\/jvaraujo\/wp-json\/wp\/v2\/pages\/15"}],"wp:attachment":[{"href":"https:\/\/blogsaverroes.juntadeandalucia.es\/jvaraujo\/wp-json\/wp\/v2\/media?parent=71"}],"curies":[{"name":"wp","href":"https:\/\/api.w.org\/{rel}","templated":true}]}}