{"id":72,"date":"2014-12-10T11:29:41","date_gmt":"2014-12-10T11:29:41","guid":{"rendered":"http:\/\/iesalmadraba.org\/dibujo\/epv4\/analisis-de-formas\/"},"modified":"2021-11-26T12:29:33","modified_gmt":"2021-11-26T12:29:33","slug":"analisis-de-formas","status":"publish","type":"page","link":"https:\/\/blogsaverroes.juntadeandalucia.es\/jvaraujo\/epv4\/analisis-de-formas\/","title":{"rendered":"An\u00e1lisis de formas"},"content":{"rendered":"<p>\u00bfC\u00f3mo analizamos las formas para reconocerlas y representarlas?<\/p>\n<ul>\n<li><a href=\"https:\/\/blogsaverroes.juntadeandalucia.es\/jvaraujo\/como-dibujar-el-cuerpo-humano\/\">C\u00f3mo dibujar el cuerpo humano<\/a><\/li>\n<li><a href=\"https:\/\/blogsaverroes.juntadeandalucia.es\/jvaraujo\/ejemplos-de-tecnicas-de-encajado-y-dibujo-a-lapiz\/\">T\u00e9cnicas de encajado y dibujo a l\u00e1piz<\/a><\/li>\n<li><a href=\"https:\/\/blogsaverroes.juntadeandalucia.es\/jvaraujo\/epv4\/analisis-de-formas\/el-canon-en-el-rostro-humano\/\">El canon del rostro humano<\/a><\/li>\n<\/ul>\n","protected":false},"excerpt":{"rendered":"<p>\u00bfC\u00f3mo analizamos las formas para reconocerlas y representarlas? C\u00f3mo dibujar el cuerpo humano T\u00e9cnicas de encajado y dibujo a l\u00e1piz El canon del rostro humano<\/p>\n","protected":false},"author":10581,"featured_media":0,"parent":15,"menu_order":3,"comment_status":"open","ping_status":"open","template":"","meta":{"ngg_post_thumbnail":0,"footnotes":""},"aioseo_notices":[],"_links":{"self":[{"href":"https:\/\/blogsaverroes.juntadeandalucia.es\/jvaraujo\/wp-json\/wp\/v2\/pages\/72"}],"collection":[{"href":"https:\/\/blogsaverroes.juntadeandalucia.es\/jvaraujo\/wp-json\/wp\/v2\/pages"}],"about":[{"href":"https:\/\/blogsaverroes.juntadeandalucia.es\/jvaraujo\/wp-json\/wp\/v2\/types\/page"}],"author":[{"embeddable":true,"href":"https:\/\/blogsaverroes.juntadeandalucia.es\/jvaraujo\/wp-json\/wp\/v2\/users\/10581"}],"replies":[{"embeddable":true,"href":"https:\/\/blogsaverroes.juntadeandalucia.es\/jvaraujo\/wp-json\/wp\/v2\/comments?post=72"}],"version-history":[{"count":4,"href":"https:\/\/blogsaverroes.juntadeandalucia.es\/jvaraujo\/wp-json\/wp\/v2\/pages\/72\/revisions"}],"predecessor-version":[{"id":1674,"href":"https:\/\/blogsaverroes.juntadeandalucia.es\/jvaraujo\/wp-json\/wp\/v2\/pages\/72\/revisions\/1674"}],"up":[{"embeddable":true,"href":"https:\/\/blogsaverroes.juntadeandalucia.es\/jvaraujo\/wp-json\/wp\/v2\/pages\/15"}],"wp:attachment":[{"href":"https:\/\/blogsaverroes.juntadeandalucia.es\/jvaraujo\/wp-json\/wp\/v2\/media?parent=72"}],"curies":[{"name":"wp","href":"https:\/\/api.w.org\/{rel}","templated":true}]}}