{"id":90,"date":"2014-12-10T11:39:59","date_gmt":"2014-12-10T11:39:59","guid":{"rendered":"http:\/\/iesalmadraba.org\/dibujo\/dt1\/geometria-plana\/tangencias\/"},"modified":"2014-12-10T11:39:59","modified_gmt":"2014-12-10T11:39:59","slug":"tangencias","status":"publish","type":"page","link":"https:\/\/blogsaverroes.juntadeandalucia.es\/jvaraujo\/dt1\/geometria-plana\/tangencias\/","title":{"rendered":"Tangencias"},"content":{"rendered":"<p>Con respecto a una circunferencia, una recta o una circunferencia pueden ser:<\/p>\n<ul>\n<li>Exterior, si no comparten con ella ning\u00fan punto<\/li>\n<li>Secante, si la cortan en dos puntos<\/li>\n<li>Tangente, si s\u00f3lo tienen en com\u00fan un punto, llamado punto de tangencia.<\/li>\n<\/ul>\n<p>En todo caso de tangencia se verifican los siguientes principios:<\/p>\n<ul>\n<li>Toda recta tangente a una circunferencia es perpendicular al radio que pasa por el punto de tangencia<\/li>\n<li>Dos circunferencias tangentes tienen sus centros alineados con el punto de tangencia<\/li>\n<li>Si en cada una de dos circunferencias tangentes trazamos di\u00e1metros paralelos y unimos sus extremos opuestos, esos extremos se encuentran alineados con el punto de tangencia<\/li>\n<\/ul>\n<p>Los problemas de tangencias obedecen a una casu\u00edstica muy variada, por lo que los modos de afrontarlos son tambi\u00e9n muy diversos. Los casos m\u00e1s sencillos pueden resolverse simplemente aplicando sencillos lugares geom\u00e9tricos, pero otros requieren el empleo de procedimientos m\u00e1s complejos como dilataciones, potencias o transformaciones homol\u00f3gicas.<\/p>\n","protected":false},"excerpt":{"rendered":"<p>Con respecto a una circunferencia, una recta o una circunferencia pueden ser: Exterior, si no comparten con ella ning\u00fan punto Secante, si la cortan en dos puntos Tangente, si s\u00f3lo tienen en com\u00fan un&#46;&#46;&#46;<\/p>\n","protected":false},"author":10581,"featured_media":0,"parent":76,"menu_order":20,"comment_status":"open","ping_status":"open","template":"","meta":{"ngg_post_thumbnail":0,"footnotes":""},"aioseo_notices":[],"_links":{"self":[{"href":"https:\/\/blogsaverroes.juntadeandalucia.es\/jvaraujo\/wp-json\/wp\/v2\/pages\/90"}],"collection":[{"href":"https:\/\/blogsaverroes.juntadeandalucia.es\/jvaraujo\/wp-json\/wp\/v2\/pages"}],"about":[{"href":"https:\/\/blogsaverroes.juntadeandalucia.es\/jvaraujo\/wp-json\/wp\/v2\/types\/page"}],"author":[{"embeddable":true,"href":"https:\/\/blogsaverroes.juntadeandalucia.es\/jvaraujo\/wp-json\/wp\/v2\/users\/10581"}],"replies":[{"embeddable":true,"href":"https:\/\/blogsaverroes.juntadeandalucia.es\/jvaraujo\/wp-json\/wp\/v2\/comments?post=90"}],"version-history":[{"count":0,"href":"https:\/\/blogsaverroes.juntadeandalucia.es\/jvaraujo\/wp-json\/wp\/v2\/pages\/90\/revisions"}],"up":[{"embeddable":true,"href":"https:\/\/blogsaverroes.juntadeandalucia.es\/jvaraujo\/wp-json\/wp\/v2\/pages\/76"}],"wp:attachment":[{"href":"https:\/\/blogsaverroes.juntadeandalucia.es\/jvaraujo\/wp-json\/wp\/v2\/media?parent=90"}],"curies":[{"name":"wp","href":"https:\/\/api.w.org\/{rel}","templated":true}]}}