{"id":96,"date":"2014-12-10T11:48:56","date_gmt":"2014-12-10T11:48:56","guid":{"rendered":"http:\/\/iesalmadraba.org\/dibujo\/dt1\/normalizacion\/introduccion\/"},"modified":"2022-03-16T12:43:14","modified_gmt":"2022-03-16T12:43:14","slug":"introduccion","status":"publish","type":"page","link":"https:\/\/blogsaverroes.juntadeandalucia.es\/jvaraujo\/dt1\/normalizacion\/introduccion\/","title":{"rendered":"Introducci\u00f3n"},"content":{"rendered":"<p>Mientras elaboro esta secci\u00f3n puedes consultar estos apuntes:<\/p>\n<ul>\n<li><a href=\"https:\/\/www.lamiradainquieta.com\/wp-content\/uploads\/2019\/04\/TEMA-8-NORMALIZACI%C3%93N.pdf\">Resumen sobre normalizaci\u00f3n<\/a><\/li>\n<li><a href=\"http:\/\/www.educacionplastica.net\/pps\/acotabas.pps\">Normas b\u00e1sicas de acotaci\u00f3n<\/a><\/li>\n<li><a href=\"https:\/\/youtu.be\/NwTh_tiB3YQ\">Acotaci\u00f3n: m\u00e9todo de las cuatro fases<\/a><\/li>\n<li><a href=\"https:\/\/youtu.be\/Ms_IDRIrz38\">Corte y acotaci\u00f3n de una pieza<\/a><\/li>\n<\/ul>\n<p>&nbsp;<\/p>\n","protected":false},"excerpt":{"rendered":"<p>Mientras elaboro esta secci\u00f3n puedes consultar estos apuntes: Resumen sobre normalizaci\u00f3n Normas b\u00e1sicas de acotaci\u00f3n Acotaci\u00f3n: m\u00e9todo de las cuatro fases Corte y acotaci\u00f3n de una pieza &nbsp;<\/p>\n","protected":false},"author":10581,"featured_media":0,"parent":78,"menu_order":26,"comment_status":"open","ping_status":"open","template":"","meta":{"ngg_post_thumbnail":0,"footnotes":""},"aioseo_notices":[],"_links":{"self":[{"href":"https:\/\/blogsaverroes.juntadeandalucia.es\/jvaraujo\/wp-json\/wp\/v2\/pages\/96"}],"collection":[{"href":"https:\/\/blogsaverroes.juntadeandalucia.es\/jvaraujo\/wp-json\/wp\/v2\/pages"}],"about":[{"href":"https:\/\/blogsaverroes.juntadeandalucia.es\/jvaraujo\/wp-json\/wp\/v2\/types\/page"}],"author":[{"embeddable":true,"href":"https:\/\/blogsaverroes.juntadeandalucia.es\/jvaraujo\/wp-json\/wp\/v2\/users\/10581"}],"replies":[{"embeddable":true,"href":"https:\/\/blogsaverroes.juntadeandalucia.es\/jvaraujo\/wp-json\/wp\/v2\/comments?post=96"}],"version-history":[{"count":3,"href":"https:\/\/blogsaverroes.juntadeandalucia.es\/jvaraujo\/wp-json\/wp\/v2\/pages\/96\/revisions"}],"predecessor-version":[{"id":1929,"href":"https:\/\/blogsaverroes.juntadeandalucia.es\/jvaraujo\/wp-json\/wp\/v2\/pages\/96\/revisions\/1929"}],"up":[{"embeddable":true,"href":"https:\/\/blogsaverroes.juntadeandalucia.es\/jvaraujo\/wp-json\/wp\/v2\/pages\/78"}],"wp:attachment":[{"href":"https:\/\/blogsaverroes.juntadeandalucia.es\/jvaraujo\/wp-json\/wp\/v2\/media?parent=96"}],"curies":[{"name":"wp","href":"https:\/\/api.w.org\/{rel}","templated":true}]}}