{"id":118,"date":"2018-02-18T22:14:52","date_gmt":"2018-02-18T22:14:52","guid":{"rendered":"https:\/\/blogsaverroes.juntadeandalucia.es\/labarbadealonso\/?page_id=118"},"modified":"2020-03-19T13:54:27","modified_gmt":"2020-03-19T13:54:27","slug":"usos-y-derechos","status":"publish","type":"page","link":"https:\/\/blogsaverroes.juntadeandalucia.es\/labarbadealonso\/usos-y-derechos\/","title":{"rendered":"Usos y Derechos"},"content":{"rendered":"<p>&nbsp; &nbsp; &nbsp;En el d\u00eda de hoy, 19 de marzo se ha incluido en esta p\u00e1gina una nueva categor\u00eda con el nombre de COVID-19. Decir que la FINALIDAD de la creaci\u00f3n de \u00e9sta en la actual p\u00e1gina de \u00e1mbito docente, es precisamente AYUDAR e INFORMAR a personas y familias, de otras iniciativas, documentaci\u00f3n, enlaces, etc. de \u00edndole colaborativa para ayudar a llevar con la mayor fortaleza y \u00e1nimo la situaci\u00f3n de ALERTA SANITARIA en la que nos encontramos. Esta p\u00e1gina con la inclusi\u00f3n de dicha categor\u00eda (COVID-19) y las publicaciones que se dan en ella, no busca intenci\u00f3n de lucro ni promoci\u00f3n en ning\u00fan momento ni por ning\u00fan concepto. As\u00ed mismo, se informa que una vez superada esta situaci\u00f3n de alerta sanitaria, esta categor\u00eda (COVID -19) ser\u00e1 eliminada de este entorno web.<\/p>\n<p>Sin m\u00e1s, un saludo. Administrador de la p\u00e1gina.<\/p>\n<p>&nbsp;<\/p>\n<p>__________________________________________________________<\/p>\n<p>&nbsp;<\/p>\n<p>&nbsp; &nbsp; &nbsp;En el d\u00eda de hoy 18 de marzo de 2020 se ha incluido en esta p\u00e1gina un contenido relacionado con la editorial Anaya referido al tema 9 del \u00e1rea de Lenguaje y del \u00e1rea de Matem\u00e1ticas. Esta inclusi\u00f3n se considera de fuerza mayor dada la actual situaci\u00f3n de \u00abEstado de Alarma\u00bb a nivel sanitario estatal a causa del virus COVID-19, que conlleva la imposibilidad de acceso de nuestro alumnado al material de dicha editorial que se encuentra depositado en nuestro Centro Docente. Por tanto, nuestra intenci\u00f3n es dotar moment\u00e1neamente de este material curricular&nbsp; a nuestro alumnado de sexto curso para posteriormente ser retirado de la p\u00e1gina y respetar as\u00ed, derechos de autor.<\/p>\n<p>Sin m\u00e1s, un saludo. Administrador de la p\u00e1gina.<\/p>\n<p>&nbsp;<\/p>\n<p>__________________________________________________________<\/p>\n<p>&nbsp;<\/p>\n<p>&nbsp; &nbsp; &nbsp; &nbsp; &nbsp; Con la inclusi\u00f3n de las nuevas tecnolog\u00edas dentro de las comunicaciones y publicaciones de diverso car\u00e1cter, en este caso, docente, y atendiendo a la normativa sobre el derecho a la propia imagen; reconocido \u00e9ste en el art\u00edculo 18 de la Constituci\u00f3n Espa\u00f1ola y regulado por la Ley 1\/1982, de 5 de mayo, sobre el derecho al honor, a la intimidad personal y familiar y a la propia imagen; y el Reglamento (UE) 2016\/679 del Parlamento Europeo y del Consejo, de 27 de abril de 2016, relativo a la protecci\u00f3n de las personas f\u00edsicas en lo que respecta al tratamiento de datos personales y a la libre circulaci\u00f3n de estos datos, entre otros; se deja aqu\u00ed constancia que:<\/p>\n<ul>\n<li>El uso de toda informaci\u00f3n as\u00ed como la utilizaci\u00f3n de im\u00e1genes\/fotograf\u00edas, archivos de v\u00eddeo y audio, etc. que aparecen en este blog (p\u00e1gina web), est\u00e1n protegidas con autorizaciones personales de cada uno de los titulares de las mismas.<\/li>\n<li>Queda prohibida la copia, guardado y reutilizaci\u00f3n con car\u00e1cter divulgativo, de publicaci\u00f3n en Redes Sociales y otros, as\u00ed como su utilizaci\u00f3n indebida fuera de este marco docente, de cualquier elemento escrito, imagen o v\u00eddeo que aparezca en este blog (p\u00e1gina web), sin el consentimiento y autorizaci\u00f3n por escrito de los propietarios de las mismas, consentimiento y autorizaci\u00f3n del ADMINISTRADOR de la p\u00e1gina siendo este Francisco Javier Mora Muriel; as\u00ed como, consentimiento y autorizaci\u00f3n del Equipo Directivo del CEIP Alonso Barba del municipio de Lepe (Huelva).<\/li>\n<\/ul>\n","protected":false},"excerpt":{"rendered":"<p>&nbsp; &nbsp; &nbsp;En el d\u00eda de hoy, 19 de marzo se ha incluido en esta p\u00e1gina una nueva categor\u00eda con el nombre de COVID-19. Decir que la FINALIDAD de la creaci\u00f3n de \u00e9sta en&#46;&#46;&#46;<\/p>\n","protected":false},"author":5980,"featured_media":0,"parent":0,"menu_order":0,"comment_status":"closed","ping_status":"closed","template":"","meta":{"ngg_post_thumbnail":0,"footnotes":""},"aioseo_notices":[],"_links":{"self":[{"href":"https:\/\/blogsaverroes.juntadeandalucia.es\/labarbadealonso\/wp-json\/wp\/v2\/pages\/118"}],"collection":[{"href":"https:\/\/blogsaverroes.juntadeandalucia.es\/labarbadealonso\/wp-json\/wp\/v2\/pages"}],"about":[{"href":"https:\/\/blogsaverroes.juntadeandalucia.es\/labarbadealonso\/wp-json\/wp\/v2\/types\/page"}],"author":[{"embeddable":true,"href":"https:\/\/blogsaverroes.juntadeandalucia.es\/labarbadealonso\/wp-json\/wp\/v2\/users\/5980"}],"replies":[{"embeddable":true,"href":"https:\/\/blogsaverroes.juntadeandalucia.es\/labarbadealonso\/wp-json\/wp\/v2\/comments?post=118"}],"version-history":[{"count":8,"href":"https:\/\/blogsaverroes.juntadeandalucia.es\/labarbadealonso\/wp-json\/wp\/v2\/pages\/118\/revisions"}],"predecessor-version":[{"id":424,"href":"https:\/\/blogsaverroes.juntadeandalucia.es\/labarbadealonso\/wp-json\/wp\/v2\/pages\/118\/revisions\/424"}],"wp:attachment":[{"href":"https:\/\/blogsaverroes.juntadeandalucia.es\/labarbadealonso\/wp-json\/wp\/v2\/media?parent=118"}],"curies":[{"name":"wp","href":"https:\/\/api.w.org\/{rel}","templated":true}]}}