{"id":416,"date":"2020-03-19T13:39:31","date_gmt":"2020-03-19T13:39:31","guid":{"rendered":"https:\/\/blogsaverroes.juntadeandalucia.es\/labarbadealonso\/?page_id=416"},"modified":"2020-03-21T19:55:13","modified_gmt":"2020-03-21T19:55:13","slug":"documentos-que-te-ayudan","status":"publish","type":"page","link":"https:\/\/blogsaverroes.juntadeandalucia.es\/labarbadealonso\/documentos-que-te-ayudan\/","title":{"rendered":"DOCUMENTOS que te AYUDAN"},"content":{"rendered":"<p><a href=\"https:\/\/blogsaverroes.juntadeandalucia.es\/labarbadealonso\/files\/2020\/03\/PROTOCOLO-de-SEGURIDAD-COVID-19.pdf.pdf\">PROTOCOLO de SEGURIDAD COVID-19.pdf<\/a><\/p>\n<p>&nbsp;<\/p>\n<p><a href=\"https:\/\/blogsaverroes.juntadeandalucia.es\/labarbadealonso\/files\/2020\/03\/DEPORTES-JUEGOS-EDUCACI\u00d3N-M\u00daSICA-YOMEQUEDOENCASA.pdf.pdf\">DEPORTES, JUEGOS, EDUCACI\u00d3N, M\u00daSICA, YOMEQUEDOENCASA.pdf<\/a><\/p>\n<p>&nbsp;<\/p>\n<p><a href=\"https:\/\/blogsaverroes.juntadeandalucia.es\/labarbadealonso\/files\/2020\/03\/Documento-ayuda-a-ORGANIZARTE-con-NI\u00d1@S.-PLAN-B.pdf\">Documento ayuda a ORGANIZARTE con NI\u00d1@S. PLAN-B<\/a><\/p>\n<p>&nbsp;<\/p>\n<p><a href=\"https:\/\/blogsaverroes.juntadeandalucia.es\/labarbadealonso\/files\/2020\/03\/ORIENTACI\u00d3N-Educativa-AUTISMO-y-dem\u00e1s.-Listado-APPS.pdf\">ORIENTACI\u00d3N Educativa AUTISMO y dem\u00e1s. Listado APPS<\/a><\/p>\n<p>&nbsp;<\/p>\n<p>&nbsp;<\/p>\n<blockquote class=\"wp-embedded-content\" data-secret=\"UN8x4fYt3H\"><p><a href=\"https:\/\/blogsaverroes.juntadeandalucia.es\/eaprendizaje\/recomendaciones-para-las-familias\/\">Recomendaciones para las familias<\/a><\/p><\/blockquote>\n<p><iframe class=\"wp-embedded-content\" sandbox=\"allow-scripts\" security=\"restricted\" style=\"position: absolute; clip: rect(1px, 1px, 1px, 1px);\" title=\"\u00abRecomendaciones para las familias\u00bb \u2014 eAprendizaje\" src=\"https:\/\/blogsaverroes.juntadeandalucia.es\/eaprendizaje\/recomendaciones-para-las-familias\/embed\/#?secret=TvzliUHFzO#?secret=UN8x4fYt3H\" data-secret=\"UN8x4fYt3H\" width=\"500\" height=\"282\" frameborder=\"0\" marginwidth=\"0\" marginheight=\"0\" scrolling=\"no\"><\/iframe><\/p>\n<p>&nbsp;<\/p>\n","protected":false},"excerpt":{"rendered":"<p>PROTOCOLO de SEGURIDAD COVID-19.pdf &nbsp; DEPORTES, JUEGOS, EDUCACI\u00d3N, M\u00daSICA, YOMEQUEDOENCASA.pdf &nbsp; Documento ayuda a ORGANIZARTE con NI\u00d1@S. PLAN-B &nbsp; ORIENTACI\u00d3N Educativa AUTISMO y dem\u00e1s. Listado APPS &nbsp; &nbsp; Recomendaciones para las familias &nbsp;<\/p>\n","protected":false},"author":5980,"featured_media":0,"parent":0,"menu_order":0,"comment_status":"closed","ping_status":"closed","template":"","meta":{"ngg_post_thumbnail":0,"footnotes":""},"aioseo_notices":[],"_links":{"self":[{"href":"https:\/\/blogsaverroes.juntadeandalucia.es\/labarbadealonso\/wp-json\/wp\/v2\/pages\/416"}],"collection":[{"href":"https:\/\/blogsaverroes.juntadeandalucia.es\/labarbadealonso\/wp-json\/wp\/v2\/pages"}],"about":[{"href":"https:\/\/blogsaverroes.juntadeandalucia.es\/labarbadealonso\/wp-json\/wp\/v2\/types\/page"}],"author":[{"embeddable":true,"href":"https:\/\/blogsaverroes.juntadeandalucia.es\/labarbadealonso\/wp-json\/wp\/v2\/users\/5980"}],"replies":[{"embeddable":true,"href":"https:\/\/blogsaverroes.juntadeandalucia.es\/labarbadealonso\/wp-json\/wp\/v2\/comments?post=416"}],"version-history":[{"count":6,"href":"https:\/\/blogsaverroes.juntadeandalucia.es\/labarbadealonso\/wp-json\/wp\/v2\/pages\/416\/revisions"}],"predecessor-version":[{"id":431,"href":"https:\/\/blogsaverroes.juntadeandalucia.es\/labarbadealonso\/wp-json\/wp\/v2\/pages\/416\/revisions\/431"}],"wp:attachment":[{"href":"https:\/\/blogsaverroes.juntadeandalucia.es\/labarbadealonso\/wp-json\/wp\/v2\/media?parent=416"}],"curies":[{"name":"wp","href":"https:\/\/api.w.org\/{rel}","templated":true}]}}