{"id":53,"date":"2018-02-11T21:30:37","date_gmt":"2018-02-11T21:30:37","guid":{"rendered":"https:\/\/blogsaverroes.juntadeandalucia.es\/labarbadealonso\/?page_id=53"},"modified":"2019-08-22T18:03:17","modified_gmt":"2019-08-22T18:03:17","slug":"quienes-somos","status":"publish","type":"page","link":"https:\/\/blogsaverroes.juntadeandalucia.es\/labarbadealonso\/quienes-somos\/","title":{"rendered":"Qui\u00e9nes somos"},"content":{"rendered":"<p style=\"text-align: left\">Nosotros <strong>somos<\/strong>&nbsp;todos los&nbsp;<strong>alumn@s<\/strong> pertenecientes a todas las clases de Educaci\u00f3n Primaria del CEIP Alonso Barba de Lepe que, junto con nuestro maestro&nbsp;Francis, desarrollamos este blog para aprender y trabajar entre tod@s con las Nuevas Tecnolog\u00edas de la Informaci\u00f3n y Comunicaci\u00f3n; conocer mejor las RRSS y el Mundo Digital y conocer el Lepe que vivieron nuestros abuel@s que nos cuentan diariamente para saber m\u00e1s de la vida de <em>antes<\/em>. Adem\u00e1s en esta p\u00e1gina tenemos un sitio donde poder publicar todo lo relacionado con nuestra actividad docente en nuestro Centro.&nbsp;<\/p>\n<p><strong>Comenzamos<\/strong> las publicaciones y comentarios en este <strong>curso 2018 &#8211; 2019 desde nuestra tutor\u00eda de 5\u00ba C<\/strong>. Lo mejor de todo es que cada a\u00f1o se podr\u00e1 ampliar nuestro trabajo de investigaci\u00f3n y divulgaci\u00f3n; adem\u00e1s, lo que nos cuentan nuestros abuel@s siempre quedar\u00e1 aqu\u00ed,&#8230; en nuestra memoria.&nbsp;<\/p>\n<p>&nbsp;<\/p>\n","protected":false},"excerpt":{"rendered":"<p>Nosotros somos&nbsp;todos los&nbsp;alumn@s pertenecientes a todas las clases de Educaci\u00f3n Primaria del CEIP Alonso Barba de Lepe que, junto con nuestro maestro&nbsp;Francis, desarrollamos este blog para aprender y trabajar entre tod@s con las Nuevas&#46;&#46;&#46;<\/p>\n","protected":false},"author":5980,"featured_media":0,"parent":0,"menu_order":0,"comment_status":"closed","ping_status":"closed","template":"","meta":{"ngg_post_thumbnail":0,"footnotes":""},"aioseo_notices":[],"_links":{"self":[{"href":"https:\/\/blogsaverroes.juntadeandalucia.es\/labarbadealonso\/wp-json\/wp\/v2\/pages\/53"}],"collection":[{"href":"https:\/\/blogsaverroes.juntadeandalucia.es\/labarbadealonso\/wp-json\/wp\/v2\/pages"}],"about":[{"href":"https:\/\/blogsaverroes.juntadeandalucia.es\/labarbadealonso\/wp-json\/wp\/v2\/types\/page"}],"author":[{"embeddable":true,"href":"https:\/\/blogsaverroes.juntadeandalucia.es\/labarbadealonso\/wp-json\/wp\/v2\/users\/5980"}],"replies":[{"embeddable":true,"href":"https:\/\/blogsaverroes.juntadeandalucia.es\/labarbadealonso\/wp-json\/wp\/v2\/comments?post=53"}],"version-history":[{"count":9,"href":"https:\/\/blogsaverroes.juntadeandalucia.es\/labarbadealonso\/wp-json\/wp\/v2\/pages\/53\/revisions"}],"predecessor-version":[{"id":168,"href":"https:\/\/blogsaverroes.juntadeandalucia.es\/labarbadealonso\/wp-json\/wp\/v2\/pages\/53\/revisions\/168"}],"wp:attachment":[{"href":"https:\/\/blogsaverroes.juntadeandalucia.es\/labarbadealonso\/wp-json\/wp\/v2\/media?parent=53"}],"curies":[{"name":"wp","href":"https:\/\/api.w.org\/{rel}","templated":true}]}}