{"id":94,"date":"2018-02-18T21:11:05","date_gmt":"2018-02-18T21:11:05","guid":{"rendered":"https:\/\/blogsaverroes.juntadeandalucia.es\/labarbadealonso\/?page_id=94"},"modified":"2019-08-28T20:36:00","modified_gmt":"2019-08-28T20:36:00","slug":"contenido","status":"publish","type":"page","link":"https:\/\/blogsaverroes.juntadeandalucia.es\/labarbadealonso\/contenido\/","title":{"rendered":"Contenido"},"content":{"rendered":"<p>El <strong>contenido<\/strong> a trabajar a lo largo del curso escolar tendr\u00e1 los siguientes aspectos fundamentales:<\/p>\n<ul style=\"list-style-type: square\">\n<li>Conocimiento de las actividades y din\u00e1mica de clase diarias a las familias y Comunidad Educativa, as\u00ed como colaborar con ellas para compartir experiencias de aprendizaje.<\/li>\n<li>Conocimiento del concepto de Globalizaci\u00f3n Digital, peligros del Mundo Digital y de la influencia de las RRSS en nuestra vida diaria, as\u00ed como la influencia de nuestras publicaciones en la vida de otros.<\/li>\n<li>Manejo de programas de procesador de texto y de dise\u00f1o gr\u00e1fico.<\/li>\n<\/ul>\n<ul style=\"list-style-type: square\">\n<li>Aprendizaje y uso b\u00e1sico de un PC y m\u00e9todos de guardado de archivos y almacenaje.<\/li>\n<\/ul>\n<ul style=\"list-style-type: square\">\n<li>Desarrollo de la capacidad de escritura con teclado.<\/li>\n<\/ul>\n<ul style=\"list-style-type: square\">\n<li>Potenciar del acercamiento del alumnado a los mayores de la familia en la realizaci\u00f3n de trabajos y actividades.<\/li>\n<\/ul>\n<ul style=\"list-style-type: square\">\n<li>Conocimiento de la historia de los habitantes, costumbres, usos, trabajos y lugares de Lepe.<\/li>\n<\/ul>\n<ul style=\"list-style-type: square\">\n<li>Realizaci\u00f3n de entrevistas semi-estructuradas, trabajos de texto, exposiciones, actividades de grupo, etc. teniendo en cuenta las herramientas audiovisuales en el desarrollo de capacidades de comunicaci\u00f3n y Competencias Clave.<\/li>\n<li>Etc.<\/li>\n<\/ul>\n","protected":false},"excerpt":{"rendered":"<p>El contenido a trabajar a lo largo del curso escolar tendr\u00e1 los siguientes aspectos fundamentales: Conocimiento de las actividades y din\u00e1mica de clase diarias a las familias y Comunidad Educativa, as\u00ed como colaborar con&#46;&#46;&#46;<\/p>\n","protected":false},"author":5980,"featured_media":0,"parent":0,"menu_order":0,"comment_status":"closed","ping_status":"closed","template":"","meta":{"ngg_post_thumbnail":0,"footnotes":""},"aioseo_notices":[],"_links":{"self":[{"href":"https:\/\/blogsaverroes.juntadeandalucia.es\/labarbadealonso\/wp-json\/wp\/v2\/pages\/94"}],"collection":[{"href":"https:\/\/blogsaverroes.juntadeandalucia.es\/labarbadealonso\/wp-json\/wp\/v2\/pages"}],"about":[{"href":"https:\/\/blogsaverroes.juntadeandalucia.es\/labarbadealonso\/wp-json\/wp\/v2\/types\/page"}],"author":[{"embeddable":true,"href":"https:\/\/blogsaverroes.juntadeandalucia.es\/labarbadealonso\/wp-json\/wp\/v2\/users\/5980"}],"replies":[{"embeddable":true,"href":"https:\/\/blogsaverroes.juntadeandalucia.es\/labarbadealonso\/wp-json\/wp\/v2\/comments?post=94"}],"version-history":[{"count":10,"href":"https:\/\/blogsaverroes.juntadeandalucia.es\/labarbadealonso\/wp-json\/wp\/v2\/pages\/94\/revisions"}],"predecessor-version":[{"id":308,"href":"https:\/\/blogsaverroes.juntadeandalucia.es\/labarbadealonso\/wp-json\/wp\/v2\/pages\/94\/revisions\/308"}],"wp:attachment":[{"href":"https:\/\/blogsaverroes.juntadeandalucia.es\/labarbadealonso\/wp-json\/wp\/v2\/media?parent=94"}],"curies":[{"name":"wp","href":"https:\/\/api.w.org\/{rel}","templated":true}]}}