{"id":96,"date":"2018-02-18T21:27:02","date_gmt":"2018-02-18T21:27:02","guid":{"rendered":"https:\/\/blogsaverroes.juntadeandalucia.es\/labarbadealonso\/?page_id=96"},"modified":"2019-04-27T20:18:34","modified_gmt":"2019-04-27T20:18:34","slug":"metodologia","status":"publish","type":"page","link":"https:\/\/blogsaverroes.juntadeandalucia.es\/labarbadealonso\/metodologia\/","title":{"rendered":"Metodolog\u00eda"},"content":{"rendered":"<p>La <strong>metodolog\u00eda<\/strong> que utilizamos a la hora de trabajar los contenidos se basa principalmente en el fomento de la <em>motivaci\u00f3n<\/em>&nbsp;en el hecho de <em>investigar<\/em>&nbsp; y cuestionarse el entorno que nos rodea y hacer posible la <em>participaci\u00f3n<\/em>&nbsp;de todo el alumnado.&nbsp;<\/p>\n<p>Es necesario comenzar el curso acad\u00e9mico practicando el manejo de informaci\u00f3n, analizarla y comentarla con la ayuda del docente para posteriormente resumir las ideas principales del contenido trabajado; en este punto es muy <em>importante el esfuerzo<\/em> del alumnado y tambi\u00e9n la atenci\u00f3n de lo que se exponga por parte del docente que pedir\u00e1 limpieza y orden en los trabajos digitales.<\/p>\n<p>A lo largo del curso se trabajar\u00e1 el <em>compa\u00f1erismo<\/em> a la hora de realizar trabajos que aunque ser\u00e1n valorados individualmente, podr\u00e1n tener la influencia de m\u00e1s de un alumn@.<\/p>\n<p>Se potenciar\u00e1 las <em>relaciones familiares<\/em> entre los m\u00e1s j\u00f3venes y los m\u00e1s mayores; as\u00ed como la colaboraci\u00f3n familia &#8211; escuela a la hora de realizar diversos actividades como la entrevista a los abuel@s.<\/p>\n","protected":false},"excerpt":{"rendered":"<p>La metodolog\u00eda que utilizamos a la hora de trabajar los contenidos se basa principalmente en el fomento de la motivaci\u00f3n&nbsp;en el hecho de investigar&nbsp; y cuestionarse el entorno que nos rodea y hacer posible&#46;&#46;&#46;<\/p>\n","protected":false},"author":5980,"featured_media":0,"parent":0,"menu_order":0,"comment_status":"closed","ping_status":"closed","template":"","meta":{"ngg_post_thumbnail":0,"footnotes":""},"aioseo_notices":[],"_links":{"self":[{"href":"https:\/\/blogsaverroes.juntadeandalucia.es\/labarbadealonso\/wp-json\/wp\/v2\/pages\/96"}],"collection":[{"href":"https:\/\/blogsaverroes.juntadeandalucia.es\/labarbadealonso\/wp-json\/wp\/v2\/pages"}],"about":[{"href":"https:\/\/blogsaverroes.juntadeandalucia.es\/labarbadealonso\/wp-json\/wp\/v2\/types\/page"}],"author":[{"embeddable":true,"href":"https:\/\/blogsaverroes.juntadeandalucia.es\/labarbadealonso\/wp-json\/wp\/v2\/users\/5980"}],"replies":[{"embeddable":true,"href":"https:\/\/blogsaverroes.juntadeandalucia.es\/labarbadealonso\/wp-json\/wp\/v2\/comments?post=96"}],"version-history":[{"count":3,"href":"https:\/\/blogsaverroes.juntadeandalucia.es\/labarbadealonso\/wp-json\/wp\/v2\/pages\/96\/revisions"}],"predecessor-version":[{"id":135,"href":"https:\/\/blogsaverroes.juntadeandalucia.es\/labarbadealonso\/wp-json\/wp\/v2\/pages\/96\/revisions\/135"}],"wp:attachment":[{"href":"https:\/\/blogsaverroes.juntadeandalucia.es\/labarbadealonso\/wp-json\/wp\/v2\/media?parent=96"}],"curies":[{"name":"wp","href":"https:\/\/api.w.org\/{rel}","templated":true}]}}