{"id":1035,"date":"2023-11-17T19:48:24","date_gmt":"2023-11-17T18:48:24","guid":{"rendered":"https:\/\/blogsaverroes.juntadeandalucia.es\/labiznaga\/?page_id=1035"},"modified":"2025-11-21T09:41:19","modified_gmt":"2025-11-21T08:41:19","slug":"plan-de-convivencia","status":"publish","type":"page","link":"https:\/\/blogsaverroes.juntadeandalucia.es\/labiznaga\/plan-de-convivencia\/","title":{"rendered":"Plan de Convivencia"},"content":{"rendered":"<p>[et_pb_section fb_built=&#8221;1&#8243; _builder_version=&#8221;4.16&#8243; global_colors_info=&#8221;{}&#8221;][et_pb_row _builder_version=&#8221;4.16&#8243; background_size=&#8221;initial&#8221; background_position=&#8221;top_left&#8221; background_repeat=&#8221;repeat&#8221; global_colors_info=&#8221;{}&#8221;][et_pb_column type=&#8221;4_4&#8243; _builder_version=&#8221;4.16&#8243; custom_padding=&#8221;|||&#8221; global_colors_info=&#8221;{}&#8221; custom_padding__hover=&#8221;|||&#8221;][et_pb_image src=&#8221;https:\/\/blogsaverroes.juntadeandalucia.es\/labiznaga\/files\/2020\/02\/elcentro.png&#8221; title_text=&#8221;elcentro&#8221; admin_label=&#8221;Imagen de la portada&#8221; _builder_version=&#8221;4.16&#8243; z_index_tablet=&#8221;500&#8243; box_shadow_horizontal_tablet=&#8221;0px&#8221; box_shadow_vertical_tablet=&#8221;0px&#8221; box_shadow_blur_tablet=&#8221;40px&#8221; box_shadow_spread_tablet=&#8221;0px&#8221; global_colors_info=&#8221;{}&#8221;][\/et_pb_image][et_pb_text admin_label=&#8221;Texto descriptivo&#8221; _builder_version=&#8221;4.24.2&#8243; hover_enabled=&#8221;0&#8243; z_index_tablet=&#8221;500&#8243; text_text_shadow_horizontal_length_tablet=&#8221;0px&#8221; text_text_shadow_vertical_length_tablet=&#8221;0px&#8221; text_text_shadow_blur_strength_tablet=&#8221;1px&#8221; link_text_shadow_horizontal_length_tablet=&#8221;0px&#8221; link_text_shadow_vertical_length_tablet=&#8221;0px&#8221; link_text_shadow_blur_strength_tablet=&#8221;1px&#8221; ul_text_shadow_horizontal_length_tablet=&#8221;0px&#8221; ul_text_shadow_vertical_length_tablet=&#8221;0px&#8221; ul_text_shadow_blur_strength_tablet=&#8221;1px&#8221; ol_text_shadow_horizontal_length_tablet=&#8221;0px&#8221; ol_text_shadow_vertical_length_tablet=&#8221;0px&#8221; ol_text_shadow_blur_strength_tablet=&#8221;1px&#8221; quote_text_shadow_horizontal_length_tablet=&#8221;0px&#8221; quote_text_shadow_vertical_length_tablet=&#8221;0px&#8221; quote_text_shadow_blur_strength_tablet=&#8221;1px&#8221; header_text_shadow_horizontal_length_tablet=&#8221;0px&#8221; header_text_shadow_vertical_length_tablet=&#8221;0px&#8221; header_text_shadow_blur_strength_tablet=&#8221;1px&#8221; header_2_text_shadow_horizontal_length_tablet=&#8221;0px&#8221; header_2_text_shadow_vertical_length_tablet=&#8221;0px&#8221; header_2_text_shadow_blur_strength_tablet=&#8221;1px&#8221; header_3_text_shadow_horizontal_length_tablet=&#8221;0px&#8221; header_3_text_shadow_vertical_length_tablet=&#8221;0px&#8221; header_3_text_shadow_blur_strength_tablet=&#8221;1px&#8221; header_4_text_shadow_horizontal_length_tablet=&#8221;0px&#8221; header_4_text_shadow_vertical_length_tablet=&#8221;0px&#8221; header_4_text_shadow_blur_strength_tablet=&#8221;1px&#8221; header_5_text_shadow_horizontal_length_tablet=&#8221;0px&#8221; header_5_text_shadow_vertical_length_tablet=&#8221;0px&#8221; header_5_text_shadow_blur_strength_tablet=&#8221;1px&#8221; header_6_text_shadow_horizontal_length_tablet=&#8221;0px&#8221; header_6_text_shadow_vertical_length_tablet=&#8221;0px&#8221; header_6_text_shadow_blur_strength_tablet=&#8221;1px&#8221; box_shadow_horizontal_tablet=&#8221;0px&#8221; box_shadow_vertical_tablet=&#8221;0px&#8221; box_shadow_blur_tablet=&#8221;40px&#8221; box_shadow_spread_tablet=&#8221;0px&#8221; global_colors_info=&#8221;{}&#8221; sticky_enabled=&#8221;0&#8243;]<\/p>\n<p><strong><span style=\"font-size: 18pt\">PLAN DE CONVIVENCIA<\/span><\/strong><\/p>\n<p>Pretendemos que La Biznaga sea un espacio de cordialidad y buena convivencia entre todos los miembros de nuestra Comunidad Educativa. Para que la informaci\u00f3n sea m\u00e1s accesible, ponemos a disposici\u00f3n de toda la ciudadan\u00eda nuestro <a href=\"https:\/\/blogsaverroes.juntadeandalucia.es\/labiznaga\/files\/2025\/11\/PLAN-DE-CONVIVENCIA-2025-2026.pdf\" rel=\"attachment wp-att-1316\">PLAN DE CONVIVENCIA 2025-2026<\/a><\/p>\n<p>Tambi\u00e9n puedes consultar nuestro <a href=\"https:\/\/blogsaverroes.juntadeandalucia.es\/labiznaga\/files\/2023\/11\/DEC\u00c1LOGO-DE-BUENAS-PR\u00c1CTICAS-EN-LA-COMUNICACI\u00d3N.pdf\" rel=\"attachment wp-att-1043\">DEC\u00c1LOGO DE BUENAS PR\u00c1CTICAS EN LA COMUNICACI\u00d3N<\/a> entre las familias y el centro.<\/p>\n<p>&nbsp;<\/p>\n<p>[\/et_pb_text][\/et_pb_column][\/et_pb_row][\/et_pb_section]<\/p>\n","protected":false},"excerpt":{"rendered":"<p>PLAN DE CONVIVENCIA Pretendemos que La Biznaga sea un espacio de cordialidad y buena convivencia entre todos los miembros de nuestra Comunidad Educativa. Para que la informaci\u00f3n sea m\u00e1s accesible, ponemos a disposici\u00f3n de toda la ciudadan\u00eda nuestro PLAN DE CONVIVENCIA 2025-2026 Tambi\u00e9n puedes consultar nuestro DEC\u00c1LOGO DE BUENAS PR\u00c1CTICAS EN LA COMUNICACI\u00d3N entre las [&hellip;]<\/p>\n","protected":false},"author":4179,"featured_media":0,"parent":0,"menu_order":0,"comment_status":"closed","ping_status":"closed","template":"","meta":{"_et_pb_use_builder":"on","_et_pb_old_content":"<p>Pretendemos que La Biznaga sea un espacio de cordialidad y buena convivencia entre todos los miembros de nuestra Comunidad Educativa. Para que la informaci\u00f3n sea m\u00e1s accesible, ponemos a disposici\u00f3n de toda la ciudadan\u00eda el \"Plan de Convivencia\" y el \"Dec\u00e1logo de Buenas Pr\u00e1cticas en la Comunicaci\u00f3n entre las Familias y el Centro\". Ambos documentos forman parte de nuestro Plan de Centro.<\/p><p><img class=\"alignnone size-medium wp-image-1037\" src=\"https:\/\/blogsaverroes.juntadeandalucia.es\/labiznaga\/files\/2023\/11\/Bot\u00f3n-Plan-de-Convivencia-300x123.png\" alt=\"\" width=\"300\" height=\"123\">\u00a0 \u00a0 \u00a0 \u00a0 \u00a0 \u00a0 \u00a0 \u00a0<img class=\"alignnone size-medium wp-image-1036\" src=\"https:\/\/blogsaverroes.juntadeandalucia.es\/labiznaga\/files\/2023\/11\/Bot\u00f3n-Dec\u00e1logo-300x123.png\" alt=\"\" width=\"300\" height=\"123\">\u00a0<\/p>","_et_gb_content_width":"","ngg_post_thumbnail":0,"footnotes":""},"aioseo_notices":[],"_links":{"self":[{"href":"https:\/\/blogsaverroes.juntadeandalucia.es\/labiznaga\/wp-json\/wp\/v2\/pages\/1035"}],"collection":[{"href":"https:\/\/blogsaverroes.juntadeandalucia.es\/labiznaga\/wp-json\/wp\/v2\/pages"}],"about":[{"href":"https:\/\/blogsaverroes.juntadeandalucia.es\/labiznaga\/wp-json\/wp\/v2\/types\/page"}],"author":[{"embeddable":true,"href":"https:\/\/blogsaverroes.juntadeandalucia.es\/labiznaga\/wp-json\/wp\/v2\/users\/4179"}],"replies":[{"embeddable":true,"href":"https:\/\/blogsaverroes.juntadeandalucia.es\/labiznaga\/wp-json\/wp\/v2\/comments?post=1035"}],"version-history":[{"count":7,"href":"https:\/\/blogsaverroes.juntadeandalucia.es\/labiznaga\/wp-json\/wp\/v2\/pages\/1035\/revisions"}],"predecessor-version":[{"id":1317,"href":"https:\/\/blogsaverroes.juntadeandalucia.es\/labiznaga\/wp-json\/wp\/v2\/pages\/1035\/revisions\/1317"}],"wp:attachment":[{"href":"https:\/\/blogsaverroes.juntadeandalucia.es\/labiznaga\/wp-json\/wp\/v2\/media?parent=1035"}],"curies":[{"name":"wp","href":"https:\/\/api.w.org\/{rel}","templated":true}]}}