{"id":35,"date":"2020-01-09T12:42:54","date_gmt":"2020-01-09T11:42:54","guid":{"rendered":"http:\/\/blogsaverroes.juntadeandalucia.es\/pre\/nuevoceip2v2\/?page_id=35"},"modified":"2022-10-20T15:53:51","modified_gmt":"2022-10-20T14:53:51","slug":"biblioteca","status":"publish","type":"page","link":"https:\/\/blogsaverroes.juntadeandalucia.es\/labiznaga\/biblioteca\/","title":{"rendered":"Biblioteca"},"content":{"rendered":"<p>[et_pb_section fb_built=&#8221;1&#8243; _builder_version=&#8221;4.14.5&#8243; custom_padding=&#8221;0px||0px|&#8221; z_index_tablet=&#8221;500&#8243; box_shadow_style=&#8221;preset6&#8243; box_shadow_horizontal_tablet=&#8221;0px&#8221; box_shadow_vertical_tablet=&#8221;0px&#8221; box_shadow_blur_tablet=&#8221;40px&#8221; box_shadow_spread_tablet=&#8221;0px&#8221; global_colors_info=&#8221;{}&#8221;][et_pb_row _builder_version=&#8221;3.25&#8243; background_size=&#8221;initial&#8221; background_position=&#8221;top_left&#8221; background_repeat=&#8221;repeat&#8221; global_colors_info=&#8221;{}&#8221;][et_pb_column type=&#8221;4_4&#8243; _builder_version=&#8221;3.25&#8243; custom_padding=&#8221;|||&#8221; global_colors_info=&#8221;{}&#8221; custom_padding__hover=&#8221;|||&#8221;][et_pb_image src=&#8221;https:\/\/blogsaverroes.juntadeandalucia.es\/labiznaga\/files\/2020\/01\/cabecera-interior-4.jpg&#8221; title_text=&#8221;cabecera-interior-4&#8243; admin_label=&#8221;Imagen de la portada&#8221; _builder_version=&#8221;4.5.0&#8243; z_index_tablet=&#8221;500&#8243; box_shadow_horizontal_tablet=&#8221;0px&#8221; box_shadow_vertical_tablet=&#8221;0px&#8221; box_shadow_blur_tablet=&#8221;40px&#8221; box_shadow_spread_tablet=&#8221;0px&#8221; global_colors_info=&#8221;{}&#8221;][\/et_pb_image][et_pb_text admin_label=&#8221;Texto descriptivo&#8221; _builder_version=&#8221;4.14.5&#8243; hover_enabled=&#8221;0&#8243; z_index_tablet=&#8221;500&#8243; text_text_shadow_horizontal_length_tablet=&#8221;0px&#8221; text_text_shadow_vertical_length_tablet=&#8221;0px&#8221; text_text_shadow_blur_strength_tablet=&#8221;1px&#8221; link_text_shadow_horizontal_length_tablet=&#8221;0px&#8221; link_text_shadow_vertical_length_tablet=&#8221;0px&#8221; link_text_shadow_blur_strength_tablet=&#8221;1px&#8221; ul_text_shadow_horizontal_length_tablet=&#8221;0px&#8221; ul_text_shadow_vertical_length_tablet=&#8221;0px&#8221; ul_text_shadow_blur_strength_tablet=&#8221;1px&#8221; ol_text_shadow_horizontal_length_tablet=&#8221;0px&#8221; ol_text_shadow_vertical_length_tablet=&#8221;0px&#8221; ol_text_shadow_blur_strength_tablet=&#8221;1px&#8221; quote_text_shadow_horizontal_length_tablet=&#8221;0px&#8221; quote_text_shadow_vertical_length_tablet=&#8221;0px&#8221; quote_text_shadow_blur_strength_tablet=&#8221;1px&#8221; header_text_shadow_horizontal_length_tablet=&#8221;0px&#8221; header_text_shadow_vertical_length_tablet=&#8221;0px&#8221; header_text_shadow_blur_strength_tablet=&#8221;1px&#8221; header_2_text_shadow_horizontal_length_tablet=&#8221;0px&#8221; header_2_text_shadow_vertical_length_tablet=&#8221;0px&#8221; header_2_text_shadow_blur_strength_tablet=&#8221;1px&#8221; header_3_text_shadow_horizontal_length_tablet=&#8221;0px&#8221; header_3_text_shadow_vertical_length_tablet=&#8221;0px&#8221; header_3_text_shadow_blur_strength_tablet=&#8221;1px&#8221; header_4_text_shadow_horizontal_length_tablet=&#8221;0px&#8221; header_4_text_shadow_vertical_length_tablet=&#8221;0px&#8221; header_4_text_shadow_blur_strength_tablet=&#8221;1px&#8221; header_5_text_shadow_horizontal_length_tablet=&#8221;0px&#8221; header_5_text_shadow_vertical_length_tablet=&#8221;0px&#8221; header_5_text_shadow_blur_strength_tablet=&#8221;1px&#8221; header_6_text_shadow_horizontal_length_tablet=&#8221;0px&#8221; header_6_text_shadow_vertical_length_tablet=&#8221;0px&#8221; header_6_text_shadow_blur_strength_tablet=&#8221;1px&#8221; box_shadow_horizontal_tablet=&#8221;0px&#8221; box_shadow_vertical_tablet=&#8221;0px&#8221; box_shadow_blur_tablet=&#8221;40px&#8221; box_shadow_spread_tablet=&#8221;0px&#8221; global_colors_info=&#8221;{}&#8221; sticky_enabled=&#8221;0&#8243;]<\/p>\n<h2>Biblioteca<\/h2>\n<p>Nuestra biblioteca est\u00e1 preparada para recibir al alumnado.<\/p>\n<p>Al igual que el curso pasado, seguir\u00e1 el sistema de pr\u00e9stamo.<\/p>\n<p>Adem\u00e1s, se han incorporado nuevas colecciones que se pondr\u00e1n en pr\u00e9stamos para las bibliotecas de aula.<\/p>\n<p>Hay m\u00e1s novedades que iremos contando poco a poco. \u00a1Un gran curso nos espera!<\/p>\n<p><img loading=\"lazy\" decoding=\"async\" class=\"wp-image-595 alignnone size-medium\" src=\"https:\/\/blogsaverroes.juntadeandalucia.es\/labiznaga\/files\/2021\/09\/IMG_20210722_105459-225x300.jpg\" alt=\"\" width=\"225\" height=\"300\"><img loading=\"lazy\" decoding=\"async\" class=\"wp-image-596 alignnone size-medium\" style=\"float: right\" src=\"https:\/\/blogsaverroes.juntadeandalucia.es\/labiznaga\/files\/2021\/09\/IMG_20210722_105623-300x225.jpg\" alt=\"\" width=\"360\" height=\"270\"><\/p>\n<p>[\/et_pb_text][\/et_pb_column][\/et_pb_row][\/et_pb_section][et_pb_section fb_built=&#8221;1&#8243; specialty=&#8221;on&#8221; _builder_version=&#8221;4.14.5&#8243; _module_preset=&#8221;default&#8221; min_height=&#8221;436px&#8221; custom_padding=&#8221;76px|||||&#8221; box_shadow_style=&#8221;preset6&#8243; global_colors_info=&#8221;{}&#8221;][et_pb_column type=&#8221;1_4&#8243; _builder_version=&#8221;3.25&#8243; custom_padding=&#8221;|||&#8221; global_colors_info=&#8221;{}&#8221; custom_padding__hover=&#8221;|||&#8221;][et_pb_image src=&#8221;https:\/\/blogsaverroes.juntadeandalucia.es\/labiznaga\/files\/2022\/05\/IMG_3977-225&#215;300.jpeg&#8221; title_text=&#8221;Estante de biblioteca&#8221; _builder_version=&#8221;4.14.5&#8243; _module_preset=&#8221;default&#8221; custom_margin=&#8221;||-4px|||&#8221; global_colors_info=&#8221;{}&#8221;][\/et_pb_image][\/et_pb_column][et_pb_column type=&#8221;1_4&#8243; _builder_version=&#8221;3.25&#8243; custom_padding=&#8221;|||&#8221; global_colors_info=&#8221;{}&#8221; custom_padding__hover=&#8221;|||&#8221;][\/et_pb_column][et_pb_column type=&#8221;1_2&#8243; specialty_columns=&#8221;2&#8243; _builder_version=&#8221;3.25&#8243; custom_padding=&#8221;|||&#8221; global_colors_info=&#8221;{}&#8221; custom_padding__hover=&#8221;|||&#8221;][et_pb_row_inner column_structure=&#8221;1_2,1_2&#8243; _builder_version=&#8221;4.14.5&#8243; _module_preset=&#8221;default&#8221; width=&#8221;100%&#8221; global_colors_info=&#8221;{}&#8221;][et_pb_column_inner type=&#8221;1_2&#8243; saved_specialty_column_type=&#8221;1_2&#8243; _builder_version=&#8221;4.14.5&#8243; _module_preset=&#8221;default&#8221; global_colors_info=&#8221;{}&#8221;][et_pb_text _builder_version=&#8221;4.14.5&#8243; _module_preset=&#8221;default&#8221; background_color=&#8221;RGBA(255,255,255,0)&#8221; min_height=&#8221;184px&#8221; custom_margin=&#8221;||-125px|-310px||&#8221; custom_padding=&#8221;||0px|||&#8221; global_colors_info=&#8221;{}&#8221;]<\/p>\n<p style=\"text-align: justify\">El alumnado del colegio La Biznaga, ha dise\u00f1ado una serie de <strong>cuentos<\/strong>, <strong>c\u00f3mics<\/strong> y libros de <strong>poemas<\/strong>. En dichos libros de lectura, todos los ni\u00f1os y ni\u00f1as han creado su <strong>propia historia<\/strong> para que otros compa\u00f1eros del colegio puedan tener la oportunidad de leerlos. De esta manera, teniendo en cuenta sus gustos e intereses, son los propios dise\u00f1adores de sus bonitos libros.<\/p>\n<p style=\"text-align: justify\">\n<p style=\"text-align: justify\">\n<p style=\"text-align: justify\">\n<p style=\"text-align: justify\">\n<p style=\"text-align: justify\">\n<p style=\"text-align: justify\">A continuaci\u00f3n, encontrar\u00e1n algunos ejemplares de los libros creados por el alumnado utilizando la herramienta Canva. \u00a1Os animo a leer cada una de las siguientes maravillas, no tienen desperdicio!<\/p>\n<p>[\/et_pb_text][et_pb_text _builder_version=&#8221;4.14.5&#8243; _module_preset=&#8221;default&#8221; transform_scale=&#8221;116%|116%&#8221; transform_translate=&#8221;-2px|-34px&#8221; width=&#8221;100%&#8221; min_height=&#8221;139px&#8221; custom_margin=&#8221;|45px||-168px||&#8221; custom_padding=&#8221;96px||0px|||&#8221; animation_style=&#8221;bounce&#8221; animation_duration=&#8221;1900ms&#8221; animation_repeat=&#8221;loop&#8221; global_colors_info=&#8221;{}&#8221;]<\/p>\n<p>&nbsp;<\/p>\n<p>&nbsp;<\/p>\n<p>&nbsp;<\/p>\n<p style=\"text-align: center\"><strong>HAGA CLICK EN LA PORTADA DEL LIBRO PARA LEERLO<\/strong><\/p>\n<p>[\/et_pb_text][\/et_pb_column_inner][et_pb_column_inner type=&#8221;1_2&#8243; _builder_version=&#8221;4.14.5&#8243; _module_preset=&#8221;default&#8221; global_colors_info=&#8221;{}&#8221;][et_pb_image src=&#8221;https:\/\/blogsaverroes.juntadeandalucia.es\/labiznaga\/files\/2022\/05\/IMG_3981-282&#215;300.jpeg&#8221; title_text=&#8221;Oliver y Benji&#8221; _builder_version=&#8221;4.14.5&#8243; _module_preset=&#8221;default&#8221; min_height=&#8221;298px&#8221; custom_margin=&#8221;||68px|||&#8221; custom_padding=&#8221;|0px||||&#8221; global_colors_info=&#8221;{}&#8221;][\/et_pb_image][\/et_pb_column_inner][\/et_pb_row_inner][\/et_pb_column][\/et_pb_section][et_pb_section fb_built=&#8221;1&#8243; _builder_version=&#8221;4.14.5&#8243; _module_preset=&#8221;default&#8221; box_shadow_style=&#8221;preset6&#8243; global_colors_info=&#8221;{}&#8221;][et_pb_row _builder_version=&#8221;4.14.5&#8243; _module_preset=&#8221;default&#8221; min_height=&#8221;920px&#8221; global_colors_info=&#8221;{}&#8221;][et_pb_column type=&#8221;4_4&#8243; _builder_version=&#8221;4.14.5&#8243; _module_preset=&#8221;default&#8221; global_colors_info=&#8221;{}&#8221;][et_pb_accordion open_toggle_text_color=&#8221;#000000&#8243; open_toggle_background_color=&#8221;RGBA(255,255,255,0)&#8221; closed_toggle_background_color=&#8221;RGBA(255,255,255,0)&#8221; toggle_icon=&#8221;&#xf02d;||fa||900&#8243; icon_color=&#8221;#383838&#8243; use_icon_font_size=&#8221;on&#8221; icon_font_size=&#8221;32px&#8221; _builder_version=&#8221;4.14.5&#8243; _module_preset=&#8221;default&#8221; transform_scale=&#8221;98%|98%&#8221; text_orientation=&#8221;center&#8221; width=&#8221;100%&#8221; custom_margin=&#8221;|-1px||||&#8221; animation_direction=&#8221;left&#8221; box_shadow_style=&#8221;preset1&#8243; text_shadow_style=&#8221;preset1&#8243; global_colors_info=&#8221;{}&#8221; toggle_icon__hover_enabled=&#8221;off|desktop&#8221;][et_pb_accordion_item title=&#8221;El viaje de Luna&#8221; open=&#8221;on&#8221; _builder_version=&#8221;4.14.5&#8243; _module_preset=&#8221;default&#8221; link_option_url_new_window=&#8221;on&#8221; global_colors_info=&#8221;{}&#8221;]<\/p>\n<p><a href=\"https:\/\/drive.google.com\/file\/d\/1e7Aj0VGNBhF9NBd_9z-q7-GjGaUHD3bn\/view?usp=sharing\" target=\"_blank\" rel=\"noopener noreferrer\"><img loading=\"lazy\" decoding=\"async\" src=\"https:\/\/blogsaverroes.juntadeandalucia.es\/labiznaga\/files\/2022\/06\/El-viaje-de-la-luna-300x300.png\" width=\"300\" height=\"300\" alt=\"\" class=\"wp-image-834 alignnone size-medium\" style=\"margin-left: auto;margin-right: auto\" \/><\/a><\/p>\n<p>[\/et_pb_accordion_item][et_pb_accordion_item title=&#8221;El origen de la amistad&#8221; _builder_version=&#8221;4.14.5&#8243; _module_preset=&#8221;default&#8221; global_colors_info=&#8221;{}&#8221; open=&#8221;off&#8221;]<\/p>\n<p><a href=\"https:\/\/drive.google.com\/file\/d\/1mWBsatxpSIZaCSIKbKR3bgghZG8ujr9n\/view?usp=sharing\" target=\"_blank\" rel=\"noopener noreferrer\" title=\"El origen de la amistad\"><img loading=\"lazy\" decoding=\"async\" src=\"https:\/\/blogsaverroes.juntadeandalucia.es\/labiznaga\/files\/2022\/06\/6944133245b05a249ae33b9974ff47c3-300x300.png\" width=\"300\" height=\"300\" alt=\"\" class=\"wp-image-825 alignnone size-medium\" style=\"margin-left: auto;margin-right: auto\" \/><\/a><\/p>\n<p>[\/et_pb_accordion_item][et_pb_accordion_item title=&#8221;Chungomons vs Pokemon&#8221; _builder_version=&#8221;4.14.5&#8243; _module_preset=&#8221;default&#8221; global_colors_info=&#8221;{}&#8221; open=&#8221;off&#8221;]<\/p>\n<p><a href=\"https:\/\/drive.google.com\/file\/d\/1z7jtxkQ7fKI8rHLNvE2mSmg0CSQh6HXG\/view?usp=sharing\" target=\"_blank\" rel=\"noopener noreferrer\"><img loading=\"lazy\" decoding=\"async\" src=\"https:\/\/blogsaverroes.juntadeandalucia.es\/labiznaga\/files\/2022\/06\/Portada-chungomons-300x240.png\" width=\"300\" height=\"240\" alt=\"\" class=\"wp-image-827 alignnone size-medium\" style=\"margin-left: auto;margin-right: auto\" \/><\/a><\/p>\n<p>[\/et_pb_accordion_item][et_pb_accordion_item title=&#8221;El gran c\u00f3mico&#8221; _builder_version=&#8221;4.14.5&#8243; _module_preset=&#8221;default&#8221; global_colors_info=&#8221;{}&#8221; open=&#8221;off&#8221;]<\/p>\n<p><a href=\"https:\/\/drive.google.com\/file\/d\/1rORxBAG7l69249lnGQUBXnMY8fbwYGbD\/view?usp=sharing\" target=\"_blank\" rel=\"noopener noreferrer\"><img loading=\"lazy\" decoding=\"async\" src=\"https:\/\/blogsaverroes.juntadeandalucia.es\/labiznaga\/files\/2022\/06\/el-gran-comico-300x240.jpg\" width=\"300\" height=\"240\" alt=\"\" class=\"wp-image-831 alignnone size-medium\" style=\"margin-left: auto;margin-right: auto\" \/><\/a><\/p>\n<p>[\/et_pb_accordion_item][et_pb_accordion_item title=&#8221;Top Secret&#8221; _builder_version=&#8221;4.14.5&#8243; _module_preset=&#8221;default&#8221; global_colors_info=&#8221;{}&#8221; open=&#8221;off&#8221;]<\/p>\n<p><a href=\"https:\/\/drive.google.com\/file\/d\/1imop96sZWeZGxUwS3XExH49FcT1wQUeG\/view?usp=sharing\" target=\"_blank\" rel=\"noopener noreferrer\"><img loading=\"lazy\" decoding=\"async\" src=\"https:\/\/blogsaverroes.juntadeandalucia.es\/labiznaga\/files\/2022\/06\/Top-secret-300x240.jpg\" width=\"300\" height=\"240\" alt=\"\" class=\"wp-image-832 alignnone size-medium\" style=\"margin-left: auto;margin-right: auto\" \/><\/a><\/p>\n<p>[\/et_pb_accordion_item][et_pb_accordion_item title=&#8221;Aventuras en la nieve&#8221; _builder_version=&#8221;4.14.5&#8243; _module_preset=&#8221;default&#8221; global_colors_info=&#8221;{}&#8221; open=&#8221;off&#8221;]<\/p>\n<p><a href=\"https:\/\/drive.google.com\/file\/d\/1fIUCWFTd1HIqyt9qUzBAWfUg7O3toEyX\/view?usp=sharing\" target=\"_blank\" rel=\"noopener noreferrer\"><img loading=\"lazy\" decoding=\"async\" src=\"https:\/\/blogsaverroes.juntadeandalucia.es\/labiznaga\/files\/2022\/06\/Aventuras-en-la-nieve-300x300.png\" width=\"300\" height=\"300\" alt=\"\" class=\"wp-image-833 alignnone size-medium\" style=\"margin-left: auto;margin-right: auto\" \/><\/a><\/p>\n<p>[\/et_pb_accordion_item][et_pb_accordion_item title=&#8221;La ni\u00f1a del huerto&#8221; _builder_version=&#8221;4.14.5&#8243; _module_preset=&#8221;default&#8221; global_colors_info=&#8221;{}&#8221; open=&#8221;off&#8221;]<\/p>\n<p><a href=\"https:\/\/drive.google.com\/file\/d\/1zRe1lv4MtrGlKlqYdaWjdMyzrwk4OTvV\/view?usp=sharing\" target=\"_blank\" rel=\"noopener noreferrer\"><img loading=\"lazy\" decoding=\"async\" src=\"https:\/\/blogsaverroes.juntadeandalucia.es\/labiznaga\/files\/2022\/06\/La-ni\u00f1a-del-huerto-300x300.png\" width=\"300\" height=\"300\" alt=\"\" class=\"wp-image-835 alignnone size-medium\" style=\"margin-left: auto;margin-right: auto\" srcset=\"https:\/\/blogsaverroes.juntadeandalucia.es\/labiznaga\/files\/2022\/06\/La-ni\u00f1a-del-huerto-300x300.png 300w, https:\/\/blogsaverroes.juntadeandalucia.es\/labiznaga\/files\/2022\/06\/La-ni\u00f1a-del-huerto-150x150.png 150w, https:\/\/blogsaverroes.juntadeandalucia.es\/labiznaga\/files\/2022\/06\/La-ni\u00f1a-del-huerto-480x481.png 480w, https:\/\/blogsaverroes.juntadeandalucia.es\/labiznaga\/files\/2022\/06\/La-ni\u00f1a-del-huerto.png 767w\" sizes=\"(max-width: 300px) 100vw, 300px\" \/><\/a><\/p>\n<p>[\/et_pb_accordion_item][\/et_pb_accordion][\/et_pb_column][\/et_pb_row][\/et_pb_section]<\/p>\n","protected":false},"excerpt":{"rendered":"<p>Biblioteca Nuestra biblioteca est\u00e1 preparada para recibir al alumnado. Al igual que el curso pasado, seguir\u00e1 el sistema de pr\u00e9stamo. Adem\u00e1s, se han incorporado nuevas colecciones que se pondr\u00e1n en pr\u00e9stamos para las bibliotecas de aula. Hay m\u00e1s novedades que iremos contando poco a poco. \u00a1Un gran curso nos espera! El alumnado del colegio La [&hellip;]<\/p>\n","protected":false},"author":13285,"featured_media":0,"parent":0,"menu_order":0,"comment_status":"closed","ping_status":"closed","template":"","meta":{"_et_pb_use_builder":"on","_et_pb_old_content":"","_et_gb_content_width":"","ngg_post_thumbnail":0,"footnotes":""},"aioseo_notices":[],"_links":{"self":[{"href":"https:\/\/blogsaverroes.juntadeandalucia.es\/labiznaga\/wp-json\/wp\/v2\/pages\/35"}],"collection":[{"href":"https:\/\/blogsaverroes.juntadeandalucia.es\/labiznaga\/wp-json\/wp\/v2\/pages"}],"about":[{"href":"https:\/\/blogsaverroes.juntadeandalucia.es\/labiznaga\/wp-json\/wp\/v2\/types\/page"}],"author":[{"embeddable":true,"href":"https:\/\/blogsaverroes.juntadeandalucia.es\/labiznaga\/wp-json\/wp\/v2\/users\/13285"}],"replies":[{"embeddable":true,"href":"https:\/\/blogsaverroes.juntadeandalucia.es\/labiznaga\/wp-json\/wp\/v2\/comments?post=35"}],"version-history":[{"count":17,"href":"https:\/\/blogsaverroes.juntadeandalucia.es\/labiznaga\/wp-json\/wp\/v2\/pages\/35\/revisions"}],"predecessor-version":[{"id":872,"href":"https:\/\/blogsaverroes.juntadeandalucia.es\/labiznaga\/wp-json\/wp\/v2\/pages\/35\/revisions\/872"}],"wp:attachment":[{"href":"https:\/\/blogsaverroes.juntadeandalucia.es\/labiznaga\/wp-json\/wp\/v2\/media?parent=35"}],"curies":[{"name":"wp","href":"https:\/\/api.w.org\/{rel}","templated":true}]}}