{"id":672,"date":"2021-11-19T13:06:50","date_gmt":"2021-11-19T12:06:50","guid":{"rendered":"https:\/\/blogsaverroes.juntadeandalucia.es\/labiznaga\/?page_id=672"},"modified":"2026-05-08T09:31:17","modified_gmt":"2026-05-08T08:31:17","slug":"plan-de-centro","status":"publish","type":"page","link":"https:\/\/blogsaverroes.juntadeandalucia.es\/labiznaga\/plan-de-centro\/","title":{"rendered":"Plan de Centro"},"content":{"rendered":"<p>[et_pb_section fb_built=&#8221;1&#8243; _builder_version=&#8221;4.16&#8243; global_colors_info=&#8221;{}&#8221;][et_pb_row _builder_version=&#8221;4.16&#8243; background_size=&#8221;initial&#8221; background_position=&#8221;top_left&#8221; background_repeat=&#8221;repeat&#8221; global_colors_info=&#8221;{}&#8221;][et_pb_column type=&#8221;4_4&#8243; _builder_version=&#8221;4.16&#8243; custom_padding=&#8221;|||&#8221; global_colors_info=&#8221;{}&#8221; custom_padding__hover=&#8221;|||&#8221;][et_pb_image src=&#8221;https:\/\/blogsaverroes.juntadeandalucia.es\/labiznaga\/files\/2020\/02\/elcentro.png&#8221; title_text=&#8221;elcentro&#8221; admin_label=&#8221;Imagen de la portada&#8221; _builder_version=&#8221;4.16&#8243; z_index_tablet=&#8221;500&#8243; box_shadow_horizontal_tablet=&#8221;0px&#8221; box_shadow_vertical_tablet=&#8221;0px&#8221; box_shadow_blur_tablet=&#8221;40px&#8221; box_shadow_spread_tablet=&#8221;0px&#8221; global_colors_info=&#8221;{}&#8221;][\/et_pb_image][et_pb_text admin_label=&#8221;Texto descriptivo&#8221; _builder_version=&#8221;4.24.2&#8243; hover_enabled=&#8221;0&#8243; z_index_tablet=&#8221;500&#8243; text_text_shadow_horizontal_length_tablet=&#8221;0px&#8221; text_text_shadow_vertical_length_tablet=&#8221;0px&#8221; text_text_shadow_blur_strength_tablet=&#8221;1px&#8221; link_text_shadow_horizontal_length_tablet=&#8221;0px&#8221; link_text_shadow_vertical_length_tablet=&#8221;0px&#8221; link_text_shadow_blur_strength_tablet=&#8221;1px&#8221; ul_text_shadow_horizontal_length_tablet=&#8221;0px&#8221; ul_text_shadow_vertical_length_tablet=&#8221;0px&#8221; ul_text_shadow_blur_strength_tablet=&#8221;1px&#8221; ol_text_shadow_horizontal_length_tablet=&#8221;0px&#8221; ol_text_shadow_vertical_length_tablet=&#8221;0px&#8221; ol_text_shadow_blur_strength_tablet=&#8221;1px&#8221; quote_text_shadow_horizontal_length_tablet=&#8221;0px&#8221; quote_text_shadow_vertical_length_tablet=&#8221;0px&#8221; quote_text_shadow_blur_strength_tablet=&#8221;1px&#8221; header_text_shadow_horizontal_length_tablet=&#8221;0px&#8221; header_text_shadow_vertical_length_tablet=&#8221;0px&#8221; header_text_shadow_blur_strength_tablet=&#8221;1px&#8221; header_2_text_shadow_horizontal_length_tablet=&#8221;0px&#8221; header_2_text_shadow_vertical_length_tablet=&#8221;0px&#8221; header_2_text_shadow_blur_strength_tablet=&#8221;1px&#8221; header_3_text_shadow_horizontal_length_tablet=&#8221;0px&#8221; header_3_text_shadow_vertical_length_tablet=&#8221;0px&#8221; header_3_text_shadow_blur_strength_tablet=&#8221;1px&#8221; header_4_text_shadow_horizontal_length_tablet=&#8221;0px&#8221; header_4_text_shadow_vertical_length_tablet=&#8221;0px&#8221; header_4_text_shadow_blur_strength_tablet=&#8221;1px&#8221; header_5_text_shadow_horizontal_length_tablet=&#8221;0px&#8221; header_5_text_shadow_vertical_length_tablet=&#8221;0px&#8221; header_5_text_shadow_blur_strength_tablet=&#8221;1px&#8221; header_6_text_shadow_horizontal_length_tablet=&#8221;0px&#8221; header_6_text_shadow_vertical_length_tablet=&#8221;0px&#8221; header_6_text_shadow_blur_strength_tablet=&#8221;1px&#8221; box_shadow_horizontal_tablet=&#8221;0px&#8221; box_shadow_vertical_tablet=&#8221;0px&#8221; box_shadow_blur_tablet=&#8221;40px&#8221; box_shadow_spread_tablet=&#8221;0px&#8221; global_colors_info=&#8221;{}&#8221; sticky_enabled=&#8221;0&#8243;]<\/p>\n<h2>Nuestro Plan de Centro<\/h2>\n<p>Para que nuestro centro educativo contribuya a que todas las alumnas y alumnos puedan desarrollarse con \u00e9xito en la sociedad de la informaci\u00f3n, es necesario partir de la realidad en la que estamos inmersos en este momento, ayudando a nuestro alumnado a proyectarse hacia el futuro.<\/p>\n<p>Dentro de este Plan de Centro, nuestro Proyecto Educativo, en el marco de las Comunidades de Aprendizaje, parte de la motivaci\u00f3n, el trabajo por proyectos, la elaboraci\u00f3n y dise\u00f1o de materiales did\u00e1cticos, las Tecnolog\u00edas de la Informaci\u00f3n y la Comunicaci\u00f3n y la coordinaci\u00f3n docente para implementar actuaciones de \u00e9xito educativo reconocidas por la comunidad cient\u00edfica internacional con la intenci\u00f3n de contribuir a mejorar tanto el rendimiento acad\u00e9mico del alumnado, a trav\u00e9s de metodolog\u00edas participativas y activas, como la convivencia en el centro escolar.<\/p>\n<p>Nuestros proyectos de investigaci\u00f3n est\u00e1n basados en n\u00facleos tem\u00e1ticos dise\u00f1ados especialmente para nuestro alumnado, integrando en ellos varias \u00e1reas del Curr\u00edculum. Adem\u00e1s, este a\u00f1o contamos por primera vez con un proyecto espec\u00edfico de Emociones y Valores en el que participa todo el centro. Otro de nuestros pilares es la participaci\u00f3n de la Comunidad, a trav\u00e9s de las Comisiones Mixtas, la Red de Familias Colaboradoras y otras instituciones.<\/p>\n<p style=\"text-align: center\"><a href=\"https:\/\/blogsaverroes.juntadeandalucia.es\/labiznaga\/files\/2026\/05\/PLAN-DE-CENTRO-25-26-1.pdf\">ACCEDE AQU\u00cd<\/a><\/p>\n<p><a href=\"https:\/\/blogsaverroes.juntadeandalucia.es\/labiznaga\/files\/2026\/05\/PLAN-DE-CENTRO-25-26-1.pdf\"><img loading=\"lazy\" decoding=\"async\" class=\"aligncenter wp-image-1201 size-medium\" src=\"https:\/\/blogsaverroes.juntadeandalucia.es\/labiznaga\/files\/2024\/11\/Boton-plan-de-centro-300x149.png\" alt=\"\" width=\"300\" height=\"149\"><\/a><\/p>\n<p style=\"text-align: center\"><a href=\"https:\/\/blogsaverroes.juntadeandalucia.es\/labiznaga\/files\/2026\/05\/PLAN-DE-CENTRO-25-26-1.pdf\" rel=\"attachment wp-att-1405\">PLAN DE CENTRO 25-26-1<\/a><\/p>\n<p>&nbsp;<\/p>\n<p>&nbsp;<\/p>\n<p>&nbsp;<\/p>\n<p>[\/et_pb_text][\/et_pb_column][\/et_pb_row][\/et_pb_section]<\/p>\n","protected":false},"excerpt":{"rendered":"<p>Nuestro Plan de Centro Para que nuestro centro educativo contribuya a que todas las alumnas y alumnos puedan desarrollarse con \u00e9xito en la sociedad de la informaci\u00f3n, es necesario partir de la realidad en la que estamos inmersos en este momento, ayudando a nuestro alumnado a proyectarse hacia el futuro. Dentro de este Plan de [&hellip;]<\/p>\n","protected":false},"author":4179,"featured_media":0,"parent":0,"menu_order":0,"comment_status":"closed","ping_status":"closed","template":"","meta":{"_et_pb_use_builder":"on","_et_pb_old_content":"","_et_gb_content_width":"","ngg_post_thumbnail":0,"footnotes":""},"aioseo_notices":[],"_links":{"self":[{"href":"https:\/\/blogsaverroes.juntadeandalucia.es\/labiznaga\/wp-json\/wp\/v2\/pages\/672"}],"collection":[{"href":"https:\/\/blogsaverroes.juntadeandalucia.es\/labiznaga\/wp-json\/wp\/v2\/pages"}],"about":[{"href":"https:\/\/blogsaverroes.juntadeandalucia.es\/labiznaga\/wp-json\/wp\/v2\/types\/page"}],"author":[{"embeddable":true,"href":"https:\/\/blogsaverroes.juntadeandalucia.es\/labiznaga\/wp-json\/wp\/v2\/users\/4179"}],"replies":[{"embeddable":true,"href":"https:\/\/blogsaverroes.juntadeandalucia.es\/labiznaga\/wp-json\/wp\/v2\/comments?post=672"}],"version-history":[{"count":10,"href":"https:\/\/blogsaverroes.juntadeandalucia.es\/labiznaga\/wp-json\/wp\/v2\/pages\/672\/revisions"}],"predecessor-version":[{"id":1406,"href":"https:\/\/blogsaverroes.juntadeandalucia.es\/labiznaga\/wp-json\/wp\/v2\/pages\/672\/revisions\/1406"}],"wp:attachment":[{"href":"https:\/\/blogsaverroes.juntadeandalucia.es\/labiznaga\/wp-json\/wp\/v2\/media?parent=672"}],"curies":[{"name":"wp","href":"https:\/\/api.w.org\/{rel}","templated":true}]}}