{"id":683,"date":"2021-11-22T16:50:15","date_gmt":"2021-11-22T15:50:15","guid":{"rendered":"https:\/\/blogsaverroes.juntadeandalucia.es\/labiznaga\/?page_id=683"},"modified":"2022-10-13T11:01:21","modified_gmt":"2022-10-13T10:01:21","slug":"huerto-escolar","status":"publish","type":"page","link":"https:\/\/blogsaverroes.juntadeandalucia.es\/labiznaga\/huerto-escolar\/","title":{"rendered":"Huerto escolar"},"content":{"rendered":"<p>[et_pb_section fb_built=&#8221;1&#8243; _builder_version=&#8221;3.22&#8243; global_colors_info=&#8221;{}&#8221;][et_pb_row _builder_version=&#8221;3.25&#8243; background_size=&#8221;initial&#8221; background_position=&#8221;top_left&#8221; background_repeat=&#8221;repeat&#8221; global_colors_info=&#8221;{}&#8221;][et_pb_column type=&#8221;4_4&#8243; _builder_version=&#8221;3.25&#8243; custom_padding=&#8221;|||&#8221; global_colors_info=&#8221;{}&#8221; custom_padding__hover=&#8221;|||&#8221;][et_pb_image src=&#8221;https:\/\/blogsaverroes.juntadeandalucia.es\/labiznaga\/files\/2020\/02\/elcentro.png&#8221; title_text=&#8221;elcentro&#8221; admin_label=&#8221;Imagen de la portada&#8221; _builder_version=&#8221;4.5.0&#8243; z_index_tablet=&#8221;500&#8243; box_shadow_horizontal_tablet=&#8221;0px&#8221; box_shadow_vertical_tablet=&#8221;0px&#8221; box_shadow_blur_tablet=&#8221;40px&#8221; box_shadow_spread_tablet=&#8221;0px&#8221; global_colors_info=&#8221;{}&#8221;][\/et_pb_image][et_pb_text admin_label=&#8221;Huerto escolar&#8221; _builder_version=&#8221;4.14.5&#8243; hover_enabled=&#8221;0&#8243; z_index_tablet=&#8221;500&#8243; text_text_shadow_horizontal_length_tablet=&#8221;0px&#8221; text_text_shadow_vertical_length_tablet=&#8221;0px&#8221; text_text_shadow_blur_strength_tablet=&#8221;1px&#8221; link_text_shadow_horizontal_length_tablet=&#8221;0px&#8221; link_text_shadow_vertical_length_tablet=&#8221;0px&#8221; link_text_shadow_blur_strength_tablet=&#8221;1px&#8221; ul_text_shadow_horizontal_length_tablet=&#8221;0px&#8221; ul_text_shadow_vertical_length_tablet=&#8221;0px&#8221; ul_text_shadow_blur_strength_tablet=&#8221;1px&#8221; ol_text_shadow_horizontal_length_tablet=&#8221;0px&#8221; ol_text_shadow_vertical_length_tablet=&#8221;0px&#8221; ol_text_shadow_blur_strength_tablet=&#8221;1px&#8221; quote_text_shadow_horizontal_length_tablet=&#8221;0px&#8221; quote_text_shadow_vertical_length_tablet=&#8221;0px&#8221; quote_text_shadow_blur_strength_tablet=&#8221;1px&#8221; header_text_shadow_horizontal_length_tablet=&#8221;0px&#8221; header_text_shadow_vertical_length_tablet=&#8221;0px&#8221; header_text_shadow_blur_strength_tablet=&#8221;1px&#8221; header_2_text_shadow_horizontal_length_tablet=&#8221;0px&#8221; header_2_text_shadow_vertical_length_tablet=&#8221;0px&#8221; header_2_text_shadow_blur_strength_tablet=&#8221;1px&#8221; header_3_text_shadow_horizontal_length_tablet=&#8221;0px&#8221; header_3_text_shadow_vertical_length_tablet=&#8221;0px&#8221; header_3_text_shadow_blur_strength_tablet=&#8221;1px&#8221; header_4_text_shadow_horizontal_length_tablet=&#8221;0px&#8221; header_4_text_shadow_vertical_length_tablet=&#8221;0px&#8221; header_4_text_shadow_blur_strength_tablet=&#8221;1px&#8221; header_5_text_shadow_horizontal_length_tablet=&#8221;0px&#8221; header_5_text_shadow_vertical_length_tablet=&#8221;0px&#8221; header_5_text_shadow_blur_strength_tablet=&#8221;1px&#8221; header_6_text_shadow_horizontal_length_tablet=&#8221;0px&#8221; header_6_text_shadow_vertical_length_tablet=&#8221;0px&#8221; header_6_text_shadow_blur_strength_tablet=&#8221;1px&#8221; box_shadow_horizontal_tablet=&#8221;0px&#8221; box_shadow_vertical_tablet=&#8221;0px&#8221; box_shadow_blur_tablet=&#8221;40px&#8221; box_shadow_spread_tablet=&#8221;0px&#8221; global_colors_info=&#8221;{}&#8221; sticky_enabled=&#8221;0&#8243;]<\/p>\n<h2>Huerto escolar<\/h2>\n<p>\u00a1\u00a1\u00a1El huerto a tope!!! Queridas familias, ya tenemos sembrado nuestro huerto. Esta actividad esta englobada en el programa de H\u00e1bitos de Vida Saludable (HHVS) &#8211; Creciendo en Salud que todos los a\u00f1os convoca la Junta de Andaluc\u00eda y est\u00e1 estrechamente relacionada con los proyectos de ciencias que estamos llevando a cabo en el cole (los seres vivos, las plantas y su reproducci\u00f3n, el ciclo del agua, etc.). Para la puesta en marcha hemos contado con la ayuda de Teo (\u00a1\u00a1\u00a1muchas gracias!!!) y de todo el alumnado que ha ido colaborando tanto en la puesta a punto del terreno como del sembrado. Aprovechamos tambi\u00e9n para dar las gracias a Isabel y Mar\u00eda Jes\u00fas que est\u00e1n colaborando junto a Teo y el alumnado en el riego del huerto.<\/p>\n<p>PINCHA SOBRE LA IMAGEN PARA VER C\u00d3MO CRECE NUESTRO HUERTO<\/p>\n<p><a href=\"https:\/\/efbiznaga.blogspot.com\/2022\/10\/huerto-escolar.html\"><img loading=\"lazy\" decoding=\"async\" class=\"aligncenter wp-image-597 size-full\" src=\"https:\/\/blogsaverroes.juntadeandalucia.es\/labiznaga\/files\/2021\/09\/IMG_20210722_110258-scaled.jpg\" alt=\"\" width=\"2560\" height=\"1920\" srcset=\"https:\/\/blogsaverroes.juntadeandalucia.es\/labiznaga\/files\/2021\/09\/IMG_20210722_110258-scaled.jpg 2560w, https:\/\/blogsaverroes.juntadeandalucia.es\/labiznaga\/files\/2021\/09\/IMG_20210722_110258-1280x960.jpg 1280w, https:\/\/blogsaverroes.juntadeandalucia.es\/labiznaga\/files\/2021\/09\/IMG_20210722_110258-980x735.jpg 980w, https:\/\/blogsaverroes.juntadeandalucia.es\/labiznaga\/files\/2021\/09\/IMG_20210722_110258-480x360.jpg 480w\" sizes=\"(min-width: 0px) and (max-width: 480px) 480px, (min-width: 481px) and (max-width: 980px) 980px, (min-width: 981px) and (max-width: 1280px) 1280px, (min-width: 1281px) 2560px, 100vw\" \/><\/a><\/p>\n<p>\u00bfQuieres ver c\u00f3mo era el huerto en los cursos anteriores? <a href=\"https:\/\/efbiznaga.blogspot.com\/2021\/11\/huerto-escolar.html\">PINCHA AQU\u00cd<\/a><\/p>\n<p>[\/et_pb_text][\/et_pb_column][\/et_pb_row][\/et_pb_section]<\/p>\n","protected":false},"excerpt":{"rendered":"<p>Huerto escolar \u00a1\u00a1\u00a1El huerto a tope!!! Queridas familias, ya tenemos sembrado nuestro huerto. Esta actividad esta englobada en el programa de H\u00e1bitos de Vida Saludable (HHVS) &#8211; Creciendo en Salud que todos los a\u00f1os convoca la Junta de Andaluc\u00eda y est\u00e1 estrechamente relacionada con los proyectos de ciencias que estamos llevando a cabo en el [&hellip;]<\/p>\n","protected":false},"author":4179,"featured_media":0,"parent":0,"menu_order":0,"comment_status":"closed","ping_status":"closed","template":"","meta":{"_et_pb_use_builder":"on","_et_pb_old_content":"","_et_gb_content_width":"","ngg_post_thumbnail":0,"footnotes":""},"aioseo_notices":[],"_links":{"self":[{"href":"https:\/\/blogsaverroes.juntadeandalucia.es\/labiznaga\/wp-json\/wp\/v2\/pages\/683"}],"collection":[{"href":"https:\/\/blogsaverroes.juntadeandalucia.es\/labiznaga\/wp-json\/wp\/v2\/pages"}],"about":[{"href":"https:\/\/blogsaverroes.juntadeandalucia.es\/labiznaga\/wp-json\/wp\/v2\/types\/page"}],"author":[{"embeddable":true,"href":"https:\/\/blogsaverroes.juntadeandalucia.es\/labiznaga\/wp-json\/wp\/v2\/users\/4179"}],"replies":[{"embeddable":true,"href":"https:\/\/blogsaverroes.juntadeandalucia.es\/labiznaga\/wp-json\/wp\/v2\/comments?post=683"}],"version-history":[{"count":7,"href":"https:\/\/blogsaverroes.juntadeandalucia.es\/labiznaga\/wp-json\/wp\/v2\/pages\/683\/revisions"}],"predecessor-version":[{"id":863,"href":"https:\/\/blogsaverroes.juntadeandalucia.es\/labiznaga\/wp-json\/wp\/v2\/pages\/683\/revisions\/863"}],"wp:attachment":[{"href":"https:\/\/blogsaverroes.juntadeandalucia.es\/labiznaga\/wp-json\/wp\/v2\/media?parent=683"}],"curies":[{"name":"wp","href":"https:\/\/api.w.org\/{rel}","templated":true}]}}