{"id":721,"date":"2021-11-29T12:23:28","date_gmt":"2021-11-29T11:23:28","guid":{"rendered":"https:\/\/blogsaverroes.juntadeandalucia.es\/labiznaga\/?page_id=721"},"modified":"2021-11-29T12:36:42","modified_gmt":"2021-11-29T11:36:42","slug":"halloween","status":"publish","type":"page","link":"https:\/\/blogsaverroes.juntadeandalucia.es\/labiznaga\/halloween\/","title":{"rendered":"Halloween"},"content":{"rendered":"<p>Estupenda celebraci\u00f3n de Halloween. Agradecemos a la Asociaci\u00f3n de Familias la implicaci\u00f3n en la elaboraci\u00f3n y participaci\u00f3n en las diferentes actividades: pasillo del terror, escape room, truco o trato, cuentacuentos y gymkana de juegos de miedo. Agradecemos tambi\u00e9n a todo el personal del centro y al alumnado su buena disposici\u00f3n y su implicaci\u00f3n en la realizaci\u00f3n de todas las actividades.<\/p>\n<p><img loading=\"lazy\" decoding=\"async\" class=\"alignnone size-medium wp-image-722\" src=\"https:\/\/blogsaverroes.juntadeandalucia.es\/labiznaga\/files\/2021\/11\/Halloween01-225x300.jpg\" alt=\"\" width=\"225\" height=\"300\"><\/p>\n","protected":false},"excerpt":{"rendered":"<p>Estupenda celebraci\u00f3n de Halloween. Agradecemos a la Asociaci\u00f3n de Familias la implicaci\u00f3n en la elaboraci\u00f3n y participaci\u00f3n en las diferentes actividades: pasillo del terror, escape room, truco o trato, cuentacuentos y gymkana de juegos de miedo. Agradecemos tambi\u00e9n a todo el personal del centro y al alumnado su buena disposici\u00f3n y su implicaci\u00f3n en la [&hellip;]<\/p>\n","protected":false},"author":4179,"featured_media":0,"parent":0,"menu_order":0,"comment_status":"closed","ping_status":"closed","template":"","meta":{"_et_pb_use_builder":"","_et_pb_old_content":"","_et_gb_content_width":"","ngg_post_thumbnail":0,"footnotes":""},"aioseo_notices":[],"_links":{"self":[{"href":"https:\/\/blogsaverroes.juntadeandalucia.es\/labiznaga\/wp-json\/wp\/v2\/pages\/721"}],"collection":[{"href":"https:\/\/blogsaverroes.juntadeandalucia.es\/labiznaga\/wp-json\/wp\/v2\/pages"}],"about":[{"href":"https:\/\/blogsaverroes.juntadeandalucia.es\/labiznaga\/wp-json\/wp\/v2\/types\/page"}],"author":[{"embeddable":true,"href":"https:\/\/blogsaverroes.juntadeandalucia.es\/labiznaga\/wp-json\/wp\/v2\/users\/4179"}],"replies":[{"embeddable":true,"href":"https:\/\/blogsaverroes.juntadeandalucia.es\/labiznaga\/wp-json\/wp\/v2\/comments?post=721"}],"version-history":[{"count":3,"href":"https:\/\/blogsaverroes.juntadeandalucia.es\/labiznaga\/wp-json\/wp\/v2\/pages\/721\/revisions"}],"predecessor-version":[{"id":727,"href":"https:\/\/blogsaverroes.juntadeandalucia.es\/labiznaga\/wp-json\/wp\/v2\/pages\/721\/revisions\/727"}],"wp:attachment":[{"href":"https:\/\/blogsaverroes.juntadeandalucia.es\/labiznaga\/wp-json\/wp\/v2\/media?parent=721"}],"curies":[{"name":"wp","href":"https:\/\/api.w.org\/{rel}","templated":true}]}}