{"id":897,"date":"2022-11-18T09:39:11","date_gmt":"2022-11-18T08:39:11","guid":{"rendered":"https:\/\/blogsaverroes.juntadeandalucia.es\/labiznaga\/?page_id=897"},"modified":"2022-11-18T10:06:33","modified_gmt":"2022-11-18T09:06:33","slug":"comunica","status":"publish","type":"page","link":"https:\/\/blogsaverroes.juntadeandalucia.es\/labiznaga\/comunica\/","title":{"rendered":"Comunica"},"content":{"rendered":"<p><a href=\"https:\/\/blogsaverroes.juntadeandalucia.es\/biznagacomunica\/\"><img decoding=\"async\" title=\"ComunicA\" src=\"https:\/\/portals.ced.junta-andalucia.es\/educacion\/portals\/ishare-servlet\/content\/3cdaf879-45ee-42ce-8905-9de0e100e651\" alt=\"ComunicA\"><\/a><\/p>\n<p>PINCHA EN LA IMAGEN PARA ACCEDER AL BLOG <b>\u2191<\/b><\/p>\n<p style=\"text-align: left\">&nbsp;<span class=\"JCzEY ZwRhJd\"><span class=\"CSkcDe\"> \u2192<\/span><\/span> M\u00c1S INFORMACI\u00d3N DEL PROGRAMA DE INNOVACI\u00d3N EDUCATIVA <span class=\"JCzEY ZwRhJd\"><span class=\"CSkcDe\"> \u2192<\/span><\/span> <a href=\"https:\/\/portals.ced.junta-andalucia.es\/educacion\/portals\/web\/lecturas-bibliotecas-escolares\/programa-comunica\">https:\/\/portals.ced.junta-andalucia.es\/educacion\/portals\/web\/lecturas-bibliotecas-escolares\/programa-comunica<\/a><\/p>\n<p style=\"text-align: left\">&nbsp;<\/p>\n","protected":false},"excerpt":{"rendered":"<p>PINCHA EN LA IMAGEN PARA ACCEDER AL BLOG \u2191 &nbsp; \u2192 M\u00c1S INFORMACI\u00d3N DEL PROGRAMA DE INNOVACI\u00d3N EDUCATIVA \u2192 https:\/\/portals.ced.junta-andalucia.es\/educacion\/portals\/web\/lecturas-bibliotecas-escolares\/programa-comunica &nbsp;<\/p>\n","protected":false},"author":4179,"featured_media":0,"parent":0,"menu_order":0,"comment_status":"closed","ping_status":"closed","template":"","meta":{"_et_pb_use_builder":"","_et_pb_old_content":"","_et_gb_content_width":"","ngg_post_thumbnail":0,"footnotes":""},"aioseo_notices":[],"_links":{"self":[{"href":"https:\/\/blogsaverroes.juntadeandalucia.es\/labiznaga\/wp-json\/wp\/v2\/pages\/897"}],"collection":[{"href":"https:\/\/blogsaverroes.juntadeandalucia.es\/labiznaga\/wp-json\/wp\/v2\/pages"}],"about":[{"href":"https:\/\/blogsaverroes.juntadeandalucia.es\/labiznaga\/wp-json\/wp\/v2\/types\/page"}],"author":[{"embeddable":true,"href":"https:\/\/blogsaverroes.juntadeandalucia.es\/labiznaga\/wp-json\/wp\/v2\/users\/4179"}],"replies":[{"embeddable":true,"href":"https:\/\/blogsaverroes.juntadeandalucia.es\/labiznaga\/wp-json\/wp\/v2\/comments?post=897"}],"version-history":[{"count":5,"href":"https:\/\/blogsaverroes.juntadeandalucia.es\/labiznaga\/wp-json\/wp\/v2\/pages\/897\/revisions"}],"predecessor-version":[{"id":905,"href":"https:\/\/blogsaverroes.juntadeandalucia.es\/labiznaga\/wp-json\/wp\/v2\/pages\/897\/revisions\/905"}],"wp:attachment":[{"href":"https:\/\/blogsaverroes.juntadeandalucia.es\/labiznaga\/wp-json\/wp\/v2\/media?parent=897"}],"curies":[{"name":"wp","href":"https:\/\/api.w.org\/{rel}","templated":true}]}}