{"id":199,"date":"2020-10-08T22:30:14","date_gmt":"2020-10-08T22:30:14","guid":{"rendered":"https:\/\/blogsaverroes.juntadeandalucia.es\/laclasedebern\/?page_id=199"},"modified":"2022-01-31T18:57:52","modified_gmt":"2022-01-31T18:57:52","slug":"enlaces-de-interes","status":"publish","type":"page","link":"https:\/\/blogsaverroes.juntadeandalucia.es\/laclasedebern\/enlaces-de-interes\/","title":{"rendered":"ENLACES DE INTER\u00c9S: TUTOR\u00cdAS, LIBROS DIGITALES Y BLOGS"},"content":{"rendered":"<p><a href=\"https:\/\/educacionadistancia-jda.webex.com\/educacionadistancia-jda\/j.php?MTID=m953a487f1cf63cf6e577c8f0bac1ba35\"><img decoding=\"async\" class=\"bitmoji-image aligncenter\" src=\"https:\/\/sdk.bitmoji.com\/render\/panel\/a5122ff9-432a-4e6b-9179-4a54fcd4f64c-a77333d3-01b3-4477-a47c-febb19e7df47-v1.png?transparent=1&amp;palette=1\" alt=\"\" width=\"197\" height=\"197\" data-src=\"https:\/\/sdk.bitmoji.com\/render\/panel\/a5122ff9-432a-4e6b-9179-4a54fcd4f64c-%s-v1.png?transparent=1&amp;palette=1\" data-downloadurl=\"image\/png:19010.png:https:\/\/sdk.bitmoji.com\/render\/panel\/a5122ff9-432a-4e6b-9179-4a54fcd4f64c-a77333d3-01b3-4477-a47c-febb19e7df47-v1.png?transparent=1&amp;palette=1\"><\/a><\/p>\n<p style=\"text-align: center\"><span style=\"font-size: 18pt\"><strong><a href=\"https:\/\/educacionadistancia-jda.webex.com\/educacionadistancia-jda\/j.php?MTID=m953a487f1cf63cf6e577c8f0bac1ba35\">TUTOR\u00cdAS<\/a><\/strong><\/span><\/p>\n<p><a href=\"http:\/\/colegioelcanosanfernando.blogspot.com\/\"><img decoding=\"async\" class=\"alignleft wp-image-346 \" src=\"https:\/\/blogsaverroes.juntadeandalucia.es\/laclasedebern\/files\/2020\/10\/escudo-150x150.png\" alt=\"\" width=\"100\" height=\"100\" srcset=\"https:\/\/blogsaverroes.juntadeandalucia.es\/laclasedebern\/files\/2020\/10\/escudo-150x150.png 150w, https:\/\/blogsaverroes.juntadeandalucia.es\/laclasedebern\/files\/2020\/10\/escudo-100x100.png 100w, https:\/\/blogsaverroes.juntadeandalucia.es\/laclasedebern\/files\/2020\/10\/escudo-80x80.png 80w\" sizes=\"(max-width: 100px) 100vw, 100px\" \/><\/a><br \/>\n&nbsp;<br \/>\n<a title=\"Blog del cole. CEIP JUAN SEBASTI\u00c1N DE ELCANO\" href=\"http:\/\/colegioelcanosanfernando.blogspot.com\/\">Blog del cole: CEIP JUAN SEBASTI\u00c1N DE ELCANO<\/a><\/p>\n<p><a href=\"https:\/\/www.ceipelcano.es\/\">Web del cole: CEIP JUAN SEBASTI\u00c1N DE ELCANO<\/a><br \/>\n&nbsp;<br \/>\n&nbsp;<\/p>\n<p><a title=\"Se\u00f1o Nuria: Sociales y Naturales\" href=\"https:\/\/elcanonuria.wordpress.com\/\"><img decoding=\"async\" class=\"alignleft\" src=\"https:\/\/blogsaverroes.juntadeandalucia.es\/laclasedebern\/files\/2020\/10\/FARO-300x270.jpg\" alt=\"\" width=\"99\" height=\"89\"><\/a><br \/>\n&nbsp;<br \/>\n<a title=\"Se\u00f1o Nuria: Sociales y Naturales\" href=\"https:\/\/elcanonuria.wordpress.com\/6oprimaria\/\">Se\u00f1o Nuria: Sociales y Naturales<\/a><br \/>\n&nbsp;<br \/>\n&nbsp;&nbsp;<br \/>\n&nbsp;<\/p>\n<p><a title=\"Profe Jose: Educaci\u00f3n F\u00edsica\" href=\"https:\/\/educacionfisicaelcano.blogspot.com\/\"><img loading=\"lazy\" decoding=\"async\" class=\"alignleft\" src=\"https:\/\/blogsaverroes.juntadeandalucia.es\/laclasedebern\/files\/2020\/10\/COLIBR\u00cd.jpg\" alt=\"\" width=\"100\" height=\"90\"><\/a><br \/>\n&nbsp;<br \/>\n<a title=\"Profe Jose: Educaci\u00f3n F\u00edsica\" href=\"https:\/\/educacionfisicaelcano.blogspot.com\/\">Profe Jose: Educaci\u00f3n F\u00edsica<\/a><br \/>\n&nbsp;<br \/>\n&nbsp;<br \/>\n&nbsp;<\/p>\n<p><img loading=\"lazy\" decoding=\"async\" class=\"wp-image-389 alignleft\" src=\"https:\/\/blogsaverroes.juntadeandalucia.es\/laclasedebern\/files\/2020\/10\/OXFORD-283x300.jpg\" alt=\"\" width=\"97\" height=\"102\" srcset=\"https:\/\/blogsaverroes.juntadeandalucia.es\/laclasedebern\/files\/2020\/10\/OXFORD-283x300.jpg 283w, https:\/\/blogsaverroes.juntadeandalucia.es\/laclasedebern\/files\/2020\/10\/OXFORD-24x24.jpg 24w, https:\/\/blogsaverroes.juntadeandalucia.es\/laclasedebern\/files\/2020\/10\/OXFORD-34x36.jpg 34w, https:\/\/blogsaverroes.juntadeandalucia.es\/laclasedebern\/files\/2020\/10\/OXFORD-45x48.jpg 45w, https:\/\/blogsaverroes.juntadeandalucia.es\/laclasedebern\/files\/2020\/10\/OXFORD.jpg 289w\" sizes=\"(max-width: 97px) 100vw, 97px\" \/><\/p>\n<p>&nbsp;<\/p>\n<p><a href=\"https:\/\/oxfordpremium.oupe.es\/app\/student\/cc10fef5-2471-11ec-8968-40f2e90708ea\">Se\u00f1o Inma: Libro de Ingl\u00e9s<\/a><\/p>\n<p>&nbsp;<\/p>\n<p>&nbsp;<\/p>\n<p><img loading=\"lazy\" decoding=\"async\" class=\"wp-image-457 alignleft\" src=\"https:\/\/blogsaverroes.juntadeandalucia.es\/laclasedebern\/files\/2020\/11\/Religion-catolica-Lumen-5-Primaria-i6n18010193-150x150.jpg\" alt=\"\" width=\"99\" height=\"99\" srcset=\"https:\/\/blogsaverroes.juntadeandalucia.es\/laclasedebern\/files\/2020\/11\/Religion-catolica-Lumen-5-Primaria-i6n18010193-150x150.jpg 150w, https:\/\/blogsaverroes.juntadeandalucia.es\/laclasedebern\/files\/2020\/11\/Religion-catolica-Lumen-5-Primaria-i6n18010193-100x100.jpg 100w, https:\/\/blogsaverroes.juntadeandalucia.es\/laclasedebern\/files\/2020\/11\/Religion-catolica-Lumen-5-Primaria-i6n18010193-80x80.jpg 80w, https:\/\/blogsaverroes.juntadeandalucia.es\/laclasedebern\/files\/2020\/11\/Religion-catolica-Lumen-5-Primaria-i6n18010193-320x320.jpg 320w\" sizes=\"(max-width: 99px) 100vw, 99px\" \/><\/p>\n<p><a href=\"https:\/\/laclasedereligionelcano.blogspot.com\/\">Se\u00f1o Ana: Religi\u00f3n<\/a><\/p>\n<p>&nbsp;<\/p>\n<p>&nbsp;<\/p>\n<p>&nbsp;<\/p>\n<p>&nbsp; &nbsp;&nbsp; &nbsp;&nbsp; &nbsp;&nbsp; &nbsp;&nbsp; &nbsp;&nbsp; &nbsp;&nbsp; &nbsp;&nbsp; &nbsp;&nbsp; &nbsp;&nbsp; &nbsp; <a href=\"https:\/\/maestrantoniafrances.blogspot.com\/\">Se\u00f1o Antonia: Franc\u00e9s<\/a><\/p>\n","protected":false},"excerpt":{"rendered":"<p>TUTOR\u00cdAS &nbsp; Blog del cole: CEIP JUAN SEBASTI\u00c1N DE ELCANO Web del cole: CEIP JUAN SEBASTI\u00c1N DE ELCANO &nbsp; &nbsp; &nbsp; Se\u00f1o Nuria: Sociales y Naturales &nbsp; &nbsp;&nbsp; &nbsp; &nbsp; Profe Jose: Educaci\u00f3n F\u00edsica &nbsp; &nbsp; &nbsp; &nbsp; Se\u00f1o Inma:&#46;&#46;&#46;<\/p>\n","protected":false},"author":10895,"featured_media":0,"parent":0,"menu_order":0,"comment_status":"closed","ping_status":"closed","template":"","meta":{"ngg_post_thumbnail":0,"footnotes":""},"aioseo_notices":[],"post_mailing_queue_ids":[],"_links":{"self":[{"href":"https:\/\/blogsaverroes.juntadeandalucia.es\/laclasedebern\/wp-json\/wp\/v2\/pages\/199"}],"collection":[{"href":"https:\/\/blogsaverroes.juntadeandalucia.es\/laclasedebern\/wp-json\/wp\/v2\/pages"}],"about":[{"href":"https:\/\/blogsaverroes.juntadeandalucia.es\/laclasedebern\/wp-json\/wp\/v2\/types\/page"}],"author":[{"embeddable":true,"href":"https:\/\/blogsaverroes.juntadeandalucia.es\/laclasedebern\/wp-json\/wp\/v2\/users\/10895"}],"replies":[{"embeddable":true,"href":"https:\/\/blogsaverroes.juntadeandalucia.es\/laclasedebern\/wp-json\/wp\/v2\/comments?post=199"}],"version-history":[{"count":26,"href":"https:\/\/blogsaverroes.juntadeandalucia.es\/laclasedebern\/wp-json\/wp\/v2\/pages\/199\/revisions"}],"predecessor-version":[{"id":743,"href":"https:\/\/blogsaverroes.juntadeandalucia.es\/laclasedebern\/wp-json\/wp\/v2\/pages\/199\/revisions\/743"}],"wp:attachment":[{"href":"https:\/\/blogsaverroes.juntadeandalucia.es\/laclasedebern\/wp-json\/wp\/v2\/media?parent=199"}],"curies":[{"name":"wp","href":"https:\/\/api.w.org\/{rel}","templated":true}]}}