{"id":21,"date":"2017-10-04T17:52:09","date_gmt":"2017-10-04T17:52:09","guid":{"rendered":"https:\/\/blogsaverroes.juntadeandalucia.es\/lacontraviesafoodfactory\/?page_id=21"},"modified":"2019-09-25T07:51:08","modified_gmt":"2019-09-25T07:51:08","slug":"operaciones-basicas-de-laboratorio","status":"publish","type":"page","link":"https:\/\/blogsaverroes.juntadeandalucia.es\/lacontraviesafoodfactory\/operaciones-basicas-de-laboratorio\/","title":{"rendered":"Operaciones B\u00e1sicas de Laboratorio"},"content":{"rendered":"<p>RESULTADOS DE APRENDIZAJE Y CRITERIOS DE EVALUACI\u00d3N DEL M\u00d3DULO<\/p>\n<p><strong>R.A.1 Realiza operaciones rutinarias sencillas de medida de masas y vol\u00famenes siguiendo procedimientos normalizados.<\/strong><\/p>\n<p style=\"padding-left: 30px\">Criterios de evaluaci\u00f3n:<\/p>\n<p style=\"padding-left: 30px\">a) Se han definido los conceptos de masa y volumen.<\/p>\n<p style=\"padding-left: 30px\">b) Se ha reconocido el material b\u00e1sico del laboratorio.<\/p>\n<p style=\"padding-left: 30px\">c) Se han clasificado las balanzas en funci\u00f3n de las cantidades de masa que hay que utilizar.<\/p>\n<p style=\"padding-left: 30px;text-align: justify\">d) Se han diferenciado los distintos aparatos para medir vol\u00famenes en funci\u00f3n de las cantidades de l\u00edquido que hay que utilizar.<\/p>\n<p style=\"padding-left: 30px;text-align: justify\">e) Se ha realizado el trasvase de l\u00edquidos atendiendo a las indicaciones necesarias.<\/p>\n<p style=\"padding-left: 30px;text-align: justify\">f) Se ha cumplimentado en el soporte establecido las operaciones realizadas.<\/p>\n<p style=\"padding-left: 30px;text-align: justify\">g) Se ha operado siguiendo las normas de protecci\u00f3n y seguridad personal y medioambiental.<\/p>\n<p style=\"text-align: justify\"><strong>R.A.2 Prepara mezclas y disoluciones rutinarias, seleccionando los materiales y productos necesarios.<\/strong><\/p>\n<p style=\"padding-left: 30px\">Criterios de evaluaci\u00f3n:<\/p>\n<p style=\"padding-left: 30px;text-align: justify\">a) Se han seleccionado los reactivos implicados en la preparaci\u00f3n de una disoluci\u00f3n.<\/p>\n<p style=\"padding-left: 30px;text-align: justify\">b) Se han seleccionado los materiales y equipos de preparaci\u00f3n rutinaria de mezclas y disoluciones.<\/p>\n<p style=\"padding-left: 30px;text-align: justify\">c) Se han realizado los c\u00e1lculos de la concentraci\u00f3n requerida.<\/p>\n<p style=\"padding-left: 30px;text-align: justify\">d) Se han realizado las medidas correspondientes de soluto y disolvente en la preparaci\u00f3n de una disoluci\u00f3n determinada.<\/p>\n<p style=\"padding-left: 30px;text-align: justify\">e) Se han preparado mezclas rutinarias de bajo riesgo.<\/p>\n<p style=\"padding-left: 30px;text-align: justify\">f) Se han preparado disoluciones sencillas.<\/p>\n<p style=\"padding-left: 30px;text-align: justify\">g) Se han identificado y etiquetado las disoluciones preparadas.<\/p>\n<p style=\"padding-left: 30px;text-align: justify\">h) Se han aplicado las normas de prevenci\u00f3n de riesgos y de protecci\u00f3n ambiental en todo el proceso de preparaci\u00f3n de mezclas y disoluciones rutinarias.<\/p>\n<p style=\"text-align: justify\"><strong>R.A.3 Realiza operaciones auxiliares sencillas de laboratorio, manejando equipos o \u00fatiles adecuados y siguiendo instrucciones recibidas.<\/strong><\/p>\n<p style=\"padding-left: 30px\">Criterios de evaluaci\u00f3n:<\/p>\n<p style=\"padding-left: 30px;text-align: justify\">a) Se han caracterizado las propiedades b\u00e1sicas para el tratamiento de materias.<\/p>\n<p style=\"padding-left: 30px;text-align: justify\">b) Se han relacionado las operaciones b\u00e1sicas que hay que realizar con el posterior tratamiento que va a tener lugar.<\/p>\n<p style=\"padding-left: 30px;text-align: justify\">c) Se han tratado y eliminado los residuos generados.<\/p>\n<p style=\"padding-left: 30px;text-align: justify\">d) Se han anotado los trabajos realizados en los soportes correspondientes.<\/p>\n<p style=\"padding-left: 30px;text-align: justify\">e) Se han aplicado las normas de prevenci\u00f3n de riesgos y de protecci\u00f3n ambiental en todo el proceso de realizaci\u00f3n de operaciones sencillas de laboratorio.<\/p>\n<p style=\"text-align: justify\"><strong>R.A.4 Realiza tareas rutinarias de preparaci\u00f3n y mantenimiento de equipos auxiliares e instalaciones de laboratorio, reconociendo los procedimientos establecidos en las instrucciones recibidas.<\/strong><\/p>\n<p style=\"padding-left: 30px\">Criterios de evaluaci\u00f3n:<\/p>\n<p style=\"padding-left: 30px\">a) Se han caracterizado las operaciones de preparaci\u00f3n de equipos e instalaciones de laboratorio.<\/p>\n<p style=\"padding-left: 30px\">b) Se han preparado y puesto a punto los equipos e instalaciones seg\u00fan las instrucciones de trabajo.<\/p>\n<p style=\"padding-left: 30px\">c) Se han detectado las anomal\u00edas en el funcionamiento de los equipos e instalaciones.<\/p>\n<p style=\"padding-left: 30px\">d) Se ha ayudado en reparaciones sencillas y en arreglos y mejoras de equipos e instalaciones de laboratorios.<\/p>\n<p style=\"padding-left: 30px\">e) Se han realizado todas las operaciones teniendo en cuenta la normativa de seguridad laboral y de protecci\u00f3n medioambiental.<\/p>\n<p style=\"padding-left: 30px\">&nbsp;<\/p>\n<p style=\"text-align: center\">ACTIVIDADES DE APLICACI\u00d3N DE APRENDIZAJE<\/p>\n<p>&nbsp;<\/p>\n<p>Muy buenas, como os dije ayer en clase, os dejo aqu\u00ed el v\u00eddeo que vimos sobre c\u00f3mo calcular la concentraci\u00f3n molar y el n\u00famero de moles de una sustancia en una disoluci\u00f3n.<\/p>\n<p>&nbsp;<br \/>\n<iframe loading=\"lazy\" src=\"https:\/\/www.youtube.com\/embed\/qYmPuEklDWk?ecver=1\" width=\"454\" height=\"280\" frameborder=\"0\"><\/iframe><\/p>\n<p>Y un par de ejercicios para que practiqu\u00e9is&nbsp; \ud83d\ude09<\/p>\n<p>Los corregimos el lunes. Buen fin de semana para todos.<\/p>\n<p>Ejercicio 1. \u00bfCu\u00e1l ser\u00e1 la concentraci\u00f3n molar (o molaridad) de una disoluci\u00f3n de fluoruro de calcio (CaF<sub>2<\/sub>) que contiene 8 g de soluto en 250ml de disolvente?<\/p>\n<p>Ejercicio 2 \u00bfC\u00f3mo se preparan 50ml de una soluci\u00f3n 0.2 M de sulfuro de magnesio (MgS)?<\/p>\n<p>&nbsp;<\/p>\n","protected":false},"excerpt":{"rendered":"<p>RESULTADOS DE APRENDIZAJE Y CRITERIOS DE EVALUACI\u00d3N DEL M\u00d3DULO R.A.1 Realiza operaciones rutinarias sencillas de medida de masas y vol\u00famenes siguiendo procedimientos normalizados. Criterios de evaluaci\u00f3n: a) Se han definido los conceptos de masa y volumen. b) Se ha reconocido el material b\u00e1sico del laboratorio. c) Se han clasificado las balanzas en funci\u00f3n de las &hellip; <a href=\"https:\/\/blogsaverroes.juntadeandalucia.es\/lacontraviesafoodfactory\/operaciones-basicas-de-laboratorio\/\" class=\"more-link\">Seguir leyendo <span class=\"screen-reader-text\">Operaciones B\u00e1sicas de Laboratorio<\/span> <span class=\"meta-nav\">&rarr;<\/span><\/a><\/p>\n","protected":false},"author":4031,"featured_media":0,"parent":0,"menu_order":0,"comment_status":"closed","ping_status":"closed","template":"","meta":{"ngg_post_thumbnail":0,"footnotes":""},"aioseo_notices":[],"_links":{"self":[{"href":"https:\/\/blogsaverroes.juntadeandalucia.es\/lacontraviesafoodfactory\/wp-json\/wp\/v2\/pages\/21"}],"collection":[{"href":"https:\/\/blogsaverroes.juntadeandalucia.es\/lacontraviesafoodfactory\/wp-json\/wp\/v2\/pages"}],"about":[{"href":"https:\/\/blogsaverroes.juntadeandalucia.es\/lacontraviesafoodfactory\/wp-json\/wp\/v2\/types\/page"}],"author":[{"embeddable":true,"href":"https:\/\/blogsaverroes.juntadeandalucia.es\/lacontraviesafoodfactory\/wp-json\/wp\/v2\/users\/4031"}],"replies":[{"embeddable":true,"href":"https:\/\/blogsaverroes.juntadeandalucia.es\/lacontraviesafoodfactory\/wp-json\/wp\/v2\/comments?post=21"}],"version-history":[{"count":5,"href":"https:\/\/blogsaverroes.juntadeandalucia.es\/lacontraviesafoodfactory\/wp-json\/wp\/v2\/pages\/21\/revisions"}],"predecessor-version":[{"id":303,"href":"https:\/\/blogsaverroes.juntadeandalucia.es\/lacontraviesafoodfactory\/wp-json\/wp\/v2\/pages\/21\/revisions\/303"}],"wp:attachment":[{"href":"https:\/\/blogsaverroes.juntadeandalucia.es\/lacontraviesafoodfactory\/wp-json\/wp\/v2\/media?parent=21"}],"curies":[{"name":"wp","href":"https:\/\/api.w.org\/{rel}","templated":true}]}}