{"id":11,"date":"2022-05-08T12:41:46","date_gmt":"2022-05-08T12:41:46","guid":{"rendered":"https:\/\/blogsaverroes.juntadeandalucia.es\/ladrilloaladrillo\/?page_id=11"},"modified":"2023-05-12T09:44:40","modified_gmt":"2023-05-12T07:44:40","slug":"sobre-el-autor-del-blog","status":"publish","type":"page","link":"https:\/\/blogsaverroes.juntadeandalucia.es\/ladrilloaladrillo\/sobre-el-autor-del-blog\/","title":{"rendered":"Sobre el autor del Blog"},"content":{"rendered":"<p style=\"font-weight: 400\"><span style=\"font-family: 'comic sans ms', sans-serif\">Mi nombre es Juan Pe\u00f1a y soy maestro en la escuela p\u00fablica andaluza desde el a\u00f1o 2017.&nbsp; &nbsp;<\/span><\/p>\n<p style=\"font-weight: 400\"><span style=\"font-family: 'comic sans ms', sans-serif\">Desde hace algunos a\u00f1os he tenido la oportunidad de formarme y desarrollar proyectos ligados a metodolog\u00edas de innovaci\u00f3n educativa basadas en el uso de los ladrillos tipo \u201cLEGO\u201d y su aplicaci\u00f3n educativa en multitud de \u00e1reas: ling\u00fc\u00edstica, matem\u00e1tica, psicomotora, socio-emocional\u2026<\/span><\/p>\n<p><span style=\"font-family: 'comic sans ms', sans-serif\">En el a\u00f1o 2022 llev\u00e9 a cabo mi formaci\u00f3n certificada en los <strong>Niveles 1, 2, 3 y 4<\/strong> del uso de <strong>Six Bricks<\/strong> como herramienta metodol\u00f3gica con profesionales avalados por <strong>\u00abCare for Education\u00bb<\/strong>, organizaci\u00f3n hermanada con la <strong>\u00abLEGO Foundation\u00bb<\/strong> e impulsora del concepto Six Bricks.<\/span><\/p>\n<p><span style=\"font-family: 'comic sans ms', sans-serif\">Durante el a\u00f1o 2023 obtuve mi certificado como <strong>Facilitador de Six Bricks (Nivel 5)<\/strong>, pudiendo as\u00ed preparar formaciones y certificar a nuevos usuarios.<\/span><\/p>\n<p><span style=\"font-family: 'comic sans ms', sans-serif\">A lo largo del curso 2022 &#8211; 2023 he coordinado el <strong>Grupo de Trabajo \u00abEl uso de ladrillos LEGO como recurso para el desarrollo ling\u00fc\u00edstico, matem\u00e1tico, psicomotor y socioemocional en educaci\u00f3n infantil y primaria\u00bb<\/strong> en el CEIP Ortiz de Z\u00fa\u00f1iga (Sevilla). Dicho Grupo de Trabajo se realizo a trav\u00e9s del CEP de Sevilla.<\/span><\/p>\n<p><span style=\"font-family: 'comic sans ms', sans-serif\">De igual forma, durante el curso 2022 &#8211; 2023 tuve la suerte de coordinar el <strong>Proyecto de Innovaci\u00f3n Educativa \u00abTerapia LEGO: recursos aplicados al aula ordinaria para fomentar el trabajo cooperativo\u00bb<\/strong>.<\/span><\/p>\n<p style=\"font-weight: 400\"><span style=\"font-family: 'comic sans ms', sans-serif\">Participo tambi\u00e9n de forma regular en encuentros internacionales de formadores y usuarios de dicha metodolog\u00eda, colaborando asimismo en la creaci\u00f3n de bancos de recursos y actividades.<\/span><\/p>\n<p><span style=\"font-family: 'comic sans ms', sans-serif\">Si est\u00e1s interesad@ en formarte o conocer m\u00e1s sobre metodolog\u00edas educativas con ladrillos LEGO no dudes en ponerte en contacto conmigo.<\/span><\/p>\n<p><span style=\"font-family: 'comic sans ms', sans-serif\">Actualmente trabajo como maestro en el CEIP Ortiz de Z\u00fa\u00f1iga (Sevilla).<\/span><\/p>\n<p><img loading=\"lazy\" decoding=\"async\" class=\"aligncenter wp-image-25 size-large\" src=\"https:\/\/blogsaverroes.juntadeandalucia.es\/ladrilloaladrillo\/files\/2022\/05\/IMG_20220504_134513-3-1024x768.jpg\" alt=\"\" width=\"1024\" height=\"768\" srcset=\"https:\/\/blogsaverroes.juntadeandalucia.es\/ladrilloaladrillo\/files\/2022\/05\/IMG_20220504_134513-3-1024x768.jpg 1024w, https:\/\/blogsaverroes.juntadeandalucia.es\/ladrilloaladrillo\/files\/2022\/05\/IMG_20220504_134513-3-300x225.jpg 300w, https:\/\/blogsaverroes.juntadeandalucia.es\/ladrilloaladrillo\/files\/2022\/05\/IMG_20220504_134513-3-768x576.jpg 768w, https:\/\/blogsaverroes.juntadeandalucia.es\/ladrilloaladrillo\/files\/2022\/05\/IMG_20220504_134513-3-1536x1152.jpg 1536w, https:\/\/blogsaverroes.juntadeandalucia.es\/ladrilloaladrillo\/files\/2022\/05\/IMG_20220504_134513-3.jpg 1984w\" sizes=\"(max-width: 1024px) 100vw, 1024px\" \/><\/p>\n<p>&nbsp;<\/p>\n","protected":false},"excerpt":{"rendered":"<p>Mi nombre es Juan Pe\u00f1a y soy maestro en la escuela p\u00fablica andaluza desde el a\u00f1o 2017.&nbsp; &nbsp; Desde hace algunos a\u00f1os he tenido la oportunidad de formarme y desarrollar proyectos ligados a metodolog\u00edas&#46;&#46;&#46;<\/p>\n","protected":false},"author":15009,"featured_media":0,"parent":0,"menu_order":0,"comment_status":"closed","ping_status":"closed","template":"","meta":{"ngg_post_thumbnail":0,"footnotes":""},"aioseo_notices":[],"_links":{"self":[{"href":"https:\/\/blogsaverroes.juntadeandalucia.es\/ladrilloaladrillo\/wp-json\/wp\/v2\/pages\/11"}],"collection":[{"href":"https:\/\/blogsaverroes.juntadeandalucia.es\/ladrilloaladrillo\/wp-json\/wp\/v2\/pages"}],"about":[{"href":"https:\/\/blogsaverroes.juntadeandalucia.es\/ladrilloaladrillo\/wp-json\/wp\/v2\/types\/page"}],"author":[{"embeddable":true,"href":"https:\/\/blogsaverroes.juntadeandalucia.es\/ladrilloaladrillo\/wp-json\/wp\/v2\/users\/15009"}],"replies":[{"embeddable":true,"href":"https:\/\/blogsaverroes.juntadeandalucia.es\/ladrilloaladrillo\/wp-json\/wp\/v2\/comments?post=11"}],"version-history":[{"count":16,"href":"https:\/\/blogsaverroes.juntadeandalucia.es\/ladrilloaladrillo\/wp-json\/wp\/v2\/pages\/11\/revisions"}],"predecessor-version":[{"id":536,"href":"https:\/\/blogsaverroes.juntadeandalucia.es\/ladrilloaladrillo\/wp-json\/wp\/v2\/pages\/11\/revisions\/536"}],"wp:attachment":[{"href":"https:\/\/blogsaverroes.juntadeandalucia.es\/ladrilloaladrillo\/wp-json\/wp\/v2\/media?parent=11"}],"curies":[{"name":"wp","href":"https:\/\/api.w.org\/{rel}","templated":true}]}}