{"id":129,"date":"2022-06-21T13:50:40","date_gmt":"2022-06-21T11:50:40","guid":{"rendered":"https:\/\/blogsaverroes.juntadeandalucia.es\/ladrilloaladrillo\/?page_id=129"},"modified":"2023-05-12T09:38:42","modified_gmt":"2023-05-12T07:38:42","slug":"beneficios","status":"publish","type":"page","link":"https:\/\/blogsaverroes.juntadeandalucia.es\/ladrilloaladrillo\/beneficios\/","title":{"rendered":"\u00bfQu\u00e9 se trabaja?"},"content":{"rendered":"<p><span style=\"font-family: 'comic sans ms', sans-serif\">Las habilidades que podemos desarrollar y reforzar en nuestro alumnado al realizar actividades y din\u00e1micas de trabajo basadas en herramientas como Six Bricks (que implican el uso de ladrillos LEGO) son pr\u00e1cticamente infinitas. Entre ellas, podemos destacar las siguientes:<\/span><\/p>\n<p><span style=\"font-family: 'comic sans ms', sans-serif\"><strong>HABILIDADES PERCEPTIVAS<\/strong> (percepci\u00f3n espacial, memoria visual, propiocepci\u00f3n, lateralidad, discriminaci\u00f3n auditiva&#8230;)<\/span><\/p>\n<p><strong><span style=\"font-family: 'comic sans ms', sans-serif\">HABILIDADES ARITM\u00c9TICAS <\/span><\/strong><span style=\"font-family: 'comic sans ms', sans-serif\">(<\/span><span style=\"font-family: 'comic sans ms', sans-serif\">relaciones espaciales, clasificaci\u00f3n de formas y colores, numeraci\u00f3n, operaciones y c\u00e1lculos matem\u00e1ticos, resoluci\u00f3n de problemas, tratamiento de datos, patrones y secuencias, direcciones y medidas&#8230;)<\/span><\/p>\n<p><strong><span style=\"font-family: 'comic sans ms', sans-serif\">ALFABETIZACI\u00d3N&nbsp;<\/span><\/strong><span style=\"font-family: 'comic sans ms', sans-serif\">(desarrollo de habilidades previas a la lectura, discriminaci\u00f3n visual y auditiva, mejora de la fluidez del movimiento ocular, desarrollo de habilidades motoras gruesas y finas para la escritura, mejora de la comprensi\u00f3n y expresi\u00f3n oral&#8230;)<\/span><\/p>\n<p><span style=\"font-family: 'comic sans ms', sans-serif\"><strong>HABILIDADES PSICOMOTORAS<\/strong> (experiencias sensiorio-motoras, dominancia lateral, coordinaci\u00f3n mano-ojo, memoria kinest\u00e9sica, mejora del equilibrio y la higiene postural&#8230;)<\/span><\/p>\n<p><strong><span style=\"font-family: 'comic sans ms', sans-serif\">HABILIDADES SOCIALES Y EMOCIONALES&nbsp;<\/span><\/strong><span style=\"font-family: 'comic sans ms', sans-serif\">(aumento de la confianza, el autoestima, la empat\u00eda y el respeto, mejora de la capacidad para tomar decisiones, desarrollar planes y resolver problemas, experimentaci\u00f3n, expresi\u00f3n y gesti\u00f3n de emociones, trabajo cooperativo&#8230;)<\/span><\/p>\n<p><strong><span style=\"font-family: 'comic sans ms', sans-serif\">FUNCI\u00d3N EJECUTIVA Y AUTORREGULACI\u00d3N<\/span><\/strong><\/p>\n<p>&nbsp;<\/p>\n","protected":false},"excerpt":{"rendered":"<p>Las habilidades que podemos desarrollar y reforzar en nuestro alumnado al realizar actividades y din\u00e1micas de trabajo basadas en herramientas como Six Bricks (que implican el uso de ladrillos LEGO) son pr\u00e1cticamente infinitas. Entre&#46;&#46;&#46;<\/p>\n","protected":false},"author":15009,"featured_media":130,"parent":0,"menu_order":0,"comment_status":"closed","ping_status":"closed","template":"","meta":{"ngg_post_thumbnail":0,"footnotes":""},"aioseo_notices":[],"_links":{"self":[{"href":"https:\/\/blogsaverroes.juntadeandalucia.es\/ladrilloaladrillo\/wp-json\/wp\/v2\/pages\/129"}],"collection":[{"href":"https:\/\/blogsaverroes.juntadeandalucia.es\/ladrilloaladrillo\/wp-json\/wp\/v2\/pages"}],"about":[{"href":"https:\/\/blogsaverroes.juntadeandalucia.es\/ladrilloaladrillo\/wp-json\/wp\/v2\/types\/page"}],"author":[{"embeddable":true,"href":"https:\/\/blogsaverroes.juntadeandalucia.es\/ladrilloaladrillo\/wp-json\/wp\/v2\/users\/15009"}],"replies":[{"embeddable":true,"href":"https:\/\/blogsaverroes.juntadeandalucia.es\/ladrilloaladrillo\/wp-json\/wp\/v2\/comments?post=129"}],"version-history":[{"count":9,"href":"https:\/\/blogsaverroes.juntadeandalucia.es\/ladrilloaladrillo\/wp-json\/wp\/v2\/pages\/129\/revisions"}],"predecessor-version":[{"id":534,"href":"https:\/\/blogsaverroes.juntadeandalucia.es\/ladrilloaladrillo\/wp-json\/wp\/v2\/pages\/129\/revisions\/534"}],"wp:featuredmedia":[{"embeddable":true,"href":"https:\/\/blogsaverroes.juntadeandalucia.es\/ladrilloaladrillo\/wp-json\/wp\/v2\/media\/130"}],"wp:attachment":[{"href":"https:\/\/blogsaverroes.juntadeandalucia.es\/ladrilloaladrillo\/wp-json\/wp\/v2\/media?parent=129"}],"curies":[{"name":"wp","href":"https:\/\/api.w.org\/{rel}","templated":true}]}}