{"id":180,"date":"2021-04-25T18:33:22","date_gmt":"2021-04-25T18:33:22","guid":{"rendered":"https:\/\/blogsaverroes.juntadeandalucia.es\/laescueladua\/?page_id=180"},"modified":"2026-04-19T11:09:54","modified_gmt":"2026-04-19T11:09:54","slug":"ciudadania-digital","status":"publish","type":"page","link":"https:\/\/blogsaverroes.juntadeandalucia.es\/laescueladua\/ciudadania-digital\/","title":{"rendered":"Ciudadan\u00eda Digital"},"content":{"rendered":"<p>Queremos formar buenos ciudadanos y ciudadanas digitales. Pasamos m\u00e1s de la mitad de nuestro tiempo en el mundo digital, tenemos que aprender a convivir en esta nueva realidad.<\/p>\n<table style=\"border-collapse: collapse;width: 100%\">\n<tbody>\n<tr>\n<td style=\"width: 33.3333%\"><img loading=\"lazy\" decoding=\"async\" class=\"alignleft size-large wp-image-2577\" src=\"https:\/\/blogsaverroes.juntadeandalucia.es\/laescueladua\/files\/2026\/04\/respnsabilidad23-572x1024.png\" alt=\"\" width=\"572\" height=\"1024\" srcset=\"https:\/\/blogsaverroes.juntadeandalucia.es\/laescueladua\/files\/2026\/04\/respnsabilidad23-572x1024.png 572w, https:\/\/blogsaverroes.juntadeandalucia.es\/laescueladua\/files\/2026\/04\/respnsabilidad23-167x300.png 167w, https:\/\/blogsaverroes.juntadeandalucia.es\/laescueladua\/files\/2026\/04\/respnsabilidad23-768x1376.png 768w, https:\/\/blogsaverroes.juntadeandalucia.es\/laescueladua\/files\/2026\/04\/respnsabilidad23-857x1536.png 857w, https:\/\/blogsaverroes.juntadeandalucia.es\/laescueladua\/files\/2026\/04\/respnsabilidad23-1143x2048.png 1143w, https:\/\/blogsaverroes.juntadeandalucia.es\/laescueladua\/files\/2026\/04\/respnsabilidad23-1053x1887.png 1053w, https:\/\/blogsaverroes.juntadeandalucia.es\/laescueladua\/files\/2026\/04\/respnsabilidad23.png 1536w\" sizes=\"(max-width: 572px) 100vw, 572px\" \/><\/td>\n<td style=\"width: 33.3333%\"><img loading=\"lazy\" decoding=\"async\" class=\"alignleft size-large wp-image-2579\" src=\"https:\/\/blogsaverroes.juntadeandalucia.es\/laescueladua\/files\/2026\/04\/bastaunavez2-572x1024.png\" alt=\"\" width=\"572\" height=\"1024\" srcset=\"https:\/\/blogsaverroes.juntadeandalucia.es\/laescueladua\/files\/2026\/04\/bastaunavez2-572x1024.png 572w, https:\/\/blogsaverroes.juntadeandalucia.es\/laescueladua\/files\/2026\/04\/bastaunavez2-167x300.png 167w, https:\/\/blogsaverroes.juntadeandalucia.es\/laescueladua\/files\/2026\/04\/bastaunavez2-768x1376.png 768w, https:\/\/blogsaverroes.juntadeandalucia.es\/laescueladua\/files\/2026\/04\/bastaunavez2-857x1536.png 857w, https:\/\/blogsaverroes.juntadeandalucia.es\/laescueladua\/files\/2026\/04\/bastaunavez2-1143x2048.png 1143w, https:\/\/blogsaverroes.juntadeandalucia.es\/laescueladua\/files\/2026\/04\/bastaunavez2-1053x1887.png 1053w, https:\/\/blogsaverroes.juntadeandalucia.es\/laescueladua\/files\/2026\/04\/bastaunavez2.png 1536w\" sizes=\"(max-width: 572px) 100vw, 572px\" \/><\/td>\n<td style=\"width: 33.3333%\"><img loading=\"lazy\" decoding=\"async\" class=\"alignleft wp-image-2578 size-large\" src=\"https:\/\/blogsaverroes.juntadeandalucia.es\/laescueladua\/files\/2026\/04\/responsabilidad2-572x1024.png\" alt=\"\" width=\"572\" height=\"1024\" srcset=\"https:\/\/blogsaverroes.juntadeandalucia.es\/laescueladua\/files\/2026\/04\/responsabilidad2-572x1024.png 572w, https:\/\/blogsaverroes.juntadeandalucia.es\/laescueladua\/files\/2026\/04\/responsabilidad2-167x300.png 167w, https:\/\/blogsaverroes.juntadeandalucia.es\/laescueladua\/files\/2026\/04\/responsabilidad2-768x1376.png 768w, https:\/\/blogsaverroes.juntadeandalucia.es\/laescueladua\/files\/2026\/04\/responsabilidad2-857x1536.png 857w, https:\/\/blogsaverroes.juntadeandalucia.es\/laescueladua\/files\/2026\/04\/responsabilidad2-1143x2048.png 1143w, https:\/\/blogsaverroes.juntadeandalucia.es\/laescueladua\/files\/2026\/04\/responsabilidad2-1053x1887.png 1053w, https:\/\/blogsaverroes.juntadeandalucia.es\/laescueladua\/files\/2026\/04\/responsabilidad2.png 1536w\" sizes=\"(max-width: 572px) 100vw, 572px\" \/><\/td>\n<\/tr>\n<\/tbody>\n<\/table>\n<p>He creado unas gu\u00edas sobre diferentes temas relacionados con la ciudadan\u00eda digital, todas ellas vienen con actividades para trabajar los diferentes conceptos.<\/p>\n<p>Las puedes usar en TIC, en tutor\u00eda, en clase de lengua o en clase de sociales:<\/p>\n<ul>\n<li><strong>Ciudadan\u00eda digital<\/strong> de Juan Jos\u00e9 de Haro Oll\u00e9. Ministerio de Educaci\u00f3n y Formaci\u00f3n Profesional. (<a href=\"https:\/\/blogsaverroes.juntadeandalucia.es\/laescueladua\/files\/2022\/01\/21927.pdf\">aqu\u00ed)<\/a><\/li>\n<li><strong>Ciberacoso<\/strong> (material del programa ConRed) (<a href=\"https:\/\/blogsaverroes.juntadeandalucia.es\/laescueladua\/files\/2021\/06\/Ciberacoso.pdf\">Ciberacoso<\/a>)<\/li>\n<li><strong>Netiqueta<\/strong>. (<a href=\"https:\/\/drive.google.com\/file\/d\/1PClfKXG9KinHOalD_W2vx1Mea5qoncbd\/view?usp=sharing\">aqu\u00ed<\/a>)<\/li>\n<li><strong>Fake news<\/strong>. (<a href=\"https:\/\/drive.google.com\/file\/d\/1whIGunnm80pT3oJOjP6kOKD0ZhCkb_bk\/view?usp=sharing\">aqu\u00ed<\/a>)<\/li>\n<li><strong>DeepNews<\/strong> (<a href=\"https:\/\/blogsaverroes.juntadeandalucia.es\/laescueladua\/files\/2021\/11\/deep-news.pdf\">aqu\u00ed<\/a>)<\/li>\n<li><strong>Fake Jobs<\/strong> (<a href=\"https:\/\/blogsaverroes.juntadeandalucia.es\/laescueladua\/files\/2021\/12\/fakes-jobs.pdf\">fakes jobs)<\/a><\/li>\n<li><strong>Delito de odio<\/strong>. (<a href=\"https:\/\/blogsaverroes.juntadeandalucia.es\/laescueladua\/files\/2021\/06\/discurso-de-odio.pdf\">discurso de odio<\/a>)<\/li>\n<li><strong>Gu\u00eda de bolsillo para ciberactivistas<\/strong> (<a href=\"https:\/\/blogsaverroes.juntadeandalucia.es\/laescueladua\/files\/2021\/06\/guia_bolsillo_ciberespect_ESP.pdf\">guia_bolsillo_ciberespect_ESP<\/a>)<\/li>\n<\/ul>\n<p>Te recomiendo los v\u00eddeos del explorador Incibe<\/p>\n<p>&nbsp;<\/p>\n<div class=\"embed-container\"><iframe loading=\"lazy\" title=\"Cazando Deepfake - Teaser | #ExploradorINCIBE\" width=\"1053\" height=\"592\" src=\"https:\/\/www.youtube.com\/embed\/PUBCtdHSZ9M?feature=oembed\" frameborder=\"0\" allow=\"accelerometer; autoplay; clipboard-write; encrypted-media; gyroscope; picture-in-picture; web-share\" referrerpolicy=\"strict-origin-when-cross-origin\" allowfullscreen><\/iframe><\/div>\n","protected":false},"excerpt":{"rendered":"<p>Queremos formar buenos ciudadanos y ciudadanas digitales. Pasamos m\u00e1s de la mitad de nuestro tiempo en el mundo digital, tenemos que aprender a convivir en esta nueva realidad. He creado unas gu\u00edas sobre diferentes temas relacionados con la ciudadan\u00eda digital, todas ellas vienen con actividades para trabajar los diferentes conceptos. Las puedes usar en TIC, &hellip; <\/p>\n<p><a class=\"more-link btn\" href=\"https:\/\/blogsaverroes.juntadeandalucia.es\/laescueladua\/ciudadania-digital\/\">Seguir leyendo<\/a><\/p>\n","protected":false},"author":12694,"featured_media":0,"parent":0,"menu_order":0,"comment_status":"closed","ping_status":"closed","template":"","meta":{"ngg_post_thumbnail":0,"footnotes":""},"aioseo_notices":[],"_links":{"self":[{"href":"https:\/\/blogsaverroes.juntadeandalucia.es\/laescueladua\/wp-json\/wp\/v2\/pages\/180"}],"collection":[{"href":"https:\/\/blogsaverroes.juntadeandalucia.es\/laescueladua\/wp-json\/wp\/v2\/pages"}],"about":[{"href":"https:\/\/blogsaverroes.juntadeandalucia.es\/laescueladua\/wp-json\/wp\/v2\/types\/page"}],"author":[{"embeddable":true,"href":"https:\/\/blogsaverroes.juntadeandalucia.es\/laescueladua\/wp-json\/wp\/v2\/users\/12694"}],"replies":[{"embeddable":true,"href":"https:\/\/blogsaverroes.juntadeandalucia.es\/laescueladua\/wp-json\/wp\/v2\/comments?post=180"}],"version-history":[{"count":12,"href":"https:\/\/blogsaverroes.juntadeandalucia.es\/laescueladua\/wp-json\/wp\/v2\/pages\/180\/revisions"}],"predecessor-version":[{"id":2581,"href":"https:\/\/blogsaverroes.juntadeandalucia.es\/laescueladua\/wp-json\/wp\/v2\/pages\/180\/revisions\/2581"}],"wp:attachment":[{"href":"https:\/\/blogsaverroes.juntadeandalucia.es\/laescueladua\/wp-json\/wp\/v2\/media?parent=180"}],"curies":[{"name":"wp","href":"https:\/\/api.w.org\/{rel}","templated":true}]}}