{"id":1903,"date":"2024-11-14T19:17:02","date_gmt":"2024-11-14T19:17:02","guid":{"rendered":"https:\/\/blogsaverroes.juntadeandalucia.es\/laescueladua\/about-us\/"},"modified":"2025-09-13T18:10:45","modified_gmt":"2025-09-13T18:10:45","slug":"about-us","status":"publish","type":"page","link":"https:\/\/blogsaverroes.juntadeandalucia.es\/laescueladua\/about-us\/","title":{"rendered":"Sobre SteamWona"},"content":{"rendered":"<p><img loading=\"lazy\" decoding=\"async\" class=\"alignleft size-full wp-image-1906\" src=\"https:\/\/blogsaverroes.juntadeandalucia.es\/laescueladua\/files\/2022\/12\/cropped-cropped-Logo-.gif\" alt=\"\" width=\"248\" height=\"248\">Soy SteamWona. Una profesora de un instituto de secundaria con muchos a\u00f1os de experiencia en la docencia.<\/p>\n<p>Mi centro ten\u00eda los llamados talleres TIC como alternativa a los refuerzos desde el 2005, empec\u00e9 con la rob\u00f3tica en 2011.&nbsp;<\/p>\n<p>Actualmente imparto Computaci\u00f3n y rob\u00f3tica de 1\u00ba a 3\u00ba ESO, Digitalizaci\u00f3n, TIC y CDyPC<\/p>\n<p>\u00bfPor qu\u00e9 SteamWona? Es el nombre de un proyecto de 2021 en el que buscamos antiguas alumnas del IES que fueran mujeres STEAM que pudieran ser referentes para nuestras alumnas. Somos \u00abmujeres maravilla\u00bb<\/p>\n","protected":false},"excerpt":{"rendered":"<p>Soy SteamWona. Una profesora de un instituto de secundaria con muchos a\u00f1os de experiencia en la docencia. Mi centro ten\u00eda los llamados talleres TIC como alternativa a los refuerzos desde el 2005, empec\u00e9 con la rob\u00f3tica en 2011.&nbsp; Actualmente imparto Computaci\u00f3n y rob\u00f3tica de 1\u00ba a 3\u00ba ESO, Digitalizaci\u00f3n, TIC y CDyPC \u00bfPor qu\u00e9 SteamWona? &hellip; <\/p>\n<p><a class=\"more-link btn\" href=\"https:\/\/blogsaverroes.juntadeandalucia.es\/laescueladua\/about-us\/\">Seguir leyendo<\/a><\/p>\n","protected":false},"author":1,"featured_media":0,"parent":0,"menu_order":0,"comment_status":"closed","ping_status":"closed","template":"","meta":{"ngg_post_thumbnail":0,"footnotes":""},"aioseo_notices":[],"_links":{"self":[{"href":"https:\/\/blogsaverroes.juntadeandalucia.es\/laescueladua\/wp-json\/wp\/v2\/pages\/1903"}],"collection":[{"href":"https:\/\/blogsaverroes.juntadeandalucia.es\/laescueladua\/wp-json\/wp\/v2\/pages"}],"about":[{"href":"https:\/\/blogsaverroes.juntadeandalucia.es\/laescueladua\/wp-json\/wp\/v2\/types\/page"}],"author":[{"embeddable":true,"href":"https:\/\/blogsaverroes.juntadeandalucia.es\/laescueladua\/wp-json\/wp\/v2\/users\/1"}],"replies":[{"embeddable":true,"href":"https:\/\/blogsaverroes.juntadeandalucia.es\/laescueladua\/wp-json\/wp\/v2\/comments?post=1903"}],"version-history":[{"count":3,"href":"https:\/\/blogsaverroes.juntadeandalucia.es\/laescueladua\/wp-json\/wp\/v2\/pages\/1903\/revisions"}],"predecessor-version":[{"id":2187,"href":"https:\/\/blogsaverroes.juntadeandalucia.es\/laescueladua\/wp-json\/wp\/v2\/pages\/1903\/revisions\/2187"}],"wp:attachment":[{"href":"https:\/\/blogsaverroes.juntadeandalucia.es\/laescueladua\/wp-json\/wp\/v2\/media?parent=1903"}],"curies":[{"name":"wp","href":"https:\/\/api.w.org\/{rel}","templated":true}]}}