{"id":2,"date":"2021-03-26T10:16:24","date_gmt":"2021-03-26T10:16:24","guid":{"rendered":"https:\/\/blogsaverroes.juntadeandalucia.es\/laescueladua\/?page_id=2"},"modified":"2026-04-22T21:43:03","modified_gmt":"2026-04-22T21:43:03","slug":"mujeres_steam","status":"publish","type":"page","link":"https:\/\/blogsaverroes.juntadeandalucia.es\/laescueladua\/mujeres_steam\/","title":{"rendered":"Mujeres STEAM"},"content":{"rendered":"<p>Las mujeres y ni\u00f1as encuentran barreras de muchos tipos, a veces muy sutiles, que dificultan su presencia en la ciencia. El 15 de diciembre de 2015 la Asamblea General de las Naciones Unidas proclam\u00f3 el 11 de febrero <strong>D\u00eda internacional de la mujer y la ni\u00f1a en la ciencia<\/strong> invitando a que se organizaran actividades de educaci\u00f3n y sensibilizaci\u00f3n p\u00fablica que ayudaran a logar una mayor participaci\u00f3n y progreso de las mujeres y las ni\u00f1as en la ciencia.<\/p>\n<p>Conoce el proyecto <span style=\"font-size: 14pt\"><strong>SteamWona<\/strong><\/span><a href=\"https:\/\/iesmonterrosotic.wixsite.com\/steamwona\"> https:\/\/iesmonterrosotic.wixsite.com\/steamwona<\/a><\/p>\n<p>Todos los a\u00f1os organizo actividades para dar <strong>visibilidad a las mujeres en las ense\u00f1anzas STEAM<\/strong>. Bajo un lema anual y una web que recoge las actividades:<\/p>\n<p style=\"text-align: center\"><img loading=\"lazy\" decoding=\"async\" class=\"alignnone wp-image-94\" src=\"https:\/\/blogsaverroes.juntadeandalucia.es\/laescueladua\/files\/2021\/04\/Captura-de-pantalla-de-2021-04-24-14-29-24-e1619267495442-300x213.png\" alt=\"\" width=\"192\" height=\"136\" srcset=\"https:\/\/blogsaverroes.juntadeandalucia.es\/laescueladua\/files\/2021\/04\/Captura-de-pantalla-de-2021-04-24-14-29-24-e1619267495442-300x213.png 300w, https:\/\/blogsaverroes.juntadeandalucia.es\/laescueladua\/files\/2021\/04\/Captura-de-pantalla-de-2021-04-24-14-29-24-e1619267495442-1024x728.png 1024w, https:\/\/blogsaverroes.juntadeandalucia.es\/laescueladua\/files\/2021\/04\/Captura-de-pantalla-de-2021-04-24-14-29-24-e1619267495442-768x546.png 768w, https:\/\/blogsaverroes.juntadeandalucia.es\/laescueladua\/files\/2021\/04\/Captura-de-pantalla-de-2021-04-24-14-29-24-e1619267495442.png 1080w\" sizes=\"(max-width: 192px) 100vw, 192px\" \/> <img loading=\"lazy\" decoding=\"async\" class=\"alignnone wp-image-93\" src=\"https:\/\/blogsaverroes.juntadeandalucia.es\/laescueladua\/files\/2021\/04\/Captura-de-pantalla-de-2021-04-24-14-28-45-e1619267452665-300x258.png\" alt=\"\" width=\"164\" height=\"141\" srcset=\"https:\/\/blogsaverroes.juntadeandalucia.es\/laescueladua\/files\/2021\/04\/Captura-de-pantalla-de-2021-04-24-14-28-45-e1619267452665-300x258.png 300w, https:\/\/blogsaverroes.juntadeandalucia.es\/laescueladua\/files\/2021\/04\/Captura-de-pantalla-de-2021-04-24-14-28-45-e1619267452665-1024x880.png 1024w, https:\/\/blogsaverroes.juntadeandalucia.es\/laescueladua\/files\/2021\/04\/Captura-de-pantalla-de-2021-04-24-14-28-45-e1619267452665-768x660.png 768w, https:\/\/blogsaverroes.juntadeandalucia.es\/laescueladua\/files\/2021\/04\/Captura-de-pantalla-de-2021-04-24-14-28-45-e1619267452665.png 1027w\" sizes=\"(max-width: 164px) 100vw, 164px\" \/><\/p>\n<ul>\n<li>En el a\u00f1o 2018: <strong>NO TE LIMITES:<\/strong>&nbsp; <span style=\"font-size: 8pt\"><a href=\"https:\/\/mecky1972.wixsite.com\/notelimites\">https:\/\/mecky1972.wixsite.com\/notelimites<\/a><\/span><\/li>\n<li>En el a\u00f1o 2019: <strong>ELLAS CUENTAN<\/strong>: <span style=\"font-size: 8pt\"><a href=\"https:\/\/iesmonterrosotic.wixsite.com\/ellascuentan\">https:\/\/iesmonterrosotic.wixsite.com\/ellascuentan<\/a><\/span><\/li>\n<li>En el a\u00f1o 2020:<strong> QUIERO SER ESCAPISTA<\/strong> <a href=\"https:\/\/iesmonterrosotic.wixsite.com\/quieroserescapista\"><span style=\"font-size: 8pt\">https:\/\/iesmonterrosotic.wixsite.com\/quieroserescapista<\/span><\/a><\/li>\n<li>En el a\u00f1o 2021: <strong>MUJERES 21<\/strong>: <span style=\"font-size: 8pt\"><a href=\"https:\/\/iesmonterrosotic.wixsite.com\/mujeres21\">https:\/\/iesmonterrosotic.wixsite.com\/mujeres21<\/a><\/span><\/li>\n<li>En el a\u00f1o 2022: <strong>MUJER \u00c1RBOL <\/strong><span style=\"font-size: 8pt\"><a href=\"https:\/\/iesmonterrosotic.wixsite.com\/steam22\">https:\/\/iesmonterrosotic.wixsite.com\/steam22<\/a><\/span><\/li>\n<li>En el a\u00f1o 2024: <strong>CR\u00d3NICAS DIGITALES,<\/strong> la historia del videojuego&nbsp; <span style=\"font-size: 8pt\"><a href=\"https:\/\/iesmonterrosotic.wixsite.com\/cronicas-digitales\">https:\/\/iesmonterrosotic.wixsite.com\/cronicas-digitales<\/a><\/span><\/li>\n<li>En el a\u00f1o 2026: <strong>LA M\u00c1SCARA <\/strong>. Mujeres de Betcheley Park <a href=\"https:\/\/mariabarrutia.wixsite.com\/lamascara\"><span style=\"font-size: 8pt\">https:\/\/mariabarrutia.wixsite.com\/lamascara<\/span><\/a><\/li>\n<\/ul>\n<p>&nbsp;<\/p>\n<p><span style=\"font-size: 14pt\"><strong>Adem\u00e1s puedes consultar:<\/strong><\/span><\/p>\n<p style=\"text-align: center\"><img loading=\"lazy\" decoding=\"async\" class=\"alignnone wp-image-99\" src=\"https:\/\/blogsaverroes.juntadeandalucia.es\/laescueladua\/files\/2021\/04\/Captura-de-pantalla-de-2021-04-24-14-38-13-e1619268032833-300x208.png\" alt=\"\" width=\"215\" height=\"149\" srcset=\"https:\/\/blogsaverroes.juntadeandalucia.es\/laescueladua\/files\/2021\/04\/Captura-de-pantalla-de-2021-04-24-14-38-13-e1619268032833-300x208.png 300w, https:\/\/blogsaverroes.juntadeandalucia.es\/laescueladua\/files\/2021\/04\/Captura-de-pantalla-de-2021-04-24-14-38-13-e1619268032833-768x533.png 768w, https:\/\/blogsaverroes.juntadeandalucia.es\/laescueladua\/files\/2021\/04\/Captura-de-pantalla-de-2021-04-24-14-38-13-e1619268032833.png 974w\" sizes=\"(max-width: 215px) 100vw, 215px\" \/> <img loading=\"lazy\" decoding=\"async\" class=\"alignnone wp-image-98\" src=\"https:\/\/blogsaverroes.juntadeandalucia.es\/laescueladua\/files\/2021\/04\/Captura-de-pantalla-de-2021-04-24-14-37-54-e1619268009880-300x214.png\" alt=\"\" width=\"214\" height=\"153\" srcset=\"https:\/\/blogsaverroes.juntadeandalucia.es\/laescueladua\/files\/2021\/04\/Captura-de-pantalla-de-2021-04-24-14-37-54-e1619268009880-300x214.png 300w, https:\/\/blogsaverroes.juntadeandalucia.es\/laescueladua\/files\/2021\/04\/Captura-de-pantalla-de-2021-04-24-14-37-54-e1619268009880.png 686w\" sizes=\"(max-width: 214px) 100vw, 214px\" \/><\/p>\n<ul>\n<li>Actividades del 8 de marzo (2018) con actividades de investigaci\u00f3n de los alumnos y alumnas:<\/li>\n<\/ul>\n<p style=\"padding-left: 40px\"><a href=\"https:\/\/iesmonterrosotic.wixsite.com\/8demarzo\"><span style=\"font-size: 8pt\">https:\/\/iesmonterrosotic.wixsite.com\/8demarzo<\/span><\/a><\/p>\n<ul>\n<li>Las actividades del proyecto \u00abDesmontando mitos del amor rom\u00e1ntico\u00bb (2020)<\/li>\n<\/ul>\n<p style=\"padding-left: 40px\"><span style=\"font-size: 8pt\"><a href=\"https:\/\/iesmonterrosotic.wixsite.com\/desmontandomitos\">https:\/\/iesmonterrosotic.wixsite.com\/desmontandomitos<\/a><\/span><\/p>\n<ul>\n<li>Nuestra web de juegos (todos creados por los alumnos y alumnos en formato descargable):<\/li>\n<\/ul>\n<p style=\"padding-left: 40px\"><span style=\"font-size: 8pt\"><a href=\"https:\/\/iesmonterrosotic.wixsite.com\/juegaconlaigualdad\">https:\/\/iesmonterrosotic.wixsite.com\/juegaconlaigualdad<\/a><\/span><\/p>\n<h2>Otros materiales<\/h2>\n<ul>\n<li><a href=\"https:\/\/blogsaverroes.juntadeandalucia.es\/laescueladua\/files\/2022\/03\/GU\u00cdA-COEDUCATIVA-FEMINISMO-DESDE-LA-BASE-.pdf\">GU\u00cdA COEDUCATIVA FEMINISMO DESDE LA BASE<\/a> de Pilar M\u00e1rmol. NO es m\u00edo pero lo recomiendo como si lo fuera.<\/li>\n<li>Feminismo&nbsp; de base en las TIC<\/li>\n<\/ul>\n<p>&nbsp;<\/p>\n","protected":false},"excerpt":{"rendered":"<p>Las mujeres y ni\u00f1as encuentran barreras de muchos tipos, a veces muy sutiles, que dificultan su presencia en la ciencia. El 15 de diciembre de 2015 la Asamblea General de las Naciones Unidas proclam\u00f3 el 11 de febrero D\u00eda internacional de la mujer y la ni\u00f1a en la ciencia invitando a que se organizaran actividades &hellip; <\/p>\n<p><a class=\"more-link btn\" href=\"https:\/\/blogsaverroes.juntadeandalucia.es\/laescueladua\/mujeres_steam\/\">Seguir leyendo<\/a><\/p>\n","protected":false},"author":12694,"featured_media":0,"parent":0,"menu_order":0,"comment_status":"closed","ping_status":"open","template":"","meta":{"ngg_post_thumbnail":0,"footnotes":""},"aioseo_notices":[],"_links":{"self":[{"href":"https:\/\/blogsaverroes.juntadeandalucia.es\/laescueladua\/wp-json\/wp\/v2\/pages\/2"}],"collection":[{"href":"https:\/\/blogsaverroes.juntadeandalucia.es\/laescueladua\/wp-json\/wp\/v2\/pages"}],"about":[{"href":"https:\/\/blogsaverroes.juntadeandalucia.es\/laescueladua\/wp-json\/wp\/v2\/types\/page"}],"author":[{"embeddable":true,"href":"https:\/\/blogsaverroes.juntadeandalucia.es\/laescueladua\/wp-json\/wp\/v2\/users\/12694"}],"replies":[{"embeddable":true,"href":"https:\/\/blogsaverroes.juntadeandalucia.es\/laescueladua\/wp-json\/wp\/v2\/comments?post=2"}],"version-history":[{"count":15,"href":"https:\/\/blogsaverroes.juntadeandalucia.es\/laescueladua\/wp-json\/wp\/v2\/pages\/2\/revisions"}],"predecessor-version":[{"id":2625,"href":"https:\/\/blogsaverroes.juntadeandalucia.es\/laescueladua\/wp-json\/wp\/v2\/pages\/2\/revisions\/2625"}],"wp:attachment":[{"href":"https:\/\/blogsaverroes.juntadeandalucia.es\/laescueladua\/wp-json\/wp\/v2\/media?parent=2"}],"curies":[{"name":"wp","href":"https:\/\/api.w.org\/{rel}","templated":true}]}}