{"id":207,"date":"2021-05-04T06:43:55","date_gmt":"2021-05-04T06:43:55","guid":{"rendered":"https:\/\/blogsaverroes.juntadeandalucia.es\/laescueladua\/?page_id=207"},"modified":"2026-04-19T11:00:32","modified_gmt":"2026-04-19T11:00:32","slug":"juegos","status":"publish","type":"page","link":"https:\/\/blogsaverroes.juntadeandalucia.es\/laescueladua\/juegos\/","title":{"rendered":"Juegos para el pensamiento computacional"},"content":{"rendered":"<p><img loading=\"lazy\" decoding=\"async\" class=\"alignleft wp-image-1906\" src=\"https:\/\/blogsaverroes.juntadeandalucia.es\/laescueladua\/files\/2022\/12\/cropped-cropped-Logo-.gif\" alt=\"\" width=\"61\" height=\"61\"><\/p>\n<p>A continuaci\u00f3n os dejo una lista de juegos de mesa que desarrollan el pensamiento computacional y permiten estudiar conceptos sobre la inform\u00e1tica:<\/p>\n<ul>\n<li><strong>Quiero ser influencer<\/strong> :De la plataforma is4k. <a href=\"https:\/\/www.is4k.es\/sites\/default\/files\/contenidos\/materiales\/Campanas\/is4k_de-mayor-quiero-ser-influencer.pdf\">https:\/\/www.is4k.es\/sites\/default\/files\/contenidos\/materiales\/Campanas\/is4k_de-mayor-quiero-ser-influencer.pdf<\/a><\/li>\n<li><strong>Moon: <\/strong>Moon es un juego de cartas donde controlamos la computadora del m\u00f3dulo lunar Eagle durante el primer alunizaje. Solo 3 minutos antes de alunizar, \u00a1la computadora fall\u00f3! Gracias al buen dise\u00f1o de los ingenieros de software del equipo liderado por Margaret Hamilton se logr\u00f3 evitar un fallo fatal. Deberemos emular esas rutinas de software para ayudar a los astronautas a alunizar de forma segura.<strong><br \/>\n<\/strong><\/li>\n<li><strong>Arqueras de Nand:<\/strong> Juego de mesa para aprender SQL<strong><br \/>\n<\/strong><\/li>\n<li><span class=\"ILfuVd\"><span class=\"hgKElc\"><b>Nobel Run<\/b> es un <b>juego<\/b> de construcci\u00f3n de mazos en el que gestionar\u00e1s un equipo de investigaci\u00f3n, contratar\u00e1s predocs, postdocs y seniors, publicar\u00e1s art\u00edculos y lograr\u00e1s financiaci\u00f3n mediante proyectos internacionales. Cient\u00edficas e inventoras de primer nivel te ayudar\u00e1n en tu prop\u00f3sito.<\/span><\/span><\/li>\n<\/ul>\n<p>&nbsp;<\/p>\n<div class=\"embed-container\"><iframe loading=\"lazy\" title=\"Nobel Run - Co\u0301mo se juega\" width=\"1053\" height=\"592\" src=\"https:\/\/www.youtube.com\/embed\/_XR871To0pU?feature=oembed\" frameborder=\"0\" allow=\"accelerometer; autoplay; clipboard-write; encrypted-media; gyroscope; picture-in-picture; web-share\" referrerpolicy=\"strict-origin-when-cross-origin\" allowfullscreen><\/iframe><\/div>\n<ul>\n<li><strong>Ottrio:<\/strong> <span class=\"aCOpRe\"><em>juego de mesa<\/em> que fomenta las habilidades de razonamiento, estrategia y pensamiento. Es una complicaci\u00f3n de las tres en raya<\/span><strong>.<br \/>\n<\/strong><\/li>\n<li><strong>Bit&amp;byte:<\/strong> es un nuevo y emocionante juego de cartas que ayuda a ense\u00f1ar las habilidades STEM y pensamiento computacional.&nbsp;<strong><br \/>\n<\/strong><\/li>\n<li><strong>Di\u00e1spora<\/strong>:Juego de mesa narrativo. Tres de las personas que van a bordo de la nave (tienen que abandonar el planeta), comandada en estos momentos por la inteligencia artificial Turing, nuestra gu\u00eda a trav\u00e9s de esta aventura.<\/li>\n<\/ul>\n<p>&nbsp;<\/p>\n<p>&nbsp;<\/p>\n<div class=\"embed-container\"><iframe loading=\"lazy\" title=\"Conociendo Di\u00e1spora\" width=\"1053\" height=\"592\" src=\"https:\/\/www.youtube.com\/embed\/twSTULrW70M?feature=oembed\" frameborder=\"0\" allow=\"accelerometer; autoplay; clipboard-write; encrypted-media; gyroscope; picture-in-picture; web-share\" referrerpolicy=\"strict-origin-when-cross-origin\" allowfullscreen><\/iframe><\/div>\n<p>&nbsp;<\/p>\n<ul>\n<li><strong>Trivial de ciberseguridad.<\/strong> De INCIBE y la plataforma is4K<br \/>\n<a href=\"https:\/\/drive.google.com\/file\/d\/1C6Dth7u-e7oQRgfg8TQQ-9VBgrGcmpJ-\/view?usp=drivesdk\">https:\/\/drive.google.com\/file\/d\/1C6Dth7u-e7oQRgfg8TQQ-9VBgrGcmpJ-\/view?usp=drivesdk<\/a><\/li>\n<\/ul>\n<p>&nbsp;<\/p>\n<p>Tambi\u00e9n tenemos la lista de juegos on line:<\/p>\n<ul>\n<li><strong>Ca\u00edda en picado: <\/strong>Black Mirror: caida en picado es un juego de cartas en el que intentar\u00e1s averiguar cu\u00e1l es tu calificaci\u00f3n social. Re\u00fane a tus amigos m\u00e1s influyentes para una partida a un juego basado en el episodio de Black Mirror Ca\u00edda en picado. Crea una vida \u00abperfecta\u00bb ganando cartas de Estilo de Vida mientras evitas que tu Calificaci\u00f3n Social pueda causar que todo se derrumbe.<\/li>\n<li><strong>Software para montar un PC<\/strong>: <a href=\"https:\/\/www.dominatupc.com.co\/2017\/03\/software-gratuito-que-te-ensena-construir-tu-propio-pc.html?m=1\">https:\/\/www.dominatupc.com.co\/2017\/03\/software-gratuito-que-te-ensena-construir-tu-propio-pc.html?m=1<\/a><\/li>\n<li><strong>Dirige una agencia espacial<\/strong>: <a href=\"https:\/\/store.steampowered.com\/app\/765810\/Mars_Horizon\/\">https:\/\/store.steampowered.com\/app\/765810\/Mars_Horizon\/<\/a><\/li>\n<li><strong>La App de google que ense\u00f1a a programar<\/strong> <a href=\"https:\/\/xiaomi4mi.com\/noticias\/smartphone\/ya-puedes-descargarte-en-espanol-grasshopper-la-app-educativa-de-google-que-te-ensena-a-programar\/\">https:\/\/xiaomi4mi.com\/noticias\/smartphone\/ya-puedes-descargarte-en-espanol-grasshopper-la-app-educativa-de-google-que-te-ensena-a-programar\/<\/a><\/li>\n<li><strong>C\u00f3digo secreto<\/strong>: Dispone de App.<\/li>\n<\/ul>\n<p>&nbsp;<\/p>\n<div class=\"embed-container\"><iframe loading=\"lazy\" title=\"C\u00f3mo jugar a Co\u0301digo Secreto - Devir\" width=\"1053\" height=\"592\" src=\"https:\/\/www.youtube.com\/embed\/lMf7MnQsSNg?feature=oembed\" frameborder=\"0\" allow=\"accelerometer; autoplay; clipboard-write; encrypted-media; gyroscope; picture-in-picture; web-share\" referrerpolicy=\"strict-origin-when-cross-origin\" allowfullscreen><\/iframe><\/div>\n<h1 style=\"text-align: center\">\u00bfGamificas?<\/h1>\n","protected":false},"excerpt":{"rendered":"<p>A continuaci\u00f3n os dejo una lista de juegos de mesa que desarrollan el pensamiento computacional y permiten estudiar conceptos sobre la inform\u00e1tica: Quiero ser influencer :De la plataforma is4k. https:\/\/www.is4k.es\/sites\/default\/files\/contenidos\/materiales\/Campanas\/is4k_de-mayor-quiero-ser-influencer.pdf Moon: Moon es un juego de cartas donde controlamos la computadora del m\u00f3dulo lunar Eagle durante el primer alunizaje. Solo 3 minutos antes de alunizar, &hellip; <\/p>\n<p><a class=\"more-link btn\" href=\"https:\/\/blogsaverroes.juntadeandalucia.es\/laescueladua\/juegos\/\">Seguir leyendo<\/a><\/p>\n","protected":false},"author":12694,"featured_media":0,"parent":0,"menu_order":0,"comment_status":"closed","ping_status":"closed","template":"","meta":{"ngg_post_thumbnail":0,"footnotes":""},"aioseo_notices":[],"_links":{"self":[{"href":"https:\/\/blogsaverroes.juntadeandalucia.es\/laescueladua\/wp-json\/wp\/v2\/pages\/207"}],"collection":[{"href":"https:\/\/blogsaverroes.juntadeandalucia.es\/laescueladua\/wp-json\/wp\/v2\/pages"}],"about":[{"href":"https:\/\/blogsaverroes.juntadeandalucia.es\/laescueladua\/wp-json\/wp\/v2\/types\/page"}],"author":[{"embeddable":true,"href":"https:\/\/blogsaverroes.juntadeandalucia.es\/laescueladua\/wp-json\/wp\/v2\/users\/12694"}],"replies":[{"embeddable":true,"href":"https:\/\/blogsaverroes.juntadeandalucia.es\/laescueladua\/wp-json\/wp\/v2\/comments?post=207"}],"version-history":[{"count":9,"href":"https:\/\/blogsaverroes.juntadeandalucia.es\/laescueladua\/wp-json\/wp\/v2\/pages\/207\/revisions"}],"predecessor-version":[{"id":2576,"href":"https:\/\/blogsaverroes.juntadeandalucia.es\/laescueladua\/wp-json\/wp\/v2\/pages\/207\/revisions\/2576"}],"wp:attachment":[{"href":"https:\/\/blogsaverroes.juntadeandalucia.es\/laescueladua\/wp-json\/wp\/v2\/media?parent=207"}],"curies":[{"name":"wp","href":"https:\/\/api.w.org\/{rel}","templated":true}]}}