{"id":2610,"date":"2026-04-22T21:31:55","date_gmt":"2026-04-22T21:31:55","guid":{"rendered":"https:\/\/blogsaverroes.juntadeandalucia.es\/laescueladua\/?page_id=2610"},"modified":"2026-04-28T14:52:22","modified_gmt":"2026-04-28T14:52:22","slug":"programa-steam-y-grupo-de-trabajo","status":"publish","type":"page","link":"https:\/\/blogsaverroes.juntadeandalucia.es\/laescueladua\/programa-steam-y-grupo-de-trabajo\/","title":{"rendered":"Programas STEAM y Grupos de trabajo"},"content":{"rendered":"<ul>\n<li>Programa C\u00f3digo Escuela 4..0. Curso 25-26<\/li>\n<\/ul>\n<p><a href=\"https:\/\/drive.google.com\/file\/d\/11ZDbfxqQ3Crw98PubO6HAL5-6mnThFrN\/view?usp=sharing\">https:\/\/drive.google.com\/file\/d\/11ZDbfxqQ3Crw98PubO6HAL5-6mnThFrN\/view?usp=sharing<\/a><\/p>\n<ul>\n<li>Grupo de trabajo 2025- 2026: #descifrandolavidadigital:<\/li>\n<\/ul>\n<p><a href=\"https:\/\/drive.google.com\/file\/d\/1e0Q299maHyIuOOKuaiNnQlgRddIlaieA\/view?usp=drive_link\">https:\/\/drive.google.com\/file\/d\/1e0Q299maHyIuOOKuaiNnQlgRddIlaieA\/view?usp=drive_link<\/a><\/p>\n<h3><span style=\"font-size: 14pt\">Experiencias educativas de \u00e9xito<strong>, ponencia al profesorado en pr\u00e1cticas<\/strong>:<\/span><\/h3>\n<p>Ponencia pr\u00e1cticos 2025: <a href=\"https:\/\/canva.link\/arpxj9wx0mh779w\">https:\/\/canva.link\/arpxj9wx0mh779w<\/a><\/p>\n<p><iframe loading=\"lazy\" src=\"\/\/www.youtube.com\/embed\/rzgtHREM1H0\" width=\"560\" height=\"314\"><\/iframe><\/p>\n<p>Ponencia pr\u00e1cticos 2024:<a href=\"https:\/\/canva.link\/qpixcs6z1h1c1uc\">https:\/\/canva.link\/qpixcs6z1h1c1uc<\/a><\/p>\n<p><iframe loading=\"lazy\" src=\"\/\/www.youtube.com\/embed\/NaZsMUo71zY\" width=\"560\" height=\"314\"><\/iframe><\/p>\n<p>Experiencias educativas de \u00e9xito provincia de M\u00e1laga 2023:&nbsp; <a href=\"https:\/\/canva.link\/y641trbm1gb34rq\">https:\/\/canva.link\/y641trbm1gb34rq<\/a><\/p>\n<ul>\n<li>Programa STEAM: Pensamiento Computacional.<\/li>\n<\/ul>\n<p><iframe loading=\"lazy\" src=\"https:\/\/www.youtube.com\/embed\/M-ujl8te2ws?si=Xerg65WfFVAxdkqD\" width=\"560\" height=\"315\" frameborder=\"0\"><\/iframe>&nbsp;<\/p>\n<p><a href=\"https:\/\/drive.google.com\/file\/d\/1-90D-TrbJrJWfAFiS1qcrtBrx0Ca5ISd\/view?usp=sharing\">https:\/\/drive.google.com\/file\/d\/1-90D-TrbJrJWfAFiS1qcrtBrx0Ca5ISd\/view?usp=sharing&nbsp;<\/a><\/p>\n<ul>\n<li>Grupo de trabajo 2023-2024: CDD en el Monterroso&nbsp;<\/li>\n<\/ul>\n<p><a href=\"https:\/\/canva.link\/xm96umrtik52nd6\">https:\/\/canva.link\/xm96umrtik52nd6<\/a><\/p>\n<ul>\n<li>Grupo de trabajo: Situaciones de aprendizaje 2021-2022&nbsp;<\/li>\n<\/ul>\n","protected":false},"excerpt":{"rendered":"<p>Programa C\u00f3digo Escuela 4..0. Curso 25-26 https:\/\/drive.google.com\/file\/d\/11ZDbfxqQ3Crw98PubO6HAL5-6mnThFrN\/view?usp=sharing Grupo de trabajo 2025- 2026: #descifrandolavidadigital: https:\/\/drive.google.com\/file\/d\/1e0Q299maHyIuOOKuaiNnQlgRddIlaieA\/view?usp=drive_link Experiencias educativas de \u00e9xito, ponencia al profesorado en pr\u00e1cticas: Ponencia pr\u00e1cticos 2025: https:\/\/canva.link\/arpxj9wx0mh779w Ponencia pr\u00e1cticos 2024:https:\/\/canva.link\/qpixcs6z1h1c1uc Experiencias educativas de \u00e9xito provincia de M\u00e1laga 2023:&nbsp; https:\/\/canva.link\/y641trbm1gb34rq Programa STEAM: Pensamiento Computacional. &nbsp; https:\/\/drive.google.com\/file\/d\/1-90D-TrbJrJWfAFiS1qcrtBrx0Ca5ISd\/view?usp=sharing&nbsp; Grupo de trabajo 2023-2024: CDD en el Monterroso&nbsp; https:\/\/canva.link\/xm96umrtik52nd6 Grupo &hellip; <\/p>\n<p><a class=\"more-link btn\" href=\"https:\/\/blogsaverroes.juntadeandalucia.es\/laescueladua\/programa-steam-y-grupo-de-trabajo\/\">Seguir leyendo<\/a><\/p>\n","protected":false},"author":12694,"featured_media":0,"parent":0,"menu_order":0,"comment_status":"closed","ping_status":"closed","template":"","meta":{"ngg_post_thumbnail":0,"footnotes":""},"aioseo_notices":[],"_links":{"self":[{"href":"https:\/\/blogsaverroes.juntadeandalucia.es\/laescueladua\/wp-json\/wp\/v2\/pages\/2610"}],"collection":[{"href":"https:\/\/blogsaverroes.juntadeandalucia.es\/laescueladua\/wp-json\/wp\/v2\/pages"}],"about":[{"href":"https:\/\/blogsaverroes.juntadeandalucia.es\/laescueladua\/wp-json\/wp\/v2\/types\/page"}],"author":[{"embeddable":true,"href":"https:\/\/blogsaverroes.juntadeandalucia.es\/laescueladua\/wp-json\/wp\/v2\/users\/12694"}],"replies":[{"embeddable":true,"href":"https:\/\/blogsaverroes.juntadeandalucia.es\/laescueladua\/wp-json\/wp\/v2\/comments?post=2610"}],"version-history":[{"count":11,"href":"https:\/\/blogsaverroes.juntadeandalucia.es\/laescueladua\/wp-json\/wp\/v2\/pages\/2610\/revisions"}],"predecessor-version":[{"id":2682,"href":"https:\/\/blogsaverroes.juntadeandalucia.es\/laescueladua\/wp-json\/wp\/v2\/pages\/2610\/revisions\/2682"}],"wp:attachment":[{"href":"https:\/\/blogsaverroes.juntadeandalucia.es\/laescueladua\/wp-json\/wp\/v2\/media?parent=2610"}],"curies":[{"name":"wp","href":"https:\/\/api.w.org\/{rel}","templated":true}]}}