{"id":2622,"date":"2026-04-22T21:41:18","date_gmt":"2026-04-22T21:41:18","guid":{"rendered":"https:\/\/blogsaverroes.juntadeandalucia.es\/laescueladua\/?page_id=2622"},"modified":"2026-04-28T09:08:48","modified_gmt":"2026-04-28T09:08:48","slug":"proyectos-de-elaboracion-de-materiales","status":"publish","type":"page","link":"https:\/\/blogsaverroes.juntadeandalucia.es\/laescueladua\/proyectos-de-elaboracion-de-materiales\/","title":{"rendered":"Proyectos de elaboraci\u00f3n de materiales:"},"content":{"rendered":"<ul>\n<li>E<b>scuela c\u00f3digo 30 minutos. <\/b>Actividades de pensamiento computacional<\/li>\n<\/ul>\n<p><a href=\"https:\/\/blogsaverroes.juntadeandalucia.es\/computayrobota\/\">https:\/\/blogsaverroes.juntadeandalucia.es\/computayrobota\/<\/a><\/p>\n<p><img loading=\"lazy\" decoding=\"async\" class=\"wp-image-2678 size-medium alignnone\" src=\"https:\/\/blogsaverroes.juntadeandalucia.es\/laescueladua\/files\/2026\/04\/alianza-300x203.png\" alt=\"\" width=\"300\" height=\"203\" srcset=\"https:\/\/blogsaverroes.juntadeandalucia.es\/laescueladua\/files\/2026\/04\/alianza-300x203.png 300w, https:\/\/blogsaverroes.juntadeandalucia.es\/laescueladua\/files\/2026\/04\/alianza-1024x693.png 1024w, https:\/\/blogsaverroes.juntadeandalucia.es\/laescueladua\/files\/2026\/04\/alianza-768x520.png 768w, https:\/\/blogsaverroes.juntadeandalucia.es\/laescueladua\/files\/2026\/04\/alianza-1053x713.png 1053w, https:\/\/blogsaverroes.juntadeandalucia.es\/laescueladua\/files\/2026\/04\/alianza.png 1322w\" sizes=\"(max-width: 300px) 100vw, 300px\" \/><\/p>\n<ul>\n<li><b>Placa Echidna<\/b> 2024-2025<\/li>\n<\/ul>\n<p>&nbsp;<\/p>\n<ul>\n<li><strong>Pensamiento Computacional, <\/strong><strong>19-20<\/strong> Trabaja el pensamiento computacional desde todas las \u00e1reas. Son tareas desenchufadas. Para asignaturas como inform\u00e1tica proporciona un material b\u00e1sico para usar la microbit.<\/li>\n<li><strong>Eres Steam? <\/strong><strong>20-21<\/strong> Trabaja con placas microbit. Tienes una gran cantidad de ejercicios con soluciones y videos para usar una sola placa, varias y para usar sensores y actuadores.<\/li>\n<li><strong>Soy STEAM (21-22):<\/strong> Diferentes materiales creados para un proyecto de elaboraci\u00f3n de materiales (NEAE, Arduino, pico, nano, edublocks, merge cub, kits para microbit) \u00bfQuieres conocerlos?<\/li>\n<\/ul>\n","protected":false},"excerpt":{"rendered":"<p>Escuela c\u00f3digo 30 minutos. Actividades de pensamiento computacional https:\/\/blogsaverroes.juntadeandalucia.es\/computayrobota\/ Placa Echidna 2024-2025 &nbsp; Pensamiento Computacional, 19-20 Trabaja el pensamiento computacional desde todas las \u00e1reas. Son tareas desenchufadas. Para asignaturas como inform\u00e1tica proporciona un material b\u00e1sico para usar la microbit. Eres Steam? 20-21 Trabaja con placas microbit. Tienes una gran cantidad de ejercicios con soluciones y &hellip; <\/p>\n<p><a class=\"more-link btn\" href=\"https:\/\/blogsaverroes.juntadeandalucia.es\/laescueladua\/proyectos-de-elaboracion-de-materiales\/\">Seguir leyendo<\/a><\/p>\n","protected":false},"author":12694,"featured_media":0,"parent":0,"menu_order":0,"comment_status":"closed","ping_status":"closed","template":"","meta":{"ngg_post_thumbnail":0,"footnotes":""},"aioseo_notices":[],"_links":{"self":[{"href":"https:\/\/blogsaverroes.juntadeandalucia.es\/laescueladua\/wp-json\/wp\/v2\/pages\/2622"}],"collection":[{"href":"https:\/\/blogsaverroes.juntadeandalucia.es\/laescueladua\/wp-json\/wp\/v2\/pages"}],"about":[{"href":"https:\/\/blogsaverroes.juntadeandalucia.es\/laescueladua\/wp-json\/wp\/v2\/types\/page"}],"author":[{"embeddable":true,"href":"https:\/\/blogsaverroes.juntadeandalucia.es\/laescueladua\/wp-json\/wp\/v2\/users\/12694"}],"replies":[{"embeddable":true,"href":"https:\/\/blogsaverroes.juntadeandalucia.es\/laescueladua\/wp-json\/wp\/v2\/comments?post=2622"}],"version-history":[{"count":4,"href":"https:\/\/blogsaverroes.juntadeandalucia.es\/laescueladua\/wp-json\/wp\/v2\/pages\/2622\/revisions"}],"predecessor-version":[{"id":2679,"href":"https:\/\/blogsaverroes.juntadeandalucia.es\/laescueladua\/wp-json\/wp\/v2\/pages\/2622\/revisions\/2679"}],"wp:attachment":[{"href":"https:\/\/blogsaverroes.juntadeandalucia.es\/laescueladua\/wp-json\/wp\/v2\/media?parent=2622"}],"curies":[{"name":"wp","href":"https:\/\/api.w.org\/{rel}","templated":true}]}}