{"id":127,"date":"2021-02-15T12:20:48","date_gmt":"2021-02-15T12:20:48","guid":{"rendered":"https:\/\/blogsaverroes.juntadeandalucia.es\/lahungara\/?page_id=127"},"modified":"2021-04-09T20:10:36","modified_gmt":"2021-04-09T20:10:36","slug":"saca-la-lengua","status":"publish","type":"page","link":"https:\/\/blogsaverroes.juntadeandalucia.es\/lahungara\/saca-la-lengua\/","title":{"rendered":"Saca la Lengua"},"content":{"rendered":"<h1>\u00a1Saca la Lengua!<\/h1>\n<p><img loading=\"lazy\" decoding=\"async\" class=\"wp-image-190 alignright\" src=\"https:\/\/blogsaverroes.juntadeandalucia.es\/lahungara\/files\/2021\/02\/Saca_la_lengua_2.png\" alt=\"\" width=\"311\" height=\"431\" srcset=\"https:\/\/blogsaverroes.juntadeandalucia.es\/lahungara\/files\/2021\/02\/Saca_la_lengua_2.png 727w, https:\/\/blogsaverroes.juntadeandalucia.es\/lahungara\/files\/2021\/02\/Saca_la_lengua_2-217x300.png 217w\" sizes=\"(max-width: 311px) 100vw, 311px\" \/><\/p>\n<p>Saca la Lengua es el nombre de la nueva revista del IES Santa Isabel de Hungr\u00eda. Nueva, porque el centro tiene una tradici\u00f3n period\u00edstica que se remonta muchos a\u00f1os atr\u00e1s, con publicaciones como La H\u00fangara o La Caracola.<\/p>\n<p>La iniciativa parte del Departamento de Lengua y Literatura con el objetivo de mejorar la competencia comunicativa de nuestros alumnos, de ah\u00ed lo de \u201csacar la lengua\u201d. De una forma desenfadada y divertida, pretendemos dar voz a todas las historias que ocurren dentro de estos viejos muros, y que merecen ser contadas.<\/p>\n<p>Sacar la lengua es tambi\u00e9n una manera de expresar que nos hemos salido con la nuestra o que alguna travesura ha salido exitosa. Ambos sentidos nos vienen de perlas.<\/p>\n<h5><strong><br \/>\nN\u00fameros de la revista<\/strong><\/h5>\n<ul>\n<li style=\"text-align: left\"><a  class=\"_3d-flip-book  fb3d-link-lightbox-mode\" data-id=\"169\" data-mode=\"link-lightbox\" data-title=\"true\" data-template=\"short-white-book-view\" data-lightbox=\"dark\" data-urlparam=\"fb3d-page\" data-page-n=\"0\" data-pdf=\"\" data-tax=\"null\" data-thumbnail=\"\" data-cols=\"3\" data-book-template=\"default\" data-trigger=\"\">Saca la Lengua 3<\/a><script type=\"text\/javascript\">window.FB3D_CLIENT_DATA = window.FB3D_CLIENT_DATA || [];FB3D_CLIENT_DATA.push('eyJwb3N0cyI6eyIxNjkiOnsiSUQiOjE2OSwidGl0bGUiOiJTYWNhIGxhIExlbmd1YSAzIiwidHlwZSI6InBkZiIsInJlYWR5X2Z1bmN0aW9uIjoiIiwiYm9va19zdHlsZSI6InZvbHVtZSIsImJvb2tfdGVtcGxhdGUiOiJub25lIiwib3V0bGluZSI6W10sImRhdGEiOnsicG9zdF9JRCI6IjE2NSIsImd1aWQiOiJodHRwczpcL1wvYmxvZ3NhdmVycm9lcy5qdW50YWRlYW5kYWx1Y2lhLmVzXC9sYWh1bmdhcmFcL2ZpbGVzXC8yMDIxXC8wMlwvU2FjYV9sYV9sZW5ndWFfMy5wZGYiLCJwZGZfcGFnZXMiOiIzNCIsInBhZ2VzX2N1c3RvbWl6YXRpb24iOiJub25lIn0sInRodW1ibmFpbCI6eyJkYXRhIjp7InBvc3RfSUQiOiIwIn0sInR5cGUiOiJhdXRvIn0sInByb3BzIjp7ImhlaWdodCI6ImF1dG8iLCJ3aWR0aCI6ImF1dG8iLCJncmF2aXR5IjoiYXV0byIsImNhY2hlZFBhZ2VzIjoiYXV0byIsInJlbmRlckluYWN0aXZlUGFnZXMiOiJhdXRvIiwicmVuZGVySW5hY3RpdmVQYWdlc09uTW9iaWxlIjoiYXV0byIsInJlbmRlcldoaWxlRmxpcHBpbmciOiJhdXRvIiwicGFnZXNGb3JQcmVkaWN0aW5nIjoiYXV0byIsInByZWxvYWRQYWdlcyI6ImF1dG8iLCJydGwiOiJhdXRvIiwic2hlZXQiOnsic3RhcnRWZWxvY2l0eSI6ImF1dG8iLCJjb3JuZXJEZXZpYXRpb24iOiJhdXRvIiwiZmxleGliaWxpdHkiOiJhdXRvIiwiZmxleGlibGVDb3JuZXIiOiJhdXRvIiwiYmVuZGluZyI6ImF1dG8iLCJ3YXZlIjoiYXV0byIsIndpZHRoVGV4ZWxzIjoiYXV0byIsImhlaWdodFRleGVscyI6ImF1dG8iLCJjb2xvciI6ImF1dG8ifSwiY292ZXIiOnsic3RhcnRWZWxvY2l0eSI6ImF1dG8iLCJmbGV4aWJpbGl0eSI6ImF1dG8iLCJmbGV4aWJsZUNvcm5lciI6ImF1dG8iLCJiZW5kaW5nIjoiYXV0byIsIndhdmUiOiJhdXRvIiwid2lkdGhUZXhlbHMiOiJhdXRvIiwiaGVpZ2h0VGV4ZWxzIjoiYXV0byIsImNvbG9yIjoiYXV0byIsImJpbmRlclRleHR1cmUiOiJhdXRvIiwiZGVwdGgiOiJhdXRvIiwicGFkZGluZyI6ImF1dG8iLCJtYXNzIjoiYXV0byJ9LCJwYWdlIjp7InN0YXJ0VmVsb2NpdHkiOiJhdXRvIiwiZmxleGliaWxpdHkiOiJhdXRvIiwiZmxleGlibGVDb3JuZXIiOiJhdXRvIiwiYmVuZGluZyI6ImF1dG8iLCJ3YXZlIjoiYXV0byIsIndpZHRoVGV4ZWxzIjoiYXV0byIsImhlaWdodFRleGVscyI6ImF1dG8iLCJjb2xvciI6ImF1dG8iLCJkZXB0aCI6ImF1dG8iLCJtYXNzIjoiYXV0byJ9fSwiY29udHJvbFByb3BzIjp7ImFjdGlvbnMiOnsiY21kU2F2ZSI6eyJlbmFibGVkIjoiYXV0byJ9LCJjbWRQcmludCI6eyJlbmFibGVkIjoiYXV0byJ9LCJjbWRTaW5nbGVQYWdlIjp7ImVuYWJsZWQiOiJhdXRvIiwiYWN0aXZlIjoiYXV0byJ9fX0sImF1dG9UaHVtYm5haWwiOm51bGwsInBvc3RfbmFtZSI6InNhY2EtbGEtbGVuZ3VhLTMiLCJwb3N0X3R5cGUiOiIzZC1mbGlwLWJvb2sifX0sInBhZ2VzIjpbXSwiZmlyc3RQYWdlcyI6W119');window.FB3D_CLIENT_LOCALE && FB3D_CLIENT_LOCALE.render && FB3D_CLIENT_LOCALE.render();<\/script><\/li>\n<li style=\"text-align: left\"><a  class=\"_3d-flip-book  fb3d-link-lightbox-mode\" data-id=\"173\" data-mode=\"link-lightbox\" data-title=\"true\" data-template=\"short-white-book-view\" data-lightbox=\"dark\" data-urlparam=\"fb3d-page\" data-page-n=\"0\" data-pdf=\"\" data-tax=\"null\" data-thumbnail=\"\" data-cols=\"3\" data-book-template=\"default\" data-trigger=\"\">Saca la Lengua 2<\/a><script type=\"text\/javascript\">window.FB3D_CLIENT_DATA = window.FB3D_CLIENT_DATA || [];FB3D_CLIENT_DATA.push('eyJwb3N0cyI6eyIxNzMiOnsiSUQiOjE3MywidGl0bGUiOiJTYWNhIGxhIExlbmd1YSAyIiwidHlwZSI6InBkZiIsInJlYWR5X2Z1bmN0aW9uIjoiIiwiYm9va19zdHlsZSI6InZvbHVtZSIsImJvb2tfdGVtcGxhdGUiOiJub25lIiwib3V0bGluZSI6W10sImRhdGEiOnsicG9zdF9JRCI6IjE2NCIsImd1aWQiOiJodHRwczpcL1wvYmxvZ3NhdmVycm9lcy5qdW50YWRlYW5kYWx1Y2lhLmVzXC9sYWh1bmdhcmFcL2ZpbGVzXC8yMDIxXC8wMlwvU2FjYV9sYV9sZW5ndWFfMi5wZGYiLCJwZGZfcGFnZXMiOiI0OCIsInBhZ2VzX2N1c3RvbWl6YXRpb24iOiJub25lIn0sInRodW1ibmFpbCI6eyJkYXRhIjp7InBvc3RfSUQiOiIwIn0sInR5cGUiOiJhdXRvIn0sInByb3BzIjp7ImhlaWdodCI6ImF1dG8iLCJ3aWR0aCI6ImF1dG8iLCJncmF2aXR5IjoiYXV0byIsImNhY2hlZFBhZ2VzIjoiYXV0byIsInJlbmRlckluYWN0aXZlUGFnZXMiOiJhdXRvIiwicmVuZGVySW5hY3RpdmVQYWdlc09uTW9iaWxlIjoiYXV0byIsInJlbmRlcldoaWxlRmxpcHBpbmciOiJhdXRvIiwicGFnZXNGb3JQcmVkaWN0aW5nIjoiYXV0byIsInByZWxvYWRQYWdlcyI6ImF1dG8iLCJydGwiOiJhdXRvIiwic2hlZXQiOnsic3RhcnRWZWxvY2l0eSI6ImF1dG8iLCJjb3JuZXJEZXZpYXRpb24iOiJhdXRvIiwiZmxleGliaWxpdHkiOiJhdXRvIiwiZmxleGlibGVDb3JuZXIiOiJhdXRvIiwiYmVuZGluZyI6ImF1dG8iLCJ3YXZlIjoiYXV0byIsIndpZHRoVGV4ZWxzIjoiYXV0byIsImhlaWdodFRleGVscyI6ImF1dG8iLCJjb2xvciI6ImF1dG8ifSwiY292ZXIiOnsic3RhcnRWZWxvY2l0eSI6ImF1dG8iLCJmbGV4aWJpbGl0eSI6ImF1dG8iLCJmbGV4aWJsZUNvcm5lciI6ImF1dG8iLCJiZW5kaW5nIjoiYXV0byIsIndhdmUiOiJhdXRvIiwid2lkdGhUZXhlbHMiOiJhdXRvIiwiaGVpZ2h0VGV4ZWxzIjoiYXV0byIsImNvbG9yIjoiYXV0byIsImJpbmRlclRleHR1cmUiOiJhdXRvIiwiZGVwdGgiOiJhdXRvIiwicGFkZGluZyI6ImF1dG8iLCJtYXNzIjoiYXV0byJ9LCJwYWdlIjp7InN0YXJ0VmVsb2NpdHkiOiJhdXRvIiwiZmxleGliaWxpdHkiOiJhdXRvIiwiZmxleGlibGVDb3JuZXIiOiJhdXRvIiwiYmVuZGluZyI6ImF1dG8iLCJ3YXZlIjoiYXV0byIsIndpZHRoVGV4ZWxzIjoiYXV0byIsImhlaWdodFRleGVscyI6ImF1dG8iLCJjb2xvciI6ImF1dG8iLCJkZXB0aCI6ImF1dG8iLCJtYXNzIjoiYXV0byJ9fSwiY29udHJvbFByb3BzIjp7ImFjdGlvbnMiOnsiY21kU2F2ZSI6eyJlbmFibGVkIjoiYXV0byJ9LCJjbWRQcmludCI6eyJlbmFibGVkIjoiYXV0byJ9LCJjbWRTaW5nbGVQYWdlIjp7ImVuYWJsZWQiOiJhdXRvIiwiYWN0aXZlIjoiYXV0byJ9fX0sImF1dG9UaHVtYm5haWwiOm51bGwsInBvc3RfbmFtZSI6IjE3MyIsInBvc3RfdHlwZSI6IjNkLWZsaXAtYm9vayJ9fSwicGFnZXMiOltdLCJmaXJzdFBhZ2VzIjpbXX0=');window.FB3D_CLIENT_LOCALE && FB3D_CLIENT_LOCALE.render && FB3D_CLIENT_LOCALE.render();<\/script><\/li>\n<li style=\"text-align: left\"><a  class=\"_3d-flip-book  fb3d-link-lightbox-mode\" data-id=\"185\" data-mode=\"link-lightbox\" data-title=\"true\" data-template=\"short-white-book-view\" data-lightbox=\"dark\" data-urlparam=\"fb3d-page\" data-page-n=\"0\" data-pdf=\"\" data-tax=\"null\" data-thumbnail=\"\" data-cols=\"3\" data-book-template=\"default\" data-trigger=\"\">Saca la Lengua 1<\/a><script type=\"text\/javascript\">window.FB3D_CLIENT_DATA = window.FB3D_CLIENT_DATA || [];FB3D_CLIENT_DATA.push('eyJwb3N0cyI6eyIxODUiOnsiSUQiOjE4NSwidGl0bGUiOiJTYWNhIGxhIExlbmd1YSAxIiwidHlwZSI6InBkZiIsInJlYWR5X2Z1bmN0aW9uIjoiIiwiYm9va19zdHlsZSI6InZvbHVtZSIsImJvb2tfdGVtcGxhdGUiOiJub25lIiwib3V0bGluZSI6W10sImRhdGEiOnsicG9zdF9JRCI6IjE4NiIsImd1aWQiOiJodHRwczpcL1wvYmxvZ3NhdmVycm9lcy5qdW50YWRlYW5kYWx1Y2lhLmVzXC9sYWh1bmdhcmFcL2ZpbGVzXC8yMDIxXC8wMlwvU2FjYS1sYS1sZW5ndWEtMS5wZGYiLCJwZGZfcGFnZXMiOiI0NCIsInBhZ2VzX2N1c3RvbWl6YXRpb24iOiJub25lIn0sInRodW1ibmFpbCI6eyJkYXRhIjp7InBvc3RfSUQiOiIwIn0sInR5cGUiOiJhdXRvIn0sInByb3BzIjp7ImhlaWdodCI6ImF1dG8iLCJ3aWR0aCI6ImF1dG8iLCJncmF2aXR5IjoiYXV0byIsImNhY2hlZFBhZ2VzIjoiYXV0byIsInJlbmRlckluYWN0aXZlUGFnZXMiOiJhdXRvIiwicmVuZGVySW5hY3RpdmVQYWdlc09uTW9iaWxlIjoiYXV0byIsInJlbmRlcldoaWxlRmxpcHBpbmciOiJhdXRvIiwicGFnZXNGb3JQcmVkaWN0aW5nIjoiYXV0byIsInByZWxvYWRQYWdlcyI6ImF1dG8iLCJydGwiOiJhdXRvIiwic2hlZXQiOnsic3RhcnRWZWxvY2l0eSI6ImF1dG8iLCJjb3JuZXJEZXZpYXRpb24iOiJhdXRvIiwiZmxleGliaWxpdHkiOiJhdXRvIiwiZmxleGlibGVDb3JuZXIiOiJhdXRvIiwiYmVuZGluZyI6ImF1dG8iLCJ3YXZlIjoiYXV0byIsIndpZHRoVGV4ZWxzIjoiYXV0byIsImhlaWdodFRleGVscyI6ImF1dG8iLCJjb2xvciI6ImF1dG8ifSwiY292ZXIiOnsic3RhcnRWZWxvY2l0eSI6ImF1dG8iLCJmbGV4aWJpbGl0eSI6ImF1dG8iLCJmbGV4aWJsZUNvcm5lciI6ImF1dG8iLCJiZW5kaW5nIjoiYXV0byIsIndhdmUiOiJhdXRvIiwid2lkdGhUZXhlbHMiOiJhdXRvIiwiaGVpZ2h0VGV4ZWxzIjoiYXV0byIsImNvbG9yIjoiYXV0byIsImJpbmRlclRleHR1cmUiOiJhdXRvIiwiZGVwdGgiOiJhdXRvIiwicGFkZGluZyI6ImF1dG8iLCJtYXNzIjoiYXV0byJ9LCJwYWdlIjp7InN0YXJ0VmVsb2NpdHkiOiJhdXRvIiwiZmxleGliaWxpdHkiOiJhdXRvIiwiZmxleGlibGVDb3JuZXIiOiJhdXRvIiwiYmVuZGluZyI6ImF1dG8iLCJ3YXZlIjoiYXV0byIsIndpZHRoVGV4ZWxzIjoiYXV0byIsImhlaWdodFRleGVscyI6ImF1dG8iLCJjb2xvciI6ImF1dG8iLCJkZXB0aCI6ImF1dG8iLCJtYXNzIjoiYXV0byJ9fSwiY29udHJvbFByb3BzIjp7ImFjdGlvbnMiOnsiY21kU2F2ZSI6eyJlbmFibGVkIjoiYXV0byJ9LCJjbWRQcmludCI6eyJlbmFibGVkIjoiYXV0byJ9LCJjbWRTaW5nbGVQYWdlIjp7ImVuYWJsZWQiOiJhdXRvIiwiYWN0aXZlIjoiYXV0byJ9fX0sImF1dG9UaHVtYm5haWwiOm51bGwsInBvc3RfbmFtZSI6InNhY2EtbGEtbGVuZ3VhLTEiLCJwb3N0X3R5cGUiOiIzZC1mbGlwLWJvb2sifX0sInBhZ2VzIjpbXSwiZmlyc3RQYWdlcyI6W119');window.FB3D_CLIENT_LOCALE && FB3D_CLIENT_LOCALE.render && FB3D_CLIENT_LOCALE.render();<\/script><\/li>\n<\/ul>\n<p>&nbsp;<\/p>\n","protected":false},"excerpt":{"rendered":"<p>\u00a1Saca la Lengua! Saca la Lengua es el nombre de la nueva revista del IES Santa Isabel de Hungr\u00eda. Nueva, porque el centro tiene una tradici\u00f3n period\u00edstica que se remonta muchos a\u00f1os atr\u00e1s, con publicaciones como La H\u00fangara o La Caracola. La iniciativa parte del Departamento de Lengua y Literatura con el objetivo de mejorar [&hellip;]<\/p>\n","protected":false},"author":12292,"featured_media":190,"parent":0,"menu_order":0,"comment_status":"closed","ping_status":"closed","template":"templates\/template-page-full-width.php","meta":{"ngg_post_thumbnail":0,"footnotes":""},"aioseo_notices":[],"_links":{"self":[{"href":"https:\/\/blogsaverroes.juntadeandalucia.es\/lahungara\/wp-json\/wp\/v2\/pages\/127"}],"collection":[{"href":"https:\/\/blogsaverroes.juntadeandalucia.es\/lahungara\/wp-json\/wp\/v2\/pages"}],"about":[{"href":"https:\/\/blogsaverroes.juntadeandalucia.es\/lahungara\/wp-json\/wp\/v2\/types\/page"}],"author":[{"embeddable":true,"href":"https:\/\/blogsaverroes.juntadeandalucia.es\/lahungara\/wp-json\/wp\/v2\/users\/12292"}],"replies":[{"embeddable":true,"href":"https:\/\/blogsaverroes.juntadeandalucia.es\/lahungara\/wp-json\/wp\/v2\/comments?post=127"}],"version-history":[{"count":78,"href":"https:\/\/blogsaverroes.juntadeandalucia.es\/lahungara\/wp-json\/wp\/v2\/pages\/127\/revisions"}],"predecessor-version":[{"id":1244,"href":"https:\/\/blogsaverroes.juntadeandalucia.es\/lahungara\/wp-json\/wp\/v2\/pages\/127\/revisions\/1244"}],"wp:featuredmedia":[{"embeddable":true,"href":"https:\/\/blogsaverroes.juntadeandalucia.es\/lahungara\/wp-json\/wp\/v2\/media\/190"}],"wp:attachment":[{"href":"https:\/\/blogsaverroes.juntadeandalucia.es\/lahungara\/wp-json\/wp\/v2\/media?parent=127"}],"curies":[{"name":"wp","href":"https:\/\/api.w.org\/{rel}","templated":true}]}}