{"id":2512,"date":"2018-07-30T18:46:09","date_gmt":"2018-07-30T18:46:09","guid":{"rendered":"https:\/\/blogsaverroes.juntadeandalucia.es\/ceperalmaden\/?page_id=2512"},"modified":"2020-03-15T23:49:59","modified_gmt":"2020-03-15T22:49:59","slug":"el-centro-y-las-secciones-eper","status":"publish","type":"page","link":"https:\/\/blogsaverroes.juntadeandalucia.es\/lajara\/el-centro-y-las-secciones-eper\/","title":{"rendered":"Localizaci\u00f3n y entorno"},"content":{"rendered":"<h3>Nuestros centros:<\/h3>\n<p>Nuestra agrupaci\u00f3n est\u00e1 formada por un Centro de Educaci\u00f3n Permanente (CEPER) ubicado en Las Lagunas &#8211; MIjas y las tres Secciones de Educaci\u00f3n Permanente (SEPER) adscritas al centro (Benalm\u00e1dena, Fuengirola y Torremolinos). En este mapa se muestra la localizaci\u00f3n de cada uno de estos centros.&nbsp;<\/p>\n<p>Haz clic en este icono&nbsp;<img loading=\"lazy\" decoding=\"async\" class=\"wp-image-2661 alignnone\" src=\"https:\/\/blogsaverroes.juntadeandalucia.es\/lajara\/files\/2018\/07\/Captura-de-pantalla-2018-08-01-a-las-1.23.04.png\" alt=\"\" width=\"29\" height=\"19\" srcset=\"https:\/\/blogsaverroes.juntadeandalucia.es\/lajara\/files\/2018\/07\/Captura-de-pantalla-2018-08-01-a-las-1.23.04.png 86w, https:\/\/blogsaverroes.juntadeandalucia.es\/lajara\/files\/2018\/07\/Captura-de-pantalla-2018-08-01-a-las-1.23.04-24x16.png 24w, https:\/\/blogsaverroes.juntadeandalucia.es\/lajara\/files\/2018\/07\/Captura-de-pantalla-2018-08-01-a-las-1.23.04-36x23.png 36w, https:\/\/blogsaverroes.juntadeandalucia.es\/lajara\/files\/2018\/07\/Captura-de-pantalla-2018-08-01-a-las-1.23.04-48x31.png 48w\" sizes=\"(max-width: 29px) 100vw, 29px\" \/>&nbsp;en la parte superior del mapa para ver el listado de centros. Al hacer clic en alguno de los nombres, tendr\u00e1s informaci\u00f3n sobre: su direcci\u00f3n, tel\u00e9fono y correo electr\u00f3nico.<\/p>\n<p>[googlemaps https:\/\/www.google.com\/maps\/d\/u\/0\/embed?mid=1Swdelo2GrJyUlUU8HCeW_fEfQaUkbkwp&amp;w=640&amp;h=480]<\/p>\n","protected":false},"excerpt":{"rendered":"<p>Nuestros centros: Nuestra agrupaci\u00f3n est\u00e1 formada por un Centro de Educaci\u00f3n Permanente (CEPER) ubicado en Las Lagunas &#8211; MIjas y las tres Secciones de Educaci\u00f3n Permanente (SEPER) adscritas al centro (Benalm\u00e1dena, Fuengirola y Torremolinos). En&#46;&#46;&#46;<\/p>\n","protected":false},"author":8617,"featured_media":0,"parent":0,"menu_order":0,"comment_status":"closed","ping_status":"closed","template":"","meta":{"ngg_post_thumbnail":0,"footnotes":""},"aioseo_notices":[],"_links":{"self":[{"href":"https:\/\/blogsaverroes.juntadeandalucia.es\/lajara\/wp-json\/wp\/v2\/pages\/2512"}],"collection":[{"href":"https:\/\/blogsaverroes.juntadeandalucia.es\/lajara\/wp-json\/wp\/v2\/pages"}],"about":[{"href":"https:\/\/blogsaverroes.juntadeandalucia.es\/lajara\/wp-json\/wp\/v2\/types\/page"}],"author":[{"embeddable":true,"href":"https:\/\/blogsaverroes.juntadeandalucia.es\/lajara\/wp-json\/wp\/v2\/users\/8617"}],"replies":[{"embeddable":true,"href":"https:\/\/blogsaverroes.juntadeandalucia.es\/lajara\/wp-json\/wp\/v2\/comments?post=2512"}],"version-history":[{"count":3,"href":"https:\/\/blogsaverroes.juntadeandalucia.es\/lajara\/wp-json\/wp\/v2\/pages\/2512\/revisions"}],"predecessor-version":[{"id":5150,"href":"https:\/\/blogsaverroes.juntadeandalucia.es\/lajara\/wp-json\/wp\/v2\/pages\/2512\/revisions\/5150"}],"wp:attachment":[{"href":"https:\/\/blogsaverroes.juntadeandalucia.es\/lajara\/wp-json\/wp\/v2\/media?parent=2512"}],"curies":[{"name":"wp","href":"https:\/\/api.w.org\/{rel}","templated":true}]}}