{"id":13,"date":"2020-03-21T17:23:36","date_gmt":"2020-03-21T16:23:36","guid":{"rendered":"https:\/\/blogsaverroes.juntadeandalucia.es\/lamarquesapri1920\/?page_id=13"},"modified":"2020-03-21T17:51:11","modified_gmt":"2020-03-21T16:51:11","slug":"matematicas","status":"publish","type":"page","link":"https:\/\/blogsaverroes.juntadeandalucia.es\/lamarquesapri1920\/matematicas\/","title":{"rendered":"Matem\u00e1ticas"},"content":{"rendered":"<p><strong>Antes de llegar a la lista de actividades y juegos interactivos, que se encuentra m\u00e1s abajo, pedimos a las famlias que lean la siguiente NOTA.<\/strong><\/p>\n<p><strong><span style=\"color: #ff0000\">NOTA MUY IMPORTANTE SOBRE EL ACCESO A LOS JUEGOS Y ACTIVIDADES ONLINE INTERACTIVAS DEL PORTAL DE MATERIAL EDUCATIVO GRATU\u00cdTO WWW.MUNDOPRIMARIA.COM<\/span><\/strong><\/p>\n<p>Los enlaces marcados con un \u00ab(<strong>*<\/strong>)\u00bb conducen a p\u00e1ginas del site \u00abwww.mundoprimaria\u00bb. Al comprobarlos en distintas plataformas he observado lo siguiente:<\/p>\n<p><strong>1)<\/strong> Al usar un <strong>ordenador de sobremesa o port\u00e1til<\/strong>, la p\u00e1gina se abre mostrando una gran ventana con fondo negro. En la esquina inferior derecha de dicha ventana, aparecer\u00e1 el texto \u00abYou can skip this ad in&#8230;\u00bb (con una cuenta atr\u00e1s desde 5 a 0). Tras la cuenta atr\u00e1s saldr\u00e1 un bot\u00f3n con el texto \u00abSkip Ad\u00bb. Al hacer clic en ese bot\u00f3n, se iniciar\u00e1 el juego. Tambi\u00e9n cabe la posibilidad de esperar a que una segunda cuenta atr\u00e1s que aparece debajo, junto al texto \u00abAd will close in&#8230;\u00bb llegue a su final tambi\u00e9n; entonces, igualmente, se abrir\u00e1 el juego.<\/p>\n<p><strong>2)<\/strong> En dispositivos (t\u00e1blets o m\u00f3viles), tipo iPad o iPhone con <strong>sistema IOS<\/strong>, presenta un comportamiento muy parecido al caso del ordenador de mesa o port\u00e1til.<\/p>\n<p><strong>3)<\/strong> En dispositivos (t\u00e1blets o m\u00f3viles) con <strong>sistema android<\/strong> el principal problema que he observado en esta opci\u00f3n es que, al entrar, se abren muchos banners (o ventanitas de publicidad) e incluso pide descargar una app para visualizar el contenido (<strong>NO HAY QUE HACER CLIC EN NINGUNA DE ESTAS VENTANAS NI DESCARGAR NINGUNA APP<\/strong>). Transcurrido unos segundos (hay que tener paciencia y no picar en ninguna de las ventanas de publicidad mencionadas) aparece en mitad de pantalla un c\u00edrculo con fondo amarillo y el icono de un mando blanco de v\u00eddeojuego, con el texto \u00ab\u00a1JUGAR !\u00bb. Es justo en este icono donde hay que hacer clic. Acto seguido, el juego ya aparece.<\/p>\n<p><strong>Aconsejo que siempre haya un adulto junto al alumno que gu\u00ede el acceso a los juegos<\/strong> (sobre todo en la opci\u00f3n de dispositivos android; que es donde he detectado m\u00e1s obst\u00e1culos visuales que pueden confundir al ni\u00f1o\/a y provocar que entre en sites publicitarios).<\/p>\n<p><strong>Lo ideal y recomendable es que el adulto siempre est\u00e9 acompa\u00f1ando (o supervisando) al almuno\/a<\/strong> tanto en el acceso a estos juegos del portal \u00abwww.mundorpimaria\u00bb como a su pr\u00e1ctica.<\/p>\n<p>Por \u00faltimo, os recomiendo a las familias que busqu\u00e9is una app de control parental de dispositivos. Una de las mejores que he visto se llama \u00abQustodio\u00bb. En su modalidad gratuita permite un gran control sobre las evoluciones de vuestros hijos con sus dispotivos m\u00f3viles&#8230; como port\u00e1tiles o t\u00e1blets. A continuaci\u00f3n os pongo el enlace a la p\u00e1gina de \u00abQustodio\u00bb para que os inform\u00e9is bien de sus posibilidades, c\u00f3mo funciona y dem\u00e1s. <a href=\"https:\/\/www.qustodio.com\/es\/\">Qustodio<\/a>.<\/p>\n<p>&nbsp;<\/p>\n<p><strong>ENLACES A ACTIVIDADES Y JUEGOS ONLINE INTERACTIVOS DE MATEM\u00c1TICAS.<\/strong><\/p>\n<p><strong>NUMERACI\u00d3N.<\/strong><\/p>\n<p>(*) <a href=\"https:\/\/www.mundoprimaria.com\/juegos-educativos\/juegos-matematicas\/conceptos-anterior-siguiente-07\">Numero anterior y posterior<\/a><\/p>\n<p>(*) <a href=\"https:\/\/www.mundoprimaria.com\/juegos-educativos\/juegos-matematicas\/decenas-10-90\">Ordena las decenas de menor a mayor<\/a><\/p>\n<p>(*) <a href=\"https:\/\/www.mundoprimaria.com\/juegos-educativos\/juegos-matematicas\/juego-igual-mayor-menor\">Coloca el signo &lt;, &gt;, = que corresponda I<\/a><\/p>\n<p>(*) <a href=\"https:\/\/www.mundoprimaria.com\/juegos-educativos\/juegos-matematicas\/comparacion-numeros-1o-juego-11\">Coloca el signo &lt;, &gt;, = que corresponda II<\/a><\/p>\n<p>(*) <a href=\"https:\/\/www.mundoprimaria.com\/juegos-educativos\/juegos-matematicas\/ordenar-numeros-1o-juego-11\">Ordenar n\u00fameros<\/a><\/p>\n<p>(*) <a href=\"https:\/\/www.mundoprimaria.com\/juegos-educativos\/juegos-matematicas\/escritura-numeros-1o-juego-06\">Escritura de n\u00fameros<\/a><\/p>\n<p>(*) <a href=\"https:\/\/www.mundoprimaria.com\/juegos-educativos\/juegos-matematicas\/series-num-1o-05\">Completa las series de n\u00fameros<\/a><\/p>\n<p>(*) <a href=\"https:\/\/www.mundoprimaria.com\/juegos-educativos\/juegos-matematicas\/decena\">\u00bfHay una decena?<\/a><\/p>\n<p>(*) <a href=\"https:\/\/www.mundoprimaria.com\/juegos-educativos\/juegos-matematicas\/decena-dos\">Elimina los que no sean una decena<\/a><\/p>\n<p><strong>C\u00c1LCULO.<\/strong><\/p>\n<p>(*) <a href=\"https:\/\/www.mundoprimaria.com\/juegos-educativos\/juegos-matematicas\/suma-horizontal\">Suma de n\u00fameros de dos cifras en horizontal I<\/a><\/p>\n<p>(*) <a href=\"https:\/\/www.mundoprimaria.com\/juegos-educativos\/juegos-matematicas\/suma-horizontal-2\">Suma de n\u00fameros de dos cifras en horizontal II<\/a><\/p>\n<p>(*) <a href=\"https:\/\/www.mundoprimaria.com\/juegos-educativos\/juegos-matematicas\/resta-horizontal\">Resta de n\u00fameros de dos cifras en horizontal I<\/a><\/p>\n<p>(*) <a href=\"https:\/\/www.mundoprimaria.com\/juegos-educativos\/juegos-matematicas\/resta-horizontal-2\">Resta de n\u00fameros de dos cifras en horizontal II<\/a><\/p>\n<p>(*) <a href=\"https:\/\/www.mundoprimaria.com\/juegos-educativos\/juegos-matematicas\/suma-resta-vertical-1o-02\">Sumas y restas de unidades en vertical I<\/a><\/p>\n<p>(*) <a href=\"https:\/\/www.mundoprimaria.com\/juegos-educativos\/juegos-matematicas\/suma-resta-vertical-1o-10\">Sumas y restas de unidades en vertical II<\/a><\/p>\n<p>(*) <a href=\"https:\/\/www.mundoprimaria.com\/juegos-educativos\/juegos-matematicas\/suma-tres-sumandos\">Sumas de tres sumandos<\/a><\/p>\n<p><strong>RESOLUCI\u00d3N DE PROBLEMAS.<\/strong><\/p>\n<p>(*) <a href=\"https:\/\/www.mundoprimaria.com\/juegos-educativos\/juegos-matematicas\/juego-cuentas\">Resoluci\u00f3n mental de problemas<\/a><\/p>\n<p>(*) <a href=\"https:\/\/www.mundoprimaria.com\/juegos-educativos\/juegos-matematicas\/juego-problemas-sumas-restas\">Resoluci\u00f3n mental de problemas I<\/a><\/p>\n<p>(*) <a href=\"https:\/\/www.mundoprimaria.com\/juegos-educativos\/juegos-matematicas\/juego-problemas-sumas\">Resoluci\u00f3n mental de problemas II<\/a><\/p>\n<p>(*) <a href=\"https:\/\/www.mundoprimaria.com\/juegos-educativos\/juegos-matematicas\/juego-problemas-contar-sumar\">Problemas de contar y sumar<\/a><\/p>\n<p>(*) <a href=\"https:\/\/www.mundoprimaria.com\/juegos-educativos\/juegos-matematicas\/juego-problemas-restas\">Resoluci\u00f3n mental de problemas III<\/a><\/p>\n<p>(*) <a href=\"https:\/\/www.mundoprimaria.com\/juegos-educativos\/juegos-matematicas\/juego-restas-comparacion\">Resoluci\u00f3n mental de problemas IV<\/a> (comparaci\u00f3n)<\/p>\n<p>(*) <a href=\"https:\/\/www.mundoprimaria.com\/juegos-educativos\/juegos-matematicas\/problemas-restas-comparaciones\">Resoluci\u00f3n mental de problemas V<\/a> (comparaci\u00f3n)<\/p>\n<p>(*) <a href=\"https:\/\/www.mundoprimaria.com\/juegos-educativos\/juegos-matematicas\/juego-problemas-elegir-sumas-restas\">Resoluci\u00f3n mental de problemas VI<\/a> (elegir soluci\u00f3n correcta)<\/p>\n<p>(*) <a href=\"https:\/\/www.mundoprimaria.com\/juegos-educativos\/juegos-matematicas\/juego-problemas-sumar-restar\">Resoluci\u00f3n mental de problemas VII<\/a> (elegir soluci\u00f3n correcta)<\/p>\n<p><strong>MEDIDA.<\/strong><\/p>\n<p>(*) <a href=\"https:\/\/www.mundoprimaria.com\/juegos-educativos\/juegos-matematicas\/cantidades-mas-que-menos-que-tantos-como\">Medida. M\u00e1s que; menos que; tantos como<\/a><\/p>\n<p>(*) <a href=\"https:\/\/www.mundoprimaria.com\/juegos-educativos\/juegos-matematicas\/juego-medir-distancias\">Medida. Unidades de medidas no convencionales<\/a><\/p>\n<p>(*) <a href=\"https:\/\/www.mundoprimaria.com\/juegos-educativos\/juegos-matematicas\/juego-medidas-longitud\">Medida. Medir objetos con regla<\/a><\/p>\n<p><strong>GEOMETR\u00cdA.<\/strong><\/p>\n<p>(*) <a href=\"https:\/\/www.mundoprimaria.com\/juegos-educativos\/juegos-matematicas\/juego-lineas-rectas-y-curvas\">Geometr\u00eda. Lineas rectas y curvas<\/a><\/p>\n<p>(*) <a href=\"https:\/\/www.mundoprimaria.com\/juegos-educativos\/juegos-matematicas\/juego-curvas-abiertas-y-cerradas\">Geometr\u00eda. Lineas abiertas y cerradas<\/a><\/p>\n<p>(*) <a href=\"https:\/\/www.mundoprimaria.com\/juegos-educativos\/juegos-matematicas\/juegos-de-igualar-y-comparar\">Geometr\u00eda. Cuadril\u00e1teros, tri\u00e1ngulos y c\u00edrculos<\/a><\/p>\n<p>(*) <a href=\"https:\/\/www.mundoprimaria.com\/juegos-educativos\/juegos-matematicas\/juego-orientacion-espacial\">Geometr\u00eda. Orientaci\u00f3n espacial<\/a><\/p>\n","protected":false},"excerpt":{"rendered":"<p>Antes de llegar a la lista de actividades y juegos interactivos, que se encuentra m\u00e1s abajo, pedimos a las famlias que lean la siguiente NOTA. NOTA MUY IMPORTANTE SOBRE EL ACCESO A LOS JUEGOS Y ACTIVIDADES ONLINE INTERACTIVAS DEL PORTAL DE MATERIAL EDUCATIVO GRATU\u00cdTO WWW.MUNDOPRIMARIA.COM Los enlaces marcados con un&#46;&#46;&#46;<\/p>\n","protected":false},"author":8953,"featured_media":0,"parent":0,"menu_order":0,"comment_status":"closed","ping_status":"closed","template":"","meta":{"ngg_post_thumbnail":0,"footnotes":""},"aioseo_notices":[],"_links":{"self":[{"href":"https:\/\/blogsaverroes.juntadeandalucia.es\/lamarquesapri1920\/wp-json\/wp\/v2\/pages\/13"}],"collection":[{"href":"https:\/\/blogsaverroes.juntadeandalucia.es\/lamarquesapri1920\/wp-json\/wp\/v2\/pages"}],"about":[{"href":"https:\/\/blogsaverroes.juntadeandalucia.es\/lamarquesapri1920\/wp-json\/wp\/v2\/types\/page"}],"author":[{"embeddable":true,"href":"https:\/\/blogsaverroes.juntadeandalucia.es\/lamarquesapri1920\/wp-json\/wp\/v2\/users\/8953"}],"replies":[{"embeddable":true,"href":"https:\/\/blogsaverroes.juntadeandalucia.es\/lamarquesapri1920\/wp-json\/wp\/v2\/comments?post=13"}],"version-history":[{"count":10,"href":"https:\/\/blogsaverroes.juntadeandalucia.es\/lamarquesapri1920\/wp-json\/wp\/v2\/pages\/13\/revisions"}],"predecessor-version":[{"id":24,"href":"https:\/\/blogsaverroes.juntadeandalucia.es\/lamarquesapri1920\/wp-json\/wp\/v2\/pages\/13\/revisions\/24"}],"wp:attachment":[{"href":"https:\/\/blogsaverroes.juntadeandalucia.es\/lamarquesapri1920\/wp-json\/wp\/v2\/media?parent=13"}],"curies":[{"name":"wp","href":"https:\/\/api.w.org\/{rel}","templated":true}]}}