{"id":2,"date":"2020-03-21T14:14:15","date_gmt":"2020-03-21T13:14:15","guid":{"rendered":"https:\/\/blogsaverroes.juntadeandalucia.es\/lamarquesapri1920\/?page_id=2"},"modified":"2020-04-07T16:50:18","modified_gmt":"2020-04-07T14:50:18","slug":"pagina-ejemplo","status":"publish","type":"page","link":"https:\/\/blogsaverroes.juntadeandalucia.es\/lamarquesapri1920\/","title":{"rendered":"\u00a1 Bienvenidos y bienvenidas !"},"content":{"rendered":"<p id=\"hola-inicio\">\u00a1 Hola !<\/p>\r\n<p><a href=\"#hola-chicos\">Haz clic aqu\u00ed para darte la bienvenida.<\/a> A continuaci\u00f3n os mostramos las \u00faltimas entradas publicadas.<\/p>\r\n<div class=\"pt-cv-wrapper\"><div class=\"pt-cv-view pt-cv-collapsible\" id=\"pt-cv-view-e7c368ftu1\"><div data-id=\"pt-cv-page-1\" class=\"pt-cv-page\" data-cvc=\"1\"><div class=\"panel-group\" id=\"6b75c3cer4\"><div class=\"panel panel-default pt-cv-content-item pt-cv-1-col\" >\r\n<div class=\"panel-heading pt-cv-title\">\r\n    <a class=\"panel-title\" data-toggle=\"cvcollapse\" data-parent=\"#6b75c3cer4\" data-target=\"#940edd4iu8\" href='https:\/\/blogsaverroes.juntadeandalucia.es\/lamarquesapri1920\/2020\/06\/08\/visitando-las-piramides-con-bennu\/' onclick='event.preventDefault()'>\r\n\t\tVisitando las pir\u00e1mides con Bennu.\t<\/a>\r\n\t<\/div>\r\n<div id=\"940edd4iu8\" class=\"panel-collapse collapse in\">\r\n\t<div class=\"panel-body\">\r\n\t\t<div class=\"pt-cv-content\">\"Visitando las pir\u00e1mides con Bennu\". Libro de lectura (opcional), para quien quiera saber m\u00e1s sobre Egipto leyendo esta divertida e interesante historia ...<br \/><div class=\"pt-cv-rmwrap\"><a href=\"https:\/\/blogsaverroes.juntadeandalucia.es\/lamarquesapri1920\/2020\/06\/08\/visitando-las-piramides-con-bennu\/\" class=\"_self pt-cv-readmore btn btn-success\" target=\"_self\">Leer M\u00e1s<\/a><\/div><\/div>\t<\/div>\r\n<\/div><\/div>\n<div class=\"panel panel-default pt-cv-content-item pt-cv-1-col\" >\r\n<div class=\"panel-heading pt-cv-title\">\r\n    <a class=\"panel-title\" data-toggle=\"cvcollapse\" data-parent=\"#6b75c3cer4\" data-target=\"#4f1b8176lk\" href='https:\/\/blogsaverroes.juntadeandalucia.es\/lamarquesapri1920\/2020\/06\/08\/actividades-y-recursos-interactivos-de-la-semana-del-8-al-12-de-junio\/' onclick='event.preventDefault()'>\r\n\t\tActividades y recursos interactivos de la semana del 8 al 12 de junio.\t<\/a>\r\n\t<\/div>\r\n<div id=\"4f1b8176lk\" class=\"panel-collapse collapse \">\r\n\t<div class=\"panel-body\">\r\n\t\t<div class=\"pt-cv-content\">LUNES. * V\u00eddeo El Antiguo Egipto (Anaya). MARTES. * Actividad de comprensi\u00f3n lectora: 1\u00ba A: 3938815 1\u00ba B: 8256609 1\u00ba C: 6444857 * Actividad interactiva para el alumnado de VSC: C\u00f3digo de acceso: 6308553. Luego, haz clic en \"\u00danete\". MI\u00c9RCOLES. * \"Qu\u00e9 son las instrucciones\" - v\u00eddeo explicativo. * \u00bfC\u00f3mo se hace una cometa?\" (audio). JUEVES. * Los retos de \"La negra y su silencio\". VIERNES. --- ...<br \/><div class=\"pt-cv-rmwrap\"><a href=\"https:\/\/blogsaverroes.juntadeandalucia.es\/lamarquesapri1920\/2020\/06\/08\/actividades-y-recursos-interactivos-de-la-semana-del-8-al-12-de-junio\/\" class=\"_self pt-cv-readmore btn btn-success\" target=\"_self\">Leer M\u00e1s<\/a><\/div><\/div>\t<\/div>\r\n<\/div><\/div>\n<div class=\"panel panel-default pt-cv-content-item pt-cv-1-col\" >\r\n<div class=\"panel-heading pt-cv-title\">\r\n    <a class=\"panel-title\" data-toggle=\"cvcollapse\" data-parent=\"#6b75c3cer4\" data-target=\"#bd3fd13dp6\" href='https:\/\/blogsaverroes.juntadeandalucia.es\/lamarquesapri1920\/2020\/06\/08\/el-antiguo-egipto\/' onclick='event.preventDefault()'>\r\n\t\tEl antiguo Egipto.\t<\/a>\r\n\t<\/div>\r\n<div id=\"bd3fd13dp6\" class=\"panel-collapse collapse \">\r\n\t<div class=\"panel-body\">\r\n\t\t<div class=\"pt-cv-content\">En este v\u00eddeo conocer\u00e1s aspectos muy interesantes sobre el antiguo Egipto de los faraones y las pir\u00e1mides ...<br \/><div class=\"pt-cv-rmwrap\"><a href=\"https:\/\/blogsaverroes.juntadeandalucia.es\/lamarquesapri1920\/2020\/06\/08\/el-antiguo-egipto\/\" class=\"_self pt-cv-readmore btn btn-success\" target=\"_self\">Leer M\u00e1s<\/a><\/div><\/div>\t<\/div>\r\n<\/div><\/div>\n<div class=\"panel panel-default pt-cv-content-item pt-cv-1-col\" >\r\n<div class=\"panel-heading pt-cv-title\">\r\n    <a class=\"panel-title\" data-toggle=\"cvcollapse\" data-parent=\"#6b75c3cer4\" data-target=\"#52d15fds9t\" href='https:\/\/blogsaverroes.juntadeandalucia.es\/lamarquesapri1920\/2020\/06\/08\/el-cocodrilo-del-nilo\/' onclick='event.preventDefault()'>\r\n\t\tEl cocodrilo del Nilo.\t<\/a>\r\n\t<\/div>\r\n<div id=\"52d15fds9t\" class=\"panel-collapse collapse \">\r\n\t<div class=\"panel-body\">\r\n\t\t<div class=\"pt-cv-content\">Lee este bonito y divertido poema de Roald Dahl en este enlace ...<br \/><div class=\"pt-cv-rmwrap\"><a href=\"https:\/\/blogsaverroes.juntadeandalucia.es\/lamarquesapri1920\/2020\/06\/08\/el-cocodrilo-del-nilo\/\" class=\"_self pt-cv-readmore btn btn-success\" target=\"_self\">Leer M\u00e1s<\/a><\/div><\/div>\t<\/div>\r\n<\/div><\/div>\n<div class=\"panel panel-default pt-cv-content-item pt-cv-1-col\" >\r\n<div class=\"panel-heading pt-cv-title\">\r\n    <a class=\"panel-title\" data-toggle=\"cvcollapse\" data-parent=\"#6b75c3cer4\" data-target=\"#c9ec782g7q\" href='https:\/\/blogsaverroes.juntadeandalucia.es\/lamarquesapri1920\/2020\/06\/08\/horas-en-punto-y-horas-y-media\/' onclick='event.preventDefault()'>\r\n\t\tHoras en punto y horas y media.\t<\/a>\r\n\t<\/div>\r\n<div id=\"c9ec782g7q\" class=\"panel-collapse collapse \">\r\n\t<div class=\"panel-body\">\r\n\t\t<div class=\"pt-cv-content\">Con este v\u00eddeo recordar\u00e1s c\u00f3mo distinguir en el reloj las horas en punto y las horas y media ...<br \/><div class=\"pt-cv-rmwrap\"><a href=\"https:\/\/blogsaverroes.juntadeandalucia.es\/lamarquesapri1920\/2020\/06\/08\/horas-en-punto-y-horas-y-media\/\" class=\"_self pt-cv-readmore btn btn-success\" target=\"_self\">Leer M\u00e1s<\/a><\/div><\/div>\t<\/div>\r\n<\/div><\/div>\n<div class=\"panel panel-default pt-cv-content-item pt-cv-1-col\" >\r\n<div class=\"panel-heading pt-cv-title\">\r\n    <a class=\"panel-title\" data-toggle=\"cvcollapse\" data-parent=\"#6b75c3cer4\" data-target=\"#23ee40a0eg\" href='https:\/\/blogsaverroes.juntadeandalucia.es\/lamarquesapri1920\/2020\/06\/08\/los-retos-de-la-negra-y-su-silencio\/' onclick='event.preventDefault()'>\r\n\t\tLos retos de \u00abLa negra y su silencio\u00bb.\t<\/a>\r\n\t<\/div>\r\n<div id=\"23ee40a0eg\" class=\"panel-collapse collapse \">\r\n\t<div class=\"panel-body\">\r\n\t\t<div class=\"pt-cv-content\">Entra en esta p\u00e1gina web. Sigue las instrucciones del juego e intenta reconocer los ritmos musicales. Si terminas con \u00e9xito los dos niveles, desbloquear\u00e1s otro juego en el que tambi\u00e9n podr\u00e1s practicar con las corcheas ...<br \/><div class=\"pt-cv-rmwrap\"><a href=\"https:\/\/blogsaverroes.juntadeandalucia.es\/lamarquesapri1920\/2020\/06\/08\/los-retos-de-la-negra-y-su-silencio\/\" class=\"_self pt-cv-readmore btn btn-success\" target=\"_self\">Leer M\u00e1s<\/a><\/div><\/div>\t<\/div>\r\n<\/div><\/div>\n<div class=\"panel panel-default pt-cv-content-item pt-cv-1-col\" >\r\n<div class=\"panel-heading pt-cv-title\">\r\n    <a class=\"panel-title\" data-toggle=\"cvcollapse\" data-parent=\"#6b75c3cer4\" data-target=\"#f5174199bz\" href='https:\/\/blogsaverroes.juntadeandalucia.es\/lamarquesapri1920\/2020\/06\/08\/coreografia-mini-yo-school\/' onclick='event.preventDefault()'>\r\n\t\tCoreograf\u00eda Mini Yo School.\t<\/a>\r\n\t<\/div>\r\n<div id=\"f5174199bz\" class=\"panel-collapse collapse \">\r\n\t<div class=\"panel-body\">\r\n\t\t<div class=\"pt-cv-content\">El maestro Antonio, de Educaci\u00f3n F\u00edsica, nos propone en esta semana hacer la siguiente coreograf\u00eda ...<br \/><div class=\"pt-cv-rmwrap\"><a href=\"https:\/\/blogsaverroes.juntadeandalucia.es\/lamarquesapri1920\/2020\/06\/08\/coreografia-mini-yo-school\/\" class=\"_self pt-cv-readmore btn btn-success\" target=\"_self\">Leer M\u00e1s<\/a><\/div><\/div>\t<\/div>\r\n<\/div><\/div>\n<div class=\"panel panel-default pt-cv-content-item pt-cv-1-col\" >\r\n<div class=\"panel-heading pt-cv-title\">\r\n    <a class=\"panel-title\" data-toggle=\"cvcollapse\" data-parent=\"#6b75c3cer4\" data-target=\"#8ca85d3pu4\" href='https:\/\/blogsaverroes.juntadeandalucia.es\/lamarquesapri1920\/2020\/06\/01\/actividades-y-recursos-interactivos-de-la-semana-del-1-al-5-de-junio\/' onclick='event.preventDefault()'>\r\n\t\tActividades y recursos interactivos de la semana del 1 al 5 de junio.\t<\/a>\r\n\t<\/div>\r\n<div id=\"8ca85d3pu4\" class=\"panel-collapse collapse \">\r\n\t<div class=\"panel-body\">\r\n\t\t<div class=\"pt-cv-content\">LUNES. * Audici\u00f3n canci\u00f3n: \u201cEl pr\u00edncipe ceniciento\u201d. * Juego de Quizizz de comprensi\u00f3n lectora: \u201cEl pr\u00edncipe Ceniciento\u201d. 1\u00ba A: 5361769 1\u00ba B: 8419289 1\u00ba C: 2256494 MARTES. * La ruleta de las historias. MI\u00c9RCOLES. --- JUEVES. * V\u00eddeo \"N\u00fameros en el \u00e1baco\", p\u00e1gina 144. * Audici\u00f3n: \"\u00bfC\u00f3mo se hace una mesa?\" * Actividad interactiva: \"\u00bfC\u00f3mo se hace una mesa?\" \ufeff * Actividad interactiva: \"Utilizar las m\u00e1quinas de forma segura\". \ufeff VIERNES. * V\u00eddeo: La ropa de la Prehistoria. * Convi\u00e9rtete en todo un artista de la Prehistoria. Entra en esta p\u00e1gina y dibuja alguno de los modelos rupestres de aut\u00e9nticas ...<br \/><div class=\"pt-cv-rmwrap\"><a href=\"https:\/\/blogsaverroes.juntadeandalucia.es\/lamarquesapri1920\/2020\/06\/01\/actividades-y-recursos-interactivos-de-la-semana-del-1-al-5-de-junio\/\" class=\"_self pt-cv-readmore btn btn-success\" target=\"_self\">Leer M\u00e1s<\/a><\/div><\/div>\t<\/div>\r\n<\/div><\/div>\n<div class=\"panel panel-default pt-cv-content-item pt-cv-1-col\" >\r\n<div class=\"panel-heading pt-cv-title\">\r\n    <a class=\"panel-title\" data-toggle=\"cvcollapse\" data-parent=\"#6b75c3cer4\" data-target=\"#9eb85b5mdi\" href='https:\/\/blogsaverroes.juntadeandalucia.es\/lamarquesapri1920\/2020\/06\/01\/el-valor-de-compartir\/' onclick='event.preventDefault()'>\r\n\t\tEl valor de compartir.\t<\/a>\r\n\t<\/div>\r\n<div id=\"9eb85b5mdi\" class=\"panel-collapse collapse \">\r\n\t<div class=\"panel-body\">\r\n\t\t<div class=\"pt-cv-content\">Mira el v\u00eddeo de este peque\u00f1o cuento: Luego, en un folio, escribe las respuestas a estas preguntas. Para ello, pon primero el n\u00famero de la pregunta y a continuaci\u00f3n responde. 1. \u00bfC\u00f3mo cre\u00eda el perrito que era el ave cuando empez\u00f3 a robarle gusanos de la barca? 2. \u00bfPara qu\u00e9 quer\u00eda los gusanos el ave? 3. \u00bfQu\u00e9 se le ocurri\u00f3 al perrito despu\u00e9s de ver para qu\u00e9 quer\u00eda los gusanos el ave? 4. \u00bfPiensas que el ave era mala? \u00bfPor qu\u00e9? Despu\u00e9s de tus respuestas, dibuja el personaje del cuento que m\u00e1s te haya gustado ...<br \/><div class=\"pt-cv-rmwrap\"><a href=\"https:\/\/blogsaverroes.juntadeandalucia.es\/lamarquesapri1920\/2020\/06\/01\/el-valor-de-compartir\/\" class=\"_self pt-cv-readmore btn btn-success\" target=\"_self\">Leer M\u00e1s<\/a><\/div><\/div>\t<\/div>\r\n<\/div><\/div>\n<div class=\"panel panel-default pt-cv-content-item pt-cv-1-col\" >\r\n<div class=\"panel-heading pt-cv-title\">\r\n    <a class=\"panel-title\" data-toggle=\"cvcollapse\" data-parent=\"#6b75c3cer4\" data-target=\"#bc2e631blo\" href='https:\/\/blogsaverroes.juntadeandalucia.es\/lamarquesapri1920\/2020\/06\/01\/presentacion-de-el-principe-ceniciento\/' onclick='event.preventDefault()'>\r\n\t\tPresentaci\u00f3n de El Pr\u00edncipe Ceniciento.\t<\/a>\r\n\t<\/div>\r\n<div id=\"bc2e631blo\" class=\"panel-collapse collapse \">\r\n\t<div class=\"panel-body\">\r\n\t\t<div class=\"pt-cv-content\">Os presentamos un libro con el que lo pasar\u00e9is muy bien. Se titula: \"El Pr\u00edncipe Ceniciento\". En el siguiente v\u00eddeo encontrar\u00e1s algunas claves de esta curiosa historia ...<br \/><div class=\"pt-cv-rmwrap\"><a href=\"https:\/\/blogsaverroes.juntadeandalucia.es\/lamarquesapri1920\/2020\/06\/01\/presentacion-de-el-principe-ceniciento\/\" class=\"_self pt-cv-readmore btn btn-success\" target=\"_self\">Leer M\u00e1s<\/a><\/div><\/div>\t<\/div>\r\n<\/div><\/div><\/div><\/div><\/div><\/div>\r\n\r\n<p id=\"hola-chicos\">\u00a1 Hola, chicos y chicas !<\/p>\r\n<p>Bienvenidos y bienvenidas a este sitio de internet. La se\u00f1o Lola, la se\u00f1o Carmen y el maestro Alejandro os mandamos muchos besos. Un afectuoso saludo tambi\u00e9n para las familias de los tres cursos de Primero.<\/p>\r\n\r\n\r\n\r\n<p><img loading=\"lazy\" decoding=\"async\" class=\" alignright\" src=\"https:\/\/cdn.pixabay.com\/photo\/2013\/07\/12\/14\/59\/spring-149165_1280.png\" width=\"394\" height=\"213\">En este blog podr\u00e9is encontrar v\u00eddeo-explicaciones nuestras para los chicos\/as, sobre distintos contenidos del curso. En la columna de la izquierda, dentro del men\u00fa \u00abCategor\u00edas\u00bb, encontrar\u00e9is apartados como Numeraci\u00f3n, Ortograf\u00eda, etc&#8230; que conducen a las distintas entradas que iremos subiendo. De esa forma, las tendr\u00e9is todas organizadas.<\/p>\r\n<p>En la columna de la derecha dispon\u00e9is de una selecci\u00f3n de actividades interactivas, con las que vuestros hijos\/as (siempre en vuestra compa\u00f1\u00eda y con supervisi\u00f3n) podr\u00e1n practicar ejercicios online sobre los contenidos de Primero.<\/p>\r\n\r\n\r\n\r\n<p>Poco a poco, iremos aumentando el blog con m\u00e1s apartados y recursos digitales para nuestros\/as chicos\/as.<\/p>\r\n<p>\u00a1Enhorabuena, familias, por vuestro trabajo en casa! Os deseamos salud, mucho \u00e1nimo y abrazos.<\/p>\r\n<p style=\"text-align: right\">Lola, Carmen y Alejandro (maestros tutores de 1\u00ba de Primaria).<\/p>\r\n<p><a href=\"#hola-inicio\">Haz clic aqu\u00ed para ir a las \u00faltimas entradas publicadas<\/a>.<\/p>\r\n","protected":false},"excerpt":{"rendered":"<p>\u00a1 Hola ! Haz clic aqu\u00ed para darte la bienvenida. A continuaci\u00f3n os mostramos las \u00faltimas entradas publicadas. \u00a1 Hola, chicos y chicas ! Bienvenidos y bienvenidas a este sitio de internet. La se\u00f1o Lola, la se\u00f1o Carmen y el maestro Alejandro os mandamos muchos besos. Un afectuoso saludo tambi\u00e9n&#46;&#46;&#46;<\/p>\n","protected":false},"author":8953,"featured_media":0,"parent":0,"menu_order":0,"comment_status":"closed","ping_status":"open","template":"","meta":{"ngg_post_thumbnail":0,"footnotes":""},"aioseo_notices":[],"_links":{"self":[{"href":"https:\/\/blogsaverroes.juntadeandalucia.es\/lamarquesapri1920\/wp-json\/wp\/v2\/pages\/2"}],"collection":[{"href":"https:\/\/blogsaverroes.juntadeandalucia.es\/lamarquesapri1920\/wp-json\/wp\/v2\/pages"}],"about":[{"href":"https:\/\/blogsaverroes.juntadeandalucia.es\/lamarquesapri1920\/wp-json\/wp\/v2\/types\/page"}],"author":[{"embeddable":true,"href":"https:\/\/blogsaverroes.juntadeandalucia.es\/lamarquesapri1920\/wp-json\/wp\/v2\/users\/8953"}],"replies":[{"embeddable":true,"href":"https:\/\/blogsaverroes.juntadeandalucia.es\/lamarquesapri1920\/wp-json\/wp\/v2\/comments?post=2"}],"version-history":[{"count":8,"href":"https:\/\/blogsaverroes.juntadeandalucia.es\/lamarquesapri1920\/wp-json\/wp\/v2\/pages\/2\/revisions"}],"predecessor-version":[{"id":87,"href":"https:\/\/blogsaverroes.juntadeandalucia.es\/lamarquesapri1920\/wp-json\/wp\/v2\/pages\/2\/revisions\/87"}],"wp:attachment":[{"href":"https:\/\/blogsaverroes.juntadeandalucia.es\/lamarquesapri1920\/wp-json\/wp\/v2\/media?parent=2"}],"curies":[{"name":"wp","href":"https:\/\/api.w.org\/{rel}","templated":true}]}}