{"id":159,"date":"2021-11-08T08:13:23","date_gmt":"2021-11-08T08:13:23","guid":{"rendered":"https:\/\/blogsaverroes.juntadeandalucia.es\/laplumadelcervantes\/?page_id=159"},"modified":"2025-11-19T08:35:37","modified_gmt":"2025-11-19T08:35:37","slug":"biblioteca-escolar","status":"publish","type":"page","link":"https:\/\/blogsaverroes.juntadeandalucia.es\/laplumadelcervantes\/biblioteca-escolar\/","title":{"rendered":"PLAN DE AUTOPROTECCI\u00d3N"},"content":{"rendered":"<p>\u00bfQu\u00e9 es el Plan de Autoprotecci\u00f3n?<\/p>\n<p>&nbsp; &nbsp;Un plan de autoprotecci\u00f3n es un documento que recoge el conjunto de medidas dise\u00f1adas e implantadas para evitar la materializaci\u00f3n de situaciones de emergencia, y en su caso, para minimizar las consecuencias derivadas de un siniestro y optimizar los recursos disponibles existentes al respecto. Toda esta informaci\u00f3n debe estar debidamente recogida y ser conocida por todos los ocupantes del centro para evitar respuestas improvisadas que conduzcan a la desorganizaci\u00f3n y el caos durante una eventual y urgente evacuaci\u00f3n. Una correcta planificaci\u00f3n en este sentido contribuir\u00e1 a mejorar la eficacia de la intervenci\u00f3n y reducir el tiempo de evacuaci\u00f3n, detect\u00e1ndose tambi\u00e9n con ello posibles deficiencias que se pudieran manifestar. Por lo tanto el Plan debe ser un instrumento que basado en el estudio, desarrollo y puesta en pr\u00e1ctica de una serie de pautas de actuaci\u00f3n, en base a los medios disponibles, permite una respuesta r\u00e1pida y eficaz ante una emergencia.<br \/>\n&nbsp; &nbsp;La normativa existente en materia de autoprotecci\u00f3n es abundante. Ya en 1979 se elabora normativa espec\u00edfica de prevenci\u00f3n contra incendios en establecimientos sanitarios (Orden de 24 de octubre de 1979), y tur\u00edsticos (Orden de 25 de septiembre de 1979).<br \/>\n&nbsp; &nbsp;En 1982 aparece la Norma B\u00e1sica de Edificaci\u00f3n: NBE-CPI-82 CONDICIONES DE PROTECCION CONTRA INCENDIOS EN LOS EDIFICIOS (sin vigencia actualmente),<br \/>\naplicable a todo tipo de edificios.<br \/>\n&nbsp; &nbsp;En 1984 aparece la ORDEN DE 13 DE NOVIEMBRE DE 1984, SOBRE EVACUACI\u00d3N DE CENTROS DOCENTES DE EDUCACI\u00d3N GENERAL B\u00c1SICA, BACHILLERATO Y FORMACI\u00d3N PROFESIONAL. En dicha Orden se pretende implantar la realizaci\u00f3n, con car\u00e1cter peri\u00f3dico y habitual, de ejercicios pr\u00e1cticos de evacuaci\u00f3n de emergencia en los centros docentes de educaci\u00f3n general b\u00e1sica, bachillerato y formaci\u00f3n profesional.<br \/>\n&nbsp; &nbsp;Es mismo a\u00f1o, aparece la ORDEN DE 29 DE NOVIEMBRE DE 1984 POR LA QUE SE APRUEBA EL MANUAL DE AUTOPROTECCION PARA EL DESARROLLO DEL PLAN DE EMERGENCIA CONTRA INCENDIOS Y DE EVACUACION DE LOCALES Y EDIFICIOS. Sin embargo dentro de la misma Orden se indica que la aplicaci\u00f3n de este manual ser\u00e1 voluntaria.<br \/>\n&nbsp; &nbsp;En Andaluc\u00eda, de acuerdo con la ORDEN DE 4 DE NOVIEMBRE DE 1985, POR LA QUE SE DAN INSTRUCCIONES PARA LA ELABORACI\u00d3N POR LOS CENTROS DOCENTES NO UNIVERSITARIOS DE UN PLAN DE AUTOPROTECCI\u00d3N Y SE ESTABLECEN LAS NORMAS PARA LA REALIZACI\u00d3N DE UN EJERCICIO DE EVACUACI\u00d3N DE EMERGENCIA, todos los Centros Docentes no universitarios, tienen la obligaci\u00f3n de tener su propio Plan de Autoprotecci\u00f3n.<br \/>\nEse mismo a\u00f1o en enero, se publica en el B.O.E. la LEY 2\/1.985, DE 21 DE ENERO, SOBRE PROTECCI\u00d3N CIVIL. En esta ley se habla de autoprotecci\u00f3n e indica que los centros de ense\u00f1anza desarrollar\u00e1n, entre los alumnos, actividades que los sensibilicen acerca de sus responsabilidades en materia de protecci\u00f3n civil. En esta misma Ley tambi\u00e9n se indica que los titulares de los centros, estar\u00e1n obligados a establecer medidas de seguridad y prevenci\u00f3n en materia de protecci\u00f3n civil, disponiendo de un sistema de autoprotecci\u00f3n, dotado con sus propios recursos, y del correspondiente plan de emergencia para acciones de prevenci\u00f3n de riesgos, alarma, evacuaci\u00f3n y socorro.<br \/>\n&nbsp; &nbsp;En 1995 se aprueba y publica la LEY 31\/1995, DE 8 DE NOVIEMBRE DE PREVENCI\u00d3N DE RIESGOS LABORALES. En la misma se indica que el empresario (Administraci\u00f3n educativa en caso de un centro p\u00fablico) deber\u00e1 analizar las posibles situaciones de emergencia y adoptar las medidas necesarias en materia de primeros auxilios, lucha contra incendios y evacuaci\u00f3n de los trabajadores, designando para ello al personal encargado de poner en pr\u00e1ctica estas medidas y comprobando peri\u00f3dicamente su correcto funcionamiento<br \/>\n&nbsp; &nbsp;As\u00ed de acuerdo con lo establecido en el Manual de Autoprotecci\u00f3n de 29 de Noviembre de 1984, con la elaboraci\u00f3n del plan de autoprotecci\u00f3n se persiguen los siguientes objetivos:<br \/>\na) Conocer los edificios y sus instalaciones (continente y contenido), la peligrosidad de los<br \/>\ndistintos sectores y los medios de protecci\u00f3n disponibles, las carencias existentes seg\u00fan<br \/>\nnormativa vigente y las necesidades que deban ser atendidas prioritariamente.<br \/>\nb) Garantizar la fiabilidad de todos los medios de protecci\u00f3n y las instalaciones generales.<br \/>\nc) Evitar las causas origen de las emergencias.<br \/>\nd) Disponer de personas organizadas, formadas y adiestradas que garanticen rapidez y<br \/>\neficacia en las acciones a emprender para el control de las emergencias.<br \/>\ne) Tener informados a todos los ocupantes del edificio de c\u00f3mo deben actuar ante una<br \/>\nemergencia y en condiciones normales para su prevenci\u00f3n.<br \/>\nEl plan de autoprotecci\u00f3n deber\u00e1, asimismo, preparar la posible intervenci\u00f3n de los recursos<br \/>\ny medios exteriores en caso de emergencia (bomberos, Ambulancias, Polic\u00eda, etc.).<br \/>\n&nbsp; &nbsp;La implantaci\u00f3n de un plan de emergencia es siempre exigible t\u00e9cnicamente cuando se trate de instalaciones en que se d\u00e9 una grave situaci\u00f3n de riesgo o bien en instalaciones en que a\u00fan no siendo elevado el nivel de riesgo, si podr\u00edan serlo las consecuencias humanas o materiales que se producir\u00edan.<\/p>\n<p>&nbsp;<\/p>\n<p>Se puede acceder a nuestro Plan de Autoprotecci\u00f3n de este curso escolar, pinchando en el siguiente enlace:<\/p>\n<p><a href=\"https:\/\/blogsaverroes.juntadeandalucia.es\/laplumadelcervantes\/files\/2025\/11\/Plan-Actuacion-Autoproteccion-25-26.pdf\">Plan Actuaci\u00f3n Autoprotecci\u00f3n 25-26.<\/a><\/p>\n","protected":false},"excerpt":{"rendered":"<p>\u00bfQu\u00e9 es el Plan de Autoprotecci\u00f3n? &nbsp; &nbsp;Un plan de autoprotecci\u00f3n es un documento que recoge el conjunto de medidas dise\u00f1adas e implantadas para evitar la materializaci\u00f3n de situaciones de emergencia, y en su&#46;&#46;&#46;<\/p>\n","protected":false},"author":11926,"featured_media":0,"parent":0,"menu_order":0,"comment_status":"closed","ping_status":"closed","template":"","meta":{"ngg_post_thumbnail":0,"footnotes":""},"aioseo_notices":[],"_links":{"self":[{"href":"https:\/\/blogsaverroes.juntadeandalucia.es\/laplumadelcervantes\/wp-json\/wp\/v2\/pages\/159"}],"collection":[{"href":"https:\/\/blogsaverroes.juntadeandalucia.es\/laplumadelcervantes\/wp-json\/wp\/v2\/pages"}],"about":[{"href":"https:\/\/blogsaverroes.juntadeandalucia.es\/laplumadelcervantes\/wp-json\/wp\/v2\/types\/page"}],"author":[{"embeddable":true,"href":"https:\/\/blogsaverroes.juntadeandalucia.es\/laplumadelcervantes\/wp-json\/wp\/v2\/users\/11926"}],"replies":[{"embeddable":true,"href":"https:\/\/blogsaverroes.juntadeandalucia.es\/laplumadelcervantes\/wp-json\/wp\/v2\/comments?post=159"}],"version-history":[{"count":8,"href":"https:\/\/blogsaverroes.juntadeandalucia.es\/laplumadelcervantes\/wp-json\/wp\/v2\/pages\/159\/revisions"}],"predecessor-version":[{"id":669,"href":"https:\/\/blogsaverroes.juntadeandalucia.es\/laplumadelcervantes\/wp-json\/wp\/v2\/pages\/159\/revisions\/669"}],"wp:attachment":[{"href":"https:\/\/blogsaverroes.juntadeandalucia.es\/laplumadelcervantes\/wp-json\/wp\/v2\/media?parent=159"}],"curies":[{"name":"wp","href":"https:\/\/api.w.org\/{rel}","templated":true}]}}