{"id":170,"date":"2021-11-08T08:15:31","date_gmt":"2021-11-08T08:15:31","guid":{"rendered":"https:\/\/blogsaverroes.juntadeandalucia.es\/laplumadelcervantes\/?page_id=170"},"modified":"2025-10-29T10:27:43","modified_gmt":"2025-10-29T10:27:43","slug":"plan-de-convivencia","status":"publish","type":"page","link":"https:\/\/blogsaverroes.juntadeandalucia.es\/laplumadelcervantes\/plan-de-convivencia\/","title":{"rendered":"PLAN DE CONVIVENCIA"},"content":{"rendered":"<p><span style=\"font-weight: 400\">Siguiendo las directrices de la orden<\/span> <span style=\"font-weight: 400\">&nbsp;de 20 de junio de 2011, y el Decreto 328\/2010, de 13 de julio, donde se regulan los derechos y deberes del alumnado y la colaboraci\u00f3n y participaci\u00f3n de las familias para la promoci\u00f3n de la convivencia en los centros docentes sostenidos con fondos p\u00fablicos.<\/span><\/p>\n<p>&nbsp;<\/p>\n<p><span style=\"font-weight: 400\">Nuestro centro&nbsp; ha elaborado su Plan de Convivencia que ha sido aprobado por el Claustro del Profesorado y por el Consejo escolar.&nbsp;<\/span><\/p>\n<p><span style=\"font-weight: 400\">En dicho plan se recogen los compromisos de toda la comunidad en cuanto a la tolerancia y&nbsp; la libertad dentro de los principios democr\u00e1ticos de convivencia, as\u00ed como en la prevenci\u00f3n de conflictos y la resoluci\u00f3n pac\u00edfica de los mismos.<\/span><\/p>\n<p><span style=\"font-weight: 400\">La convivencia es una meta y condici\u00f3n necesaria para el buen desarrollo del trabajo del alumnado y del profesorado.&nbsp; favorecer la democracia, sus valores y procedimientos, de manera que orienten e inspiren las pr\u00e1cticas educativas y el funcionamiento de los centros docentes, as\u00ed como las relaciones interpersonales y el clima de convivencia entre todos los miembros de la comunidad educativa, promover la adquisici\u00f3n por el alumnado de los valores en los que se sustentan la convivencia democr\u00e1tica, la participaci\u00f3n, la no violencia y la igualdad entre hombres y mujeres, promover la cultura de paz en todos los \u00f3rdenes de la vida y favorecer la b\u00fasqueda de f\u00f3rmulas para prevenir los conflictos y resolver pac\u00edficamente los que se produzcan en los centros docentes.<\/span><\/p>\n<p><span style=\"font-weight: 400\">En nuestro&nbsp; proyecto educativo est\u00e1 incluido el plan de convivencia para prevenir la aparici\u00f3n de conductas contrarias a las normas de convivencia y facilitar un adecuado clima escolar, y se regula el derecho de las familias a participar en el proceso educativo de sus hijos hijas incluyendo, entre otras medidas, la posibilidad de que las familias suscriban compromisos educativos y compromisos de convivencia con los centros docentes, con objeto de procurar un adecuado seguimiento del proceso de aprendizaje de su hijos e hijas y establecer mecanismos de coordinaci\u00f3n con el profesorado.<\/span><\/p>\n<p><span style=\"font-weight: 400\">En esta misma l\u00ednea y desde la consideraci\u00f3n de la labor educativa como responsabilidad social compartida, se facilita la participaci\u00f3n, comunicaci\u00f3n y cooperaci\u00f3n de las familias en la vida del centro.<\/span><\/p>\n<p><span style=\"font-weight: 400\">Se ha creado un aula de convivencia&nbsp; para el tratamiento individualizado del alumnado y se ha creado&nbsp; la comisi\u00f3n de convivencia del Consejo Escolar, a fin de promover la cultura de paz y la resoluci\u00f3n pac\u00edfica de los conflictos. Igualmente, se reconoce la figura de los delegados o delegadas de los padres y madres del alumnado.<\/span><\/p>\n<p><span style=\"font-weight: 400\">Todas las medidas y actuaciones que se han puesto en marcha,&nbsp; favorecen la mejora del ambiente socioeducativo del centro, las pr\u00e1cticas educativas y la resoluci\u00f3n pac\u00edfica de los conflictos.&nbsp;<\/span><\/p>\n<p><span style=\"font-weight: 400\">El Plan recoge tambi\u00e9n el protocolo a seguir en caso de&nbsp; supuestos de maltrato, discriminaci\u00f3n o agresiones que el alumnado pudiera sufrir, garantizando su seguridad y protecci\u00f3n, as\u00ed como la continuidad de su aprendizaje en las mejores condiciones.&nbsp;<\/span><\/p>\n<p>Se puede acceder a nuestro Plan de Convivencia, pinchando el siguiente enlace:<\/p>\n<p><a href=\"https:\/\/blogsaverroes.juntadeandalucia.es\/laplumadelcervantes\/files\/2025\/10\/PLAN-DE-CONVIVENCIA-2025_26.pdf\">PLAN DE CONVIVENCIA 2025_26<\/a><\/p>\n<p>&nbsp;<\/p>\n","protected":false},"excerpt":{"rendered":"<p>Siguiendo las directrices de la orden &nbsp;de 20 de junio de 2011, y el Decreto 328\/2010, de 13 de julio, donde se regulan los derechos y deberes del alumnado y la colaboraci\u00f3n y participaci\u00f3n&#46;&#46;&#46;<\/p>\n","protected":false},"author":11926,"featured_media":0,"parent":0,"menu_order":0,"comment_status":"closed","ping_status":"closed","template":"","meta":{"ngg_post_thumbnail":0,"footnotes":""},"aioseo_notices":[],"_links":{"self":[{"href":"https:\/\/blogsaverroes.juntadeandalucia.es\/laplumadelcervantes\/wp-json\/wp\/v2\/pages\/170"}],"collection":[{"href":"https:\/\/blogsaverroes.juntadeandalucia.es\/laplumadelcervantes\/wp-json\/wp\/v2\/pages"}],"about":[{"href":"https:\/\/blogsaverroes.juntadeandalucia.es\/laplumadelcervantes\/wp-json\/wp\/v2\/types\/page"}],"author":[{"embeddable":true,"href":"https:\/\/blogsaverroes.juntadeandalucia.es\/laplumadelcervantes\/wp-json\/wp\/v2\/users\/11926"}],"replies":[{"embeddable":true,"href":"https:\/\/blogsaverroes.juntadeandalucia.es\/laplumadelcervantes\/wp-json\/wp\/v2\/comments?post=170"}],"version-history":[{"count":8,"href":"https:\/\/blogsaverroes.juntadeandalucia.es\/laplumadelcervantes\/wp-json\/wp\/v2\/pages\/170\/revisions"}],"predecessor-version":[{"id":663,"href":"https:\/\/blogsaverroes.juntadeandalucia.es\/laplumadelcervantes\/wp-json\/wp\/v2\/pages\/170\/revisions\/663"}],"wp:attachment":[{"href":"https:\/\/blogsaverroes.juntadeandalucia.es\/laplumadelcervantes\/wp-json\/wp\/v2\/media?parent=170"}],"curies":[{"name":"wp","href":"https:\/\/api.w.org\/{rel}","templated":true}]}}