{"id":176,"date":"2021-11-08T08:16:02","date_gmt":"2021-11-08T08:16:02","guid":{"rendered":"https:\/\/blogsaverroes.juntadeandalucia.es\/laplumadelcervantes\/?page_id=176"},"modified":"2025-10-02T10:33:39","modified_gmt":"2025-10-02T10:33:39","slug":"proyecto-linguistico","status":"publish","type":"page","link":"https:\/\/blogsaverroes.juntadeandalucia.es\/laplumadelcervantes\/proyecto-linguistico\/","title":{"rendered":"M\u00c1S  EQUIDAD"},"content":{"rendered":"<p><span style=\"font-weight: 400\">&nbsp; &nbsp;Se ha presentado el Proyecto para participar en el Programa M\u00e1s Equidad (anteriormente IMPULSA) puesto que nuestro centro cuenta con una Aula Espec\u00edfica de Educaci\u00f3n Especial. Ha salido la resoluci\u00f3n provisional y hemos sido seleccionados, a espera de la lista definitiva.<\/span><\/p>\n<p><span style=\"font-weight: 400\">&nbsp; &nbsp;Con este programa, se pretende favorecer la inclusi\u00f3n del alumnado vulnerable, con el objetivo de garantizar la igualdad de oportunidades, incrementar el \u00e9xito escolar del alumnado e integrar a nuestro alumnado promoviendo el desarrollo de diferentes actuaciones as\u00ed como mejorar los recursos existentes en el aula espec\u00edfica, que faciliten el proceso de aprendizaje del alumnado y llevar a cabo experiencias innovadoras.&nbsp;<\/span><\/p>\n<p><span style=\"font-weight: 400\">&nbsp; &nbsp;El programa se llevar\u00e1 a cabo mediante una serie de talleres que abarcan diferentes \u00e1mbitos de actuaci\u00f3n, concretamente, Comunicaci\u00f3n y Lenguaje y Conocimiento del Entorno.<\/span><\/p>\n<p><span style=\"font-weight: 400\">&nbsp; &nbsp;Nos gustar\u00eda seguir trabajando en la misma l\u00ednea que el curso pasado, realizando sesiones de Musicoterapia y de Cuentos Sensoriales; aprovechando el aula multisensorial para ambas actividades.<\/span><\/p>\n<p><span style=\"font-weight: 400\">&nbsp; &nbsp;Ya que fueron muy beneficiosas, el alumnado disfrut\u00f3 much\u00edsimo a la vez que vivenciaron nuevos aprendizajes. El fin principal de estas actividades ser\u00e1 trabajar las capacidades b\u00e1sicas; las sensaciones y la percepci\u00f3n, a la vez que el desarrollo de la motricidad fina y coordinaci\u00f3n.<\/span><\/p>\n<p>Enlace all proyecto del programa: <a href=\"https:\/\/blogsaverroes.juntadeandalucia.es\/laplumadelcervantes\/files\/2025\/10\/PROYECTO-PROGRAMA-MAS-EQUIDAD-2025-26.pdf\">PROYECTO PROGRAMA M\u00c1S EQUIDAD 2025-26.<\/a><\/p>\n<p><img loading=\"lazy\" decoding=\"async\" class=\" wp-image-536 aligncenter\" src=\"https:\/\/blogsaverroes.juntadeandalucia.es\/laplumadelcervantes\/files\/2024\/04\/PROGRAMA-MAS-EQUIDAD-300x300.jpg\" alt=\"\" width=\"397\" height=\"397\" srcset=\"https:\/\/blogsaverroes.juntadeandalucia.es\/laplumadelcervantes\/files\/2024\/04\/PROGRAMA-MAS-EQUIDAD-300x300.jpg 300w, https:\/\/blogsaverroes.juntadeandalucia.es\/laplumadelcervantes\/files\/2024\/04\/PROGRAMA-MAS-EQUIDAD-1024x1024.jpg 1024w, https:\/\/blogsaverroes.juntadeandalucia.es\/laplumadelcervantes\/files\/2024\/04\/PROGRAMA-MAS-EQUIDAD-150x150.jpg 150w, https:\/\/blogsaverroes.juntadeandalucia.es\/laplumadelcervantes\/files\/2024\/04\/PROGRAMA-MAS-EQUIDAD-768x768.jpg 768w, https:\/\/blogsaverroes.juntadeandalucia.es\/laplumadelcervantes\/files\/2024\/04\/PROGRAMA-MAS-EQUIDAD-246x246.jpg 246w, https:\/\/blogsaverroes.juntadeandalucia.es\/laplumadelcervantes\/files\/2024\/04\/PROGRAMA-MAS-EQUIDAD-520x520.jpg 520w, https:\/\/blogsaverroes.juntadeandalucia.es\/laplumadelcervantes\/files\/2024\/04\/PROGRAMA-MAS-EQUIDAD-185x185.jpg 185w, https:\/\/blogsaverroes.juntadeandalucia.es\/laplumadelcervantes\/files\/2024\/04\/PROGRAMA-MAS-EQUIDAD-220x220.jpg 220w, https:\/\/blogsaverroes.juntadeandalucia.es\/laplumadelcervantes\/files\/2024\/04\/PROGRAMA-MAS-EQUIDAD-60x60.jpg 60w, https:\/\/blogsaverroes.juntadeandalucia.es\/laplumadelcervantes\/files\/2024\/04\/PROGRAMA-MAS-EQUIDAD-384x384.jpg 384w, https:\/\/blogsaverroes.juntadeandalucia.es\/laplumadelcervantes\/files\/2024\/04\/PROGRAMA-MAS-EQUIDAD.jpg 1080w\" sizes=\"(max-width: 397px) 100vw, 397px\" \/><\/p>\n","protected":false},"excerpt":{"rendered":"<p>&nbsp; &nbsp;Se ha presentado el Proyecto para participar en el Programa M\u00e1s Equidad (anteriormente IMPULSA) puesto que nuestro centro cuenta con una Aula Espec\u00edfica de Educaci\u00f3n Especial. Ha salido la resoluci\u00f3n provisional y hemos&#46;&#46;&#46;<\/p>\n","protected":false},"author":11926,"featured_media":0,"parent":0,"menu_order":0,"comment_status":"closed","ping_status":"closed","template":"","meta":{"ngg_post_thumbnail":0,"footnotes":""},"aioseo_notices":[],"_links":{"self":[{"href":"https:\/\/blogsaverroes.juntadeandalucia.es\/laplumadelcervantes\/wp-json\/wp\/v2\/pages\/176"}],"collection":[{"href":"https:\/\/blogsaverroes.juntadeandalucia.es\/laplumadelcervantes\/wp-json\/wp\/v2\/pages"}],"about":[{"href":"https:\/\/blogsaverroes.juntadeandalucia.es\/laplumadelcervantes\/wp-json\/wp\/v2\/types\/page"}],"author":[{"embeddable":true,"href":"https:\/\/blogsaverroes.juntadeandalucia.es\/laplumadelcervantes\/wp-json\/wp\/v2\/users\/11926"}],"replies":[{"embeddable":true,"href":"https:\/\/blogsaverroes.juntadeandalucia.es\/laplumadelcervantes\/wp-json\/wp\/v2\/comments?post=176"}],"version-history":[{"count":10,"href":"https:\/\/blogsaverroes.juntadeandalucia.es\/laplumadelcervantes\/wp-json\/wp\/v2\/pages\/176\/revisions"}],"predecessor-version":[{"id":646,"href":"https:\/\/blogsaverroes.juntadeandalucia.es\/laplumadelcervantes\/wp-json\/wp\/v2\/pages\/176\/revisions\/646"}],"wp:attachment":[{"href":"https:\/\/blogsaverroes.juntadeandalucia.es\/laplumadelcervantes\/wp-json\/wp\/v2\/media?parent=176"}],"curies":[{"name":"wp","href":"https:\/\/api.w.org\/{rel}","templated":true}]}}