{"id":230,"date":"2021-11-08T08:44:59","date_gmt":"2021-11-08T08:44:59","guid":{"rendered":"https:\/\/blogsaverroes.juntadeandalucia.es\/laplumadelcervantes\/?page_id=230"},"modified":"2023-02-22T11:34:20","modified_gmt":"2023-02-22T11:34:20","slug":"datos-del-centro","status":"publish","type":"page","link":"https:\/\/blogsaverroes.juntadeandalucia.es\/laplumadelcervantes\/datos-del-centro\/","title":{"rendered":"DATOS DEL CENTRO"},"content":{"rendered":"<p><img loading=\"lazy\" decoding=\"async\" class=\"aligncenter wp-image-243\" src=\"https:\/\/blogsaverroes.juntadeandalucia.es\/laplumadelcervantes\/files\/2021\/11\/descarga.jpg\" alt=\"\" width=\"400\" height=\"224\"><\/p>\n<p>&nbsp;<\/p>\n<p style=\"text-align: center\"><strong>DATOS DEL CENTRO<\/strong><\/p>\n<p style=\"text-align: center\">Datos de contacto:<\/p>\n<p style=\"text-align: center\"><strong>CEIP MIGUEL DE CERVANTES<\/strong><\/p>\n<p style=\"text-align: center\"><strong>DIRECCI\u00d3N<\/strong>: C\/ Lepanto S\/N 41440 Lora del R\u00edo (Sevilla)<\/p>\n<p style=\"text-align: center\"><strong>Telf<\/strong>: 955 808535 \/ 955 808534<\/p>\n<p style=\"text-align: center\"><strong>Email<\/strong>:&nbsp; <a href=\"mailto:41002384.edu@juntadeandalucia.es\">41002384.edu@juntadeandalucia.es<\/a><\/p>\n<p style=\"text-align: center\">&nbsp;<\/p>\n<h4>Instalaciones<\/h4>\n<p>El CEIP Miguel de Cervantes es un colegio de Educaci\u00f3n Infantil y Primaria de 2 l\u00edneas que comenz\u00f3 su andadura en 1969.<\/p>\n<p>Es un edificio antiguo con cinco niveles distintos, sin ascensor. Cuenta con un elevador para subir al segundo nivel al alumnado en general que tenga alg\u00fan problema de movilidad y en concreto al alumnado del aula de Educaci\u00f3n Espec\u00edfica y permitir as\u00ed su integraci\u00f3n temporal en el aula ordinaria.<\/p>\n<p>Las aulas de educaci\u00f3n infantil de 3 a\u00f1os y educaci\u00f3n especial se encuentran ubicadas en la planta baja del edificio. El resto, infantil de 4 y 5 a\u00f1os y Educaci\u00f3n Primaria se encuentran en el resto de niveles siendo los cursos de segundo y tercer ciclo los que se encuentran en las partes m\u00e1s altas del edificio.<\/p>\n<p>Dada la antig\u00fcedad de la infraestructura del edificio, se dan carencias significativas como la falta de un gimnasio cubierto, zonas de recreo adaptadas a las distintas etapas o un sal\u00f3n de usos m\u00faltiples. Sin embargo, en la medida de las posibilidades, sus espacios est\u00e1n muy bien aprovechados: contamos con comedor, aula de M\u00fasica, aula de Ingl\u00e9s, aula de Apoyo a la Integraci\u00f3n, biblioteca, aula de Logopedia, y aula de Educaci\u00f3n Especial Espec\u00edfica.<\/p>\n<p>El edificio cuenta con tres puertas de acceso: la puerta principal por la C\/ Juan de Austria donde se encuentra el primer patio utilizado por infantil y\/o primer y segundo ciclo de primaria. La puerta de la C\/ Lepanto&nbsp; donde se encuentra el segundo patio utilizado unas veces por primer ciclo de primaria y otras veces por segundo ciclo de primaria. Esta distribuci\u00f3n depende siempre del n\u00famero de alumnos matriculados. La puerta de la Avda. del Castillo en la que se encuentra el patio de las pistas rojas utilizado por tercer ciclo de Primaria.<\/p>\n<p>La zona administrativa (Secretar\u00eda y despachos de Direcci\u00f3n y Jefatura de Estudios) se encuentran en el primer nivel del edificio.<\/p>\n<p>&nbsp;<\/p>\n","protected":false},"excerpt":{"rendered":"<p>&nbsp; DATOS DEL CENTRO Datos de contacto: CEIP MIGUEL DE CERVANTES DIRECCI\u00d3N: C\/ Lepanto S\/N 41440 Lora del R\u00edo (Sevilla) Telf: 955 808535 \/ 955 808534 Email:&nbsp; 41002384.edu@juntadeandalucia.es &nbsp; Instalaciones El CEIP Miguel de&#46;&#46;&#46;<\/p>\n","protected":false},"author":11926,"featured_media":0,"parent":0,"menu_order":0,"comment_status":"closed","ping_status":"closed","template":"","meta":{"ngg_post_thumbnail":0,"footnotes":""},"aioseo_notices":[],"_links":{"self":[{"href":"https:\/\/blogsaverroes.juntadeandalucia.es\/laplumadelcervantes\/wp-json\/wp\/v2\/pages\/230"}],"collection":[{"href":"https:\/\/blogsaverroes.juntadeandalucia.es\/laplumadelcervantes\/wp-json\/wp\/v2\/pages"}],"about":[{"href":"https:\/\/blogsaverroes.juntadeandalucia.es\/laplumadelcervantes\/wp-json\/wp\/v2\/types\/page"}],"author":[{"embeddable":true,"href":"https:\/\/blogsaverroes.juntadeandalucia.es\/laplumadelcervantes\/wp-json\/wp\/v2\/users\/11926"}],"replies":[{"embeddable":true,"href":"https:\/\/blogsaverroes.juntadeandalucia.es\/laplumadelcervantes\/wp-json\/wp\/v2\/comments?post=230"}],"version-history":[{"count":6,"href":"https:\/\/blogsaverroes.juntadeandalucia.es\/laplumadelcervantes\/wp-json\/wp\/v2\/pages\/230\/revisions"}],"predecessor-version":[{"id":483,"href":"https:\/\/blogsaverroes.juntadeandalucia.es\/laplumadelcervantes\/wp-json\/wp\/v2\/pages\/230\/revisions\/483"}],"wp:attachment":[{"href":"https:\/\/blogsaverroes.juntadeandalucia.es\/laplumadelcervantes\/wp-json\/wp\/v2\/media?parent=230"}],"curies":[{"name":"wp","href":"https:\/\/api.w.org\/{rel}","templated":true}]}}