{"id":236,"date":"2021-11-08T08:46:11","date_gmt":"2021-11-08T08:46:11","guid":{"rendered":"https:\/\/blogsaverroes.juntadeandalucia.es\/laplumadelcervantes\/?page_id=236"},"modified":"2025-09-18T10:53:16","modified_gmt":"2025-09-18T10:53:16","slug":"plan-de-centro","status":"publish","type":"page","link":"https:\/\/blogsaverroes.juntadeandalucia.es\/laplumadelcervantes\/plan-de-centro\/","title":{"rendered":"PLAN DE CENTRO"},"content":{"rendered":"<p>&nbsp;<\/p>\n<p>Un centro se define en gran medida por su&nbsp;<strong>Plan de Centro<\/strong>. En \u00e9l se plasma el&nbsp;<img loading=\"lazy\" decoding=\"async\" class=\"wp-image-614 alignleft\" src=\"https:\/\/blogsaverroes.juntadeandalucia.es\/laplumadelcervantes\/files\/2025\/09\/PLAN-DE-CENTRO.png\" alt=\"\" width=\"236\" height=\"187\">modelo educativo y la concreci\u00f3n de la normativa que un centro realiza respecto a las ense\u00f1anzas que imparte. Aspectos tales como las finales educativas, objetivos, atenci\u00f3n a la diversidad, etc.<\/p>\n<p>Que la web de un centro informe de su Proyecto Educativo es una apuesta clara por la&nbsp;<strong>transparencia<\/strong>.&nbsp;&nbsp;<\/p>\n<p>&nbsp; &nbsp; &nbsp; &nbsp; &nbsp; Enlace a nuestro plan de centro <a href=\"https:\/\/blogsaverroes.juntadeandalucia.es\/laplumadelcervantes\/files\/2023\/09\/Plan-de-Centro-2023.pdf\">Plan de Centro 2023<\/a><\/p>\n<p>&nbsp; &nbsp; &nbsp; &nbsp; &nbsp; &nbsp; &nbsp; &nbsp; &nbsp; &nbsp; &nbsp; &nbsp; &nbsp; &nbsp; &nbsp; &nbsp; &nbsp; &nbsp; &nbsp; &nbsp; &nbsp; &nbsp; &nbsp; &nbsp; &nbsp; &nbsp; &nbsp; &nbsp; &nbsp; &nbsp; &nbsp; &nbsp; &nbsp; &nbsp;Enlace a nuestro <a href=\"https:\/\/blogsaverroes.juntadeandalucia.es\/laplumadelcervantes\/files\/2025\/09\/PGA-MIGUEL-DE-CERVANTES.pdf\">PGA &#8211; MIGUEL DE CERVANTES 2025\/26<\/a><\/p>\n","protected":false},"excerpt":{"rendered":"<p>&nbsp; Un centro se define en gran medida por su&nbsp;Plan de Centro. En \u00e9l se plasma el&nbsp;modelo educativo y la concreci\u00f3n de la normativa que un centro realiza respecto a las ense\u00f1anzas que imparte.&#46;&#46;&#46;<\/p>\n","protected":false},"author":11926,"featured_media":0,"parent":0,"menu_order":0,"comment_status":"closed","ping_status":"closed","template":"","meta":{"ngg_post_thumbnail":0,"footnotes":""},"aioseo_notices":[],"_links":{"self":[{"href":"https:\/\/blogsaverroes.juntadeandalucia.es\/laplumadelcervantes\/wp-json\/wp\/v2\/pages\/236"}],"collection":[{"href":"https:\/\/blogsaverroes.juntadeandalucia.es\/laplumadelcervantes\/wp-json\/wp\/v2\/pages"}],"about":[{"href":"https:\/\/blogsaverroes.juntadeandalucia.es\/laplumadelcervantes\/wp-json\/wp\/v2\/types\/page"}],"author":[{"embeddable":true,"href":"https:\/\/blogsaverroes.juntadeandalucia.es\/laplumadelcervantes\/wp-json\/wp\/v2\/users\/11926"}],"replies":[{"embeddable":true,"href":"https:\/\/blogsaverroes.juntadeandalucia.es\/laplumadelcervantes\/wp-json\/wp\/v2\/comments?post=236"}],"version-history":[{"count":14,"href":"https:\/\/blogsaverroes.juntadeandalucia.es\/laplumadelcervantes\/wp-json\/wp\/v2\/pages\/236\/revisions"}],"predecessor-version":[{"id":620,"href":"https:\/\/blogsaverroes.juntadeandalucia.es\/laplumadelcervantes\/wp-json\/wp\/v2\/pages\/236\/revisions\/620"}],"wp:attachment":[{"href":"https:\/\/blogsaverroes.juntadeandalucia.es\/laplumadelcervantes\/wp-json\/wp\/v2\/media?parent=236"}],"curies":[{"name":"wp","href":"https:\/\/api.w.org\/{rel}","templated":true}]}}