{"id":252,"date":"2021-11-09T08:08:25","date_gmt":"2021-11-09T08:08:25","guid":{"rendered":"https:\/\/blogsaverroes.juntadeandalucia.es\/laplumadelcervantes\/?page_id=252"},"modified":"2025-02-12T08:30:37","modified_gmt":"2025-02-12T08:30:37","slug":"biblioteca-escolar-2","status":"publish","type":"page","link":"https:\/\/blogsaverroes.juntadeandalucia.es\/laplumadelcervantes\/biblioteca-escolar-2\/","title":{"rendered":"PROGRAMA CIMA"},"content":{"rendered":"<p>&nbsp; &nbsp;La Consejer\u00eda de Desarrollo Educativo y Formaci\u00f3n Profesional pone a disposici\u00f3n de los centros el Programa para la Innovaci\u00f3n y la Mejora del Aprendizaje, Programa CIMA, una herramienta para el desarrollo de las pr\u00e1cticas educativas innovadoras que permite integrarlas en la planificaci\u00f3n anual y en las programaciones did\u00e1cticas del profesorado participante, y al mismo tiempo fomenta el trabajo cooperativo y reconoce al profesorado como docente<br \/>\ninnovador y al centro docente como centro innovador.<\/p>\n<p>&nbsp; &nbsp;Los cambios en la sociedad de la informaci\u00f3n y la conectividad, las investigaciones en innovaci\u00f3n y evaluaci\u00f3n educativa y la experiencia acumulada aconseja una nueva organizaci\u00f3n y un nuevo funcionamiento de los programas educativos que d\u00e9 respuesta a las necesidades actuales desde los fundamentos normativos, cient\u00edficos y pedag\u00f3gicos, as\u00ed como d\u00e9 soluci\u00f3n a las problem\u00e1ticas manifestadas por la comunidad educativa para impulsar proyectos de innovaci\u00f3n en sus centros, dotando de modelos de referencia de \u00e9xito en la pr\u00e1ctica docente.<\/p>\n<p>&nbsp; &nbsp;Con este Programa, por tanto, se pretende reforzar y consolidar una iniciativa de la Consejer\u00eda de Desarrollo Educativo y Formaci\u00f3n Profesional para situar al sistema educativo andaluz en una senda acorde con los objetivos adoptados a nivel mundial para la construcci\u00f3n de una sociedad m\u00e1s sostenible e inclusiva desde el \u00e1mbito educativo.<\/p>\n<p>Pinchando el enlace, se puede observar nuestro plan de actuaci\u00f3n:<\/p>\n<p><a href=\"https:\/\/blogsaverroes.juntadeandalucia.es\/laplumadelcervantes\/files\/2025\/02\/Plan-actuacion-programa-CIMA-.pdf\">Plan actuaci\u00f3n programa CIMA<\/a><\/p>\n<p>&nbsp;<\/p>\n<p>&nbsp; &nbsp; &nbsp; &nbsp; &nbsp; &nbsp; &nbsp; &nbsp; &nbsp; &nbsp; &nbsp; &nbsp; &nbsp; &nbsp; &nbsp; &nbsp; &nbsp; &nbsp; &nbsp; &nbsp; &nbsp; &nbsp; &nbsp; &nbsp; &nbsp; &nbsp; &nbsp; &nbsp; &nbsp;<img loading=\"lazy\" decoding=\"async\" class=\"alignnone wp-image-583 size-large\" src=\"https:\/\/blogsaverroes.juntadeandalucia.es\/laplumadelcervantes\/files\/2024\/09\/CIMA-1024x667.jpg\" alt=\"\" width=\"832\" height=\"542\" srcset=\"https:\/\/blogsaverroes.juntadeandalucia.es\/laplumadelcervantes\/files\/2024\/09\/CIMA-1024x667.jpg 1024w, https:\/\/blogsaverroes.juntadeandalucia.es\/laplumadelcervantes\/files\/2024\/09\/CIMA-300x196.jpg 300w, https:\/\/blogsaverroes.juntadeandalucia.es\/laplumadelcervantes\/files\/2024\/09\/CIMA-768x501.jpg 768w, https:\/\/blogsaverroes.juntadeandalucia.es\/laplumadelcervantes\/files\/2024\/09\/CIMA-1536x1001.jpg 1536w, https:\/\/blogsaverroes.juntadeandalucia.es\/laplumadelcervantes\/files\/2024\/09\/CIMA.jpg 1700w\" sizes=\"(max-width: 832px) 100vw, 832px\" \/><\/p>\n<p>&nbsp;<\/p>\n<p>&nbsp;<\/p>\n<p>&nbsp;<\/p>\n","protected":false},"excerpt":{"rendered":"<p>&nbsp; &nbsp;La Consejer\u00eda de Desarrollo Educativo y Formaci\u00f3n Profesional pone a disposici\u00f3n de los centros el Programa para la Innovaci\u00f3n y la Mejora del Aprendizaje, Programa CIMA, una herramienta para el desarrollo de las&#46;&#46;&#46;<\/p>\n","protected":false},"author":11926,"featured_media":0,"parent":0,"menu_order":0,"comment_status":"closed","ping_status":"closed","template":"","meta":{"ngg_post_thumbnail":0,"footnotes":""},"aioseo_notices":[],"_links":{"self":[{"href":"https:\/\/blogsaverroes.juntadeandalucia.es\/laplumadelcervantes\/wp-json\/wp\/v2\/pages\/252"}],"collection":[{"href":"https:\/\/blogsaverroes.juntadeandalucia.es\/laplumadelcervantes\/wp-json\/wp\/v2\/pages"}],"about":[{"href":"https:\/\/blogsaverroes.juntadeandalucia.es\/laplumadelcervantes\/wp-json\/wp\/v2\/types\/page"}],"author":[{"embeddable":true,"href":"https:\/\/blogsaverroes.juntadeandalucia.es\/laplumadelcervantes\/wp-json\/wp\/v2\/users\/11926"}],"replies":[{"embeddable":true,"href":"https:\/\/blogsaverroes.juntadeandalucia.es\/laplumadelcervantes\/wp-json\/wp\/v2\/comments?post=252"}],"version-history":[{"count":10,"href":"https:\/\/blogsaverroes.juntadeandalucia.es\/laplumadelcervantes\/wp-json\/wp\/v2\/pages\/252\/revisions"}],"predecessor-version":[{"id":605,"href":"https:\/\/blogsaverroes.juntadeandalucia.es\/laplumadelcervantes\/wp-json\/wp\/v2\/pages\/252\/revisions\/605"}],"wp:attachment":[{"href":"https:\/\/blogsaverroes.juntadeandalucia.es\/laplumadelcervantes\/wp-json\/wp\/v2\/media?parent=252"}],"curies":[{"name":"wp","href":"https:\/\/api.w.org\/{rel}","templated":true}]}}