{"id":307,"date":"2021-11-09T08:39:21","date_gmt":"2021-11-09T08:39:21","guid":{"rendered":"https:\/\/blogsaverroes.juntadeandalucia.es\/laplumadelcervantes\/?page_id=307"},"modified":"2021-11-09T08:50:13","modified_gmt":"2021-11-09T08:50:13","slug":"secretaria","status":"publish","type":"page","link":"https:\/\/blogsaverroes.juntadeandalucia.es\/laplumadelcervantes\/secretaria\/","title":{"rendered":"SECRETAR\u00cdA"},"content":{"rendered":"<p>Desde esta secci\u00f3n podr\u00e1 descargar los diferentes documentos que precise para sus relaciones con el Centro.<\/p>\n<p>Toda la documentaci\u00f3n (salvo excepciones) para su correcta tramitaci\u00f3n, deber\u00e1 ser entregada en la Secretar\u00eda del colegio para su correspondiente registro de entrada, en horario de 9,15 h. a 12 h.<\/p>\n<p>Todos los documentos que aqu\u00ed puede descargar, los podr\u00e1&nbsp; encontrar en las diferentes secciones de la web.<\/p>\n<p><strong>AULA MATINAL&nbsp;&nbsp;&nbsp;&nbsp;&nbsp;&nbsp; COMEDOR&nbsp;&nbsp;&nbsp;&nbsp;&nbsp;&nbsp;&nbsp;&nbsp; ACTIVIDADES EXTRAESCOLARES<\/strong><\/p>\n<p><strong>&nbsp;<\/strong><\/p>\n<p><strong>&nbsp;<\/strong><\/p>\n<p>&nbsp;<\/p>\n<p><strong>AULA MATINAL<\/strong><\/p>\n<p>El aula matinal funciona de 7:30 a 9:00 de la ma\u00f1ana. Con este servicio intentamos conciliar la vida laboral de las familias que, por motivos de trabajo, no pueden traer a sus hijos al colegio a las 9:00 de la ma\u00f1ana. Las plazas aprobadas por Delegaci\u00f3n para este servicio son 60.<\/p>\n<p>La empresa que gestiona este servicio es la empresa Senda. Esta empresa se encarga de la contrataci\u00f3n de monitores que ser\u00e1n encargados de atender al alumnado durante este periodo.<\/p>\n<p>&nbsp;La entrada al aula se realiza por la calle Juan de Austria y los alumnos\/as son atendidos en algunas de las dependencias del centro.<\/p>\n<p>A las 9 h, cada alumno se dirige a su clase correspondiente, siendo acompa\u00f1ados, los m\u00e1s peque\u00f1os, por sus monitores.<\/p>\n<p>&nbsp;<\/p>\n<p>&nbsp;<\/p>\n<ul>\n<li><a href=\"https:\/\/www.juntadeandalucia.es\/educacion\/portals\/delegate\/content\/6c4342f7-1581-4c26-bc7e-2e49b4b64cee\/Anexo%20II.-%20Servicio%20de%20Aula%20Matinal,%20Comedor%20Escolar%20y%20actividades%20Extraescolares\">Anexo II.- Servicio de Aula Matinal, Comedor Escolar y actividades Extraescolares<\/a><\/li>\n<li><a href=\"https:\/\/blogsaverroes.juntadeandalucia.es\/ceipborbolla\/files\/2021\/08\/Precios-servicios-complementarios-3-8-2021.pdf\">Precios servicios complementarios 3-8-2<\/a><a href=\"https:\/\/blogsaverroes.juntadeandalucia.es\/ceipborbolla\/files\/2021\/08\/Precios-servicios-complementarios-3-8-2021.pdf\">021<\/a><\/li>\n<li><a href=\"https:\/\/blogsaverroes.juntadeandalucia.es\/ceipborbolla\/files\/2020\/01\/Solicitud-Baja-PAF.pdf\">Solicitud de baja servicios complementarios<\/a><\/li>\n<\/ul>\n<p><a href=\"http:\/\/www.juntadeandalucia.es\/educacion\/portals\/web\/ced\/aula-matinal\">&nbsp; &nbsp; &nbsp; &nbsp; &nbsp; &nbsp; Normativa Web Consejer\u00eda Educaci\u00f3n<\/a><\/p>\n<p>&nbsp;<\/p>\n<p><strong>COMEDOR&nbsp;<\/strong><\/p>\n<p>El servicio se ofrece de lunes a viernes de 14 a 16 h., y en \u00e9l se pretende que sea continuaci\u00f3n de la tarea educativa.<\/p>\n<p>El comedor escolar debe entenderse como un servicio educativo que completa la labor del centro docente, por lo que en \u00e9l debe desarrollarse las siguientes funciones:<\/p>\n<ul>\n<li>Educar en h\u00e1bitos alimentarios saludables utilizando un plan de alimentaci\u00f3n equilibrado.<\/li>\n<li>Promover la adaptaci\u00f3n del alumnado a una diversidad de men\u00fas y a una disciplina que incluya la cortes\u00eda, la tolerancia, la solidaridad y la educaci\u00f3n para la convivencia (educaci\u00f3n en la mesa, postura correcta\u2026).<\/li>\n<li>Ofrecer una planificaci\u00f3n alimentaria que aporte las sustancias nutritivas que los alumnos y alumnas necesitan para su normal desarrollo.<\/li>\n<li>Contribuir a la integraci\u00f3n de la familia en la medida que facilite a los padres y madres el ejercicio de sus funciones laborales y sociales.<\/li>\n<li>Facilitar que mujeres y hombres andaluces puedan optar libremente a su proyecto de desarrollo personal y profesional.<\/li>\n<li>Interesar a las familias en los beneficios que puedan obtenerse de una colaboraci\u00f3n conjunta con los responsables del comedor escolar, tanto en lo referido a la salud como en su educaci\u00f3n nutricional.<\/li>\n<li>Concienciar a las familias en los patrones de conducta adquiridos en el comedor del centro escolar.<\/li>\n<li>Informar y concienciar a los alumnos de programas y pr\u00e1cticas de higiene personal: aseo general, lavado de manos, cepillado de dientes, manipulaci\u00f3n en el consumo de alimentos\u2026<\/li>\n<li>Educar a los alumnos y alumnas en la relaci\u00f3n social: fomento de la comunicaci\u00f3n, la buena convivencia y y las relaciones con los compa\u00f1eros y compa\u00f1eras de mesa.<\/li>\n<\/ul>\n<p>&nbsp;<\/p>\n<ul>\n<li><a href=\"http:\/\/blogsaverroes.juntadeandalucia.es\/ceipborbolla\/files\/2015\/12\/pdf-icono.gif\"><img loading=\"lazy\" decoding=\"async\" class=\" size-full wp-image-2203 alignleft\" src=\"http:\/\/blogsaverroes.juntadeandalucia.es\/ceipborbolla\/files\/2015\/12\/pdf-icono.gif\" alt=\"pdf-icono\" width=\"18\" height=\"18\"><\/a><a href=\"https:\/\/www.juntadeandalucia.es\/educacion\/portals\/delegate\/content\/6c4342f7-1581-4c26-bc7e-2e49b4b64cee\/Anexo%20II.-%20Servicio%20de%20Aula%20Matinal,%20Comedor%20Escolar%20y%20actividades%20Extraescolares\" target=\"_blank\" rel=\"noopener noreferrer\">Anexo II.- Servicio de Aula Matinal, Comedor Escolar y actividades Extraescolares<\/a><\/li>\n<li><a href=\"http:\/\/blogsaverroes.juntadeandalucia.es\/ceipborbolla\/files\/2015\/12\/pdf-icono.gif\"><img loading=\"lazy\" decoding=\"async\" class=\" size-full wp-image-2203 alignleft\" src=\"http:\/\/blogsaverroes.juntadeandalucia.es\/ceipborbolla\/files\/2015\/12\/pdf-icono.gif\" alt=\"pdf-icono\" width=\"18\" height=\"18\"><\/a><a href=\"https:\/\/blogsaverroes.juntadeandalucia.es\/ceipborbolla\/files\/2021\/08\/Precios-servicios-complementarios-3-8-2021.pdf\" target=\"_blank\" rel=\"noopener noreferrer\">Precios servicios complementarios 3-8-2021<\/a><\/li>\n<li><a href=\"http:\/\/blogsaverroes.juntadeandalucia.es\/ceipborbolla\/files\/2015\/12\/pdf-icono.gif\"><img loading=\"lazy\" decoding=\"async\" class=\" size-full wp-image-2203 alignleft\" src=\"http:\/\/blogsaverroes.juntadeandalucia.es\/ceipborbolla\/files\/2015\/12\/pdf-icono.gif\" alt=\"pdf-icono\" width=\"18\" height=\"18\"><\/a><a href=\"https:\/\/blogsaverroes.juntadeandalucia.es\/ceipborbolla\/files\/2020\/01\/Solicitud-Baja-PAF.pdf\" target=\"_blank\" rel=\"noopener noreferrer\">Solicitud de baja servicios complementarios<\/a><\/li>\n<li><a href=\"http:\/\/blogsaverroes.juntadeandalucia.es\/ceipborbolla\/files\/2015\/12\/pdf-icono.gif\"><img loading=\"lazy\" decoding=\"async\" class=\" size-full wp-image-2203 alignleft\" src=\"http:\/\/blogsaverroes.juntadeandalucia.es\/ceipborbolla\/files\/2015\/12\/pdf-icono.gif\" alt=\"pdf-icono\" width=\"18\" height=\"18\"><\/a><a href=\"http:\/\/www.juntadeandalucia.es\/educacion\/portals\/web\/ced\/comedor-escolar\" target=\"_blank\" rel=\"noopener noreferrer\">Normativa Web Consejer\u00eda Educaci\u00f3n<\/a><\/li>\n<\/ul>\n<p>&nbsp;<\/p>\n","protected":false},"excerpt":{"rendered":"<p>Desde esta secci\u00f3n podr\u00e1 descargar los diferentes documentos que precise para sus relaciones con el Centro. Toda la documentaci\u00f3n (salvo excepciones) para su correcta tramitaci\u00f3n, deber\u00e1 ser entregada en la Secretar\u00eda del colegio para&#46;&#46;&#46;<\/p>\n","protected":false},"author":11926,"featured_media":0,"parent":0,"menu_order":0,"comment_status":"closed","ping_status":"closed","template":"","meta":{"ngg_post_thumbnail":0,"footnotes":""},"aioseo_notices":[],"_links":{"self":[{"href":"https:\/\/blogsaverroes.juntadeandalucia.es\/laplumadelcervantes\/wp-json\/wp\/v2\/pages\/307"}],"collection":[{"href":"https:\/\/blogsaverroes.juntadeandalucia.es\/laplumadelcervantes\/wp-json\/wp\/v2\/pages"}],"about":[{"href":"https:\/\/blogsaverroes.juntadeandalucia.es\/laplumadelcervantes\/wp-json\/wp\/v2\/types\/page"}],"author":[{"embeddable":true,"href":"https:\/\/blogsaverroes.juntadeandalucia.es\/laplumadelcervantes\/wp-json\/wp\/v2\/users\/11926"}],"replies":[{"embeddable":true,"href":"https:\/\/blogsaverroes.juntadeandalucia.es\/laplumadelcervantes\/wp-json\/wp\/v2\/comments?post=307"}],"version-history":[{"count":6,"href":"https:\/\/blogsaverroes.juntadeandalucia.es\/laplumadelcervantes\/wp-json\/wp\/v2\/pages\/307\/revisions"}],"predecessor-version":[{"id":316,"href":"https:\/\/blogsaverroes.juntadeandalucia.es\/laplumadelcervantes\/wp-json\/wp\/v2\/pages\/307\/revisions\/316"}],"wp:attachment":[{"href":"https:\/\/blogsaverroes.juntadeandalucia.es\/laplumadelcervantes\/wp-json\/wp\/v2\/media?parent=307"}],"curies":[{"name":"wp","href":"https:\/\/api.w.org\/{rel}","templated":true}]}}