{"id":367,"date":"2021-12-13T08:30:34","date_gmt":"2021-12-13T08:30:34","guid":{"rendered":"https:\/\/blogsaverroes.juntadeandalucia.es\/laplumadelcervantes\/?page_id=367"},"modified":"2025-10-02T10:21:04","modified_gmt":"2025-10-02T10:21:04","slug":"tde-2","status":"publish","type":"page","link":"https:\/\/blogsaverroes.juntadeandalucia.es\/laplumadelcervantes\/tde-2\/","title":{"rendered":"C\u00d3GIGO ESCUELA 4.0 Y PAD 2025\/26"},"content":{"rendered":"<div class=\"WaaZC\">\n<div class=\"RJPOee EIJn2\">\n<div class=\"rPeykc\" data-hveid=\"CAMQAQ\" data-ved=\"2ahUKEwjjqtzNooWQAxU8VKQEHXZdNGMQo_EKegQIAxAB\">\n<p>&nbsp;<\/p>\n<p><img loading=\"lazy\" decoding=\"async\" class=\"wp-image-373 aligncenter\" src=\"https:\/\/blogsaverroes.juntadeandalucia.es\/laplumadelcervantes\/files\/2021\/12\/imagV\u00eddeo1TDE-300x153.png\" alt=\"\" width=\"403\" height=\"205\" srcset=\"https:\/\/blogsaverroes.juntadeandalucia.es\/laplumadelcervantes\/files\/2021\/12\/imagV\u00eddeo1TDE-300x153.png 300w, https:\/\/blogsaverroes.juntadeandalucia.es\/laplumadelcervantes\/files\/2021\/12\/imagV\u00eddeo1TDE.png 600w\" sizes=\"(max-width: 403px) 100vw, 403px\" \/><\/p>\n<p>&nbsp;<\/p>\n<p>El concepto de Transformaci\u00f3n Educativa en el \u00e1mbito digital incluye el conjunto de actuaciones orientadas a la mejora y modernizaci\u00f3n de los procesos, los procedimientos, los h\u00e1bitos y comportamientos de las organizaciones educativas y de las personas que, haciendo uso de las tecnolog\u00edas digitales, desarrollen su capacidad de hacer frente a los retos de la sociedad actual.<\/p>\n<p>En este sentido, la incorporaci\u00f3n del Programa de Cooperaci\u00f3n Territorial \u00abC\u00f3digo Escuela 4.0\u00bb, a trav\u00e9s de los Proyectos STEAM 4.0 en las etapas de segundo ciclo de Educaci\u00f3n Infantil, Educaci\u00f3n Primaria y Educaci\u00f3n Secundaria Obligatoria, se configura como una nueva medida clave para fortalecer la competencia digital educativa. Su enfoque, centrado en el pensamiento computacional, la programaci\u00f3n, la rob\u00f3tica educativa y la inteligencia artificial, se alinea plenamente con el proceso de transformaci\u00f3n digital continua en el que est\u00e1n inmersos los centros docentes.<\/p>\n<p>Esta transformaci\u00f3n digital engloba tres \u00e1mbitos de actuaci\u00f3n, el de organizaci\u00f3n y gesti\u00f3n de los centros docentes, el de los procesos de ense\u00f1anza-aprendizaje, y el de la informaci\u00f3n y comunicaci\u00f3n, tanto interna como externa, recogidos en la Orden de 29 de marzo de 2021, por la que se establecen los Marcos de la Competencia Digital en el sistema educativo no universitario de la Comunidad Aut\u00f3noma de Andaluc\u00eda.<\/p>\n<p><span data-huuid=\"10982824946926569952\">El Programa C\u00f3digo Esc<\/span><span data-huuid=\"10982824946926569952\">uela 4.0 e<\/span><span data-huuid=\"10982824946926569952\">s una iniciativa del Ministerio de Educaci\u00f3n y Formaci\u00f3n Profesional, ejecutada en Andaluc\u00eda, que busca desarrollar el pensamiento computacional, la programa<\/span><span data-huuid=\"10982824946926569952\">ci\u00f3n y la rob\u00f3tica en la comunidad educativa mediante la formaci\u00f3n del profesorado y la dotaci\u00f3n de recursos tecnol\u00f3gicos a los centros p\u00fab<\/span><span data-huuid=\"10982824946926569952\">licos. <\/span><span data-huuid=\"10982824946926568689\">A nivel andaluz, se integra en la estrategia de transformaci<\/span><span data-huuid=\"10982824946926568689\">\u00f3n digital y en iniciativas STEAM para fomentar voc<\/span>aciones STEM y eliminar la brecha de g\u00e9nero, utilizando los Centros del Profesorado (CEP) como centros de formaci\u00f3n.<span class=\"pjBG2e\" data-cid=\"bdfb77fe-65c7-4db2-8cee-699be2947b27\"><span class=\"UV3uM\">&nbsp;<\/span><\/span><\/p>\n<\/div>\n<\/div>\n<\/div>\n<div class=\"WaaZC\">\n<div class=\"RJPOee EIJn2\">\n<div class=\"rPeykc uP58nb\" data-hveid=\"CAsQAQ\" data-ved=\"2ahUKEwjjqtzNooWQAxU8VKQEHXZdNGMQo_EKegQICxAB\">\n<p><span data-huuid=\"755276300883949722\"><span role=\"heading\">Objetivos del Programa C\u00f3digo Escuela 4.0<\/span><span class=\"pjBG2e\" data-cid=\"aecc0afc-ea51-4486-80d4-13c6cb151680\"><span class=\"UV3uM\">&nbsp;<\/span><\/span><\/span><\/p>\n<\/div>\n<\/div>\n<\/div>\n<div class=\"WaaZC\">\n<div class=\"RJPOee EIJn2\">\n<ul data-hveid=\"CBgQAQ\" data-ved=\"2ahUKEwjjqtzNooWQAxU8VKQEHXZdNGMQm_YKegQIGBAB\">\n<li><span data-huuid=\"755276300883949181\">Desarrollar competencias en pensamiento computacional y programaci\u00f3n entre alumnado y profesorado.<\/span><\/li>\n<li><span data-huuid=\"755276300883951551\">Fomentar una nueva alfabetizaci\u00f3n que acerque a la l\u00f3gica interna del funcionamiento del mundo digital.<\/span><\/li>\n<li><span data-huuid=\"755276300883949825\">Dotar a los centros educativos de recursos de hardware (rob\u00f3tica) y software de programaci\u00f3n.<\/span><\/li>\n<li><span data-huuid=\"755276300883948099\">Capacitar al profesorado a trav\u00e9s de formaciones y acompa\u00f1amiento en el aula.<\/span><\/li>\n<li><span data-huuid=\"755276300883950469\">Potenciar el conocimiento y el inter\u00e9s por las disciplinas STEM.<\/span><\/li>\n<li><span data-huuid=\"755276300883948743\">Contribuir a la eliminaci\u00f3n de la brecha de g\u00e9nero en el \u00e1mbito digital.<\/span><\/li>\n<\/ul>\n<\/div>\n<\/div>\n<div class=\"WaaZC\">\n<div class=\"RJPOee EIJn2\">\n<div class=\"rPeykc uP58nb\" data-hveid=\"CB8QAQ\" data-ved=\"2ahUKEwjjqtzNooWQAxU8VKQEHXZdNGMQo_EKegQIHxAB\"><span data-huuid=\"10982824946926567698\"><span role=\"heading\">El Plan Digital en el Contexto de Andaluc\u00eda<\/span><\/span><\/div>\n<\/div>\n<\/div>\n<div class=\"WaaZC\">\n<div class=\"RJPOee EIJn2\">\n<ul data-hveid=\"CCwQAQ\" data-ved=\"2ahUKEwjjqtzNooWQAxU8VKQEHXZdNGMQm_YKegQILBAB\">\n<li><span data-huuid=\"10982824946926568005\">El programa se enmarca dentro de la Estrategia de Transformaci\u00f3n Digital Educativa en Andaluc\u00eda.<span class=\"pjBG2e\" data-cid=\"d3d4f06a-d530-4a88-94ce-0b45b537193c\"><span class=\"UV3uM\">&nbsp;<\/span><\/span><\/span>\n<div class=\"NPrrbc\" data-cid=\"d3d4f06a-d530-4a88-94ce-0b45b537193c\" data-uuids=\"10982824946926568005\">\n<div class=\"BMebGe btku5b LwdV0e FR7ZSc OJeuxf\" role=\"button\" aria-label=\"Ver enlaces relacionados\" data-hveid=\"CCAQAQ\" data-ved=\"2ahUKEwjjqtzNooWQAxU8VKQEHXZdNGMQ3fYKegQIIBAB\">\n<div class=\"niO4u\">\n<div class=\"kHtcsd\">&nbsp;<\/div>\n<\/div>\n<\/div>\n<\/div>\n<\/li>\n<li><span data-huuid=\"10982824946926569575\">Se integra y ampl\u00eda proyectos previos de rob\u00f3tica e investigaci\u00f3n aeroespacial, convirti\u00e9ndolos en un programa \u00fanico STEAM.<span class=\"pjBG2e\" data-cid=\"1a4c3844-f1a8-45c6-b918-c13dc1a9e7a6\"><span class=\"UV3uM\">&nbsp;<\/span><\/span><\/span>\n<div class=\"NPrrbc\" data-cid=\"1a4c3844-f1a8-45c6-b918-c13dc1a9e7a6\" data-uuids=\"10982824946926569575\">\n<div class=\"BMebGe btku5b LwdV0e FR7ZSc OJeuxf\" role=\"button\" aria-label=\"Ver enlaces relacionados\" data-hveid=\"CCYQAQ\" data-ved=\"2ahUKEwjjqtzNooWQAxU8VKQEHXZdNGMQ3fYKegQIJhAB\">\n<div class=\"niO4u\">\n<div class=\"kHtcsd\">&nbsp;<\/div>\n<\/div>\n<\/div>\n<\/div>\n<\/li>\n<li><span data-huuid=\"10982824946926571145\">Los Centros del Profesorado (CEP) de Andaluc\u00eda son los encargados de ofrecer la formaci\u00f3n y el asesoramiento necesarios para implementar el programa.<span class=\"pjBG2e\" data-cid=\"f5218555-162b-40e5-992b-92f2f4b04bf3\"><span class=\"UV3uM\">&nbsp;<\/span><\/span><\/span>\n<div class=\"NPrrbc\" data-cid=\"f5218555-162b-40e5-992b-92f2f4b04bf3\" data-uuids=\"10982824946926571145\">\n<div class=\"BMebGe btku5b LwdV0e FR7ZSc OJeuxf\" role=\"button\" aria-label=\"Ver enlaces relacionados\" data-hveid=\"CCkQAQ\" data-ved=\"2ahUKEwjjqtzNooWQAxU8VKQEHXZdNGMQ3fYKegQIKRAB\">\n<div class=\"niO4u\">\n<div class=\"kHtcsd\">&nbsp;<\/div>\n<\/div>\n<\/div>\n<\/div>\n<\/li>\n<li><span data-huuid=\"10982824946926568619\">Se han publicado resoluciones, como la de agosto de 2025, para impulsar la competencia digital en los centros docentes andaluces dentro de este programa.<span class=\"pjBG2e\" data-cid=\"975e6b8e-5b09-438d-af74-bbf419436874\"><span class=\"UV3uM\">&nbsp;<\/span><\/span><\/span><\/li>\n<\/ul>\n<\/div>\n<\/div>\n<p>PINCHA AQU\u00cd &nbsp;&nbsp; <a href=\"https:\/\/blogsaverroes.juntadeandalucia.es\/laplumadelcervantes\/files\/2022\/09\/manual_de_buen_uso_equipos_informaticos.pdf\">manual_de_buen_uso_equipos_informaticos<\/a><\/p>\n<p>PLAN ANUAL&nbsp; &nbsp; <a href=\"https:\/\/blogsaverroes.juntadeandalucia.es\/laplumadelcervantes\/files\/2025\/10\/PLAN-TDE-TRANSFORMACION-DIGITAL-EDUCATIVA-2025-2026.pdf\">PLAN TDE (TRANSFORMACI\u00d3N DIGITAL EDUCATIVA) 2025-2026<\/a><\/p>\n","protected":false},"excerpt":{"rendered":"<p>&nbsp; &nbsp; El concepto de Transformaci\u00f3n Educativa en el \u00e1mbito digital incluye el conjunto de actuaciones orientadas a la mejora y modernizaci\u00f3n de los procesos, los procedimientos, los h\u00e1bitos y comportamientos de las organizaciones&#46;&#46;&#46;<\/p>\n","protected":false},"author":11926,"featured_media":0,"parent":0,"menu_order":0,"comment_status":"closed","ping_status":"closed","template":"","meta":{"ngg_post_thumbnail":0,"footnotes":""},"aioseo_notices":[],"_links":{"self":[{"href":"https:\/\/blogsaverroes.juntadeandalucia.es\/laplumadelcervantes\/wp-json\/wp\/v2\/pages\/367"}],"collection":[{"href":"https:\/\/blogsaverroes.juntadeandalucia.es\/laplumadelcervantes\/wp-json\/wp\/v2\/pages"}],"about":[{"href":"https:\/\/blogsaverroes.juntadeandalucia.es\/laplumadelcervantes\/wp-json\/wp\/v2\/types\/page"}],"author":[{"embeddable":true,"href":"https:\/\/blogsaverroes.juntadeandalucia.es\/laplumadelcervantes\/wp-json\/wp\/v2\/users\/11926"}],"replies":[{"embeddable":true,"href":"https:\/\/blogsaverroes.juntadeandalucia.es\/laplumadelcervantes\/wp-json\/wp\/v2\/comments?post=367"}],"version-history":[{"count":13,"href":"https:\/\/blogsaverroes.juntadeandalucia.es\/laplumadelcervantes\/wp-json\/wp\/v2\/pages\/367\/revisions"}],"predecessor-version":[{"id":636,"href":"https:\/\/blogsaverroes.juntadeandalucia.es\/laplumadelcervantes\/wp-json\/wp\/v2\/pages\/367\/revisions\/636"}],"wp:attachment":[{"href":"https:\/\/blogsaverroes.juntadeandalucia.es\/laplumadelcervantes\/wp-json\/wp\/v2\/media?parent=367"}],"curies":[{"name":"wp","href":"https:\/\/api.w.org\/{rel}","templated":true}]}}