{"id":61,"date":"2021-11-02T17:27:31","date_gmt":"2021-11-02T17:27:31","guid":{"rendered":"https:\/\/blogsaverroes.juntadeandalucia.es\/laplumadelcervantes\/?page_id=61"},"modified":"2022-10-05T10:17:27","modified_gmt":"2022-10-05T10:17:27","slug":"curso-escolar","status":"publish","type":"page","link":"https:\/\/blogsaverroes.juntadeandalucia.es\/laplumadelcervantes\/curso-escolar\/","title":{"rendered":"CURSO ESCOLAR"},"content":{"rendered":"<p style=\"text-align: left\">&nbsp; Bienvenidos a tod@s al curso escolar 2022-23.&nbsp; Durante este curso acad\u00e9mico iremos ampliando, completando y finalizando esta p\u00e1gina web de nuestro centro. Hace ya muchos cursos acad\u00e9micos (desde el a\u00f1o 2006), que nos sumergimos en el mundo de las nuevas tecnolog\u00edas, empezando a ser centro TIC. Durante a\u00f1os nos formamos, realizamos muchas actividades, mejoramos nuestras competencias digitales, utilizamos progresivamente estas herramientas en nuestro quehacer diario&#8230;&nbsp;&nbsp;<\/p>\n<p style=\"text-align: left\">&nbsp; &nbsp;Desde hace un par de cursos acad\u00e9micos, apareci\u00f3 el concepto TDE, una idea m\u00e1s amplia del TIC, que aglutina a varios \u00e1mbitos de un centro y una comunidad educativa. En este contexto, nos pusimos manos a la obra el curso pasado en la creaci\u00f3n de una p\u00e1gina web alojada en el dominio \u00abBlogsaverroes\u00bb de la Junta de Andaluc\u00eda como propuesta de nuestro PAD (Plan de Actuaci\u00f3n Digital). Ahora mismo nos encontramos en el momento de ampliar y difundir esta p\u00e1gina como un medio de comunicaci\u00f3n e informaci\u00f3n con nuestra comunidad educativa. La p\u00e1gina engloba muchos \u00e1mbitos del trabajo de nuestro centro y enlaza a otros sitios web donde difundimos informaciones de actividades educativas que realizamos. Esperamos que de forma asidua las personas pertenecientes a nuestra comunidad, accedan a esta p\u00e1gina para informados de todo lo relativo a la vida de nuestro centro educativo.<\/p>\n<p>&nbsp; &nbsp;Aqu\u00ed se pueden ver varias fotos de materiales y estancias de nuestro centro relacionadas con el mundo de las nuevas tecnolog\u00edas.<\/p>\n<p style=\"text-align: left\">&nbsp;<\/p>\n<p><img loading=\"lazy\" decoding=\"async\" class=\"alignnone size-medium wp-image-419\" src=\"https:\/\/blogsaverroes.juntadeandalucia.es\/laplumadelcervantes\/files\/2022\/10\/20221005_120956-300x225.jpg\" alt=\"\" width=\"300\" height=\"225\" srcset=\"https:\/\/blogsaverroes.juntadeandalucia.es\/laplumadelcervantes\/files\/2022\/10\/20221005_120956-300x225.jpg 300w, https:\/\/blogsaverroes.juntadeandalucia.es\/laplumadelcervantes\/files\/2022\/10\/20221005_120956-1024x768.jpg 1024w, https:\/\/blogsaverroes.juntadeandalucia.es\/laplumadelcervantes\/files\/2022\/10\/20221005_120956-768x576.jpg 768w, https:\/\/blogsaverroes.juntadeandalucia.es\/laplumadelcervantes\/files\/2022\/10\/20221005_120956-1536x1152.jpg 1536w, https:\/\/blogsaverroes.juntadeandalucia.es\/laplumadelcervantes\/files\/2022\/10\/20221005_120956-2048x1536.jpg 2048w\" sizes=\"(max-width: 300px) 100vw, 300px\" \/> <img loading=\"lazy\" decoding=\"async\" class=\"alignnone size-medium wp-image-418\" src=\"https:\/\/blogsaverroes.juntadeandalucia.es\/laplumadelcervantes\/files\/2022\/10\/20221005_120920-300x225.jpg\" alt=\"\" width=\"300\" height=\"225\" srcset=\"https:\/\/blogsaverroes.juntadeandalucia.es\/laplumadelcervantes\/files\/2022\/10\/20221005_120920-300x225.jpg 300w, https:\/\/blogsaverroes.juntadeandalucia.es\/laplumadelcervantes\/files\/2022\/10\/20221005_120920-1024x768.jpg 1024w, https:\/\/blogsaverroes.juntadeandalucia.es\/laplumadelcervantes\/files\/2022\/10\/20221005_120920-768x576.jpg 768w, https:\/\/blogsaverroes.juntadeandalucia.es\/laplumadelcervantes\/files\/2022\/10\/20221005_120920-1536x1152.jpg 1536w, https:\/\/blogsaverroes.juntadeandalucia.es\/laplumadelcervantes\/files\/2022\/10\/20221005_120920-2048x1536.jpg 2048w\" sizes=\"(max-width: 300px) 100vw, 300px\" \/> <img loading=\"lazy\" decoding=\"async\" class=\"alignnone size-medium wp-image-417\" src=\"https:\/\/blogsaverroes.juntadeandalucia.es\/laplumadelcervantes\/files\/2022\/10\/20221005_120856-300x225.jpg\" alt=\"\" width=\"300\" height=\"225\" srcset=\"https:\/\/blogsaverroes.juntadeandalucia.es\/laplumadelcervantes\/files\/2022\/10\/20221005_120856-300x225.jpg 300w, https:\/\/blogsaverroes.juntadeandalucia.es\/laplumadelcervantes\/files\/2022\/10\/20221005_120856-1024x768.jpg 1024w, https:\/\/blogsaverroes.juntadeandalucia.es\/laplumadelcervantes\/files\/2022\/10\/20221005_120856-768x576.jpg 768w, https:\/\/blogsaverroes.juntadeandalucia.es\/laplumadelcervantes\/files\/2022\/10\/20221005_120856-1536x1152.jpg 1536w, https:\/\/blogsaverroes.juntadeandalucia.es\/laplumadelcervantes\/files\/2022\/10\/20221005_120856-2048x1536.jpg 2048w\" sizes=\"(max-width: 300px) 100vw, 300px\" \/> <img loading=\"lazy\" decoding=\"async\" class=\"alignnone size-medium wp-image-416\" src=\"https:\/\/blogsaverroes.juntadeandalucia.es\/laplumadelcervantes\/files\/2022\/10\/20221005_120826-300x225.jpg\" alt=\"\" width=\"300\" height=\"225\" srcset=\"https:\/\/blogsaverroes.juntadeandalucia.es\/laplumadelcervantes\/files\/2022\/10\/20221005_120826-300x225.jpg 300w, https:\/\/blogsaverroes.juntadeandalucia.es\/laplumadelcervantes\/files\/2022\/10\/20221005_120826-1024x768.jpg 1024w, https:\/\/blogsaverroes.juntadeandalucia.es\/laplumadelcervantes\/files\/2022\/10\/20221005_120826-768x576.jpg 768w, https:\/\/blogsaverroes.juntadeandalucia.es\/laplumadelcervantes\/files\/2022\/10\/20221005_120826-1536x1152.jpg 1536w, https:\/\/blogsaverroes.juntadeandalucia.es\/laplumadelcervantes\/files\/2022\/10\/20221005_120826-2048x1536.jpg 2048w\" sizes=\"(max-width: 300px) 100vw, 300px\" \/> <img loading=\"lazy\" decoding=\"async\" class=\"alignnone size-medium wp-image-415\" src=\"https:\/\/blogsaverroes.juntadeandalucia.es\/laplumadelcervantes\/files\/2022\/10\/20221005_120725-1-300x225.jpg\" alt=\"\" width=\"300\" height=\"225\" srcset=\"https:\/\/blogsaverroes.juntadeandalucia.es\/laplumadelcervantes\/files\/2022\/10\/20221005_120725-1-300x225.jpg 300w, https:\/\/blogsaverroes.juntadeandalucia.es\/laplumadelcervantes\/files\/2022\/10\/20221005_120725-1-1024x768.jpg 1024w, https:\/\/blogsaverroes.juntadeandalucia.es\/laplumadelcervantes\/files\/2022\/10\/20221005_120725-1-768x576.jpg 768w, https:\/\/blogsaverroes.juntadeandalucia.es\/laplumadelcervantes\/files\/2022\/10\/20221005_120725-1-1536x1152.jpg 1536w, https:\/\/blogsaverroes.juntadeandalucia.es\/laplumadelcervantes\/files\/2022\/10\/20221005_120725-1-2048x1536.jpg 2048w\" sizes=\"(max-width: 300px) 100vw, 300px\" \/> <img loading=\"lazy\" decoding=\"async\" class=\"alignnone size-medium wp-image-414\" src=\"https:\/\/blogsaverroes.juntadeandalucia.es\/laplumadelcervantes\/files\/2022\/10\/20221005_120719-1-300x225.jpg\" alt=\"\" width=\"300\" height=\"225\" srcset=\"https:\/\/blogsaverroes.juntadeandalucia.es\/laplumadelcervantes\/files\/2022\/10\/20221005_120719-1-300x225.jpg 300w, https:\/\/blogsaverroes.juntadeandalucia.es\/laplumadelcervantes\/files\/2022\/10\/20221005_120719-1-1024x768.jpg 1024w, https:\/\/blogsaverroes.juntadeandalucia.es\/laplumadelcervantes\/files\/2022\/10\/20221005_120719-1-768x576.jpg 768w, https:\/\/blogsaverroes.juntadeandalucia.es\/laplumadelcervantes\/files\/2022\/10\/20221005_120719-1-1536x1152.jpg 1536w, https:\/\/blogsaverroes.juntadeandalucia.es\/laplumadelcervantes\/files\/2022\/10\/20221005_120719-1-2048x1536.jpg 2048w\" sizes=\"(max-width: 300px) 100vw, 300px\" \/> <img loading=\"lazy\" decoding=\"async\" class=\"alignnone size-medium wp-image-413\" src=\"https:\/\/blogsaverroes.juntadeandalucia.es\/laplumadelcervantes\/files\/2022\/10\/20221005_120705-1-225x300.jpg\" alt=\"\" width=\"225\" height=\"300\" srcset=\"https:\/\/blogsaverroes.juntadeandalucia.es\/laplumadelcervantes\/files\/2022\/10\/20221005_120705-1-225x300.jpg 225w, https:\/\/blogsaverroes.juntadeandalucia.es\/laplumadelcervantes\/files\/2022\/10\/20221005_120705-1-768x1024.jpg 768w, https:\/\/blogsaverroes.juntadeandalucia.es\/laplumadelcervantes\/files\/2022\/10\/20221005_120705-1-1152x1536.jpg 1152w, https:\/\/blogsaverroes.juntadeandalucia.es\/laplumadelcervantes\/files\/2022\/10\/20221005_120705-1-1536x2048.jpg 1536w, https:\/\/blogsaverroes.juntadeandalucia.es\/laplumadelcervantes\/files\/2022\/10\/20221005_120705-1-scaled.jpg 1920w\" sizes=\"(max-width: 225px) 100vw, 225px\" \/>&nbsp;<\/p>\n","protected":false},"excerpt":{"rendered":"<p>&nbsp; Bienvenidos a tod@s al curso escolar 2022-23.&nbsp; Durante este curso acad\u00e9mico iremos ampliando, completando y finalizando esta p\u00e1gina web de nuestro centro. Hace ya muchos cursos acad\u00e9micos (desde el a\u00f1o 2006), que nos&#46;&#46;&#46;<\/p>\n","protected":false},"author":11926,"featured_media":0,"parent":0,"menu_order":0,"comment_status":"closed","ping_status":"closed","template":"","meta":{"ngg_post_thumbnail":0,"footnotes":""},"aioseo_notices":[],"_links":{"self":[{"href":"https:\/\/blogsaverroes.juntadeandalucia.es\/laplumadelcervantes\/wp-json\/wp\/v2\/pages\/61"}],"collection":[{"href":"https:\/\/blogsaverroes.juntadeandalucia.es\/laplumadelcervantes\/wp-json\/wp\/v2\/pages"}],"about":[{"href":"https:\/\/blogsaverroes.juntadeandalucia.es\/laplumadelcervantes\/wp-json\/wp\/v2\/types\/page"}],"author":[{"embeddable":true,"href":"https:\/\/blogsaverroes.juntadeandalucia.es\/laplumadelcervantes\/wp-json\/wp\/v2\/users\/11926"}],"replies":[{"embeddable":true,"href":"https:\/\/blogsaverroes.juntadeandalucia.es\/laplumadelcervantes\/wp-json\/wp\/v2\/comments?post=61"}],"version-history":[{"count":5,"href":"https:\/\/blogsaverroes.juntadeandalucia.es\/laplumadelcervantes\/wp-json\/wp\/v2\/pages\/61\/revisions"}],"predecessor-version":[{"id":420,"href":"https:\/\/blogsaverroes.juntadeandalucia.es\/laplumadelcervantes\/wp-json\/wp\/v2\/pages\/61\/revisions\/420"}],"wp:attachment":[{"href":"https:\/\/blogsaverroes.juntadeandalucia.es\/laplumadelcervantes\/wp-json\/wp\/v2\/media?parent=61"}],"curies":[{"name":"wp","href":"https:\/\/api.w.org\/{rel}","templated":true}]}}