{"id":73,"date":"2021-11-02T17:28:25","date_gmt":"2021-11-02T17:28:25","guid":{"rendered":"https:\/\/blogsaverroes.juntadeandalucia.es\/laplumadelcervantes\/?page_id=73"},"modified":"2025-10-02T10:22:17","modified_gmt":"2025-10-02T10:22:17","slug":"biblioteca","status":"publish","type":"page","link":"https:\/\/blogsaverroes.juntadeandalucia.es\/laplumadelcervantes\/biblioteca\/","title":{"rendered":"LECTURA Y BIBLIOTECA"},"content":{"rendered":"<p><iframe loading=\"lazy\" title=\"Inauguraci\u00f3n biblioteca\" width=\"500\" height=\"281\" src=\"https:\/\/www.youtube.com\/embed\/s5ZClUQaj2A?feature=oembed&#038;wmode=opaque\" frameborder=\"0\" allow=\"accelerometer; autoplay; clipboard-write; encrypted-media; gyroscope; picture-in-picture; web-share\" referrerpolicy=\"strict-origin-when-cross-origin\" allowfullscreen><\/iframe><\/p>\n<p>La lectura es una fuente inmensa de placer y es la clave del aprendizaje escolar. Es fundamental en todo nuestro recorrido escolar. As\u00ed como en nuestra vida diaria.<\/p>\n<p>Partimos que una calidad de la ense\u00f1anza no debe pasar por alto una biblioteca que d\u00e9 cabida desde leer, consultar, jugar, etc., donde los alumnos y alumnas \u201caprendan a aprender\u201d.<\/p>\n<p><strong><em><u>Situaci\u00f3n actual de nuestra biblioteca.<\/u><\/em><\/strong><\/p>\n<p>Este curso, continuaremos con los pr\u00e9stamos de libros, apertura de la biblioteca durante el recreo, as\u00ed como diversas actividades durante las efem\u00e9rides.<\/p>\n<p>El curso pasado cont\u00e1bamos con un total de 3426 vol\u00famenes: libros de lecturas y de conocimiento. Entre los de ficci\u00f3n disponemos de lotes de libros iguales para los distintos niveles, que usamos para realizar lecturas colectivas en las bibliotecas de aula.<\/p>\n<p>Por otro lado, cada tutor\u00eda cuenta con su propia biblioteca de aula, con ejemplares adaptados a su edad.<\/p>\n<p>Pinchando en el enlace, se puede ver el Plan de lectura y biblioteca para este curso acad\u00e9mico.<\/p>\n<p><a href=\"https:\/\/blogsaverroes.juntadeandalucia.es\/laplumadelcervantes\/files\/2025\/10\/Plan-Actuacion-Biblioteca-25-26.pdf\">_Plan Actuaci\u00f3n Biblioteca 25-26.<\/a><\/p>\n<p><img loading=\"lazy\" decoding=\"async\" class=\"size-medium wp-image-360 aligncenter\" src=\"https:\/\/blogsaverroes.juntadeandalucia.es\/laplumadelcervantes\/files\/2021\/11\/logotipo-biblioteca-300x261.jpg\" alt=\"\" width=\"300\" height=\"261\" srcset=\"https:\/\/blogsaverroes.juntadeandalucia.es\/laplumadelcervantes\/files\/2021\/11\/logotipo-biblioteca-300x261.jpg 300w, https:\/\/blogsaverroes.juntadeandalucia.es\/laplumadelcervantes\/files\/2021\/11\/logotipo-biblioteca-1024x891.jpg 1024w, https:\/\/blogsaverroes.juntadeandalucia.es\/laplumadelcervantes\/files\/2021\/11\/logotipo-biblioteca-768x669.jpg 768w, https:\/\/blogsaverroes.juntadeandalucia.es\/laplumadelcervantes\/files\/2021\/11\/logotipo-biblioteca-1536x1337.jpg 1536w, https:\/\/blogsaverroes.juntadeandalucia.es\/laplumadelcervantes\/files\/2021\/11\/logotipo-biblioteca-2048x1783.jpg 2048w\" sizes=\"(max-width: 300px) 100vw, 300px\" \/><\/p>\n","protected":false},"excerpt":{"rendered":"<p>La lectura es una fuente inmensa de placer y es la clave del aprendizaje escolar. Es fundamental en todo nuestro recorrido escolar. As\u00ed como en nuestra vida diaria. Partimos que una calidad de la&#46;&#46;&#46;<\/p>\n","protected":false},"author":11926,"featured_media":0,"parent":0,"menu_order":0,"comment_status":"closed","ping_status":"closed","template":"","meta":{"ngg_post_thumbnail":0,"footnotes":""},"aioseo_notices":[],"_links":{"self":[{"href":"https:\/\/blogsaverroes.juntadeandalucia.es\/laplumadelcervantes\/wp-json\/wp\/v2\/pages\/73"}],"collection":[{"href":"https:\/\/blogsaverroes.juntadeandalucia.es\/laplumadelcervantes\/wp-json\/wp\/v2\/pages"}],"about":[{"href":"https:\/\/blogsaverroes.juntadeandalucia.es\/laplumadelcervantes\/wp-json\/wp\/v2\/types\/page"}],"author":[{"embeddable":true,"href":"https:\/\/blogsaverroes.juntadeandalucia.es\/laplumadelcervantes\/wp-json\/wp\/v2\/users\/11926"}],"replies":[{"embeddable":true,"href":"https:\/\/blogsaverroes.juntadeandalucia.es\/laplumadelcervantes\/wp-json\/wp\/v2\/comments?post=73"}],"version-history":[{"count":15,"href":"https:\/\/blogsaverroes.juntadeandalucia.es\/laplumadelcervantes\/wp-json\/wp\/v2\/pages\/73\/revisions"}],"predecessor-version":[{"id":637,"href":"https:\/\/blogsaverroes.juntadeandalucia.es\/laplumadelcervantes\/wp-json\/wp\/v2\/pages\/73\/revisions\/637"}],"wp:attachment":[{"href":"https:\/\/blogsaverroes.juntadeandalucia.es\/laplumadelcervantes\/wp-json\/wp\/v2\/media?parent=73"}],"curies":[{"name":"wp","href":"https:\/\/api.w.org\/{rel}","templated":true}]}}