{"id":2,"date":"2021-05-07T07:29:24","date_gmt":"2021-05-07T07:29:24","guid":{"rendered":"https:\/\/blogsaverroes.juntadeandalucia.es\/laraylaorientacion\/?page_id=2"},"modified":"2024-11-15T10:46:34","modified_gmt":"2024-11-15T10:46:34","slug":"pagina-ejemplo","status":"publish","type":"page","link":"https:\/\/blogsaverroes.juntadeandalucia.es\/laraylaorientacion\/pagina-ejemplo\/","title":{"rendered":"Inicio"},"content":{"rendered":"\r\n<p>En este sitio web se encuentra informaci\u00f3n diversa sobre temas de orientaci\u00f3n educativa, y sobre otros temas de inter\u00e9s tanto para las familias como para otras personas miembros de la comunidad educativa.<\/p>\r\n<p>Dentro de este sitio web puedes acceder al blog \u00abVientos de equidad\u00bb a trav\u00e9s del siguiente enlace <a href=\"https:\/\/blogsaverroes.juntadeandalucia.es\/laraylaorientacion\/pagina-ejemplo\/blog-vientos-de-equidad\/\">https:\/\/blogsaverroes.juntadeandalucia.es\/laraylaorientacion\/pagina-ejemplo\/blog-vientos-de-equidad\/<\/a> o pinchando sobre el bot\u00f3n de inicio. En dicho blog es donde podr\u00e1s encontrar entradas interesantes sobre diferentes temas relacionados con la comunidad educativa.<\/p>\r\n<p>&nbsp;<\/p>\r\n","protected":false},"excerpt":{"rendered":"<p>En este sitio web se encuentra informaci\u00f3n diversa sobre temas de orientaci\u00f3n educativa, y sobre otros temas de inter\u00e9s tanto para las familias como para otras personas miembros de la comunidad educativa. Dentro de este sitio web puedes acceder al blog \u00abVientos de equidad\u00bb a trav\u00e9s del siguiente enlace https:\/\/blogsaverroes.juntadeandalucia.es\/laraylaorientacion\/pagina-ejemplo\/blog-vientos-de-equidad\/ o pinchando sobre el bot\u00f3n &hellip; <\/p>\n<p><a class=\"more-link btn\" href=\"https:\/\/blogsaverroes.juntadeandalucia.es\/laraylaorientacion\/pagina-ejemplo\/\">Seguir leyendo<\/a><\/p>\n","protected":false},"author":13090,"featured_media":0,"parent":0,"menu_order":0,"comment_status":"closed","ping_status":"open","template":"","meta":{"ngg_post_thumbnail":0,"footnotes":""},"aioseo_notices":[],"_links":{"self":[{"href":"https:\/\/blogsaverroes.juntadeandalucia.es\/laraylaorientacion\/wp-json\/wp\/v2\/pages\/2"}],"collection":[{"href":"https:\/\/blogsaverroes.juntadeandalucia.es\/laraylaorientacion\/wp-json\/wp\/v2\/pages"}],"about":[{"href":"https:\/\/blogsaverroes.juntadeandalucia.es\/laraylaorientacion\/wp-json\/wp\/v2\/types\/page"}],"author":[{"embeddable":true,"href":"https:\/\/blogsaverroes.juntadeandalucia.es\/laraylaorientacion\/wp-json\/wp\/v2\/users\/13090"}],"replies":[{"embeddable":true,"href":"https:\/\/blogsaverroes.juntadeandalucia.es\/laraylaorientacion\/wp-json\/wp\/v2\/comments?post=2"}],"version-history":[{"count":5,"href":"https:\/\/blogsaverroes.juntadeandalucia.es\/laraylaorientacion\/wp-json\/wp\/v2\/pages\/2\/revisions"}],"predecessor-version":[{"id":122,"href":"https:\/\/blogsaverroes.juntadeandalucia.es\/laraylaorientacion\/wp-json\/wp\/v2\/pages\/2\/revisions\/122"}],"wp:attachment":[{"href":"https:\/\/blogsaverroes.juntadeandalucia.es\/laraylaorientacion\/wp-json\/wp\/v2\/media?parent=2"}],"curies":[{"name":"wp","href":"https:\/\/api.w.org\/{rel}","templated":true}]}}