{"id":44,"date":"2022-04-17T12:49:36","date_gmt":"2022-04-17T12:49:36","guid":{"rendered":"https:\/\/blogsaverroes.juntadeandalucia.es\/lastareasdelcole\/?page_id=44"},"modified":"2022-04-17T12:59:51","modified_gmt":"2022-04-17T12:59:51","slug":"contacta-conmigo","status":"publish","type":"page","link":"https:\/\/blogsaverroes.juntadeandalucia.es\/lastareasdelcole\/contacta-conmigo\/","title":{"rendered":"Contacta conmigo"},"content":{"rendered":"<p>Esta es la ubicaci\u00f3n de nuestro centro:<\/p>\n<p style=\"text-align: center\">&nbsp;<br \/>\n<iframe loading=\"lazy\" src=\"https:\/\/www.google.com\/maps\/embed?pb=!1m18!1m12!1m3!1d3170.3664287340393!2d-5.913841284355569!3d37.38116574247939!2m3!1f0!2f0!3f0!3m2!1i1024!2i768!4f13.1!3m3!1m2!1s0xd126f683813e9b3%3A0x7292d697fed04bfa!2sColegio%20de%20Educaci%C3%B3n%20Infantil%20y%20Primaria%20Pr%C3%ADncipe%20de%20Asturias!5e0!3m2!1ses!2ses!4v1650200288258!5m2!1ses!2ses\" width=\"600\" height=\"450\"><\/iframe><\/p>\n<p>Si ves algo en el blog que no es adecuado, alg\u00fan comentario que no debe aparecer, alguna recomendaci\u00f3n o sencillamente quieres conocer alg\u00fan detalle, puedes ponerte en contacto conmigo a trav\u00e9s de este formulario.<\/p>\n<p><img loading=\"lazy\" decoding=\"async\" class=\"alignnone size-full wp-image-45 aligncenter\" src=\"https:\/\/blogsaverroes.juntadeandalucia.es\/lastareasdelcole\/files\/2022\/04\/Se\u00f1ala_Abajo.gif\" alt=\"\" width=\"101\" height=\"160\"><\/p>\n<p style=\"text-align: center\">[bestwebsoft_contact_form]<\/p>\n","protected":false},"excerpt":{"rendered":"<p>Esta es la ubicaci\u00f3n de nuestro centro: &nbsp; Si ves algo en el blog que no es adecuado, alg\u00fan comentario que no debe aparecer, alguna recomendaci\u00f3n o sencillamente quieres conocer alg\u00fan detalle, puedes ponerte en contacto conmigo a trav\u00e9s de este formulario. [bestwebsoft_contact_form]<\/p>\n","protected":false},"author":15019,"featured_media":0,"parent":0,"menu_order":0,"comment_status":"closed","ping_status":"closed","template":"","meta":{"ngg_post_thumbnail":0,"footnotes":"","_mc_calendar":[]},"aioseo_notices":[],"_links":{"self":[{"href":"https:\/\/blogsaverroes.juntadeandalucia.es\/lastareasdelcole\/wp-json\/wp\/v2\/pages\/44"}],"collection":[{"href":"https:\/\/blogsaverroes.juntadeandalucia.es\/lastareasdelcole\/wp-json\/wp\/v2\/pages"}],"about":[{"href":"https:\/\/blogsaverroes.juntadeandalucia.es\/lastareasdelcole\/wp-json\/wp\/v2\/types\/page"}],"author":[{"embeddable":true,"href":"https:\/\/blogsaverroes.juntadeandalucia.es\/lastareasdelcole\/wp-json\/wp\/v2\/users\/15019"}],"replies":[{"embeddable":true,"href":"https:\/\/blogsaverroes.juntadeandalucia.es\/lastareasdelcole\/wp-json\/wp\/v2\/comments?post=44"}],"version-history":[{"count":5,"href":"https:\/\/blogsaverroes.juntadeandalucia.es\/lastareasdelcole\/wp-json\/wp\/v2\/pages\/44\/revisions"}],"predecessor-version":[{"id":52,"href":"https:\/\/blogsaverroes.juntadeandalucia.es\/lastareasdelcole\/wp-json\/wp\/v2\/pages\/44\/revisions\/52"}],"wp:attachment":[{"href":"https:\/\/blogsaverroes.juntadeandalucia.es\/lastareasdelcole\/wp-json\/wp\/v2\/media?parent=44"}],"curies":[{"name":"wp","href":"https:\/\/api.w.org\/{rel}","templated":true}]}}