{"id":233,"date":"2026-03-17T08:46:46","date_gmt":"2026-03-17T07:46:46","guid":{"rendered":"https:\/\/blogsaverroes.juntadeandalucia.es\/latraina\/?page_id=233"},"modified":"2026-03-23T12:43:08","modified_gmt":"2026-03-23T11:43:08","slug":"erasmus","status":"publish","type":"page","link":"https:\/\/blogsaverroes.juntadeandalucia.es\/latraina\/erasmus\/","title":{"rendered":"Divulgaci\u00f3n erasmus+"},"content":{"rendered":"<p data-end=\"197\" data-start=\"127\"><strong data-end=\"197\" data-start=\"127\">Nuestro Proyecto Erasmus+ sigue difundiendo sus objetivos y logros<\/strong><\/p>\n<p data-end=\"684\" data-start=\"199\">Hemos estado llevando a cabo diversas sesiones de divulgaci\u00f3n para dar a conocer nuestro proyecto Erasmus+ y el proceso de cambio metodol\u00f3gico que estamos impulsando en nuestro centro. Estas acciones se han desarrollado en diferentes espacios relevantes para la comunidad educativa: desde el Centro del Profesorado, pasando por reuniones de directores y directoras de la zona, hasta la Universidad de C\u00e1diz y M\u00e1laga y, por supuesto, en nuestra propia escuela.<\/p>\n<p data-end=\"995\" data-start=\"686\">Estas sesiones no solo han servido para compartir experiencias y buenas pr\u00e1cticas, sino tambi\u00e9n para fomentar el di\u00e1logo y la colaboraci\u00f3n entre instituciones educativas. Nuestro compromiso con la innovaci\u00f3n pedag\u00f3gica y la proyecci\u00f3n internacional del centro ha despertado el inter\u00e9s de diferentes entidades.<\/p>\n<p data-end=\"1255\" data-start=\"997\">Todo este trabajo ha tenido su reflejo en las plataformas oficiales: las p\u00e1ginas web de las instituciones implicadas, incluida la del Ayuntamiento de Barbate, que tambi\u00e9n se ha hecho eco de nuestro proyecto, destacando su importancia para la comunidad local.<\/p>\n<p data-end=\"1255\" data-start=\"997\">A continuaci\u00f3n mostramos algunos enlaces de estos encuentros:<\/p>\n<p data-end=\"1255\" data-start=\"997\"><span style=\"color: #000080;font-size: 14pt\"><strong><i>COMPARTIMOS EXPERIENCIAS BAJO EL MARCO DE \u00abDISE\u00d1O Y AMPLIACI\u00d3N DEL PROYECTO FP DUAL ADAPTADO A LAS NECESIDADES EMERGENTES DE LA EDUCACI\u00d3N INFANTIL EN IES HUERTA DEL ROSARIO\u00bb<\/i><\/strong><\/span><\/p>\n<p data-end=\"1255\" data-start=\"997\"><a href=\"https:\/\/www.instagram.com\/p\/Cp18jwSNU0w\/?igsh=MXd2dXF6ZTVxNm9xbQ%3D%3D&amp;img_index=1\">https:\/\/www.instagram.com\/p\/Cp18jwSNU0w\/?igsh=MXd2dXF6ZTVxNm9xbQ%3D%3D&amp;img_index=1<\/a><\/p>\n<p data-end=\"1255\" data-start=\"997\"><span style=\"color: #0000ff;font-size: 14pt\"><strong><i>JORNADA PROVINCIAL DE EDUCACI\u00d3N INFANTIL 0-3 A\u00d1OS DONDE EMPIEZA TODO<\/i><\/strong><\/span><\/p>\n<p data-end=\"1255\" data-start=\"997\">Creando redes y compartiendo experiencias con otros magn\u00edficos profesionales.<\/p>\n<p data-end=\"1255\" data-start=\"997\"><i><a href=\"https:\/\/www.instagram.com\/p\/ClcGmFYN28P\/?igsh=MW0yODVmMXUwcm10aA%3D%3D&amp;img_index=1\">https:\/\/www.instagram.com\/p\/ClcGmFYN28P\/?igsh=MW0yODVmMXUwcm10aA%3D%3D&amp;img_index=1<\/a><\/i><\/p>\n<p data-end=\"1255\" data-start=\"997\"><a href=\"https:\/\/finijim.wixsite.com\/jornadas-infantil\/blank-6?fbclid=PAQ0xDSwK02_RleHRuA2FlbQIxMAABpxk8kedNXNHX5jYn1v7uPVnvUnr0qP5trNv25u43nmYmBZGAH-ZDSTTJVg56_aem_VCXK_m1OgGO79jykuigQqQ\">https:\/\/finijim.wixsite.com\/jornadas-infantil\/blank-6?fbclid=PAQ0xDSwK02_RleHRuA2FlbQIxMAABpxk8kedNXNHX5jYn1v7uPVnvUnr0qP5trNv25u43nmYmBZGAH-ZDSTTJVg56_aem_VCXK_m1OgGO79jykuigQqQ<\/a><\/p>\n<div class=\"separator\"><a href=\"https:\/\/blogger.googleusercontent.com\/img\/b\/R29vZ2xl\/AVvXsEjVCAL_hu7JVuNXZ8LDpzeOeltyNNKsYVOpzpI5hp5gbbMNG227tXCqZXqIQNQkeBDOh6M1tJ_6520ZZ802iTOyF7JGm17IK4kt80eiGGwXpvUm3rYxM9TZa_l0J6EyMGuI21UD_ispVCsGsvjR0mo8i01tCD2Hsnwly-6yckHbfXw3dQxHeAozYEOKJgo5\/s1080\/WhatsApp%20Image%202025-06-11%20at%2009.53.34%20(1).jpeg\"><img loading=\"lazy\" decoding=\"async\" src=\"https:\/\/blogger.googleusercontent.com\/img\/b\/R29vZ2xl\/AVvXsEjVCAL_hu7JVuNXZ8LDpzeOeltyNNKsYVOpzpI5hp5gbbMNG227tXCqZXqIQNQkeBDOh6M1tJ_6520ZZ802iTOyF7JGm17IK4kt80eiGGwXpvUm3rYxM9TZa_l0J6EyMGuI21UD_ispVCsGsvjR0mo8i01tCD2Hsnwly-6yckHbfXw3dQxHeAozYEOKJgo5\/s320\/WhatsApp%20Image%202025-06-11%20at%2009.53.34%20(1).jpeg\" width=\"320\" height=\"233\" border=\"0\" data-original-height=\"786\" data-original-width=\"1080\" \/><\/a><\/div>\n<p>&nbsp;<\/p>\n<div class=\"separator\"><a href=\"https:\/\/blogger.googleusercontent.com\/img\/b\/R29vZ2xl\/AVvXsEjz8hgeUVboQAJDJkHJWDENa2KG07IekIv8GbMTamSeBd7ZqDAjgbhh5KDhIAfK-7ZNehrjeuXPvNDXmwSFFYz-MDtmG-T51TCKAaWZR9W02Oik-2AhfGl6qqmcDhqfGioROXHTfgb3F_6Pa3qGN4cyNxSYdfvlR5Wo_pYpy8wG48Ri2LcGQRvdPL0VPPxv\/s1080\/WhatsApp%20Image%202025-06-11%20at%2009.53.34.jpeg\"><img loading=\"lazy\" decoding=\"async\" src=\"https:\/\/blogger.googleusercontent.com\/img\/b\/R29vZ2xl\/AVvXsEjz8hgeUVboQAJDJkHJWDENa2KG07IekIv8GbMTamSeBd7ZqDAjgbhh5KDhIAfK-7ZNehrjeuXPvNDXmwSFFYz-MDtmG-T51TCKAaWZR9W02Oik-2AhfGl6qqmcDhqfGioROXHTfgb3F_6Pa3qGN4cyNxSYdfvlR5Wo_pYpy8wG48Ri2LcGQRvdPL0VPPxv\/s320\/WhatsApp%20Image%202025-06-11%20at%2009.53.34.jpeg\" width=\"320\" height=\"233\" border=\"0\" data-original-height=\"787\" data-original-width=\"1080\" \/><\/a><\/div>\n<p>&nbsp;<\/p>\n<div class=\"separator\"><a href=\"https:\/\/blogger.googleusercontent.com\/img\/b\/R29vZ2xl\/AVvXsEijmMrqVmhE3Mi3GY-nQSkwm9rspmyFfEi4Ohpp9kKaKm-lYImiOU7ksW0h5RDlHo-wGlJ8u52Z-0oAAeN08aKWGG9NZU72ydHeMAywsDcQM-b41pqon1o8xZd_o83grqJNftLPfStoa6xJo2FOaDPUhVqpSzbL5HIZg4LkhMkiqIaMcEr9It4R11NrIiFl\/s1079\/WhatsApp%20Image%202025-06-11%20at%2009.53.33.jpeg\"><img loading=\"lazy\" decoding=\"async\" src=\"https:\/\/blogger.googleusercontent.com\/img\/b\/R29vZ2xl\/AVvXsEijmMrqVmhE3Mi3GY-nQSkwm9rspmyFfEi4Ohpp9kKaKm-lYImiOU7ksW0h5RDlHo-wGlJ8u52Z-0oAAeN08aKWGG9NZU72ydHeMAywsDcQM-b41pqon1o8xZd_o83grqJNftLPfStoa6xJo2FOaDPUhVqpSzbL5HIZg4LkhMkiqIaMcEr9It4R11NrIiFl\/s320\/WhatsApp%20Image%202025-06-11%20at%2009.53.33.jpeg\" width=\"320\" height=\"231\" border=\"0\" data-original-height=\"779\" data-original-width=\"1079\" \/><\/a><\/div>\n<div class=\"separator\"><\/div>\n<div class=\"separator\"><span style=\"color: #0000ff;font-size: 14pt\"><strong><i>INVITACI\u00d3N AL EVENTO EN LA UNIVERSIDAD DE M\u00c1LAGA<\/i><\/strong><\/span><\/div>\n<div class=\"separator\"><i>\u00a0<\/i><\/div>\n<div class=\"separator\"><i>Fuimos invitadas a la presentaci\u00f3n del proyecto READ-COM y a la sesi\u00f3n Plenaria \u00abBuenas pr\u00e1cticas y Espacios para el fomento de la lectura de 3 a 12 a\u00f1os\u00bb<\/i><\/div>\n<div class=\"separator\"><i>\u00a0<\/i><\/div>\n<div class=\"separator\"><i><a href=\"https:\/\/www.facebook.com\/share\/p\/1BauoxMMZz\/?mibextid=wwXIfr\">https:\/\/www.facebook.com\/share\/p\/1BauoxMMZz\/?mibextid=wwXIfr<\/a><\/i><\/div>\n<div><\/div>\n<div>\n<div class=\"separator\"><i><strong><span style=\"font-size: 14pt;color: #0000ff\">REUNIONES CON GRUPO DE DIRECTORES DE OTROS CENTROS PARA DIVULGAR LO APRENDIDO.<\/span><\/strong><\/i><\/div>\n<div class=\"separator\"><\/div>\n<div class=\"separator\"><a href=\"https:\/\/blogsaverroes.juntadeandalucia.es\/eoeeatcadiz\/2023\/11\/16\/16-noviembre-reunion-directores-as-escuelas-infantiles\/\">https:\/\/blogsaverroes.juntadeandalucia.es\/eoeeatcadiz\/2023\/11\/16\/16-noviembre-reunion-directores-as-escuelas-infantiles\/<\/a><\/div>\n<div class=\"separator\"><\/div>\n<div class=\"separator\">\n<div class=\"separator\"><a href=\"https:\/\/blogger.googleusercontent.com\/img\/b\/R29vZ2xl\/AVvXsEiIxgSqEW-FecaFBKJvKzKcYKqNpufZcOL-32PKlymo4yA_kuDPpxxMrOBFDbOqcxl0N3RlRPZm_00C7PSrLJfRwnV0uATmRWiX5EdIrjcpUA_f-p64cxWcT4SORDNkxEQu-a0RU1eLEahmOyZtP2avYsMfeCBEL9EbxCKXB2kWlQtFEuNgiJDer2NLdYfY\/s1600\/WhatsApp%20Image%202025-06-11%20at%2009.53.32%20(1).jpeg\"><img loading=\"lazy\" decoding=\"async\" src=\"https:\/\/blogger.googleusercontent.com\/img\/b\/R29vZ2xl\/AVvXsEiIxgSqEW-FecaFBKJvKzKcYKqNpufZcOL-32PKlymo4yA_kuDPpxxMrOBFDbOqcxl0N3RlRPZm_00C7PSrLJfRwnV0uATmRWiX5EdIrjcpUA_f-p64cxWcT4SORDNkxEQu-a0RU1eLEahmOyZtP2avYsMfeCBEL9EbxCKXB2kWlQtFEuNgiJDer2NLdYfY\/s320\/WhatsApp%20Image%202025-06-11%20at%2009.53.32%20(1).jpeg\" width=\"320\" height=\"240\" border=\"0\" data-original-height=\"1200\" data-original-width=\"1600\" \/><\/a><\/div>\n<div class=\"separator\"><a href=\"https:\/\/blogger.googleusercontent.com\/img\/b\/R29vZ2xl\/AVvXsEi-3m2XZYyxxcd-FcVWXst_Vj2IgqSjGUTDR5XEfjKdfEH1MoEVi0rWbBh70XLYGpZBywU_XDr2TVOqtpMqWVC9xCrGzkutUZ9g6yFDg0Q9WkDAN2ucMw_2Bpq_3g1GMpr6x7OY_7tOIxPRt4SVi15mpxXahowY-tGfvCRpZkfFifoWcl2qFJb0vkL72nHE\/s1600\/WhatsApp%20Image%202025-06-11%20at%2009.53.32.jpeg\"><img loading=\"lazy\" decoding=\"async\" src=\"https:\/\/blogger.googleusercontent.com\/img\/b\/R29vZ2xl\/AVvXsEi-3m2XZYyxxcd-FcVWXst_Vj2IgqSjGUTDR5XEfjKdfEH1MoEVi0rWbBh70XLYGpZBywU_XDr2TVOqtpMqWVC9xCrGzkutUZ9g6yFDg0Q9WkDAN2ucMw_2Bpq_3g1GMpr6x7OY_7tOIxPRt4SVi15mpxXahowY-tGfvCRpZkfFifoWcl2qFJb0vkL72nHE\/s320\/WhatsApp%20Image%202025-06-11%20at%2009.53.32.jpeg\" width=\"320\" height=\"240\" border=\"0\" data-original-height=\"1200\" data-original-width=\"1600\" \/><\/a><\/div>\n<p><strong><span style=\"color: #0000ff;font-size: 14pt\"><i>EL EQUIPO DE ATENCI\u00d3N TEMPRANA DE C\u00c1DIZ ESTA HACIENDO UNA LABOR MAGN\u00cdFICA PARA UNA INCLUSI\u00d3N REAL EN LAS ESCUELAS INFANTILES.<\/i><\/span><\/strong><\/p>\n<p><i>Mantuvimos una reuni\u00f3n muy interesante de toma de contacto entre distintos agentes del 0-3 a\u00f1os con la UCA.<\/i><\/p>\n<p><i>Podemos decir que esta naciendo un equipo de investigaci\u00f3n en torno al 0-3 a\u00f1os en la provincia de C\u00e1diz con inquietudes, con una mirada respetuosa y con una actitud reveindicativa, inclusiva y global.<\/i><\/p>\n<\/div>\n<div class=\"separator\"><a href=\"https:\/\/blogsaverroes.juntadeandalucia.es\/eoeeatcadiz\/2025\/01\/17\/reunion-de-trabajo-equipo-investigacion-0-3-uca\/\">https:\/\/blogsaverroes.juntadeandalucia.es\/eoeeatcadiz\/2025\/01\/17\/reunion-de-trabajo-equipo-investigacion-0-3-uca\/<\/a><\/div>\n<div class=\"separator\"><\/div>\n<div class=\"separator\"><span style=\"font-size: 14pt\"><strong><span style=\"color: #0000ff\"><i>CAF\u00c9 PEDAG\u00d3GICO: UNA MIRADA TRANSFORMADORA DESDE LA EXPERIENCIA ERASMUS\u00a0<\/i><\/span><\/strong><\/span><\/div>\n<div class=\"separator\"><\/div>\n<div class=\"separator\">Nuestro centro celebr\u00f3 un nuevo encuentro de Caf\u00e9 Pedag\u00f3gico, un espacio que, como su nombre indica, combina el aroma del caf\u00e9 con el intercambio de ideas, reflexiones y buenas pr\u00e1cticas educativas. En esta ocasi\u00f3n, el eje de la conversaci\u00f3n fue nuestra reciente experiencia en el programa Erasmus+, que nos ha brindado una oportunidad \u00fanica para crecer profesionalmente y repensar nuestra forma de ense\u00f1ar.<\/div>\n<div class=\"separator\"><\/div>\n<div class=\"separator\">Durante la sesi\u00f3n, varios docentes compartieron sus vivencias tras participar en movilidades Erasmus, destacando c\u00f3mo el contacto con otros sistemas educativos europeos ha enriquecido no solo nuestras metodolog\u00edas, sino tambi\u00e9n nuestra visi\u00f3n del aula como un espacio m\u00e1s inclusivo, activo y centrado en el alumno.<\/div>\n<div class=\"separator\"><\/div>\n<div class=\"separator\">Hablamos sobre el poder de la observaci\u00f3n directa en otros contextos escolares, las nuevas estrategias de evaluaci\u00f3n formativa, la importancia de fomentar la autonom\u00eda y la creatividad del alumnado. Ideas como el aprendizaje cooperativo, el uso del espacio flexible y la vida cotidicana ahora forman parte de nuestro d\u00eda a d\u00eda.<\/div>\n<div class=\"separator\"><\/div>\n<div class=\"separator\">Este caf\u00e9 pedag\u00f3gico tambi\u00e9n fue una invitaci\u00f3n a la acci\u00f3n: a seguir aprendiendo, a abrir nuestras puertas, y a dejar que el esp\u00edritu Erasmus \u2014de apertura, innovaci\u00f3n y colaboraci\u00f3n europea\u2014 impregne cada rinc\u00f3n de nuestra pr\u00e1ctica docente.<\/div>\n<div class=\"separator\"><\/div>\n<div class=\"separator\">Terminamos la jornada con el convencimiento de que el cambio educativo comienza con peque\u00f1as semillas que germinan en espacios como este: con una taza de caf\u00e9, una buena conversaci\u00f3n, y muchas ganas de transformar.<\/div>\n<div class=\"separator\"><\/div>\n<div class=\"separator\"><a href=\"https:\/\/www.facebook.com\/share\/p\/1ASE4iRew1\/?mibextid=wwXIfr\">https:\/\/www.facebook.com\/share\/p\/1ASE4iRew1\/?mibextid=wwXIfr<\/a><\/div>\n<div class=\"separator\"><\/div>\n<div class=\"separator\"><strong><span style=\"color: #0000ff;font-size: 14pt\"><i>JORNADA PROVINCIAL DE ESCUELAS INFANTILES 0-3 A\u00d1OS<\/i><\/span><\/strong><\/div>\n<div class=\"separator\"><strong data-end=\"335\" data-start=\"128\">\u00a0<\/strong><\/div>\n<div class=\"separator\"><span data-end=\"335\" data-start=\"128\">Esta jornada provincial se enmarca dentro de las actividades de difusi\u00f3n del Proyecto Erasmus+ que desarrolla nuestro centro, orientado a la mejora metodol\u00f3gica y la internacionalizaci\u00f3n de la educaci\u00f3n, teniendo presente esta vez tambi\u00e9n l<\/span>a m\u00fasica como una <strong data-end=\"118\" data-start=\"104\">lengua m\u00e1s<\/strong> dentro de los <em data-end=\"160\" data-start=\"133\">\u00abcien lenguajes del ni\u00f1o\u00bb<\/em>. Esta visi\u00f3n conecta profundamente con una educaci\u00f3n art\u00edstica, creativa y experiencial.\u00a0Nuestro compromiso con la innovaci\u00f3n educativa ha sido compartido en distintos foros provinciales y regionales, contando con el respaldo de instituciones como el CEP.<\/div>\n<div class=\"separator\"><\/div>\n<div class=\"separator\"><a href=\"https:\/\/www.facebook.com\/share\/16CF2v5nuS\/?mibextid=wwXIfr\">https:\/\/www.facebook.com\/share\/16CF2v5nuS\/?mibextid=wwXIfr<\/a><\/div>\n<\/div>\n","protected":false},"excerpt":{"rendered":"<p>Nuestro Proyecto Erasmus+ sigue difundiendo sus objetivos y logros Hemos estado llevando a cabo diversas sesiones de divulgaci\u00f3n para dar a conocer nuestro proyecto Erasmus+ y el proceso de cambio metodol\u00f3gico que estamos impulsando&#46;&#46;&#46;<\/p>\n","protected":false},"author":12328,"featured_media":0,"parent":0,"menu_order":0,"comment_status":"closed","ping_status":"closed","template":"","meta":{"footnotes":""},"aioseo_notices":[],"_links":{"self":[{"href":"https:\/\/blogsaverroes.juntadeandalucia.es\/latraina\/wp-json\/wp\/v2\/pages\/233"}],"collection":[{"href":"https:\/\/blogsaverroes.juntadeandalucia.es\/latraina\/wp-json\/wp\/v2\/pages"}],"about":[{"href":"https:\/\/blogsaverroes.juntadeandalucia.es\/latraina\/wp-json\/wp\/v2\/types\/page"}],"author":[{"embeddable":true,"href":"https:\/\/blogsaverroes.juntadeandalucia.es\/latraina\/wp-json\/wp\/v2\/users\/12328"}],"replies":[{"embeddable":true,"href":"https:\/\/blogsaverroes.juntadeandalucia.es\/latraina\/wp-json\/wp\/v2\/comments?post=233"}],"version-history":[{"count":5,"href":"https:\/\/blogsaverroes.juntadeandalucia.es\/latraina\/wp-json\/wp\/v2\/pages\/233\/revisions"}],"predecessor-version":[{"id":327,"href":"https:\/\/blogsaverroes.juntadeandalucia.es\/latraina\/wp-json\/wp\/v2\/pages\/233\/revisions\/327"}],"wp:attachment":[{"href":"https:\/\/blogsaverroes.juntadeandalucia.es\/latraina\/wp-json\/wp\/v2\/media?parent=233"}],"curies":[{"name":"wp","href":"https:\/\/api.w.org\/{rel}","templated":true}]}}