{"id":262,"date":"2026-03-19T12:43:34","date_gmt":"2026-03-19T11:43:34","guid":{"rendered":"https:\/\/blogsaverroes.juntadeandalucia.es\/latraina\/?page_id=262"},"modified":"2026-03-19T13:51:18","modified_gmt":"2026-03-19T12:51:18","slug":"nuestro-centro","status":"publish","type":"page","link":"https:\/\/blogsaverroes.juntadeandalucia.es\/latraina\/nuestro-centro\/","title":{"rendered":"Nuestro Centro"},"content":{"rendered":"<p>ESCUELA INFANTIL LA TRAI\u00d1A (centro p\u00fablico de la Junta de Andaluc\u00eda)<\/p>\n<p>Dependiente de la Consejer\u00eda de Desarrollo Educativo y Formaci\u00f3n Profesional<img loading=\"lazy\" decoding=\"async\" class=\"size-medium wp-image-111 aligncenter\" src=\"https:\/\/blogsaverroes.juntadeandalucia.es\/latraina\/files\/2026\/03\/engaged.png-1-257x300.jpg\" alt=\"\" width=\"257\" height=\"300\" srcset=\"https:\/\/blogsaverroes.juntadeandalucia.es\/latraina\/files\/2026\/03\/engaged.png-1-257x300.jpg 257w, https:\/\/blogsaverroes.juntadeandalucia.es\/latraina\/files\/2026\/03\/engaged.png-1-877x1024.jpg 877w, https:\/\/blogsaverroes.juntadeandalucia.es\/latraina\/files\/2026\/03\/engaged.png-1-768x897.jpg 768w, https:\/\/blogsaverroes.juntadeandalucia.es\/latraina\/files\/2026\/03\/engaged.png-1-1316x1536.jpg 1316w, https:\/\/blogsaverroes.juntadeandalucia.es\/latraina\/files\/2026\/03\/engaged.png-1-1754x2048.jpg 1754w\" sizes=\"(max-width: 257px) 100vw, 257px\" \/><\/p>\n","protected":false},"excerpt":{"rendered":"<p>ESCUELA INFANTIL LA TRAI\u00d1A (centro p\u00fablico de la Junta de Andaluc\u00eda) Dependiente de la Consejer\u00eda de Desarrollo Educativo y Formaci\u00f3n Profesional<\/p>\n","protected":false},"author":12328,"featured_media":0,"parent":0,"menu_order":2,"comment_status":"closed","ping_status":"closed","template":"page-templates\/child-menu.php","meta":{"footnotes":""},"aioseo_notices":[],"_links":{"self":[{"href":"https:\/\/blogsaverroes.juntadeandalucia.es\/latraina\/wp-json\/wp\/v2\/pages\/262"}],"collection":[{"href":"https:\/\/blogsaverroes.juntadeandalucia.es\/latraina\/wp-json\/wp\/v2\/pages"}],"about":[{"href":"https:\/\/blogsaverroes.juntadeandalucia.es\/latraina\/wp-json\/wp\/v2\/types\/page"}],"author":[{"embeddable":true,"href":"https:\/\/blogsaverroes.juntadeandalucia.es\/latraina\/wp-json\/wp\/v2\/users\/12328"}],"replies":[{"embeddable":true,"href":"https:\/\/blogsaverroes.juntadeandalucia.es\/latraina\/wp-json\/wp\/v2\/comments?post=262"}],"version-history":[{"count":3,"href":"https:\/\/blogsaverroes.juntadeandalucia.es\/latraina\/wp-json\/wp\/v2\/pages\/262\/revisions"}],"predecessor-version":[{"id":286,"href":"https:\/\/blogsaverroes.juntadeandalucia.es\/latraina\/wp-json\/wp\/v2\/pages\/262\/revisions\/286"}],"wp:attachment":[{"href":"https:\/\/blogsaverroes.juntadeandalucia.es\/latraina\/wp-json\/wp\/v2\/media?parent=262"}],"curies":[{"name":"wp","href":"https:\/\/api.w.org\/{rel}","templated":true}]}}