{"id":271,"date":"2026-03-19T12:47:08","date_gmt":"2026-03-19T11:47:08","guid":{"rendered":"https:\/\/blogsaverroes.juntadeandalucia.es\/latraina\/?page_id=271"},"modified":"2026-03-19T13:49:14","modified_gmt":"2026-03-19T12:49:14","slug":"datos-del-centro","status":"publish","type":"page","link":"https:\/\/blogsaverroes.juntadeandalucia.es\/latraina\/datos-del-centro\/","title":{"rendered":"Datos del centro"},"content":{"rendered":"<p><span style=\"font-size: 14pt\"><strong>E.I. La Trai\u00f1a<\/strong><\/span><br \/>\n<strong>Oferta educativa<\/strong>: primer ciclo de educaci\u00f3n infantil 0-3a\u00f1os.<\/p>\n<p><strong>\u00a0 \u00a0 \u00a0 \u00a0\u00a0 <img loading=\"lazy\" decoding=\"async\" class=\"alignnone wp-image-282\" src=\"https:\/\/blogsaverroes.juntadeandalucia.es\/latraina\/files\/2026\/03\/telefono.jpg\" alt=\"\" width=\"40\" height=\"40\" srcset=\"https:\/\/blogsaverroes.juntadeandalucia.es\/latraina\/files\/2026\/03\/telefono.jpg 225w, https:\/\/blogsaverroes.juntadeandalucia.es\/latraina\/files\/2026\/03\/telefono-150x150.jpg 150w, https:\/\/blogsaverroes.juntadeandalucia.es\/latraina\/files\/2026\/03\/telefono-80x80.jpg 80w\" sizes=\"(max-width: 40px) 100vw, 40px\" \/>Tel\u00e9fono<\/strong>: 956459520<\/p>\n<p><strong>\u00a0 \u00a0 \u00a0 \u00a0 \u00a0<img loading=\"lazy\" decoding=\"async\" class=\"alignnone wp-image-281\" src=\"https:\/\/blogsaverroes.juntadeandalucia.es\/latraina\/files\/2026\/03\/correo-electronico-icono.png\" alt=\"\" width=\"33\" height=\"34\" srcset=\"https:\/\/blogsaverroes.juntadeandalucia.es\/latraina\/files\/2026\/03\/correo-electronico-icono.png 171w, https:\/\/blogsaverroes.juntadeandalucia.es\/latraina\/files\/2026\/03\/correo-electronico-icono-150x150.png 150w, https:\/\/blogsaverroes.juntadeandalucia.es\/latraina\/files\/2026\/03\/correo-electronico-icono-80x80.png 80w\" sizes=\"(max-width: 33px) 100vw, 33px\" \/>\u00a0 Correo Electr\u00f3nico<\/strong>: 11011226.edu@juntadeandaluc\u00eda.es<\/p>\n<p><strong>Horarios y servicios<\/strong>:<br \/>\n<strong>\u00a0 \u00a0 \u00a0 \u00a0 \u00a0 \u00a0Aula Matinal<\/strong>: de 7:30 a 9:00<br \/>\n<strong>\u00a0 \u00a0 \u00a0 \u00a0 \u00a0 \u00a0Servicio de Atenci\u00f3n Socioeducativa<\/strong>: 9:00 a 15:30 (incluye comedor con cocina propia)<br \/>\n<strong>\u00a0 \u00a0 \u00a0 \u00a0 \u00a0 \u00a0Servicio de tarde<\/strong>: de 15:30 a 17:00h<\/p>\n<p>&nbsp;<\/p>\n<p class=\"cvGsUA direction-ltr align-justify para-style-body\">\n","protected":false},"excerpt":{"rendered":"<p>E.I. La Trai\u00f1a Oferta educativa: primer ciclo de educaci\u00f3n infantil 0-3a\u00f1os. \u00a0 \u00a0 \u00a0 \u00a0\u00a0 Tel\u00e9fono: 956459520 \u00a0 \u00a0 \u00a0 \u00a0 \u00a0\u00a0 Correo Electr\u00f3nico: 11011226.edu@juntadeandaluc\u00eda.es Horarios y servicios: \u00a0 \u00a0 \u00a0 \u00a0 \u00a0 \u00a0Aula&#46;&#46;&#46;<\/p>\n","protected":false},"author":12328,"featured_media":0,"parent":0,"menu_order":0,"comment_status":"closed","ping_status":"closed","template":"","meta":{"footnotes":""},"aioseo_notices":[],"_links":{"self":[{"href":"https:\/\/blogsaverroes.juntadeandalucia.es\/latraina\/wp-json\/wp\/v2\/pages\/271"}],"collection":[{"href":"https:\/\/blogsaverroes.juntadeandalucia.es\/latraina\/wp-json\/wp\/v2\/pages"}],"about":[{"href":"https:\/\/blogsaverroes.juntadeandalucia.es\/latraina\/wp-json\/wp\/v2\/types\/page"}],"author":[{"embeddable":true,"href":"https:\/\/blogsaverroes.juntadeandalucia.es\/latraina\/wp-json\/wp\/v2\/users\/12328"}],"replies":[{"embeddable":true,"href":"https:\/\/blogsaverroes.juntadeandalucia.es\/latraina\/wp-json\/wp\/v2\/comments?post=271"}],"version-history":[{"count":4,"href":"https:\/\/blogsaverroes.juntadeandalucia.es\/latraina\/wp-json\/wp\/v2\/pages\/271\/revisions"}],"predecessor-version":[{"id":284,"href":"https:\/\/blogsaverroes.juntadeandalucia.es\/latraina\/wp-json\/wp\/v2\/pages\/271\/revisions\/284"}],"wp:attachment":[{"href":"https:\/\/blogsaverroes.juntadeandalucia.es\/latraina\/wp-json\/wp\/v2\/media?parent=271"}],"curies":[{"name":"wp","href":"https:\/\/api.w.org\/{rel}","templated":true}]}}